{"id":441,"date":"2016-05-24T12:02:19","date_gmt":"2016-05-24T10:02:19","guid":{"rendered":"http:\/\/www.heimatverein-suedlohn.de\/neu2016\/?page_id=441"},"modified":"2024-02-28T22:37:11","modified_gmt":"2024-02-28T21:37:11","slug":"schule-bildung","status":"publish","type":"page","link":"https:\/\/www.heimatverein-suedlohn.de\/index.php\/pressearchiv\/pressearchiv-suedlohn\/schule-bildung\/","title":{"rendered":"Schule \/ Bildung"},"content":{"rendered":"<h2>Schule\/Bildung<\/h2>\n<p>&nbsp;<\/p>\n<table style=\"height: 2121px;\" border=\"0\" width=\"900\" frame=\"VOID\" rules=\"NONE\" cellspacing=\"0\">\n<colgroup>\n<col width=\"86\" \/>\n<col width=\"82\" \/>\n<col width=\"475\" \/><\/colgroup>\n<tbody>\n<tr>\n<td align=\"LEFT\" bgcolor=\"#E6E6E6\" width=\"86\" height=\"26\">Datum<\/td>\n<td align=\"LEFT\" bgcolor=\"#E6E6E6\" width=\"82\">Quelle<\/td>\n<td align=\"LEFT\" bgcolor=\"#E6E6E6\" width=\"475\">Titel \/ Schlagzeile<\/td>\n<\/tr>\n<tr>\n<td align=\"LEFT\" height=\"26\">25.05.1972<\/td>\n<td align=\"LEFT\">BZ<\/td>\n<td align=\"LEFT\"><a href=\"http:\/\/www.heimatverein-suedlohn.de\/media\/pressearchiv_repros\/19720525.pdf\" target=\"_blank\" rel=\"noopener\">Hauptschule S\u00fcdlohn wird eingeweiht &#8211; das Projekt kostet 5 Mio DM<\/a><\/td>\n<\/tr>\n<tr>\n<td align=\"LEFT\" height=\"26\">25.10.1973<\/td>\n<td align=\"LEFT\">BZ<\/td>\n<td align=\"LEFT\"><a href=\"http:\/\/www.heimatverein-suedlohn.de\/media\/pressearchiv_repros\/19731025.pdf\" target=\"_blank\" rel=\"noopener\">Gemeindeinteresse bei Schulentwicklung wahren<\/a><\/td>\n<\/tr>\n<tr>\n<td align=\"LEFT\" height=\"26\">31.10.1973<\/td>\n<td align=\"LEFT\">BZ<\/td>\n<td align=\"LEFT\"><a href=\"http:\/\/www.heimatverein-suedlohn.de\/media\/pressearchiv_repros\/19731031.pdf\" target=\"_blank\" rel=\"noopener\">Den 70. Geburtstag feiert Rektor j.R. Fallbr\u00fcgge<\/a><\/td>\n<\/tr>\n<tr>\n<td align=\"LEFT\" height=\"26\">31.10.1979<\/td>\n<td align=\"LEFT\">RN<\/td>\n<td align=\"LEFT\"><a href=\"http:\/\/www.heimatverein-suedlohn.de\/media\/pressearchiv_repros\/19791031.pdf\" target=\"_blank\" rel=\"noopener\">Rektor i.R. Fallbr\u00fcgge vollendet 75. Lebensjahr<\/a><\/td>\n<\/tr>\n<tr>\n<td align=\"LEFT\" height=\"26\">08.01.1981<\/td>\n<td align=\"LEFT\">RN<\/td>\n<td align=\"LEFT\"><a href=\"http:\/\/www.heimatverein-suedlohn.de\/media\/pressearchiv_repros\/19810108.pdf\" target=\"_blank\" rel=\"noopener\">Neue Turnhalle wird f\u00fcr Breitensport freigegeben &#8211; an der Grundschule<\/a><\/td>\n<\/tr>\n<tr>\n<td align=\"LEFT\" height=\"26\">25.03.1982<\/td>\n<td align=\"LEFT\">RN<\/td>\n<td align=\"LEFT\"><a href=\"http:\/\/www.heimatverein-suedlohn.de\/media\/pressearchiv_repros\/19820325.pdf\" target=\"_blank\" rel=\"noopener\">Kinder verlassen Schulgel\u00e4nde \u00fcber einen einzigen Zugang<\/a><\/td>\n<\/tr>\n<tr>\n<td align=\"LEFT\" height=\"26\">16.07.1983<\/td>\n<td align=\"LEFT\">RN<\/td>\n<td align=\"LEFT\"><a href=\"http:\/\/www.heimatverein-suedlohn.de\/media\/pressearchiv_repros\/19830716.pdf\" target=\"_blank\" rel=\"noopener\">Rektor i.R. Fallbr\u00fcgge verstorben &#8211; ehemaliger Rektor der kath. Volksschule<\/a><\/td>\n<\/tr>\n<tr>\n<td align=\"LEFT\" height=\"26\">16.03.1988<\/td>\n<td align=\"LEFT\">RN<\/td>\n<td align=\"LEFT\"><a href=\"http:\/\/www.heimatverein-suedlohn.de\/media\/pressearchiv_repros\/19880316.pdf\" target=\"_blank\" rel=\"noopener\">St. Vitus &#8211; Grundschule will ihre Pausenhalle erweitern<\/a><\/td>\n<\/tr>\n<tr>\n<td align=\"LEFT\" height=\"26\">31.03.1988<\/td>\n<td align=\"LEFT\">RN<\/td>\n<td align=\"LEFT\"><a href=\"http:\/\/www.heimatverein-suedlohn.de\/media\/pressearchiv_repros\/19880331.pdf\" target=\"_blank\" rel=\"noopener\">F\u00fcr Bekannte und Basare gen\u00e4ht &#8211; Lehrerin Franziska Gl\u00fcnz<\/a><\/td>\n<\/tr>\n<tr>\n<td align=\"LEFT\" height=\"26\">06.07.1988<\/td>\n<td align=\"LEFT\">RN<\/td>\n<td align=\"LEFT\"><a href=\"http:\/\/www.heimatverein-suedlohn.de\/media\/pressearchiv_repros\/19880706.pdf\" target=\"_blank\" rel=\"noopener\">Danke zum Abschied der Schulleiter &#8211; Liesner und Grunwald im Ruhestand<\/a><\/td>\n<\/tr>\n<tr>\n<td align=\"LEFT\" height=\"26\">30.07.1988<\/td>\n<td align=\"LEFT\">RN<\/td>\n<td align=\"LEFT\"><a href=\"http:\/\/www.heimatverein-suedlohn.de\/media\/pressearchiv_repros\/19880730.pdf\" target=\"_blank\" rel=\"noopener\">Doris Bennemann wird Rektorin an Roncalli &#8211; Schule<\/a><\/td>\n<\/tr>\n<tr>\n<td align=\"LEFT\" height=\"26\">26.04.1989<\/td>\n<td align=\"LEFT\">BZ<\/td>\n<td align=\"LEFT\"><a href=\"http:\/\/www.heimatverein-suedlohn.de\/media\/pressearchiv_repros\/19890426.pdf\" target=\"_blank\" rel=\"noopener\">Novum: erstmals eine Frau &#8211; Neue Schulleitung eingef\u00fchrt<\/a><\/td>\n<\/tr>\n<tr>\n<td align=\"LEFT\" height=\"26\">29.11.2001<\/td>\n<td align=\"LEFT\">MLZ<\/td>\n<td align=\"LEFT\"><a href=\"http:\/\/www.heimatverein-suedlohn.de\/media\/pressearchiv_repros\/20011129.pdf\" target=\"_blank\" rel=\"noopener\">Preis f\u00fcr Buslotsen aus S\u00fcdlohn &#8211; Bundesverband zeichnet Hauptschule aus<\/a><\/td>\n<\/tr>\n<tr>\n<td align=\"LEFT\" height=\"26\">31.03.2001<\/td>\n<td align=\"LEFT\">MLZ<\/td>\n<td align=\"LEFT\"><a href=\"http:\/\/www.heimatverein-suedlohn.de\/media\/pressearchiv_repros\/20010331.pdf\" target=\"_blank\" rel=\"noopener\">Ausleihe jetzt auf EDV umgestellt<\/a><\/td>\n<\/tr>\n<tr>\n<td align=\"LEFT\" height=\"26\">07.11.2003<\/td>\n<td align=\"LEFT\">MLZ<\/td>\n<td align=\"LEFT\"><a href=\"http:\/\/www.heimatverein-suedlohn.de\/media\/pressearchiv_repros\/20031107.pdf\" target=\"_blank\" rel=\"noopener\">Die Schule geh\u00f6rt zur Nachbarschaft Hook spendet an die Roncalli-Schule<\/a><\/td>\n<\/tr>\n<tr>\n<td align=\"LEFT\" height=\"26\">23.02.2006<\/td>\n<td align=\"LEFT\">MLZ<\/td>\n<td align=\"LEFT\"><a href=\"http:\/\/www.heimatverein-suedlohn.de\/media\/pressearchiv_repros\/20060223.pdf\" target=\"_blank\" rel=\"noopener\">Film beleuchtet Geschichte &#8222;Sutlons&#8220; &#8211; Drehbuch an Hauptschule \u00fcbergeben<\/a><\/td>\n<\/tr>\n<tr>\n<td align=\"LEFT\" height=\"26\">25.02.2006<\/td>\n<td align=\"LEFT\">BZ<\/td>\n<td align=\"LEFT\"><a href=\"http:\/\/www.heimatverein-suedlohn.de\/media\/pressearchiv_repros\/20060225.pdf\" target=\"_blank\" rel=\"noopener\">Sch\u00fcler drehen Jubil\u00e4umsfilm &#8211; Proben beginnen<\/a><\/td>\n<\/tr>\n<tr>\n<td align=\"LEFT\" height=\"26\">21.03.2006<\/td>\n<td align=\"LEFT\">MLZ<\/td>\n<td align=\"LEFT\"><a href=\"http:\/\/www.heimatverein-suedlohn.de\/media\/pressearchiv_repros\/20060321.pdf\" target=\"_blank\" rel=\"noopener\">Geschichte mal anders &#8211; Sch\u00fcler proben mit Schauspieltrainerin<\/a><\/td>\n<\/tr>\n<tr>\n<td align=\"LEFT\" height=\"26\">01.04.2006<\/td>\n<td align=\"LEFT\">MLZ<\/td>\n<td align=\"LEFT\"><a href=\"http:\/\/www.heimatverein-suedlohn.de\/media\/pressearchiv_repros\/20060401.pdf\" target=\"_blank\" rel=\"noopener\">&#8222;Film ab&#8220; hie\u00df es f\u00fcr Sch\u00fcler der Roncalli &#8211; Hauptschule<\/a><\/td>\n<\/tr>\n<tr>\n<td align=\"LEFT\" height=\"26\">25.05.2006<\/td>\n<td align=\"LEFT\">MLZ<\/td>\n<td align=\"LEFT\"><a href=\"http:\/\/www.heimatverein-suedlohn.de\/media\/pressearchiv_repros\/20060525.pdf\" target=\"_blank\" rel=\"noopener\">Film begeistert Publikum &#8211; Premiere von &#8222;775 Jahre Suthlon&#8220;<\/a><\/td>\n<\/tr>\n<tr>\n<td align=\"LEFT\" height=\"26\">20.02.2008<\/td>\n<td align=\"LEFT\">MLZ<\/td>\n<td align=\"LEFT\"><a href=\"http:\/\/www.heimatverein-suedlohn.de\/media\/pressearchiv_repros\/20080220.pdf\" target=\"_blank\" rel=\"noopener\">Kreativ statt kahl &#8211; Rathausflure sind mit Sch\u00fcler-Kunstwerken geschm\u00fcckt<\/a><\/td>\n<\/tr>\n<tr>\n<td align=\"LEFT\" height=\"26\">08.04.2008<\/td>\n<td align=\"LEFT\">MLZ<\/td>\n<td align=\"LEFT\"><a href=\"http:\/\/www.heimatverein-suedlohn.de\/media\/pressearchiv_repros\/20080408.pdf\" target=\"_blank\" rel=\"noopener\">Kunst schwei\u00dft zusammen &#8211; Projekt der Roncalli-Sch\u00fcler mit Norbert Then<\/a><\/td>\n<\/tr>\n<tr>\n<td align=\"LEFT\" height=\"26\">19.03.2009<\/td>\n<td align=\"LEFT\">MLZ<\/td>\n<td align=\"LEFT\"><a href=\"http:\/\/www.heimatverein-suedlohn.de\/media\/pressearchiv_repros\/20090319.pdf\" target=\"_blank\" rel=\"noopener\">Schule f\u00fcr Zukunft r\u00fcsten &#8211; \u00dcbermittagsbereich der Hauptschule&#8230;<\/a><\/td>\n<\/tr>\n<tr>\n<td align=\"LEFT\" height=\"26\">09.10.2010<\/td>\n<td align=\"LEFT\">MLZ<\/td>\n<td align=\"LEFT\"><a href=\"http:\/\/www.heimatverein-suedlohn.de\/media\/pressearchiv_repros\/20101009_neu_schule.pdf\" target=\"_blank\" rel=\"noopener\">In alle Richtungen denken<\/a><\/td>\n<\/tr>\n<tr>\n<td align=\"LEFT\" height=\"26\">22.06.2011<\/td>\n<td align=\"LEFT\">MLZ<\/td>\n<td align=\"LEFT\"><a href=\"http:\/\/www.heimatverein-suedlohn.de\/media\/pressearchiv_repros\/20110622.pdf\" target=\"_blank\" rel=\"noopener\">Gemeinde plant weiter &#8211; Zukunft der weiterf\u00fchrenden Schule wird gesichert<\/a><\/td>\n<\/tr>\n<tr>\n<td align=\"LEFT\" height=\"26\">26.01.2012<\/td>\n<td align=\"LEFT\">MLZ<\/td>\n<td align=\"LEFT\"><a href=\"http:\/\/www.heimatverein-suedlohn.de\/media\/pressearchiv_repros\/20120126_2.pdf\" target=\"_blank\" rel=\"noopener\">Junge Kraft an der Spitze. Friederike Vo\u00df wird offiziell zur Schulleiterin der St. Vitus-Grundschule ernannt<\/a><\/td>\n<\/tr>\n<tr>\n<td align=\"LEFT\" height=\"26\">06.07.2012<\/td>\n<td align=\"LEFT\">MLZ<\/td>\n<td align=\"LEFT\"><a href=\"http:\/\/www.heimatverein-suedlohn.de\/media\/pressearchiv_repros\/20120706.pdf\" target=\"_blank\" rel=\"noopener\">Institution und Legende. Abschied genommen von Rektorin Doris Bennemann und Lehrer Klaus Huesker<\/a><\/td>\n<\/tr>\n<tr>\n<td align=\"LEFT\" height=\"26\">03.08.2012<\/td>\n<td align=\"LEFT\">MLZ<\/td>\n<td align=\"LEFT\"><a href=\"http:\/\/www.heimatverein-suedlohn.de\/media\/pressearchiv_repros\/2012_08_03.pdf\" target=\"_blank\" rel=\"noopener\">Raum f\u00fcr die Zukunft. Roncalli-Schule hat jettz eigenen Bereich f\u00fcr naturwissenschaftlichen Unterricht<\/a><\/td>\n<\/tr>\n<tr>\n<td align=\"LEFT\" height=\"26\">08.02.2013<\/td>\n<td align=\"LEFT\">MLZ<\/td>\n<td align=\"LEFT\"><a href=\"http:\/\/www.heimatverein-suedlohn.de\/media\/pressearchiv_repros\/2013\/2013_02_08.pdf\" target=\"_blank\" rel=\"noopener\">Christoph Liesner wird neuer Rektor<br \/>\n<\/a><\/td>\n<\/tr>\n<tr>\n<td align=\"LEFT\" height=\"26\">21.09.2013<\/td>\n<td align=\"LEFT\">MLZ<\/td>\n<td align=\"LEFT\"><a href=\"http:\/\/www.heimatverein-suedlohn.de\/media\/pressearchiv_repros\/2013\/2013_09_21.pdf\" target=\"_blank\" rel=\"noopener\">Ehemailige Schulleiter besuchen S\u00fcdlohn<\/a><a href=\"http:\/\/www.heimatverein-suedlohn.de\/media\/pressearchiv_repros\/2013\/2013_02_08.pdf\" target=\"_blank\" rel=\"noopener\"><br \/>\n<\/a><\/td>\n<\/tr>\n<tr>\n<td align=\"LEFT\" height=\"26\">15.11.2013<\/td>\n<td align=\"LEFT\">MLZ<\/td>\n<td align=\"LEFT\"><a href=\"http:\/\/www.heimatverein-suedlohn.de\/media\/pressearchiv_repros\/2013\/2013_11_15.pdf\" target=\"_blank\" rel=\"noopener\">Das System Roncalli-Schule nicht abwickeln<\/a><a href=\"http:\/\/www.heimatverein-suedlohn.de\/media\/pressearchiv_repros\/2013\/2013_02_08.pdf\" target=\"_blank\" rel=\"noopener\"><br \/>\n<\/a><\/td>\n<\/tr>\n<tr>\n<td align=\"LEFT\" height=\"26\">23.11.2013<\/td>\n<td align=\"LEFT\">MLZ<\/td>\n<td align=\"LEFT\"><a href=\"http:\/\/www.heimatverein-suedlohn.de\/media\/pressearchiv_repros\/2013\/2013_11_23.pdf\" target=\"_blank\" rel=\"noopener\">Keine Denkverbote auferlegt<\/a><a href=\"http:\/\/www.heimatverein-suedlohn.de\/media\/pressearchiv_repros\/2013\/2013_02_08.pdf\" target=\"_blank\" rel=\"noopener\"><br \/>\n<\/a><\/td>\n<\/tr>\n<tr>\n<td align=\"LEFT\" height=\"26\">25.01.2014<\/td>\n<td align=\"LEFT\">MLZ<\/td>\n<td align=\"LEFT\"><a href=\"http:\/\/www.heimatverein-suedlohn.de\/media\/pressearchiv_repros\/2014\/2014_01_25.pdf\" target=\"_blank\" rel=\"noopener\">Zus\u00e4tzlich 60.000 Euro f\u00fcr die Hauptschule<\/a><a href=\"http:\/\/www.heimatverein-suedlohn.de\/media\/pressearchiv_repros\/2013\/2013_02_08.pdf\" target=\"_blank\" rel=\"noopener\"><br \/>\n<\/a><\/td>\n<\/tr>\n<tr>\n<td align=\"LEFT\" height=\"26\">28.02.2014<\/td>\n<td align=\"LEFT\">MLZ<\/td>\n<td align=\"LEFT\"><a href=\"http:\/\/www.heimatverein-suedlohn.de\/media\/pressearchiv_repros\/2014\/2014_02_28.pdf\" target=\"_blank\" rel=\"noopener\">Lernen mit dem Tablett<\/a><a href=\"http:\/\/www.heimatverein-suedlohn.de\/media\/pressearchiv_repros\/2013\/2013_02_08.pdf\" target=\"_blank\" rel=\"noopener\"><br \/>\n<\/a><\/td>\n<\/tr>\n<tr>\n<td align=\"LEFT\" height=\"26\">21.03.2014<\/td>\n<td align=\"LEFT\">MLZ<\/td>\n<td align=\"LEFT\"><a href=\"http:\/\/www.heimatverein-suedlohn.de\/media\/pressearchiv_repros\/2014\/2014_03_21.pdf\" target=\"_blank\" rel=\"noopener\">Partner \u00fcberlebenswichtig<\/a><a href=\"http:\/\/www.heimatverein-suedlohn.de\/media\/pressearchiv_repros\/2013\/2013_02_08.pdf\" target=\"_blank\" rel=\"noopener\"><br \/>\n<\/a><\/td>\n<\/tr>\n<tr>\n<td align=\"LEFT\" height=\"26\">30.01.2015<\/td>\n<td align=\"LEFT\">MLZ<\/td>\n<td align=\"LEFT\"><a href=\"http:\/\/www.heimatverein-suedlohn.de\/media\/pressearchiv_repros\/2015\/Freitag_30Januar_2015.pdf\" target=\"_blank\" rel=\"noopener\">CDU will Roncalli-Schule st\u00e4rker f\u00f6rdern<\/a><a href=\"http:\/\/www.heimatverein-suedlohn.de\/media\/pressearchiv_repros\/2013\/2013_02_08.pdf\" target=\"_blank\" rel=\"noopener\"><br \/>\n<\/a><\/td>\n<\/tr>\n<tr>\n<td align=\"LEFT\" height=\"26\">31.01.2015<\/td>\n<td align=\"LEFT\">MLZ<\/td>\n<td align=\"LEFT\"><a href=\"http:\/\/www.heimatverein-suedlohn.de\/media\/pressearchiv_repros\/2015\/Samstag_31Januar_2015.pdf\" target=\"_blank\" rel=\"noopener\">Kleine aber feine Schule<\/a><a href=\"http:\/\/www.heimatverein-suedlohn.de\/media\/pressearchiv_repros\/2013\/2013_02_08.pdf\" target=\"_blank\" rel=\"noopener\"><br \/>\n<\/a><\/td>\n<\/tr>\n<tr>\n<td align=\"LEFT\" height=\"26\">27.03.2015<\/td>\n<td align=\"LEFT\">MLZ<\/td>\n<td align=\"LEFT\"><a href=\"http:\/\/www.heimatverein-suedlohn.de\/media\/pressearchiv_repros\/2015\/Freitag_27Maerz_2015.pdf\" target=\"_blank\" rel=\"noopener\">Roncalli-Schule droht das Aus<\/a><a href=\"http:\/\/www.heimatverein-suedlohn.de\/media\/pressearchiv_repros\/2013\/2013_02_08.pdf\" target=\"_blank\" rel=\"noopener\"><br \/>\n<\/a><\/td>\n<\/tr>\n<tr>\n<td align=\"LEFT\" height=\"26\">28.03.2015<\/td>\n<td align=\"LEFT\">MLZ<\/td>\n<td align=\"LEFT\"><a href=\"http:\/\/www.heimatverein-suedlohn.de\/media\/pressearchiv_repros\/2015\/Samstag_28Maerz_2015.pdf\" target=\"_blank\" rel=\"noopener\">Alter Standort-neue Schule<\/a><a href=\"http:\/\/www.heimatverein-suedlohn.de\/media\/pressearchiv_repros\/2013\/2013_02_08.pdf\" target=\"_blank\" rel=\"noopener\"><br \/>\n<\/a><\/td>\n<\/tr>\n<tr>\n<td align=\"LEFT\" height=\"26\">08.05.2015<\/td>\n<td align=\"LEFT\">MLZ<\/td>\n<td align=\"LEFT\"><a href=\"http:\/\/www.heimatverein-suedlohn.de\/media\/pressearchiv_repros\/2015\/Freitag_8Mai_2015.pdf\" target=\"_blank\" rel=\"noopener\">Schulstandort im Fokus<\/a><a href=\"http:\/\/www.heimatverein-suedlohn.de\/media\/pressearchiv_repros\/2013\/2013_02_08.pdf\" target=\"_blank\" rel=\"noopener\"><br \/>\n<\/a><\/td>\n<\/tr>\n<tr>\n<td align=\"LEFT\" height=\"26\">13.06.2015<\/td>\n<td align=\"LEFT\">MLZ<\/td>\n<td align=\"LEFT\"><a href=\"http:\/\/www.heimatverein-suedlohn.de\/media\/pressearchiv_repros\/2015\/Samstag_13Juni_2015.pdf\" target=\"_blank\" rel=\"noopener\">Verl\u00e4ssliches Ende<\/a><a href=\"http:\/\/www.heimatverein-suedlohn.de\/media\/pressearchiv_repros\/2013\/2013_02_08.pdf\" target=\"_blank\" rel=\"noopener\"><br \/>\n<\/a><\/td>\n<\/tr>\n<tr>\n<td align=\"LEFT\" height=\"26\">15.09.2015<\/td>\n<td align=\"LEFT\">MLZ<\/td>\n<td align=\"LEFT\"><a href=\"http:\/\/www.heimatverein-suedlohn.de\/media\/pressearchiv_repros\/2015\/Dienstag_15September_2015.pdf\" target=\"_blank\" rel=\"noopener\">Roncalli-Sch\u00fcler sollen nach Stadtlohn wechseln<\/a><a href=\"http:\/\/www.heimatverein-suedlohn.de\/media\/pressearchiv_repros\/2013\/2013_02_08.pdf\" target=\"_blank\" rel=\"noopener\"><br \/>\n<\/a><\/td>\n<\/tr>\n<tr>\n<td align=\"LEFT\" height=\"26\">19.09.2015<\/td>\n<td align=\"LEFT\">MLZ<\/td>\n<td align=\"LEFT\"><a href=\"http:\/\/www.heimatverein-suedlohn.de\/media\/pressearchiv_repros\/2015\/Samstag_19September_2015.pdf\" target=\"_blank\" rel=\"noopener\">Der Blick geht nach Stadtlohn<\/a><a href=\"http:\/\/www.heimatverein-suedlohn.de\/media\/pressearchiv_repros\/2013\/2013_02_08.pdf\" target=\"_blank\" rel=\"noopener\"><br \/>\n<\/a><\/td>\n<\/tr>\n<tr>\n<td align=\"LEFT\" height=\"26\">24.10.2015<\/td>\n<td align=\"LEFT\">MLZ<\/td>\n<td align=\"LEFT\"><a href=\"http:\/\/www.heimatverein-suedlohn.de\/media\/pressearchiv_repros\/2015\/Samstag_24Oktober_2015.pdf\" target=\"_blank\" rel=\"noopener\">Auslaufend gestellt<\/a><a href=\"http:\/\/www.heimatverein-suedlohn.de\/media\/pressearchiv_repros\/2013\/2013_02_08.pdf\" target=\"_blank\" rel=\"noopener\"><br \/>\n<\/a><\/td>\n<\/tr>\n<tr>\n<td colspan=\"3\" align=\"LEFT\" height=\"26\">MLZ\u00a0 &#8211; M\u00fcnsterland Zeitung<br \/>\nBZ\u00a0\u00a0 &#8211; Borkener Zeitung<br \/>\nRN\u00a0\u00a0 &#8211; Ruhr &#8211; Nachrichten<br \/>\nK+L\u00a0 &#8211; Kirche und Leben<\/td>\n<\/tr>\n<\/tbody>\n<\/table>\n<p>&nbsp;<\/p>\n","protected":false},"excerpt":{"rendered":"<p>Schule\/Bildung &nbsp; Datum Quelle Titel \/ Schlagzeile 25.05.1972 BZ Hauptschule S\u00fcdlohn wird eingeweiht &#8211; das Projekt kostet 5 Mio DM 25.10.1973 BZ Gemeindeinteresse bei Schulentwicklung wahren 31.10.1973 BZ Den 70. Geburtstag feiert Rektor j.R. Fallbr\u00fcgge 31.10.1979 RN Rektor i.R. Fallbr\u00fcgge vollendet 75. Lebensjahr 08.01.1981 RN Neue Turnhalle wird f\u00fcr Breitensport freigegeben &#8211; an der Grundschule [&hellip;]<\/p>\n","protected":false},"author":1,"featured_media":0,"parent":455,"menu_order":4,"comment_status":"closed","ping_status":"closed","template":"","meta":{"footnotes":""},"class_list":["post-441","page","type-page","status-publish","hentry"],"_links":{"self":[{"href":"https:\/\/www.heimatverein-suedlohn.de\/index.php\/wp-json\/wp\/v2\/pages\/441","targetHints":{"allow":["GET"]}}],"collection":[{"href":"https:\/\/www.heimatverein-suedlohn.de\/index.php\/wp-json\/wp\/v2\/pages"}],"about":[{"href":"https:\/\/www.heimatverein-suedlohn.de\/index.php\/wp-json\/wp\/v2\/types\/page"}],"author":[{"embeddable":true,"href":"https:\/\/www.heimatverein-suedlohn.de\/index.php\/wp-json\/wp\/v2\/users\/1"}],"replies":[{"embeddable":true,"href":"https:\/\/www.heimatverein-suedlohn.de\/index.php\/wp-json\/wp\/v2\/comments?post=441"}],"version-history":[{"count":3,"href":"https:\/\/www.heimatverein-suedlohn.de\/index.php\/wp-json\/wp\/v2\/pages\/441\/revisions"}],"predecessor-version":[{"id":7617,"href":"https:\/\/www.heimatverein-suedlohn.de\/index.php\/wp-json\/wp\/v2\/pages\/441\/revisions\/7617"}],"up":[{"embeddable":true,"href":"https:\/\/www.heimatverein-suedlohn.de\/index.php\/wp-json\/wp\/v2\/pages\/455"}],"wp:attachment":[{"href":"https:\/\/www.heimatverein-suedlohn.de\/index.php\/wp-json\/wp\/v2\/media?parent=441"}],"curies":[{"name":"wp","href":"https:\/\/api.w.org\/{rel}","templated":true}]}}