{"id":434,"date":"2016-05-24T11:59:58","date_gmt":"2016-05-24T09:59:58","guid":{"rendered":"http:\/\/www.heimatverein-suedlohn.de\/neu2016\/?page_id=434"},"modified":"2024-02-28T22:36:54","modified_gmt":"2024-02-28T21:36:54","slug":"bauwerke-gebaeude-bildstoecke-wegkreuze","status":"publish","type":"page","link":"https:\/\/www.heimatverein-suedlohn.de\/index.php\/pressearchiv\/pressearchiv-suedlohn\/bauwerke-gebaeude-bildstoecke-wegkreuze\/","title":{"rendered":"Bauwerke \/ Bildst\u00f6cke \/ Wegkreuze"},"content":{"rendered":"<section  class='av_textblock_section av-av_textblock-0366cc7376be6c9e82a3e9cc8987b64f'  itemscope=\"itemscope\" itemtype=\"https:\/\/schema.org\/CreativeWork\" ><div class='avia_textblock'  itemprop=\"text\" ><h2>Bauwerke \/ Geb\u00e4ude \/ Bildst\u00f6cke \/ Wegkreuze<\/h2>\n<table style=\"height: 2432px;\" border=\"0\" width=\"900\" frame=\"VOID\" rules=\"NONE\" cellspacing=\"0\">\n<colgroup>\n<col width=\"86\" \/>\n<col width=\"102\" \/>\n<col width=\"479\" \/><\/colgroup>\n<tbody>\n<tr>\n<td align=\"LEFT\" bgcolor=\"#E6E6E6\" width=\"86\" height=\"26\">Datum<\/td>\n<td align=\"LEFT\" bgcolor=\"#E6E6E6\" width=\"102\">Quelle<\/td>\n<td align=\"LEFT\" bgcolor=\"#E6E6E6\" width=\"479\">Titel \/ Schlagzeile<\/td>\n<\/tr>\n<tr>\n<td align=\"LEFT\" height=\"26\">09.11.1968<\/td>\n<td align=\"LEFT\"><span style=\"font-size: xx-small;\">Ahauser Kreiszeitung<\/span><\/td>\n<td align=\"LEFT\"><a href=\"http:\/\/www.heimatverein-suedlohn.de\/media\/pressearchiv_repros\/19681109.pdf\" target=\"_blank\" rel=\"noopener\">S\u00fcdlohn ist stolz auf seinen Krankenhausneubau<\/a><\/td>\n<\/tr>\n<tr>\n<td align=\"LEFT\" height=\"26\">03.11.1977<\/td>\n<td align=\"LEFT\">BZ<\/td>\n<td align=\"LEFT\"><a href=\"http:\/\/www.heimatverein-suedlohn.de\/media\/pressearchiv_repros\/19771103.pdf\" target=\"_blank\" rel=\"noopener\">Auf dem Hof des Bauern Schl\u00fcter ist die Zeit stehen geblieben<\/a><\/td>\n<\/tr>\n<tr>\n<td align=\"LEFT\" height=\"26\">22.05.1981<\/td>\n<td align=\"LEFT\">RN<\/td>\n<td align=\"LEFT\"><a href=\"http:\/\/www.heimatverein-suedlohn.de\/media\/pressearchiv_repros\/19810522.pdf\" target=\"_blank\" rel=\"noopener\">Wermutstropfen tr\u00fcbt Freude am Therapiezentrum ..kein Belegkrankenhaus<\/a><\/td>\n<\/tr>\n<tr>\n<td align=\"LEFT\" height=\"26\">07.10.1981<\/td>\n<td align=\"LEFT\">RN<\/td>\n<td align=\"LEFT\"><a href=\"http:\/\/www.heimatverein-suedlohn.de\/media\/pressearchiv_repros\/19811007.pdf\" target=\"_blank\" rel=\"noopener\">S\u00fcdlohns M\u00fchle Menke wird restauriert &#8211; Arbeiten am Kupferdach<\/a><\/td>\n<\/tr>\n<tr>\n<td align=\"LEFT\" height=\"26\">10.04.1982<\/td>\n<td align=\"LEFT\">RN<\/td>\n<td align=\"LEFT\"><a href=\"http:\/\/www.heimatverein-suedlohn.de\/media\/pressearchiv_repros\/19820410.pdf\" target=\"_blank\" rel=\"noopener\">Haus vermittelt Eindruck vom Leben der &#8222;einfachen Leute&#8220;<\/a><\/td>\n<\/tr>\n<tr>\n<td align=\"LEFT\" height=\"26\">06.11.1982<\/td>\n<td align=\"LEFT\">RN<\/td>\n<td align=\"LEFT\"><a href=\"http:\/\/www.heimatverein-suedlohn.de\/media\/pressearchiv_repros\/19821106_2.pdf\" target=\"_blank\" rel=\"noopener\">Riesenkran setzte M\u00fchlenhaube auf &#8211; Windm\u00fchle Menke komplett<\/a><\/td>\n<\/tr>\n<tr>\n<td align=\"LEFT\" height=\"26\">06.11.1982<\/td>\n<td align=\"LEFT\">BZ<\/td>\n<td align=\"LEFT\"><a href=\"http:\/\/www.heimatverein-suedlohn.de\/media\/pressearchiv_repros\/19821106.pdf\" target=\"_blank\" rel=\"noopener\">Menke M\u00fchle mit neuen Fl\u00fcgeln<\/a><\/td>\n<\/tr>\n<tr>\n<td align=\"LEFT\" height=\"26\">12.04.1983<\/td>\n<td align=\"LEFT\">RN<\/td>\n<td align=\"LEFT\"><a href=\"http:\/\/www.heimatverein-suedlohn.de\/media\/pressearchiv_repros\/19830412.pdf\" target=\"_blank\" rel=\"noopener\">Zahn der Zeit nagt auch an Haus Lohn &#8211; denkmalpflegerische Ma\u00dfnahmen<\/a><\/td>\n<\/tr>\n<tr>\n<td align=\"LEFT\" height=\"26\">12.04.1983<\/td>\n<td align=\"LEFT\">RN<\/td>\n<td align=\"LEFT\"><a href=\"http:\/\/www.heimatverein-suedlohn.de\/media\/pressearchiv_repros\/19830412_2.pdf\" target=\"_blank\" rel=\"noopener\">Bildst\u00f6cke und Wegedkreuze in Gemeinde werden restauriert<\/a><\/td>\n<\/tr>\n<tr>\n<td align=\"LEFT\" height=\"26\">19.12.1984<\/td>\n<td align=\"LEFT\">RN<\/td>\n<td align=\"LEFT\"><a href=\"http:\/\/www.heimatverein-suedlohn.de\/media\/pressearchiv_repros\/19841219.pdf\" target=\"_blank\" rel=\"noopener\">\u00c4ltester S\u00fcdlohner Bildstock mit der Spr\u00fchdose &#8222;bearbeitet&#8220; \/ gesch\u00e4ndet<\/a><\/td>\n<\/tr>\n<tr>\n<td align=\"LEFT\" height=\"26\">06.06.1987<\/td>\n<td align=\"LEFT\">BZ<\/td>\n<td align=\"LEFT\"><a href=\"http:\/\/www.heimatverein-suedlohn.de\/media\/pressearchiv_repros\/19870606.pdf\" target=\"_blank\" rel=\"noopener\">Graf Tilly erholt sich in S\u00fcdlohn auf Haus Lohn<\/a><\/td>\n<\/tr>\n<tr>\n<td align=\"LEFT\" height=\"26\">24.07.1987<\/td>\n<td align=\"LEFT\">BZ<\/td>\n<td align=\"LEFT\"><a href=\"http:\/\/www.heimatverein-suedlohn.de\/media\/pressearchiv_repros\/19870724.pdf\" target=\"_blank\" rel=\"noopener\">Alte Knabenschule wird Begegnungsst\u00e4tte &#8211; Renovierung Haus Wilmers<\/a><\/td>\n<\/tr>\n<tr>\n<td align=\"LEFT\" height=\"26\">21.05.1988<\/td>\n<td align=\"LEFT\">RN<\/td>\n<td align=\"LEFT\"><a href=\"http:\/\/www.heimatverein-suedlohn.de\/media\/pressearchiv_repros\/19880521.pdf\" target=\"_blank\" rel=\"noopener\">Ein Zeugnis tiefer Volksfr\u00f6mmigkeit &#8211; Stationsbild in Horst<\/a><\/td>\n<\/tr>\n<tr>\n<td align=\"LEFT\" height=\"26\">22.09.1988<\/td>\n<td align=\"LEFT\">RN<\/td>\n<td align=\"LEFT\"><a href=\"http:\/\/www.heimatverein-suedlohn.de\/media\/pressearchiv_repros\/19880922.pdf\" target=\"_blank\" rel=\"noopener\">Mit dem Wiegboldfest weiht S\u00fcdlohn seine neue gute Stube ein<\/a><\/td>\n<\/tr>\n<tr>\n<td align=\"LEFT\" height=\"26\">18.04.1996<\/td>\n<td align=\"LEFT\">MLZ<\/td>\n<td align=\"LEFT\"><a href=\"http:\/\/www.heimatverein-suedlohn.de\/media\/pressearchiv_repros\/19960418.pdf\" target=\"_blank\" rel=\"noopener\">Um Namen &#8222;Haus Loen&#8220; entwickelt sich ein Streit<\/a><\/td>\n<\/tr>\n<tr>\n<td align=\"LEFT\" height=\"26\">03.05.1997<\/td>\n<td align=\"LEFT\">MLZ<\/td>\n<td align=\"LEFT\"><a href=\"http:\/\/www.heimatverein-suedlohn.de\/media\/pressearchiv_repros\/19970503.pdf\" target=\"_blank\" rel=\"noopener\">Vor 100 Jahren entstand das Henricus &#8211; Hospital<\/a><\/td>\n<\/tr>\n<tr>\n<td align=\"LEFT\" height=\"26\">03.06.1997<\/td>\n<td align=\"LEFT\">MLZ<\/td>\n<td align=\"LEFT\"><a href=\"http:\/\/www.heimatverein-suedlohn.de\/media\/pressearchiv_repros\/19970603.pdf\" target=\"_blank\" rel=\"noopener\">Nachbarschaften verzichten auf Feste &#8230; und stiften f\u00fcr das Henricus-Hospital<\/a><\/td>\n<\/tr>\n<tr>\n<td align=\"LEFT\" height=\"26\">12.06.1997<\/td>\n<td align=\"LEFT\">MLZ<\/td>\n<td align=\"LEFT\"><a href=\"http:\/\/www.heimatverein-suedlohn.de\/media\/pressearchiv_repros\/19970612_pfarrerfoto.pdf\" target=\"_blank\" rel=\"noopener\">Kulturkampf bremste die Krankenhauspl\u00e4ne &#8211; zum 100-j\u00e4hrigen Bestehen<\/a><\/td>\n<\/tr>\n<tr>\n<td align=\"LEFT\" height=\"26\">04.07.1997<\/td>\n<td align=\"LEFT\">MLZ<\/td>\n<td align=\"LEFT\"><a href=\"http:\/\/www.heimatverein-suedlohn.de\/media\/pressearchiv_repros\/19970704.pdf\" target=\"_blank\" rel=\"noopener\">F\u00fcrstbischof lie\u00df 1729 in S\u00fcdlohn Jagdhaus errichten<\/a><\/td>\n<\/tr>\n<tr>\n<td align=\"LEFT\" height=\"26\">10.07.1997<\/td>\n<td align=\"LEFT\">MLZ<\/td>\n<td align=\"LEFT\"><a href=\"http:\/\/www.heimatverein-suedlohn.de\/media\/pressearchiv_repros\/19970710.pdf\" target=\"_blank\" rel=\"noopener\">Wappenstein aus dem Jahre 1729 erhielt Platz an Altentagesst\u00e4tte<\/a><\/td>\n<\/tr>\n<tr>\n<td align=\"LEFT\" height=\"26\">17.07.1997<\/td>\n<td align=\"LEFT\">MLZ<\/td>\n<td align=\"LEFT\"><a href=\"http:\/\/www.heimatverein-suedlohn.de\/media\/pressearchiv_repros\/19970717.pdf\" target=\"_blank\" rel=\"noopener\">Tradition und Historismus &#8211; Wohnhaus Hinske in der Holzstra\u00dfe<\/a><\/td>\n<\/tr>\n<tr>\n<td align=\"LEFT\" height=\"26\">21.05.2005<\/td>\n<td align=\"LEFT\">MLZ<\/td>\n<td align=\"LEFT\"><a href=\"http:\/\/www.heimatverein-suedlohn.de\/media\/pressearchiv_repros\/20050521.pdf\" target=\"_blank\" rel=\"noopener\">Sturm macht kurzen Prozess &#8211; Schornstein der Frottierweberei<\/a><\/td>\n<\/tr>\n<tr>\n<td align=\"LEFT\" height=\"26\">10.06.2011<\/td>\n<td align=\"LEFT\">MLZ<\/td>\n<td align=\"LEFT\"><a href=\"http:\/\/www.heimatverein-suedlohn.de\/media\/pressearchiv_repros\/20110610_2.pdf\" target=\"_blank\" rel=\"noopener\">Fl\u00fcgel rotieren nicht allein &#8211; bei Menke M\u00fchle laufen die Maschinen<\/a><\/td>\n<\/tr>\n<tr>\n<td align=\"LEFT\" height=\"26\">02.10.2012<\/td>\n<td align=\"LEFT\">MLZ<\/td>\n<td align=\"LEFT\"><a href=\"http:\/\/www.heimatverein-suedlohn.de\/media\/pressearchiv_repros\/2012_10_02.pdf\" target=\"_blank\" rel=\"noopener\">Patient hat &#8222;\u00fcberlebt&#8220;. Alte Holl\u00e4nder-Windm\u00fchle trotzt allen &#8230;<\/a><\/td>\n<\/tr>\n<tr>\n<td align=\"LEFT\" height=\"26\">13.10.2012<\/td>\n<td align=\"LEFT\">MLZ<\/td>\n<td align=\"LEFT\"><a href=\"http:\/\/www.heimatverein-suedlohn.de\/media\/pressearchiv_repros\/2012_10_13.pdf\" target=\"_blank\" rel=\"noopener\">Denkmal kann Chance sein. Am 30. September 1902 fuhr die letzte Postkutsche &#8230;<\/a><\/td>\n<\/tr>\n<tr>\n<td align=\"LEFT\" height=\"26\">20.10.2012<\/td>\n<td align=\"LEFT\">MLZ<\/td>\n<td align=\"LEFT\"><a href=\"http:\/\/www.heimatverein-suedlohn.de\/media\/pressearchiv_repros\/2012_10_20.pdf\" target=\"_blank\" rel=\"noopener\">Erneut G\u00fctesiegel f\u00fcr Stiftung<\/a><\/td>\n<\/tr>\n<tr>\n<td align=\"LEFT\" height=\"26\">22.09.2012<\/td>\n<td align=\"LEFT\">MLZ<\/td>\n<td align=\"LEFT\"><a href=\"http:\/\/www.heimatverein-suedlohn.de\/media\/pressearchiv_repros\/2012_09_22.pdf\" target=\"_blank\" rel=\"noopener\">Alten Maschinen Dampf machen<\/a><\/td>\n<\/tr>\n<tr>\n<td align=\"LEFT\" height=\"26\">05.01.2013<\/td>\n<td align=\"LEFT\">MLZ<\/td>\n<td align=\"LEFT\"><a href=\"http:\/\/www.heimatverein-suedlohn.de\/media\/pressearchiv_repros\/2013\/2013_01_05_2.pdf\" target=\"_blank\" rel=\"noopener\">Haus der Vereine geh\u00f6rt bald der Geschichte an<br \/>\n<\/a><\/td>\n<\/tr>\n<tr>\n<td align=\"LEFT\" height=\"26\">23.02.2013<\/td>\n<td align=\"LEFT\">MLZ<\/td>\n<td align=\"LEFT\"><a href=\"http:\/\/www.heimatverein-suedlohn.de\/media\/pressearchiv_repros\/2013\/2013_02_23.pdf\" target=\"_blank\" rel=\"noopener\">Eine Welt f\u00fcr den Herrn<br \/>\n<\/a><\/td>\n<\/tr>\n<tr>\n<td align=\"LEFT\" height=\"26\">25.02.2013<\/td>\n<td align=\"LEFT\">MLZ<\/td>\n<td align=\"LEFT\"><a href=\"http:\/\/www.heimatverein-suedlohn.de\/media\/pressearchiv_repros\/2013\/2013_02_24.pdf\" target=\"_blank\" rel=\"noopener\">Bauer GmbH w\u00e4chst weiter<\/a><\/td>\n<\/tr>\n<tr>\n<td align=\"LEFT\" height=\"26\">18.04.2013<\/td>\n<td align=\"LEFT\">MLZ<\/td>\n<td align=\"LEFT\"><a href=\"http:\/\/www.heimatverein-suedlohn.de\/media\/pressearchiv_repros\/2013\/2013_04_18.pdf\" target=\"_blank\" rel=\"noopener\">S\u00fc\u00dfe Verf\u00fchrung<br \/>\n<\/a><\/td>\n<\/tr>\n<tr>\n<td align=\"LEFT\" height=\"26\">15.05.2013<\/td>\n<td align=\"LEFT\">MLZ<\/td>\n<td align=\"LEFT\"><a href=\"http:\/\/www.heimatverein-suedlohn.de\/media\/pressearchiv_repros\/2013\/2013_05_15.pdf\" target=\"_blank\" rel=\"noopener\">Dieter macht Druck<br \/>\n<\/a><\/td>\n<\/tr>\n<tr>\n<td align=\"LEFT\" height=\"26\">11.09.2013<\/td>\n<td align=\"LEFT\">MLZ<\/td>\n<td align=\"LEFT\"><a href=\"http:\/\/www.heimatverein-suedlohn.de\/media\/pressearchiv_repros\/2013\/2013_09_11.pdf\" target=\"_blank\" rel=\"noopener\">Wohnung statt Hotel<br \/>\n<\/a><\/td>\n<\/tr>\n<tr>\n<td align=\"LEFT\" height=\"26\">03.10.2013<\/td>\n<td align=\"LEFT\">MLZ<\/td>\n<td align=\"LEFT\"><a href=\"http:\/\/www.heimatverein-suedlohn.de\/media\/pressearchiv_repros\/2013\/2013_10_03.pdf\" target=\"_blank\" rel=\"noopener\">Neutraler Boden<\/a><a href=\"http:\/\/www.heimatverein-suedlohn.de\/media\/pressearchiv_repros\/2013\/2013_09_11.pdf\" target=\"_blank\" rel=\"noopener\"><br \/>\n<\/a><\/td>\n<\/tr>\n<tr>\n<td align=\"LEFT\" height=\"26\">30.10.2013<\/td>\n<td align=\"LEFT\">MLZ<\/td>\n<td align=\"LEFT\"><a href=\"http:\/\/www.heimatverein-suedlohn.de\/media\/pressearchiv_repros\/2013\/2013_10_30.pdf\" target=\"_blank\" rel=\"noopener\">Abschied mit ganz viel Herzblut<\/a><a href=\"http:\/\/www.heimatverein-suedlohn.de\/media\/pressearchiv_repros\/2013\/2013_09_11.pdf\" target=\"_blank\" rel=\"noopener\"><br \/>\n<\/a><\/td>\n<\/tr>\n<tr>\n<td align=\"LEFT\" height=\"26\">31.10.2013<\/td>\n<td align=\"LEFT\">MLZ<\/td>\n<td align=\"LEFT\"><a href=\"http:\/\/www.heimatverein-suedlohn.de\/media\/pressearchiv_repros\/2013\/2013_10_31.pdf\" target=\"_blank\" rel=\"noopener\">Weiter mit Volldampf<\/a><a href=\"http:\/\/www.heimatverein-suedlohn.de\/media\/pressearchiv_repros\/2013\/2013_09_11.pdf\" target=\"_blank\" rel=\"noopener\"><br \/>\n<\/a><\/td>\n<\/tr>\n<tr>\n<td align=\"LEFT\" height=\"26\">12.12.2013<\/td>\n<td align=\"LEFT\">MLZ<\/td>\n<td align=\"LEFT\"><a href=\"http:\/\/www.heimatverein-suedlohn.de\/media\/pressearchiv_repros\/2013\/2013_12_12.pdf\" target=\"_blank\" rel=\"noopener\">Seit 370 Jahren Ziel f\u00fcr Gl\u00e4ubige<\/a><a href=\"http:\/\/www.heimatverein-suedlohn.de\/media\/pressearchiv_repros\/2013\/2013_09_11.pdf\" target=\"_blank\" rel=\"noopener\"><br \/>\n<\/a><\/td>\n<\/tr>\n<tr>\n<td align=\"LEFT\" height=\"26\">18.12.2013<\/td>\n<td align=\"LEFT\">MLZ<\/td>\n<td align=\"LEFT\"><a href=\"http:\/\/www.heimatverein-suedlohn.de\/media\/pressearchiv_repros\/2013\/2013_12_18.pdf\" target=\"_blank\" rel=\"noopener\">Bildstock erinnert an Monstranz<\/a><a href=\"http:\/\/www.heimatverein-suedlohn.de\/media\/pressearchiv_repros\/2013\/2013_09_11.pdf\" target=\"_blank\" rel=\"noopener\"><br \/>\n<\/a><\/td>\n<\/tr>\n<tr>\n<td align=\"LEFT\" height=\"26\">21.12.2013<\/td>\n<td align=\"LEFT\">MLZ<\/td>\n<td align=\"LEFT\"><a href=\"http:\/\/www.heimatverein-suedlohn.de\/media\/pressearchiv_repros\/2013\/2013_12_21.pdf\" target=\"_blank\" rel=\"noopener\">Blickfang bewahrt<\/a><a href=\"http:\/\/www.heimatverein-suedlohn.de\/media\/pressearchiv_repros\/2013\/2013_09_11.pdf\" target=\"_blank\" rel=\"noopener\"><br \/>\n<\/a><\/td>\n<\/tr>\n<tr>\n<td align=\"LEFT\" height=\"26\">07.01.2014<\/td>\n<td align=\"LEFT\">MLZ<\/td>\n<td align=\"LEFT\"><a href=\"http:\/\/www.heimatverein-suedlohn.de\/media\/pressearchiv_repros\/2014\/2014_01_07.pdf\" target=\"_blank\" rel=\"noopener\">St\u00fcck Geschichte weicht<\/a><a href=\"http:\/\/www.heimatverein-suedlohn.de\/media\/pressearchiv_repros\/2013\/2013_09_11.pdf\" target=\"_blank\" rel=\"noopener\"><br \/>\n<\/a><\/td>\n<\/tr>\n<tr>\n<td align=\"LEFT\" height=\"26\">10.01.2014<\/td>\n<td align=\"LEFT\">MLZ<\/td>\n<td align=\"LEFT\"><a href=\"http:\/\/www.heimatverein-suedlohn.de\/media\/pressearchiv_repros\/2014\/2014_01_10.pdf\" target=\"_blank\" rel=\"noopener\">Lebenswerk geht in Flammen auf<\/a><a href=\"http:\/\/www.heimatverein-suedlohn.de\/media\/pressearchiv_repros\/2013\/2013_09_11.pdf\" target=\"_blank\" rel=\"noopener\"><br \/>\n<\/a><\/td>\n<\/tr>\n<tr>\n<td align=\"LEFT\" height=\"26\">20.05.2014<\/td>\n<td align=\"LEFT\">MLZ<\/td>\n<td align=\"LEFT\"><a href=\"http:\/\/www.heimatverein-suedlohn.de\/media\/pressearchiv_repros\/2014\/2014_05_20.pdf\" target=\"_blank\" rel=\"noopener\">Einzug der Dampfmaschine<\/a><a href=\"http:\/\/www.heimatverein-suedlohn.de\/media\/pressearchiv_repros\/2013\/2013_09_11.pdf\" target=\"_blank\" rel=\"noopener\"><br \/>\n<\/a><\/td>\n<\/tr>\n<tr>\n<td align=\"LEFT\" height=\"26\">03.06.2014<\/td>\n<td align=\"LEFT\">MLZ<\/td>\n<td align=\"LEFT\"><a href=\"http:\/\/www.heimatverein-suedlohn.de\/media\/pressearchiv_repros\/2014\/2014_06_03.pdf\" target=\"_blank\" rel=\"noopener\">Erinnerung an die Weberei<\/a><a href=\"http:\/\/www.heimatverein-suedlohn.de\/media\/pressearchiv_repros\/2013\/2013_09_11.pdf\" target=\"_blank\" rel=\"noopener\"><br \/>\n<\/a><\/td>\n<\/tr>\n<tr>\n<td align=\"LEFT\" height=\"26\">10.06.2014<\/td>\n<td align=\"LEFT\">MLZ<\/td>\n<td align=\"LEFT\"><a href=\"http:\/\/www.heimatverein-suedlohn.de\/media\/pressearchiv_repros\/2014\/2014_06_10.pdf\" target=\"_blank\" rel=\"noopener\">Festtag f\u00fcr Technikfans<\/a><a href=\"http:\/\/www.heimatverein-suedlohn.de\/media\/pressearchiv_repros\/2013\/2013_09_11.pdf\" target=\"_blank\" rel=\"noopener\"><br \/>\n<\/a><\/td>\n<\/tr>\n<tr>\n<td align=\"LEFT\" height=\"26\">14.02.2015<\/td>\n<td align=\"LEFT\">\u00a0MLZ<\/td>\n<td align=\"LEFT\"><a href=\"http:\/\/www.heimatverein-suedlohn.de\/media\/pressearchiv_repros\/2015\/Samstag_14Februar_2015.pdf\" target=\"_blank\" rel=\"noopener\">Teures Becken alternativlos<\/a><\/td>\n<\/tr>\n<tr>\n<td align=\"LEFT\" height=\"26\">24.02.2015<\/td>\n<td align=\"LEFT\">\u00a0MLZ<\/td>\n<td align=\"LEFT\"><a href=\"http:\/\/www.heimatverein-suedlohn.de\/media\/pressearchiv_repros\/2015\/Dienstag_24Februar_2015.pdf\" target=\"_blank\" rel=\"noopener\">Caritas verkauft Voltigierhalle<\/a><\/td>\n<\/tr>\n<tr>\n<td align=\"LEFT\" height=\"26\">10.04.2015<\/td>\n<td align=\"LEFT\">\u00a0MLZ<\/td>\n<td align=\"LEFT\"><a href=\"http:\/\/www.heimatverein-suedlohn.de\/media\/pressearchiv_repros\/2015\/Freitag_10April_2015.pdf\" target=\"_blank\" rel=\"noopener\">Tagesraum und Sinnesgarten<\/a><\/td>\n<\/tr>\n<tr>\n<td align=\"LEFT\" height=\"26\">23.05.2015<\/td>\n<td align=\"LEFT\">\u00a0MLZ<\/td>\n<td align=\"LEFT\"><a href=\"http:\/\/www.heimatverein-suedlohn.de\/media\/pressearchiv_repros\/2015\/2015_05_23.pdf\" target=\"_blank\" rel=\"noopener\">Alles dreht sich um die M\u00fchle<\/a><\/td>\n<\/tr>\n<tr>\n<td align=\"LEFT\" height=\"26\">26.05.2015<\/td>\n<td align=\"LEFT\">\u00a0MLZ<\/td>\n<td align=\"LEFT\"><a href=\"http:\/\/www.heimatverein-suedlohn.de\/media\/pressearchiv_repros\/2015\/Dienstag_26Mai_2015.pdf\" target=\"_blank\" rel=\"noopener\">Lebendiges M\u00fchlenerlebniss<\/a><\/td>\n<\/tr>\n<tr>\n<td align=\"LEFT\" height=\"26\">25.07.2015<\/td>\n<td align=\"LEFT\">\u00a0MLZ<\/td>\n<td align=\"LEFT\"><a href=\"http:\/\/www.heimatverein-suedlohn.de\/media\/pressearchiv_repros\/2015\/Samstag_25Juli_2015.pdf\" target=\"_blank\" rel=\"noopener\">Teures Becken alternativlos<\/a><\/td>\n<\/tr>\n<tr>\n<td align=\"LEFT\" height=\"26\">20.08.2015<\/td>\n<td align=\"LEFT\">\u00a0MLZ<\/td>\n<td align=\"LEFT\"><a href=\"http:\/\/www.heimatverein-suedlohn.de\/media\/pressearchiv_repros\/2015\/Donnerstag_20August_2015.pdf\" target=\"_blank\" rel=\"noopener\">Jakobi-Halle wird Notunterkunft<\/a><\/td>\n<\/tr>\n<tr>\n<td align=\"LEFT\" height=\"26\">21.08.2015<\/td>\n<td align=\"LEFT\">\u00a0MLZ<\/td>\n<td align=\"LEFT\"><a href=\"http:\/\/www.heimatverein-suedlohn.de\/media\/pressearchiv_repros\/2015\/Freitag_21August_2015.pdf\" target=\"_blank\" rel=\"noopener\">Eine gro\u00dfe Herausforderung<\/a><\/td>\n<\/tr>\n<tr>\n<td align=\"LEFT\" height=\"26\">27.08.2015<\/td>\n<td align=\"LEFT\">\u00a0MLZ<\/td>\n<td align=\"LEFT\"><a href=\"http:\/\/www.heimatverein-suedlohn.de\/media\/pressearchiv_repros\/2015\/Donnerstag_27August_2015.pdf\" target=\"_blank\" rel=\"noopener\">Am Ende wunderbar<\/a><\/td>\n<\/tr>\n<tr>\n<td align=\"LEFT\" height=\"26\">28.09.2015<\/td>\n<td align=\"LEFT\">\u00a0MLZ<\/td>\n<td align=\"LEFT\"><a href=\"http:\/\/www.heimatverein-suedlohn.de\/media\/pressearchiv_repros\/2015\/Montag_28September_2015.pdf\" target=\"_blank\" rel=\"noopener\">Standort S\u00fcdlohn erhalten<\/a><\/td>\n<\/tr>\n<tr>\n<td align=\"LEFT\" height=\"26\">15.10.2015<\/td>\n<td align=\"LEFT\">\u00a0MLZ<\/td>\n<td align=\"LEFT\"><a href=\"http:\/\/www.heimatverein-suedlohn.de\/media\/pressearchiv_repros\/2015\/Donnerstag_15Oktober_2015.pdf\" target=\"_blank\" rel=\"noopener\">G\u00fctesiegel f\u00fcr die M\u00fchle<\/a><\/td>\n<\/tr>\n<tr>\n<td align=\"LEFT\" height=\"26\">02.12.2015<\/td>\n<td align=\"LEFT\">\u00a0MLZ<\/td>\n<td align=\"LEFT\"><a href=\"http:\/\/www.heimatverein-suedlohn.de\/media\/pressearchiv_repros\/2015\/Mittwoch_2Dezember_2015.pdf\" target=\"_blank\" rel=\"noopener\">Automat aus der Wand gesprengt<\/a><\/td>\n<\/tr>\n<tr>\n<td align=\"LEFT\" height=\"26\">19.12.2015<\/td>\n<td align=\"LEFT\">\u00a0MLZ<\/td>\n<td align=\"LEFT\"><a href=\"http:\/\/www.heimatverein-suedlohn.de\/media\/pressearchiv_repros\/2015\/Samstag_19Dezember_2015.pdf\" target=\"_blank\" rel=\"noopener\">Ein innovativer Vorreiter<\/a><\/td>\n<\/tr>\n<tr>\n<td align=\"LEFT\" height=\"26\"><\/td>\n<td align=\"LEFT\"><\/td>\n<td align=\"LEFT\"><\/td>\n<\/tr>\n<tr>\n<td colspan=\"3\" align=\"LEFT\" height=\"26\">MLZ\u00a0 &#8211; M\u00fcnsterland Zeitung<br \/>\nBZ\u00a0\u00a0 &#8211; Borkener Zeitung<br \/>\nRN\u00a0\u00a0 &#8211; Ruhr &#8211; Nachrichten<br \/>\nK+L\u00a0 &#8211; Kirche und Leben<\/td>\n<\/tr>\n<\/tbody>\n<\/table>\n<\/div><\/section>\n","protected":false},"excerpt":{"rendered":"","protected":false},"author":1,"featured_media":0,"parent":455,"menu_order":1,"comment_status":"closed","ping_status":"closed","template":"","meta":{"footnotes":""},"class_list":["post-434","page","type-page","status-publish","hentry"],"_links":{"self":[{"href":"https:\/\/www.heimatverein-suedlohn.de\/index.php\/wp-json\/wp\/v2\/pages\/434","targetHints":{"allow":["GET"]}}],"collection":[{"href":"https:\/\/www.heimatverein-suedlohn.de\/index.php\/wp-json\/wp\/v2\/pages"}],"about":[{"href":"https:\/\/www.heimatverein-suedlohn.de\/index.php\/wp-json\/wp\/v2\/types\/page"}],"author":[{"embeddable":true,"href":"https:\/\/www.heimatverein-suedlohn.de\/index.php\/wp-json\/wp\/v2\/users\/1"}],"replies":[{"embeddable":true,"href":"https:\/\/www.heimatverein-suedlohn.de\/index.php\/wp-json\/wp\/v2\/comments?post=434"}],"version-history":[{"count":4,"href":"https:\/\/www.heimatverein-suedlohn.de\/index.php\/wp-json\/wp\/v2\/pages\/434\/revisions"}],"predecessor-version":[{"id":7614,"href":"https:\/\/www.heimatverein-suedlohn.de\/index.php\/wp-json\/wp\/v2\/pages\/434\/revisions\/7614"}],"up":[{"embeddable":true,"href":"https:\/\/www.heimatverein-suedlohn.de\/index.php\/wp-json\/wp\/v2\/pages\/455"}],"wp:attachment":[{"href":"https:\/\/www.heimatverein-suedlohn.de\/index.php\/wp-json\/wp\/v2\/media?parent=434"}],"curies":[{"name":"wp","href":"https:\/\/api.w.org\/{rel}","templated":true}]}}