{"id":402,"date":"2016-05-24T11:22:34","date_gmt":"2016-05-24T09:22:34","guid":{"rendered":"http:\/\/www.heimatverein-suedlohn.de\/neu2016\/?page_id=402"},"modified":"2016-05-24T11:25:34","modified_gmt":"2016-05-24T09:25:34","slug":"projekt-internet","status":"publish","type":"page","link":"https:\/\/www.heimatverein-suedlohn.de\/index.php\/aktuelles-termine\/heimatverein-suedlohn-e-v\/projekt-internet\/","title":{"rendered":"Projekt Internet"},"content":{"rendered":"<section  class='av_textblock_section av-av_textblock-0366cc7376be6c9e82a3e9cc8987b64f'  itemscope=\"itemscope\" itemtype=\"https:\/\/schema.org\/CreativeWork\" ><div class='avia_textblock'  itemprop=\"text\" ><h2>Projekt Internet<\/h2>\n<p><img loading=\"lazy\" decoding=\"async\" src=\"http:\/\/www.heimatverein-suedlohn.de\/media\/%C3%BCber%20s%C3%BCdlohn\/suedlohn_heute\/screenshot_hv.jpg\" alt=\"\" width=\"250\" height=\"206\" \/><\/p>\n<h6>Einstiegsseite Internetauftritt<\/h6>\n<div><b><span style=\"font-size: xx-large;\">\u00a0<\/span><\/b><\/div>\n<h3><span style=\"font-size: small;\">&#8222;Tradition hei\u00dft nicht, die Asche zu bewahren, sondern das Feuer weiterzureichen.&#8220;<\/span><\/h3>\n<h6><span style=\"font-size: small;\">Zitat eines unbekannten Verfassers<\/span><\/h6>\n<div><\/div>\n<div>Als vom Vorstand des Heimatvereins S\u00fcdlohn im M\u00e4rz 2011 der Beschluss gefasst wurde, einen Internetauftritt zu verwirklichen, war allen Beteiligten noch nicht klar, wie die Einzelheiten aussehen sollten. Vorhanden war der Wille zur Verwirklichung und daraus wachsend, sich nicht auf die Aktivit\u00e4ten des Vereins zu beschr\u00e4nken, sondern eine umfassende Darstellung der Gemeinde S\u00fcdlohn zu erstellen.<\/div>\n<div><\/div>\n<div>Dabei war auch klar, dass wir keine wissenschaftliche Arbeit liefern, sondern uns ganz bewusst auf Informationen beschr\u00e4nken, die wir f\u00fcr S\u00fcdlohner und an S\u00fcdlohn Interessierte im Medium Internet bereitstellen. Dieses Medium zur Wissensvermittlung und ein Verein, f\u00fcr den Geschichte und Tradition pr\u00e4gend sind, gehen eine harmonische Verbindung ein.<\/div>\n<table style=\"width: 499px; height: 248px;\" border=\"0\" cellspacing=\"0\" cellpadding=\"0\">\n<tbody>\n<tr>\n<td width=\"144\"><\/td>\n<td width=\"18\"><\/td>\n<td width=\"140\"><\/td>\n<td width=\"24\"><\/td>\n<td width=\"281\"><\/td>\n<\/tr>\n<tr>\n<td width=\"144\"><img loading=\"lazy\" decoding=\"async\" src=\"http:\/\/www.heimatverein-suedlohn.de\/media\/ueber_suedlohn\/vorstand\/BucksFranzJosef.jpg\" alt=\"\" width=\"114\" height=\"150\" \/><\/td>\n<td width=\"18\"><\/td>\n<td width=\"140\"><img loading=\"lazy\" decoding=\"async\" src=\"http:\/\/www.heimatverein-suedlohn.de\/media\/ueber_suedlohn\/vorstand\/EmmerichHeinrich.jpg\" alt=\"\" width=\"114\" height=\"150\" \/><\/td>\n<td width=\"24\"><\/td>\n<td width=\"281\"><img loading=\"lazy\" decoding=\"async\" src=\"http:\/\/www.heimatverein-suedlohn.de\/media\/ueber_suedlohn\/vorstand\/BennemannErnst.jpg\" alt=\"\" width=\"114\" height=\"150\" \/><\/td>\n<\/tr>\n<tr>\n<td width=\"144\">\n<div>Franz-Josef Bucks<\/div>\n<div>1. Vorsitzender<\/div>\n<\/td>\n<td width=\"18\"><\/td>\n<td width=\"140\">\n<div>Helmuth Emmerich<\/div>\n<div>Schriftf\u00fchrer<\/div>\n<\/td>\n<td width=\"24\"><\/td>\n<td width=\"281\">\n<div>Ernst Bennemann<\/div>\n<div>Projektleiter<\/div>\n<\/td>\n<\/tr>\n<\/tbody>\n<\/table>\n<p>Ernst Bennemann ist unvoreingenommen an die Arbeit gegangen: Ein Konzept erstellen, Informationen zusammentragen, Bilder sammeln und organisieren, Archive durchst\u00f6bern, sichten und ordnen, Texte erstellen, R\u00fccksprachen nehmen und vieles mehr. Franz-Josef Bucks und Helmuth Emmerich begleiteten die Arbeit und brachten ihr Wissen mit ein.<\/p>\n<p>Im ersten Schritt wurden 822 Bilder und Abbildungen und 567 Originaldokumente ausgew\u00e4hlt.<\/p>\n<p>Stolze 806 Seiten von 1887 bis in die Neuzeit wurden f\u00fcr das Pressearchiv vorbereitet.<\/p>\n<div>Aber das ergab noch keinen Internetauftritt. Wir wollten ein modernes, zeitloses Erscheinungsbild \u2013 ohne Schn\u00f6rkel und Spielereien, klar gegliedert in einer \u00fcbersichtlichen Navigationsstruktur. Hier hat sich Dirk Kippert eingebracht, der als Experte f\u00fcr Design, Gestaltung und Programmierung die W\u00fcnsche professionell umgesetzt hat.<\/div>\n<div><\/div>\n<div><\/div>\n<div><img loading=\"lazy\" decoding=\"async\" src=\"http:\/\/www.heimatverein-suedlohn.de\/media\/%C3%BCber%20s%C3%BCdlohn\/suedlohn_heute\/foto2.jpg\" alt=\"\" width=\"163\" height=\"191\" \/><\/div>\n<div>Dirk Kippert<\/div>\n<div>Inhaber der KipKom Werbeagentur<\/div>\n<div><\/div>\n<div>Wir glauben, dass wir mit unserem Engagement erheblich dazu beitragen k\u00f6nnen, die kulturelle Vielfalt unserer Gemeinde in zeitgem\u00e4\u00dfer Form so zu pr\u00e4sentieren, dass das Bewusstsein f\u00fcr diese wertvollen Dinge nicht nur erhalten bleibt, sondern dar\u00fcber hinaus Interessen geweckt werden.<\/div>\n<div><\/div>\n<h3>Einladung zum 09.09.2011<\/h3>\n<div><\/div>\n<div><a href=\"http:\/\/www.heimatverein-suedlohn.de\/media\/aktuelles\/internet\/einladung_hv.pdf\" target=\"_blank\"><img loading=\"lazy\" decoding=\"async\" src=\"http:\/\/www.heimatverein-suedlohn.de\/media\/aktuelles\/internet\/einladung1.jpg\" alt=\"\" width=\"144\" height=\"204\" \/> <img loading=\"lazy\" decoding=\"async\" src=\"http:\/\/www.heimatverein-suedlohn.de\/media\/aktuelles\/internet\/einladugn2.jpg\" alt=\"\" width=\"284\" height=\"199\" \/><\/a><\/div>\n<h2><a href=\"http:\/\/www.heimatverein-suedlohn.de\/media\/aktuelles\/internet\/einladung_hv.pdf\" target=\"_blank\">EINLADUNG\u00a0&#8211; DOWNLOAD<\/a>\u00a0<img loading=\"lazy\" decoding=\"async\" src=\"http:\/\/www.heimatverein-suedlohn.de\/media\/pdficon.gif\" alt=\"\" width=\"30\" height=\"28\" \/><\/h2>\n<hr \/>\n<h3>Flyer<\/h3>\n<p><a href=\"http:\/\/www.heimatverein-suedlohn.de\/media\/aktuelles\/internet\/flyer_hv.pdf\" target=\"_blank\"><img loading=\"lazy\" decoding=\"async\" src=\"http:\/\/www.heimatverein-suedlohn.de\/media\/aktuelles\/internet\/flyer_1.jpg\" alt=\"\" width=\"224\" height=\"160\" \/> <img loading=\"lazy\" decoding=\"async\" src=\"http:\/\/www.heimatverein-suedlohn.de\/media\/aktuelles\/internet\/flyer2.jpg\" alt=\"\" width=\"222\" height=\"160\" \/><br \/>\n<\/a><\/p>\n<h2><a href=\"http:\/\/www.heimatverein-suedlohn.de\/media\/aktuelles\/internet\/flyer_hv.pdf\" target=\"_blank\">FLYER\u00a0DOWNLOAD<\/a>\u00a0<img loading=\"lazy\" decoding=\"async\" src=\"http:\/\/www.heimatverein-suedlohn.de\/media\/pdficon.gif\" alt=\"\" width=\"30\" height=\"28\" \/><\/h2>\n<hr \/>\n<table style=\"width: 585px; height: 337px;\" border=\"0\" cellspacing=\"0\" cellpadding=\"0\">\n<tbody>\n<tr>\n<td width=\"96\"><a href=\"http:\/\/www.heimatverein-suedlohn.de\/media\/pressearchiv_repros\/20110730.pdf\" target=\"_blank\"><img loading=\"lazy\" decoding=\"async\" class=\"alignleft\" src=\"http:\/\/www.heimatverein-suedlohn.de\/media\/ueber_suedlohn\/diverse\/20110730.jpg\" alt=\"\" width=\"94\" height=\"150\" \/><\/a><\/td>\n<td width=\"118\"><a href=\"http:\/\/www.heimatverein-suedlohn.de\/media\/pressearchiv\/20110903.pdf\" target=\"_blank\">Zeitungsbeleg 30.07.2011 Heimat zeitgem\u00e4\u00df zeigen<\/a><\/td>\n<td width=\"11\"><\/td>\n<td width=\"103\"><a href=\"http:\/\/www.heimatverein-suedlohn.de\/media\/pressearchiv\/20110903.pdf\" target=\"_blank\"><img loading=\"lazy\" decoding=\"async\" class=\"alignleft\" src=\"http:\/\/www.heimatverein-suedlohn.de\/media\/ueber_suedlohn\/diverse\/20110903.jpg\" alt=\"\" width=\"94\" height=\"150\" \/><\/a><\/td>\n<td width=\"128\"><a href=\"http:\/\/www.heimatverein-suedlohn.de\/media\/pressearchiv\/20110903.pdf\" target=\"_blank\">Zeitungsbeleg 03.09.2011 Heimatverein will Homepage vorstellen<\/a><\/td>\n<\/tr>\n<tr>\n<td width=\"96\"><\/td>\n<td width=\"118\"><\/td>\n<td width=\"11\"><\/td>\n<td width=\"103\"><\/td>\n<td width=\"128\"><\/td>\n<\/tr>\n<tr>\n<td width=\"96\"><a href=\"http:\/\/www.heimatverein-suedlohn.de\/media\/pressearchiv\/20110913.pdf\" target=\"_blank\"><img loading=\"lazy\" decoding=\"async\" class=\"alignleft\" src=\"http:\/\/www.heimatverein-suedlohn.de\/media\/ueber_suedlohn\/diverse\/20110913.jpg\" alt=\"\" width=\"92\" height=\"150\" \/><\/a><\/td>\n<td width=\"118\"><a href=\"http:\/\/www.heimatverein-suedlohn.de\/media\/pressearchiv\/20110913.pdf\" target=\"_blank\">Zeitungsbeleg 13.09.2011 Wiegbold geht ins Netz<\/a><\/td>\n<td width=\"11\"><\/td>\n<td width=\"103\"><a href=\"http:\/\/www.heimatverein-suedlohn.de\/media\/pressearchiv\/20110924.pdf\" target=\"_blank\"><img loading=\"lazy\" decoding=\"async\" class=\"alignleft\" src=\"http:\/\/www.heimatverein-suedlohn.de\/media\/ueber_suedlohn\/diverse\/20110924.jpg\" alt=\"\" width=\"62\" height=\"150\" \/><\/a><\/td>\n<td width=\"128\"><a href=\"http:\/\/www.heimatverein-suedlohn.de\/media\/pressearchiv\/20110924.pdf\" target=\"_blank\">Zeitungsbeleg 24.09.2011 Neue Internetseite kommt gut an<\/a><\/td>\n<\/tr>\n<\/tbody>\n<\/table>\n<\/div><\/section>\n","protected":false},"excerpt":{"rendered":"","protected":false},"author":1,"featured_media":0,"parent":372,"menu_order":6,"comment_status":"closed","ping_status":"closed","template":"","meta":{"footnotes":""},"class_list":["post-402","page","type-page","status-publish","hentry"],"_links":{"self":[{"href":"https:\/\/www.heimatverein-suedlohn.de\/index.php\/wp-json\/wp\/v2\/pages\/402","targetHints":{"allow":["GET"]}}],"collection":[{"href":"https:\/\/www.heimatverein-suedlohn.de\/index.php\/wp-json\/wp\/v2\/pages"}],"about":[{"href":"https:\/\/www.heimatverein-suedlohn.de\/index.php\/wp-json\/wp\/v2\/types\/page"}],"author":[{"embeddable":true,"href":"https:\/\/www.heimatverein-suedlohn.de\/index.php\/wp-json\/wp\/v2\/users\/1"}],"replies":[{"embeddable":true,"href":"https:\/\/www.heimatverein-suedlohn.de\/index.php\/wp-json\/wp\/v2\/comments?post=402"}],"version-history":[{"count":7,"href":"https:\/\/www.heimatverein-suedlohn.de\/index.php\/wp-json\/wp\/v2\/pages\/402\/revisions"}],"predecessor-version":[{"id":7572,"href":"https:\/\/www.heimatverein-suedlohn.de\/index.php\/wp-json\/wp\/v2\/pages\/402\/revisions\/7572"}],"up":[{"embeddable":true,"href":"https:\/\/www.heimatverein-suedlohn.de\/index.php\/wp-json\/wp\/v2\/pages\/372"}],"wp:attachment":[{"href":"https:\/\/www.heimatverein-suedlohn.de\/index.php\/wp-json\/wp\/v2\/media?parent=402"}],"curies":[{"name":"wp","href":"https:\/\/api.w.org\/{rel}","templated":true}]}}