{"id":395,"date":"2016-05-24T11:10:52","date_gmt":"2016-05-24T09:10:52","guid":{"rendered":"http:\/\/www.heimatverein-suedlohn.de\/neu2016\/?page_id=395"},"modified":"2016-05-24T11:20:43","modified_gmt":"2016-05-24T09:20:43","slug":"film-775-jahre-suedlohn","status":"publish","type":"page","link":"https:\/\/www.heimatverein-suedlohn.de\/index.php\/aktuelles-termine\/heimatverein-suedlohn-e-v\/film-775-jahre-suedlohn\/","title":{"rendered":"Film 775 Jahre S\u00fcdlohn"},"content":{"rendered":"<section  class='av_textblock_section av-av_textblock-0366cc7376be6c9e82a3e9cc8987b64f'  itemscope=\"itemscope\" itemtype=\"https:\/\/schema.org\/CreativeWork\" ><div class='avia_textblock'  itemprop=\"text\" ><h2>Film 775 Jahre S\u00fcdlohn &#8211; ein Gang durch die Geschichte<\/h2>\n<div><b><img loading=\"lazy\" decoding=\"async\" src=\"http:\/\/www.heimatverein-suedlohn.de\/media\/aktuelles\/filmfotos\/titel.jpg\" alt=\"\" width=\"600\" height=\"187\" \/><br \/>\n<\/b><\/div>\n<div>Bau von Wall und Graben im Jahre 1597<\/div>\n<div><\/div>\n<div style=\"text-align: justify;\"><b>Gl\u00fcckwunsch, S\u00fcdlohn<\/b> \u2013 so lautet die Schlagzeile der Borkener Zeitung vom 22. Mai 2006 anl\u00e4sslich des Doppeljubil\u00e4ums 775 Jahre Kirchengemeinde St. Vitus und der politischen Gemeinde S\u00fcdlohn. Grund genug, etwas ganz Besonderes zu gestalten. Ein Filmprojekt sollte die Geschichte der Gemeinde aufzeichnen. Kein leichtes Unterfangen. Bis ins kleinste Detail sollte der Film ausgestattet sein. Viele helfende H\u00e4nde wurden gebraucht. Auf dem Hof des damaligen Vorsitzenden Hof Hubert D\u00f6bbelt\u00a0wurde Wall und Graben erstellt. Baumst\u00e4mme wurden als angespitzte Pf\u00e4hle in den Boden gerammt. Requisiten mussten beschafft werden usw. usw.\u00a0Doch der Reihe nach:<\/div>\n<div style=\"text-align: justify;\">\n<div style=\"text-align: justify;\">\n<div>\n<div style=\"text-align: justify;\">\n<p><a title=\"Helmuth Emmerich\" href=\"http:\/\/www.heimatverein-suedlohn.de\/media\/ueber_suedlohn\/vorstand\/EmmerichHeinrichgr.jpg\"><img loading=\"lazy\" decoding=\"async\" class=\"alignleft\" src=\"http:\/\/www.heimatverein-suedlohn.de\/media\/ueber_suedlohn\/vorstand\/EmmerichHeinrich.jpg\" alt=\"\" width=\"114\" height=\"150\" align=\"left\" hspace=\"20\" vspace=\"20\" \/><\/a><\/p>\n<\/div>\n<\/div>\n<\/div>\n<\/div>\n<div><\/div>\n<div style=\"text-align: justify;\">Man braucht eine <b>Idee.<\/b> Die hatte Helmuth Emmerich, Schriftf\u00fchrer des Heimatvereins S\u00fcdlohn. Man braucht einen <b>Text f\u00fcr die Schauspieler und auch ein Drehbuch.<\/b> Das hatte ebenfalls Helmuth Emmerich, der sich aufgrund seiner kulturellen und kirchengeschichtlichen Kenntnisse und seines Wissens \u00fcber S\u00fcdlohn und Umgebung in das Drehbuch \u201ereindenken\u201c konnte und es verstand, die Texte zu formulieren.<\/div>\n<div style=\"text-align: justify;\">Man braucht eine <b>Pers\u00f6nlichkeit, die<\/b> <b>mitgestaltet, motiviert, organisiert<\/b> und den Willen hat, so ein Projekt zum Erfolg zu f\u00fchren. Die hat Helmuth Emmerich in Doris Bennemann gefunden, Rektorin der Roncalli-Schule S\u00fcdlohn. Doris Bennemann brachte alle Voraussetzungen mit und hatte bereits Erfahrung gesammelt in ihrer Heimatgemeinde Brilon mit der Leitung von Theaterauff\u00fchrungen.<\/div>\n<div style=\"text-align: justify;\">\n<hr \/>\n<\/div>\n<div style=\"text-align: justify;\"><\/div>\n<div style=\"text-align: justify;\"><a title=\"Helmuth Emmerich und Doris Bennemann w\u00e4hrend einer Drehpause\" href=\"http:\/\/www.heimatverein-suedlohn.de\/media\/aktuelles\/filmfotos\/bild2gr.jpg\"><img loading=\"lazy\" decoding=\"async\" class=\"alignleft\" src=\"http:\/\/www.heimatverein-suedlohn.de\/media\/aktuelles\/filmfotos\/bild2.jpg\" alt=\"\" width=\"222\" height=\"150\" align=\"left\" hspace=\"20\" vspace=\"20\" \/><\/a><\/div>\n<h3>Helmuth Emmerich und Doris Bennemann w\u00e4hrend einer Drehpause<\/h3>\n<div>Man braucht <b>Schauspieler<\/b>. Da die Roncalli \u2013 Schule \u00fcber keine Theatergruppe verf\u00fcgte, mussten 50 Sch\u00fclerinnen und Sch\u00fcler gefunden werden, die bereit waren, viele Stunden ihrer Freizeit einzusetzen um Texte auswendig zu lernen und zu proben. Das war f\u00fcr die Beteiligten nicht einfach, da die Sprache sich im Laufe der Jahrhunderte gewandelt hat und viele Begriffe den Sch\u00fclern fremd waren.<\/div>\n<div>Man braucht<b> Lehrer<\/b>, die ebenfalls bereit sind ihre Freizeit einzusetzen, um mit den Sch\u00fclern zu \u00fcben. Anneliese Steinmetz, Ursula Uepping, Hedwig Upgang, Franz-Josef Watermann, Berna Wehning und stellten sich zur Verf\u00fcgung.<\/div>\n<div>Man braucht eine professionelle<b> Trainerin<\/b>, die mit den Sch\u00fclerinnen und Sch\u00fclern die historischen Szenen ein\u00fcbt.<\/div>\n<div>Man braucht viele <b>Requisiten. <\/b>50 Paar Holzschuhe zu besorgen, war in S\u00fcdlohn kein Problem. Die Kost\u00fcme wurden von Frauen des Heimatvereins erstellt und bei einem Kost\u00fcmverleih in Borghorst organisiert. Einzelne Szenen wurden gedreht auf der historischen\u00a0Hofanlage am Hamaland \u2013 Muesum in Vreden. Das Gel\u00e4nde f\u00fcr Wall und Graben wurde auf dem Hof D\u00f6bbelt nachgestellt. Bauernbrot wurde von B\u00e4ckermeister Franz-Josef Bucks gebacken. Holzteller und Holzl\u00f6ffel von Johann Heming gedrechselt usw. usw.<\/div>\n<div><\/div>\n<div>Man brauchte S\u00fcdlohner B\u00fcrger, die als <b>Gespr\u00e4chspartner<\/b> mitwirken. Hier sei genannt Pastor Stefan Scho, B\u00fcrgermeister Georg Beckmann, die Familie Nagel, als Zeitzeugen Bernhard Kr\u00fcchting und Bertha Tenbrake.<\/div>\n<div>Man braucht viele <b>helfende H\u00e4nde <\/b>im Hintergrund f\u00fcr Bek\u00f6stigung, Bewirtung, Fahrdienste, unterst\u00fctzende T\u00e4tigkeiten bei den Bauma\u00dfnahmen usw. usw. Bernhard Volmer, Hermann Gehling, Franz Fischer, Bernhard und Anni Pasing, Christel Bucks, Ulrich Steinmetz seien stellvertretend genannt.<\/div>\n<div><\/div>\n<div>Und wenn man alles hat, hat man noch keinen Film. Unsere <b>Filmemacherin<\/b> war Frau Elisabeth Sch\u00f6ning von der Firma Kortbus aus Gescher, die mit viel Sachverstand und Einf\u00fchlungsverm\u00f6gen die Dreharbeiten durchgef\u00fchrt hat.<\/div>\n<div><\/div>\n<div><\/div>\n<div><b><a title=\"Filmcover 775 Jahre S\u00fcdlohn\" href=\"http:\/\/www.heimatverein-suedlohn.de\/media\/ueber_suedlohn\/wiegbold\/cover775gr.jpg\"><img loading=\"lazy\" decoding=\"async\" src=\"http:\/\/www.heimatverein-suedlohn.de\/media\/ueber_suedlohn\/wiegbold\/cover775.jpg\" alt=\"\" width=\"151\" height=\"150\" \/><\/a><br \/>\n<\/b><\/div>\n<div><b>Abb. Filmcover<br \/>\n<\/b><\/div>\n<div><\/div>\n<div><\/div>\n<div><\/div>\n<div><\/div>\n<\/div><\/section>\n\n<style type=\"text\/css\" data-created_by=\"avia_inline_auto\" id=\"style-css-av-av_four_fifth-9497bbf8bff73ea4c6992cc17fa9ec36\">\n.flex_column.av-av_four_fifth-9497bbf8bff73ea4c6992cc17fa9ec36{\n-webkit-border-radius:0px 0px 0px 0px;\n-moz-border-radius:0px 0px 0px 0px;\nborder-radius:0px 0px 0px 0px;\npadding:0px 0px 0px 0px;\n}\n<\/style>\n<div class='flex_column av-av_four_fifth-9497bbf8bff73ea4c6992cc17fa9ec36 av_four_fifth  avia-builder-el-1  el_after_av_textblock  el_before_av_one_fifth  first flex_column_div av-zero-column-padding column-top-margin'     ><div  class='avia-video av-av_video-ffedd14f6046ef3862004e5e49b82677 avia-video-16-9 av-no-preview-image avia-video-load-always av-lazyload-immediate av-lazyload-video-embed'  itemprop=\"video\" itemtype=\"https:\/\/schema.org\/VideoObject\"  data-original_url='https:\/\/www.youtube.com\/watch?v=cvbZ8iwRHhs'><script type='text\/html' class='av-video-tmpl'><div class='avia-iframe-wrap'><iframe loading=\"lazy\" width=\"1333\" height=\"1000\" src=\"https:\/\/www.youtube.com\/embed\/cvbZ8iwRHhs?feature=oembed&autoplay=0&loop=0&controls=1&mute=0\" frameborder=\"0\" allowfullscreen><\/iframe><\/div><\/script><div class='av-click-to-play-overlay'><div class=\"avia_playpause_icon\"><\/div><\/div><\/div><\/div>\n\n<style type=\"text\/css\" data-created_by=\"avia_inline_auto\" id=\"style-css-av-av_one_fifth-9c1d454dc06f7247226bc4e8f931daae\">\n.flex_column.av-av_one_fifth-9c1d454dc06f7247226bc4e8f931daae{\n-webkit-border-radius:0px 0px 0px 0px;\n-moz-border-radius:0px 0px 0px 0px;\nborder-radius:0px 0px 0px 0px;\npadding:0px 0px 0px 0px;\n}\n<\/style>\n<div class='flex_column av-av_one_fifth-9c1d454dc06f7247226bc4e8f931daae av_one_fifth  avia-builder-el-3  el_after_av_four_fifth  el_before_av_textblock  flex_column_div av-zero-column-padding column-top-margin'     ><section  class='av_textblock_section av-av_textblock-0366cc7376be6c9e82a3e9cc8987b64f'  itemscope=\"itemscope\" itemtype=\"https:\/\/schema.org\/CreativeWork\" ><div class='avia_textblock'  itemprop=\"text\" ><p>Hier eine beispielhafte Filmszene vom Wall- und Grabenbau<\/p>\n<\/div><\/section><\/div>\n<section  class='av_textblock_section av-av_textblock-0366cc7376be6c9e82a3e9cc8987b64f'  itemscope=\"itemscope\" itemtype=\"https:\/\/schema.org\/CreativeWork\" ><div class='avia_textblock'  itemprop=\"text\" ><div><\/div>\n<div><\/div>\n<div><a href=\"http:\/\/www.heimatverein-suedlohn.de\/media\/pdfs\/bestellformular_neu.pdf\" target=\"_blank\"><b><u>Hier<\/u><\/b> <\/a>kommen Sie zum Bestellformular der DVD \u201e775 Jahre S\u00fcdlohn\u201c<\/div>\n<\/div><\/section>\n<section  class='av_textblock_section av-av_textblock-0366cc7376be6c9e82a3e9cc8987b64f'  itemscope=\"itemscope\" itemtype=\"https:\/\/schema.org\/CreativeWork\" ><div class='avia_textblock'  itemprop=\"text\" ><div>\n<hr \/>\n<p><b>Impressionen w\u00e4hrend der Dreharbeiten:<\/b><\/p>\n<\/div>\n<div><\/div>\n<div><\/div>\n<div>\n<table border=\"0\" width=\"776\" cellspacing=\"0\" cellpadding=\"0\">\n<tbody>\n<tr>\n<td valign=\"top\" width=\"200\"><a title=\"Gruppenbild der beteiligten Schauspieler und Schauspielerinnen. \" href=\"http:\/\/www.heimatverein-suedlohn.de\/media\/aktuelles\/filmfotos\/bild3gr.jpg\"><img loading=\"lazy\" decoding=\"async\" src=\"http:\/\/www.heimatverein-suedlohn.de\/media\/aktuelles\/filmfotos\/bild3.jpg\" alt=\"\" width=\"228\" height=\"150\" \/><\/a><\/td>\n<td align=\"center\" valign=\"top\" width=\"45\"><\/td>\n<td valign=\"top\" width=\"523\">Gruppenbild der beteiligten Schauspieler und Schauspielerinnen.<\/td>\n<\/tr>\n<tr>\n<td valign=\"top\" width=\"200\"><\/td>\n<td align=\"center\" valign=\"top\" width=\"45\"><\/td>\n<td align=\"center\" valign=\"top\" width=\"523\"><\/td>\n<\/tr>\n<tr>\n<td valign=\"top\" width=\"200\"><a title=\"Vor Ort aktiv \u2013 von links nach rechts: Hubert D\u00f6bbelt, Bernhard Volmer, Bernhard Pasing, Johann Heming, Anni Pasing, Franz Fischer, Doris Bennemann, Helmuth Emmerich, Franz-Josef Bucks, Elisabeth Sch\u00f6ning, Hermann Gehling.\" href=\"http:\/\/www.heimatverein-suedlohn.de\/media\/aktuelles\/filmfotos\/bild4gr.jpg\"><img loading=\"lazy\" decoding=\"async\" src=\"http:\/\/www.heimatverein-suedlohn.de\/media\/aktuelles\/filmfotos\/bild4.jpg\" alt=\"\" width=\"259\" height=\"150\" \/><\/a><\/td>\n<td align=\"center\" valign=\"top\" width=\"45\"><\/td>\n<td align=\"center\" valign=\"top\" width=\"523\">\n<div style=\"text-align: left;\">Vor Ort aktiv \u2013 von links nach rechts:<\/div>\n<div><\/div>\n<div style=\"text-align: left;\">Hubert D\u00f6bbelt, Bernhard Volmer, Bernhard Pasing, Johann Heming, Anni Pasing, Franz Fischer, Doris Bennemann, Helmuth Emmerich, Franz-Josef Bucks, Elisabeth Sch\u00f6ning, Hermann Gehling.<\/div>\n<\/td>\n<\/tr>\n<tr>\n<td valign=\"top\" width=\"200\"><\/td>\n<td valign=\"top\" width=\"45\"><\/td>\n<td valign=\"top\" width=\"523\"><\/td>\n<\/tr>\n<tr>\n<td valign=\"top\" width=\"200\"><a title=\"Das Mittagsmahl wird vorbereitet\" href=\"http:\/\/www.heimatverein-suedlohn.de\/media\/aktuelles\/filmfotos\/Bild5gr.jpg\"><img loading=\"lazy\" decoding=\"async\" src=\"http:\/\/www.heimatverein-suedlohn.de\/media\/aktuelles\/filmfotos\/Bild5.jpg\" alt=\"\" width=\"224\" height=\"150\" \/><\/a><\/td>\n<td valign=\"top\" width=\"45\"><\/td>\n<td valign=\"top\" width=\"523\">Das Mittagsmahl wird vorbereitet<\/td>\n<\/tr>\n<tr>\n<td valign=\"top\" width=\"200\"><\/td>\n<td valign=\"top\" width=\"45\"><\/td>\n<td align=\"center\" valign=\"top\" width=\"523\"><\/td>\n<\/tr>\n<tr>\n<td valign=\"top\" width=\"200\"><a title=\"Das Mittagsmahl wird eingenommen. Guten Appetit.\" href=\"http:\/\/www.heimatverein-suedlohn.de\/media\/aktuelles\/filmfotos\/Bild6gr.jpg\"><img loading=\"lazy\" decoding=\"async\" src=\"http:\/\/www.heimatverein-suedlohn.de\/media\/aktuelles\/filmfotos\/Bild6.jpg\" alt=\"\" width=\"224\" height=\"150\" \/><\/a><\/td>\n<td valign=\"top\" width=\"45\"><\/td>\n<td valign=\"top\" width=\"523\">Das Mittagsmahl wird eingenommen. Guten Appetit.<\/td>\n<\/tr>\n<tr>\n<td valign=\"top\" width=\"200\"><\/td>\n<td valign=\"top\" width=\"45\"><\/td>\n<td valign=\"top\" width=\"523\"><\/td>\n<\/tr>\n<tr>\n<td valign=\"top\" width=\"200\">\u00a0<a title=\"Gespannt erfahren die Bewohner S\u00fcdlohns die Nachricht von der Genehmigung der Abpfarrung, Szene aus der Anna \u2013 Kapelle. Im Hintergrund: Helmuth Emmerich, Franz-Josef Watermann, Berna Wehning.\" href=\"http:\/\/www.heimatverein-suedlohn.de\/media\/aktuelles\/filmfotos\/Bild7gr.jpg\"><img loading=\"lazy\" decoding=\"async\" src=\"http:\/\/www.heimatverein-suedlohn.de\/media\/aktuelles\/filmfotos\/Bild7.jpg\" alt=\"\" width=\"224\" height=\"150\" \/><\/a><\/td>\n<td valign=\"top\" width=\"45\"><\/td>\n<td valign=\"top\" width=\"523\">Gespannt erfahren die Bewohner S\u00fcdlohns die Nachricht von der Genehmigung der Abpfarrung, Szene aus der Anna \u2013 Kapelle.<\/td>\n<\/tr>\n<tr>\n<td valign=\"top\" width=\"200\"><\/td>\n<td valign=\"top\" width=\"45\"><\/td>\n<td align=\"center\" valign=\"top\" width=\"523\"><\/td>\n<\/tr>\n<tr>\n<td valign=\"top\" width=\"200\"><a title=\"Hedwig Upgang mit Chris Harmeling - als Johann Tremper, Inhaber Vikarie 1616 mit Christian Bock \u2013 als Pastor Gerhard B\u00f6ing 1616 mit Ann-Kathrin Reining \u2013 als Statistin\" href=\"http:\/\/www.heimatverein-suedlohn.de\/media\/aktuelles\/filmfotos\/Bild8gr.jpg\"><img loading=\"lazy\" decoding=\"async\" src=\"http:\/\/www.heimatverein-suedlohn.de\/media\/aktuelles\/filmfotos\/Bild8.jpg\" alt=\"\" width=\"220\" height=\"150\" \/><\/a><\/td>\n<td valign=\"top\" width=\"45\"><\/td>\n<td align=\"center\" valign=\"top\" width=\"523\">\n<div style=\"text-align: left;\">Hedwig Upgang mit den Schauspielern<\/div>\n<\/td>\n<\/tr>\n<tr>\n<td valign=\"top\" width=\"200\"><\/td>\n<td valign=\"top\" width=\"45\"><\/td>\n<td align=\"center\" valign=\"top\" width=\"523\"><\/td>\n<\/tr>\n<tr>\n<td valign=\"top\" width=\"200\"><a title=\"W\u00e4hrend der Drehpause nach dem Dorfrundgang \u2013 von links nach rechts stehend: Franz-Josef Bucks, Doris Bennemann, Hubert D\u00f6bbelt, Tobias Schmitz, Helmuth Emmerich, Christel Bucks, Viola Tegelkamp, Anni Pasing, Georg Beckmann. Knieend: Elisabeth Sch\u00f6ning, Dominik Bennink, Hanna Osterholt\" href=\"http:\/\/www.heimatverein-suedlohn.de\/media\/aktuelles\/filmfotos\/bild9gr.jpg\"><img loading=\"lazy\" decoding=\"async\" src=\"http:\/\/www.heimatverein-suedlohn.de\/media\/aktuelles\/filmfotos\/bild9.jpg\" alt=\"\" width=\"214\" height=\"150\" \/><\/a><\/td>\n<td valign=\"top\" width=\"45\"><\/td>\n<td valign=\"top\" width=\"523\">\n<div>W\u00e4hrend der Drehpause nach dem Dorfrundgang.<\/div>\n<div><\/div>\n<\/td>\n<\/tr>\n<tr>\n<td valign=\"top\" width=\"200\"><\/td>\n<td valign=\"top\" width=\"45\"><\/td>\n<td align=\"center\" valign=\"top\" width=\"523\"><\/td>\n<\/tr>\n<tr>\n<td valign=\"top\" width=\"200\"><a title=\"Fertigmachen zur Aufnahme \u2013 von links nach rechts: Elisabeth Sch\u00f6ning, Doris Bennemann, Berna Wehning, Franz-Josef Watermann, Ann-Kathrin Reining, Christian Bock, Chris Harmeling\" href=\"http:\/\/www.heimatverein-suedlohn.de\/media\/aktuelles\/filmfotos\/bild10gr.jpg\"><img loading=\"lazy\" decoding=\"async\" src=\"http:\/\/www.heimatverein-suedlohn.de\/media\/aktuelles\/filmfotos\/bild10.jpg\" alt=\"\" width=\"219\" height=\"150\" \/><\/a><\/td>\n<td valign=\"top\" width=\"45\"><\/td>\n<td valign=\"top\" width=\"523\">\n<div>Fertigmachen zur Aufnahme \u2013 von links nach rechts:<\/div>\n<div>Elisabeth Sch\u00f6ning, Doris Bennemann, Berna Wehning, Franz-Josef Watermann mit den Schauspielern.<\/div>\n<\/td>\n<\/tr>\n<tr>\n<td valign=\"top\" width=\"200\"><\/td>\n<td valign=\"top\" width=\"45\"><\/td>\n<td align=\"center\" valign=\"top\" width=\"523\"><\/td>\n<\/tr>\n<tr>\n<td valign=\"top\" width=\"200\"><a title=\"Der Gastwirt Josef Nagel erl\u00e4utert den Fund von Kanonenkugeln aus dem 30-j\u00e4hrigen Krieg (1718-1748), die beim Bau der Kegelbahn gefunden wurden. Die Kugeln befinden sich heute im Kaminzimmer des Gasthaus Nagels und in der Heimatstube. Von links: Hanna Osterholt, Viola Tegelkamp, Tobias Schmitz, Gastwirt Josef Nagel.\" href=\"http:\/\/www.heimatverein-suedlohn.de\/media\/aktuelles\/filmfotos\/bild11gr.jpg\"><img loading=\"lazy\" decoding=\"async\" src=\"http:\/\/www.heimatverein-suedlohn.de\/media\/aktuelles\/filmfotos\/bild11.jpg\" alt=\"\" width=\"219\" height=\"150\" \/><\/a><\/td>\n<td valign=\"top\" width=\"45\"><\/td>\n<td valign=\"top\" width=\"523\">\n<div>Der Gastwirt Josef Nagel erl\u00e4utert den Fund von Kanonenkugeln aus dem 30-j\u00e4hrigen Krieg (1718-1748), die beim Bau der Kegelbahn gefunden wurden. Die Kugeln befinden sich heute im Kaminzimmer des Gasthaus Nagels und in der Heimatstube.<\/div>\n<div><\/div>\n<\/td>\n<\/tr>\n<tr>\n<td valign=\"top\" width=\"200\"><\/td>\n<td valign=\"top\" width=\"45\"><\/td>\n<td valign=\"top\" width=\"523\"><\/td>\n<\/tr>\n<tr>\n<td valign=\"top\" width=\"200\"><a title=\"Zeitzeuge Bernhard Kr\u00fcchting, geboren 29.03.1917, verstorben 19.05.2010\" href=\"http:\/\/www.heimatverein-suedlohn.de\/media\/aktuelles\/filmfotos\/bild12gr.jpg\"><img loading=\"lazy\" decoding=\"async\" src=\"http:\/\/www.heimatverein-suedlohn.de\/media\/aktuelles\/filmfotos\/bild12.jpg\" alt=\"\" width=\"226\" height=\"150\" \/><\/a><\/td>\n<td valign=\"top\" width=\"45\"><\/td>\n<td valign=\"top\" width=\"523\">Zeitzeuge Bernhard Kr\u00fcchting,<\/p>\n<p>geboren 29.03.1917,<\/p>\n<p>gerstorben 19.05.2010<\/td>\n<\/tr>\n<tr>\n<td valign=\"top\" width=\"200\"><\/td>\n<td valign=\"top\" width=\"45\"><\/td>\n<td valign=\"top\" width=\"523\"><\/td>\n<\/tr>\n<tr>\n<td valign=\"top\" width=\"200\"><a title=\"Zeitzeugin Bertha Tenbrake, geboren\" href=\"http:\/\/www.heimatverein-suedlohn.de\/media\/ueber_suedlohn\/diverse\/terbrackgr.jpg\"><img loading=\"lazy\" decoding=\"async\" src=\"http:\/\/www.heimatverein-suedlohn.de\/media\/ueber_suedlohn\/diverse\/terbrack.jpg\" alt=\"\" width=\"105\" height=\"150\" \/><\/a><\/td>\n<td valign=\"top\" width=\"45\"><\/td>\n<td valign=\"top\" width=\"523\">Zeitzeugin Berta Tenbrake,<\/p>\n<p>geboren 18.04.1924<\/td>\n<\/tr>\n<tr>\n<td valign=\"top\" width=\"200\"><\/td>\n<td valign=\"top\" width=\"45\"><\/td>\n<td valign=\"top\" width=\"523\"><\/td>\n<\/tr>\n<tr>\n<td valign=\"top\" width=\"200\"><a title=\"Die j\u00fcngste Mitwirkende: Johanna Bennemann, geb. 13.07.2005\" href=\"http:\/\/www.heimatverein-suedlohn.de\/media\/aktuelles\/filmfotos\/bild13gr.jpg\"><img loading=\"lazy\" decoding=\"async\" src=\"http:\/\/www.heimatverein-suedlohn.de\/media\/aktuelles\/filmfotos\/bild13.jpg\" alt=\"\" width=\"150\" height=\"150\" \/><\/a><\/td>\n<td valign=\"top\" width=\"45\"><\/td>\n<td valign=\"top\" width=\"523\">Die j\u00fcngste Mitwirkende.<\/td>\n<\/tr>\n<tr>\n<td valign=\"top\" width=\"200\"><\/td>\n<td valign=\"top\" width=\"45\"><\/td>\n<td valign=\"top\" width=\"523\"><\/td>\n<\/tr>\n<\/tbody>\n<\/table>\n<\/div>\n<div>\u00a0<b><br \/>\n<\/b><\/div>\n<div>Die Presse berichtete ausf\u00fchrlich \u00fcber die Dokumentation in Form eines Filmes, der die Vergangenheit und Gegenwart der Gemeinde widerspiegelt. Auch auf kommunaler und kirchlicher Ebene findet der Film positive Beachtung.<\/div>\n<div><\/div>\n<div><b><br \/>\n<\/b><img loading=\"lazy\" decoding=\"async\" class=\"alignleft\" src=\"http:\/\/www.heimatverein-suedlohn.de\/media\/pdficon.gif\" alt=\"\" width=\"30\" height=\"28\" \/> Brief von Weihbischof <strong>Prof. Dr. Franz-Peter-van Elst<\/strong>, seit dem 28.11.2007 Bischof von Limburg &#8211; <a href=\"http:\/\/www.heimatverein-suedlohn.de\/media\/aktuelles\/filmfotos\/terbartz.pdf\" target=\"_blank\">DOWNLOAD <img loading=\"lazy\" decoding=\"async\" src=\"http:\/\/www.heimatverein-suedlohn.de\/media\/download.gif\" alt=\"\" width=\"22\" height=\"21\" \/><\/a><\/div>\n<div>\n<hr \/>\n<\/div>\n<div><\/div>\n<div><img loading=\"lazy\" decoding=\"async\" class=\"alignleft\" src=\"http:\/\/www.heimatverein-suedlohn.de\/media\/pdficon.gif\" alt=\"\" width=\"30\" height=\"28\" \/><\/div>\n<div>Brief von Weihbischof <b><u>Alfons Demming<\/u> &#8211;\u00a0<\/b><a href=\"http:\/\/www.heimatverein-suedlohn.de\/media\/aktuelles\/filmfotos\/demming.pdf\" target=\"_blank\">DOWNLOAD <img loading=\"lazy\" decoding=\"async\" src=\"http:\/\/www.heimatverein-suedlohn.de\/media\/download.gif\" alt=\"\" width=\"22\" height=\"21\" \/><\/a><\/div>\n<div>\n<hr \/>\n<\/div>\n<div><\/div>\n<div><\/div>\n<div><a href=\"http:\/\/www.heimatverein-suedlohn.de\/media\/pressearchiv_repros\/20060401.pdf\" target=\"_blank\"><b>Film ab<\/b><\/a><\/div>\n<div>M\u00fcnsterland Zeitung 01.04.2006<\/div>\n<div><\/div>\n<div><\/div>\n<div><a href=\"http:\/\/www.heimatverein-suedlohn.de\/media\/pressearchiv_repros\/20060517.pdf\" target=\"_blank\"><b>\u201eSuthlohn\u201c zu Leben erweckt<\/b><\/a><\/div>\n<div>M\u00fcnsterland Zeitung 17.05.2006<\/div>\n<div><\/div>\n<div><\/div>\n<div><a href=\"http:\/\/www.heimatverein-suedlohn.de\/media\/pressearchiv_repros\/20060522.pdf\" target=\"_blank\"><b>\u201e775 Jahre Suthlohn \u2013 ein Gang durch die Geschichte\u201c<\/b><\/a><\/div>\n<div>Borkener Zeitung 22.05.2006<\/div>\n<div><\/div>\n<div><\/div>\n<div><a href=\"http:\/\/www.heimatverein-suedlohn.de\/media\/pressearchiv_repros\/20060525.pdf\" target=\"_blank\"><b>Film begeistert Publikum<\/b><\/a><\/div>\n<div>M\u00fcnsterland Zeitung 25.05.2006<\/div>\n<\/div><\/section>\n","protected":false},"excerpt":{"rendered":"","protected":false},"author":1,"featured_media":0,"parent":372,"menu_order":5,"comment_status":"closed","ping_status":"closed","template":"","meta":{"footnotes":""},"class_list":["post-395","page","type-page","status-publish","hentry"],"_links":{"self":[{"href":"https:\/\/www.heimatverein-suedlohn.de\/index.php\/wp-json\/wp\/v2\/pages\/395","targetHints":{"allow":["GET"]}}],"collection":[{"href":"https:\/\/www.heimatverein-suedlohn.de\/index.php\/wp-json\/wp\/v2\/pages"}],"about":[{"href":"https:\/\/www.heimatverein-suedlohn.de\/index.php\/wp-json\/wp\/v2\/types\/page"}],"author":[{"embeddable":true,"href":"https:\/\/www.heimatverein-suedlohn.de\/index.php\/wp-json\/wp\/v2\/users\/1"}],"replies":[{"embeddable":true,"href":"https:\/\/www.heimatverein-suedlohn.de\/index.php\/wp-json\/wp\/v2\/comments?post=395"}],"version-history":[{"count":6,"href":"https:\/\/www.heimatverein-suedlohn.de\/index.php\/wp-json\/wp\/v2\/pages\/395\/revisions"}],"predecessor-version":[{"id":401,"href":"https:\/\/www.heimatverein-suedlohn.de\/index.php\/wp-json\/wp\/v2\/pages\/395\/revisions\/401"}],"up":[{"embeddable":true,"href":"https:\/\/www.heimatverein-suedlohn.de\/index.php\/wp-json\/wp\/v2\/pages\/372"}],"wp:attachment":[{"href":"https:\/\/www.heimatverein-suedlohn.de\/index.php\/wp-json\/wp\/v2\/media?parent=395"}],"curies":[{"name":"wp","href":"https:\/\/api.w.org\/{rel}","templated":true}]}}