{"id":385,"date":"2016-05-24T10:06:41","date_gmt":"2016-05-24T08:06:41","guid":{"rendered":"http:\/\/www.heimatverein-suedlohn.de\/neu2016\/?page_id=385"},"modified":"2019-05-05T15:45:43","modified_gmt":"2019-05-05T13:45:43","slug":"radtouren-ausflugsfahrten","status":"publish","type":"page","link":"https:\/\/www.heimatverein-suedlohn.de\/index.php\/aktuelles-termine\/heimatverein-suedlohn-e-v\/radtouren-ausflugsfahrten\/","title":{"rendered":"Radtouren \/ Ausflugsfahrten"},"content":{"rendered":"<section  class='av_textblock_section av-k27ix-500e2f9a44a5ca6e3098d6f35663c837'  itemscope=\"itemscope\" itemtype=\"https:\/\/schema.org\/CreativeWork\" ><div class='avia_textblock'  itemprop=\"text\" ><h2>Radtouren \/ Ausflugsfahrten<\/h2>\n<p><img loading=\"lazy\" decoding=\"async\" src=\"http:\/\/www.heimatverein-suedlohn.de\/media\/aktuelles\/radtouren.jpg\" alt=\"\" width=\"700\" height=\"210\" \/><\/p>\n<h6><b>\u00a0Radeln durch Wald und Flur<br \/>\n<\/b><\/h6>\n<div style=\"text-align: justify;\">Das westliche M\u00fcnsterland und der angrenzende Achterhoek in Holland sind wie geschaffen f\u00fcr Radtouren. Kaum eine andere Region bietet sich besser an f\u00fcr diese Art von Erlebnistouren. Verschlungene Wege, versteckte Bauernh\u00f6fe, eine von Feld und Wald gepr\u00e4gte intakte Naturlandschaft laden zu Erkundungsfahrten ein. In den <strong>Sommermonaten von Mai bis September <\/strong>unternimmt der Heimatverein mit einer gro\u00dfen Anzahl Interessierter diese Art von Tourismus. Es geht nicht nur ums Radeln durch unsere sch\u00f6ne Landschaft, jede Tour ist verbunden mit einer Einkehr, um in gem\u00fctlicher Runde die Erlebnisse zu verarbeiten. <strong>Die Termine der Radtouren werden im regionalen Teil\u00a0der\u00a0M\u00fcnsterland Zeitung (MLZ) bekanntgegeben. <\/strong><\/div>\n<\/div><\/section>\n\n<style type=\"text\/css\" data-created_by=\"avia_inline_auto\" id=\"style-css-av-dfp3t-4fd563ca1a9ff22c6fadb88fdccac332\">\n.flex_column.av-dfp3t-4fd563ca1a9ff22c6fadb88fdccac332{\n-webkit-border-radius:0px 0px 0px 0px;\n-moz-border-radius:0px 0px 0px 0px;\nborder-radius:0px 0px 0px 0px;\npadding:0px 0px 0px 0px;\n}\n<\/style>\n<div class='flex_column av-dfp3t-4fd563ca1a9ff22c6fadb88fdccac332 av_one_full  avia-builder-el-1  el_after_av_textblock  avia-builder-el-last  first flex_column_div av-zero-column-padding column-top-margin'     ><section  class='av_textblock_section av-82imp-6c541d6996420a1961f3f9cea2eaddaf'  itemscope=\"itemscope\" itemtype=\"https:\/\/schema.org\/CreativeWork\" ><div class='avia_textblock'  itemprop=\"text\" ><p>Nachfolgend einige Beschreibungen der Einkehrstationen und Tourenziele der letzten Jahre,<\/p>\n<div style=\"text-align: justify; margin-left: 0cm;\"><\/div>\n<div style=\"text-align: justify; margin-left: 0cm;\"><b>D\u00a0e\u00a0r\u00a0\u00a0\u00a0 W\u00a0e\u00a0g\u00a0\u00a0\u00a0 i\u00a0s\u00a0t\u00a0\u00a0\u00a0 d\u00a0a\u00a0s\u00a0\u00a0\u00a0 Z i e l\u00a0!<\/b><\/div>\n<table style=\"width: 560px; height: 605px;\" border=\"0\" cellspacing=\"0\" cellpadding=\"0\">\n<tbody>\n<tr>\n<td width=\"208\">\n<div style=\"text-align: justify;\"><a title=\"Der Weg ist das Ziel: Wann kommt die Pause?\" href=\"http:\/\/www.heimatverein-suedlohn.de\/media\/ueber_suedlohn\/radtouren\/15gr.jpg\"><img loading=\"lazy\" decoding=\"async\" src=\"http:\/\/www.heimatverein-suedlohn.de\/media\/ueber_suedlohn\/radtouren\/15.jpg\" alt=\"\" width=\"200\" height=\"150\" align=\"left\" hspace=\"10\" vspace=\"10\" \/><\/a><\/div>\n<\/td>\n<td width=\"24\"><\/td>\n<td width=\"320\">Der Weg ist das Ziel: Wann kommt die Pause?<\/td>\n<\/tr>\n<tr>\n<td width=\"208\"><\/td>\n<td width=\"24\"><\/td>\n<td width=\"320\"><\/td>\n<\/tr>\n<tr>\n<td width=\"208\">\n<div style=\"text-align: justify;\"><a title=\"Der Weg ist das Ziel: Wo fahren wir hin?\" href=\"http:\/\/www.heimatverein-suedlohn.de\/media\/ueber_suedlohn\/radtouren\/17gr.jpg\"><img loading=\"lazy\" decoding=\"async\" src=\"http:\/\/www.heimatverein-suedlohn.de\/media\/ueber_suedlohn\/radtouren\/17.jpg\" alt=\"\" width=\"200\" height=\"150\" align=\"left\" hspace=\"10\" vspace=\"10\" \/><\/a><\/div>\n<\/td>\n<td width=\"24\"><\/td>\n<td width=\"320\">Der Weg ist das Ziel: Wo fahren wir hin?<\/td>\n<\/tr>\n<tr>\n<td width=\"208\"><\/td>\n<td width=\"24\"><\/td>\n<td width=\"320\"><\/td>\n<\/tr>\n<tr>\n<td width=\"208\">\n<div style=\"text-align: justify;\">\n<div style=\"text-align: justify;\"><a title=\"Der Weg ist das Ziel: Ob Hermann den Weg findet?\" href=\"http:\/\/www.heimatverein-suedlohn.de\/media\/ueber_suedlohn\/radtouren\/18gr.jpg\"><img loading=\"lazy\" decoding=\"async\" src=\"http:\/\/www.heimatverein-suedlohn.de\/media\/ueber_suedlohn\/radtouren\/18.jpg\" alt=\"\" width=\"200\" height=\"150\" align=\"left\" hspace=\"10\" vspace=\"10\" \/><\/a><\/div>\n<\/div>\n<\/td>\n<td width=\"24\"><\/td>\n<td width=\"320\">Der Weg ist das Ziel: Ob Hermann den Weg findet?<\/td>\n<\/tr>\n<tr>\n<td width=\"208\"><\/td>\n<td width=\"24\"><\/td>\n<td width=\"320\"><\/td>\n<\/tr>\n<tr>\n<td width=\"208\">\n<div style=\"text-align: justify;\">\n<div style=\"text-align: justify;\"><a title=\"Der Weg ist das Ziel: Zwischenstop in Gemen. Besichtigung der barocken Marienkirche. Auch die Kultur findet Ber\u00fccksichtigung.\" href=\"http:\/\/www.heimatverein-suedlohn.de\/media\/ueber_suedlohn\/radtouren\/19gr.jpg\"><img loading=\"lazy\" decoding=\"async\" src=\"http:\/\/www.heimatverein-suedlohn.de\/media\/ueber_suedlohn\/radtouren\/19.jpg\" alt=\"\" width=\"200\" height=\"150\" align=\"left\" hspace=\"10\" vspace=\"10\" \/><\/a><\/div>\n<\/div>\n<\/td>\n<td width=\"24\"><\/td>\n<td width=\"320\">Der Weg ist das Ziel: Zwischenstop in Gemen. Besichtigung der barocken Marienkirche. Auch die Kultur findet Ber\u00fccksichtigung.<\/td>\n<\/tr>\n<tr>\n<td width=\"208\"><\/td>\n<td width=\"24\"><\/td>\n<td width=\"320\"><\/td>\n<\/tr>\n<tr>\n<td width=\"208\">\n<div style=\"text-align: justify;\">\n<div style=\"text-align: justify;\"><a title=\"Der Weg ist das Ziel: St\u00e4rken f\u00fcr die Weiterfahrt\" href=\"http:\/\/www.heimatverein-suedlohn.de\/media\/ueber_suedlohn\/radtouren\/22gr.jpg\"><img loading=\"lazy\" decoding=\"async\" src=\"http:\/\/www.heimatverein-suedlohn.de\/media\/ueber_suedlohn\/radtouren\/22.jpg\" alt=\"\" width=\"200\" height=\"150\" align=\"left\" hspace=\"10\" vspace=\"10\" \/><\/a><\/div>\n<\/div>\n<\/td>\n<td width=\"24\"><\/td>\n<td width=\"320\">Der Weg ist das Ziel: Darauf haben wir gewartet.<\/td>\n<\/tr>\n<tr>\n<td width=\"208\"><\/td>\n<td width=\"24\"><\/td>\n<td width=\"320\"><\/td>\n<\/tr>\n<tr>\n<td width=\"208\">\n<div style=\"text-align: justify;\">\n<div style=\"text-align: justify;\"><a title=\"Der Weg ist das Ziel: St\u00e4rken f\u00fcr die Weiterfahrt\" href=\"http:\/\/www.heimatverein-suedlohn.de\/media\/ueber_suedlohn\/radtouren\/23gr.jpg\"><img loading=\"lazy\" decoding=\"async\" src=\"http:\/\/www.heimatverein-suedlohn.de\/media\/ueber_suedlohn\/radtouren\/23.jpg\" alt=\"\" width=\"200\" height=\"150\" align=\"left\" hspace=\"10\" vspace=\"10\" \/><\/a><\/div>\n<\/div>\n<\/td>\n<td width=\"24\"><\/td>\n<td width=\"320\">Der Weg ist das Ziel: St\u00e4rken f\u00fcr die Weiterfahrt<\/td>\n<\/tr>\n<tr>\n<td width=\"208\"><\/td>\n<td width=\"24\"><\/td>\n<td width=\"320\"><\/td>\n<\/tr>\n<\/tbody>\n<\/table>\n<div style=\"text-align: justify; margin-left: 0cm;\"><\/div>\n<h3><b>Mensings alte Backstube<\/b><\/h3>\n<div style=\"text-align: justify; margin-left: 0cm;\">Nach dem Umzug in die neue Backstube der Ramsdorfer B\u00e4ckerei Mensing im November 1999 wurde aus dem alten Geb\u00e4ude \u201eMensing\u00b4s alte Backstube\u201c als kleines B\u00e4ckerei \u2013 Museum eingerichtet. Neben einem gemauerten Holzbackofen ist auch die Fassade eines Dampfbackofens eingebaut worden. Historische Bilder, Maschinen und Ger\u00e4te des B\u00e4ckerhandwerks runden das Bild ab.<\/div>\n<div style=\"text-align: justify; margin-left: 0cm;\">\u201eMensing\u00b4s alte Backstube\u201c<\/div>\n<div style=\"text-align: justify; margin-left: 0cm;\">Kurze Stra\u00dfe 9<\/div>\n<div style=\"text-align: justify; margin-left: 0cm;\">PLZ\u00a0Velen \u2013 Ramsdorf<\/div>\n<div style=\"text-align: justify; margin-left: 0cm;\"><a href=\"http:\/\/www.baeckerei-mensing.de\/\">www.baeckerei-mensing.de<\/a><\/div>\n<div style=\"text-align: justify; margin-left: 0cm;\">\n<hr \/>\n<\/div>\n<div style=\"text-align: justify; margin-left: 0cm;\"><\/div>\n<h3><b>Glockenmuseum in Gescher<\/b><\/h3>\n<div style=\"text-align: justify; margin-left: 0cm;\">Kein Zweifel, das 1980 er\u00f6ffnete Glockenmuseum ist der Idealfall \u201einteraktiven\u201c Erlebens. Jahrhundertealte Ausstellungsst\u00fccke kann man in Gescher auch h\u00f6ren, anfassen und sp\u00fcren.<\/div>\n<div style=\"text-align: justify; margin-left: 0cm;\"><a href=\"http:\/\/www.nrw-stiftung.de\/\">www.nrw-stiftung.de<\/a><\/div>\n<div style=\"text-align: justify; margin-left: 0cm;\">\n<div><\/div>\n<div>\n<hr \/>\n<\/div>\n<\/div>\n<h3><b>Mia\u00b4s Backhaus<\/b><\/h3>\n<div style=\"text-align: justify; margin-left: 0cm;\">Vom Glockenmusum geht\u00b4s weiter nach Mia\u00b4s\u00a0Backhaus, um den leckeren Kuchen zu genie\u00dfen.<\/div>\n<div style=\"text-align: justify; margin-left: 0cm;\">Mia\u00b4s Backhaus<\/div>\n<div style=\"text-align: justify; margin-left: 0cm;\">B\u00fcren 20<\/div>\n<div style=\"text-align: justify; margin-left: 0cm;\">48712 Gescher<\/div>\n<div style=\"text-align: justify; margin-left: 0cm;\"><a href=\"http:\/\/www.miasbackhaus.de\/\">www.miasbackhaus.de<\/a><\/div>\n<div style=\"text-align: justify; margin-left: 0cm;\">\n<div><\/div>\n<div>\n<hr \/>\n<\/div>\n<\/div>\n<h3><b>Brinkmann\u00b4s Hof<\/b><\/h3>\n<div style=\"text-align: justify; margin-left: 0cm;\">Wir radeln an dem wild \u2013 romantischen Fl\u00fcsschen Berkel mit ihren steilen Ufern und weiten Auen durch die einmalige Kulturlandschaft mit bunt gestreuten Feldern und Wiesen und erreichen Brinkmann\u00b4s Hof. Kaffee, Kuchen und auch ein k\u00fchles Pils erwarten uns. Wir genie\u00dfen.<\/div>\n<div style=\"text-align: justify; margin-left: 0cm;\">Wochenendpark<\/div>\n<div style=\"text-align: justify; margin-left: 0cm;\">Brinkmann\u00b4s Hof<\/div>\n<div style=\"text-align: justify; margin-left: 0cm;\">Harwick 52<\/div>\n<div style=\"text-align: justify; margin-left: 0cm;\">48712 Gescher<\/div>\n<div style=\"text-align: justify; margin-left: 0cm;\"><a href=\"http:\/\/www.brinkmannshof.de\/\">www.brinkmannshof.de<\/a><\/div>\n<div style=\"text-align: justify; margin-left: 0cm;\">\n<div><\/div>\n<div>\n<hr \/>\n<\/div>\n<\/div>\n<h3><b>Z\u00a0w\u00a0i\u00a0l\u00a0l\u00a0b\u00a0r\u00a0o\u00a0c\u00a0k <\/b><\/h3>\n<div style=\"text-align: justify; margin-left: 0cm;\">Touren nach Zwillbrock sind immer ein Erlebnis. Hier gibt es gleich drei Stationen, die wir anfahren:<\/div>\n<div style=\"text-align: justify; margin-left: 0cm;\"><\/div>\n<h3><b>Exoten im Zwillbrocker Venn<\/b><\/h3>\n<div style=\"text-align: justify; margin-left: 0cm;\">Direkt an der deutsch \u2013 niederl\u00e4ndischen Grenze staunen wir \u00fcber die Flamingos, die allj\u00e4hrlich kommen. Doch die exotische Flamingokolonie ist nicht die einzige Attraktion. Wander &#8211; und Radwege f\u00fchren durch die Moor \u2013 und Heidelandschaft rund um den Flachwassersee, der auch Lachm\u00f6wensee genannt wird. Die Dauerausstellung der Biologischen Station gibt Einblick in das Lebensumfeld Wiesen, Weiden, Heide und Moor.<\/div>\n<div style=\"text-align: justify; margin-left: 0cm;\">Biologische Station Zwillbrock e.V.<\/div>\n<div style=\"text-align: justify; margin-left: 0cm;\">Zwillbrock 10<\/div>\n<div style=\"text-align: justify; margin-left: 0cm;\">48691 Vreden<\/div>\n<div style=\"text-align: justify; margin-left: 0cm;\"><a href=\"http:\/\/www.bszwillbrock.de\">www.bszwillbrock.de<\/a><\/div>\n<div style=\"text-align: justify; margin-left: 0cm;\"><\/div>\n<div style=\"text-align: justify; margin-left: 0cm;\">\n<div>\n<hr \/>\n<\/div>\n<\/div>\n<h3><b>Barocke Pracht<\/b><\/h3>\n<div style=\"text-align: justify; margin-left: 0cm;\">Auf jeden Fall werfen wir einen Blick in die Barockkirche St. Franziskus und danken dem Sch\u00f6pfer f\u00fcr die sch\u00f6ne Natur. Eine Kirchenf\u00fchrung ist empfehlenswert.<\/div>\n<div style=\"text-align: justify; margin-left: 0cm;\">Bruder Hubert M\u00fcller<\/div>\n<div style=\"text-align: justify; margin-left: 0cm;\">Pfarrhaus Zwillbrock<\/div>\n<div style=\"text-align: justify; margin-left: 0cm;\">Zwillbrock 9<\/div>\n<div style=\"text-align: justify; margin-left: 0cm;\">48691 Vreden<\/div>\n<div style=\"text-align: justify; margin-left: 0cm;\"><a href=\"http:\/\/www.barockkirche.de\">www.barockkirche.de<\/a><\/div>\n<div style=\"text-align: justify; margin-left: 0cm;\">\n<div>\n<hr \/>\n<\/div>\n<\/div>\n<div style=\"text-align: justify; margin-left: 0cm;\"><\/div>\n<h3><b>Kuchen genie\u00dfen mit Blick auf St. Franziskus<\/b><\/h3>\n<div style=\"text-align: justify; margin-left: 0cm;\">Im Anschluss daran gibt es leckeren selbstgemachten Kuchen\u00a0gegen\u00fcber der Barockkirche im Hotel \u2013 Restaurant Kloppendiek. Bei sch\u00f6nem Wetter sitzen wir auf der Terrasse und genie\u00dfen den Blick auf St. Franziskus.<\/div>\n<div style=\"text-align: justify; margin-left: 0cm;\">Hotel \u2013 Restaurant Kloppendiek<\/div>\n<div style=\"text-align: justify; margin-left: 0cm;\">Zwillbrock 8<\/div>\n<div style=\"text-align: justify; margin-left: 0cm;\">48691 Vreden<\/div>\n<div style=\"text-align: justify; margin-left: 0cm;\"><a href=\"http:\/\/www.kloppendiek.de\/\">www.kloppendiek.de<\/a><\/div>\n<div style=\"text-align: justify; margin-left: 0cm;\">\n<div><\/div>\n<div>\n<hr \/>\n<\/div>\n<\/div>\n<h3><b>Steinbruch Winterswijk<\/b><\/h3>\n<div style=\"text-align: justify; margin-left: 0cm;\">Der Achterhoek im Osten der Niederlade grenzt direkt an S\u00fcdlohn \u2013 Oeding und eignet sich in ganz besonderer Weise zum Radeln. Der Steinbruch Winterswijk ist das Ziel mit dem in unmittelbarer N\u00e4he gelegenen Terrasse Bauernhof \u201eSteinzeug\u201c.<\/div>\n<div style=\"text-align: justify; margin-left: 0cm;\">Familie Beek<\/div>\n<div style=\"text-align: justify; margin-left: 0cm;\">Wesselerweg 3<\/div>\n<div style=\"text-align: justify; margin-left: 0cm;\">AB 7119 Winterswijk Ratum<\/div>\n<div style=\"text-align: justify; margin-left: 0cm;\"><a href=\"http:\/\/www.boerenrecreatie.nl\/\">www.boerenrecreatie.nl<\/a><\/div>\n<div style=\"text-align: justify; margin-left: 0cm;\">\n<div><\/div>\n<div>\n<hr \/>\n<\/div>\n<\/div>\n<h3><b>Rund um Stadtlohn<\/b><\/h3>\n<div style=\"text-align: justify; margin-left: 0cm;\">Von Vreden kommend durch das Tal der Berkel erreichen wir Stadtlohn. Direkt an der Stadtlohner Stra\u00dfe kehren wir ein in das<\/div>\n<div style=\"text-align: justify; margin-left: 0cm;\">Margret Severt Kunstgewerbe Cafe<\/div>\n<div style=\"text-align: justify; margin-left: 0cm;\">Vredener Stra\u00dfe 167<\/div>\n<div style=\"text-align: justify; margin-left: 0cm;\">48703 Stadtlohn<\/div>\n<div style=\"text-align: justify; margin-left: 0cm;\">\n<div><\/div>\n<div>\n<hr \/>\n<\/div>\n<\/div>\n<h3><b>Die Schlacht im Lohner Bruch<\/b><\/h3>\n<div style=\"text-align: justify; margin-left: 0cm;\">Von Stadtlohn aus radeln wir\u00a0zum Eichenhof in Almsick. Neben leckerem Kuchen und Kaffee nutzen wir diese Gelegenheit, eine Zeitreise ins 17. Jahrhundert zu machen. Die Schlacht am 6. August 1623 im Lohner Bruch in Stadtlohn war eine der brutalsten und blutigsten des 30 j\u00e4hrigen Krieges. Bei dem letzten Besuch erlebten wir eine Sonderausstellung zu diesem Thema. Der Archivar Ulrich S\u00f6bbing erl\u00e4uterte uns die Hintergr\u00fcnde und gab kompetente Erkl\u00e4rungen.<\/div>\n<div style=\"text-align: justify; margin-left: 0cm;\">Eichenhof Landhaus GmbH<\/div>\n<div style=\"text-align: justify; margin-left: 0cm;\">Almsick 43<\/div>\n<div style=\"text-align: justify; margin-left: 0cm;\">48703 Stadtlohn<\/div>\n<div style=\"text-align: justify; margin-left: 0cm;\"><a href=\"http:\/\/www.eichenhof.de\/\">www.eichenhof.de<\/a><\/div>\n<div style=\"text-align: justify; margin-left: 0cm;\">\n<div><\/div>\n<div>\n<hr \/>\n<\/div>\n<\/div>\n<h3><b>Einkaufen bei Tante Emma<\/b><\/h3>\n<div style=\"text-align: justify; margin-left: 0cm;\">Unsere Tour nach Ammeloe f\u00fchrt uns zu \u201eKollegen\u201c des dortigen Heimatvereins im Haus Noldes. Hier scheint die Zeit um ein paar Jahrzehnte zur\u00fcckgedreht. Im Jahre 1972 ging das letzte Bier \u00fcber die Theke und die letzte T\u00fcte Mehl \u00fcber den Ladentisch. Der Laden, die Gastwirtschaft und die B\u00e4ckerei der Familie Noldes sind in ihrem Originalzustand zu erleben. Kuchen und Korinthenstuten \u2013 gebacken von den Frauen des Heimatvereins \u2013 schmecken wunderbar.<\/div>\n<div style=\"text-align: justify; margin-left: 0cm;\">Heimathaus Noldes<\/div>\n<div style=\"text-align: justify; margin-left: 0cm;\">Am\u00a0Kring 18 &#8211; 20<\/div>\n<div style=\"text-align: justify; margin-left: 0cm;\">48691 Vreden<\/div>\n<div style=\"text-align: justify; margin-left: 0cm;\"><a href=\"http:\/\/www.nrw-stiftung.de\/\">www.nrw-stiftung.de<\/a><\/div>\n<div style=\"text-align: justify; margin-left: 0cm;\"><\/div>\n<div><\/div>\n<div>\n<hr \/>\n<\/div>\n<h3><b>Hofcaf\u00e9 am See<\/b><\/h3>\n<div style=\"text-align: justify; margin-left: 0cm;\">Unsere Excursionen f\u00fchrten mehrfach in den Raum Velen \/ Ramsdorf.\u00a0Auch hier bietet das westliche M\u00fcnsterland viele Abwechselungen und steckt voller Sehensw\u00fcrdigkeiten. Wir genie\u00dfen den Zwischenstop in dem l\u00e4ndlich idyllisch gelegenen Hofcaf\u00e9 am See. Ein Kranz alter Eichen umgibt das seit dem 16. Jahrhundert bestehende Anwesen.<\/div>\n<div style=\"text-align: justify; margin-left: 0cm;\">Ferienhof Picker \u2013 Warnsing<\/div>\n<div style=\"text-align: justify; margin-left: 0cm;\">Fischediek 123<\/div>\n<div style=\"text-align: justify; margin-left: 0cm;\">46342 Velen<\/div>\n<div style=\"text-align: justify; margin-left: 0cm;\"><a href=\"http:\/\/www.ferienhof-velen.de\/\">www.ferienhof-velen.de<\/a><\/div>\n<div><\/div>\n<div>\n<hr \/>\n<\/div>\n<h3><b>Landcaf\u00e9 genie\u00dfen<\/b><\/h3>\n<div style=\"text-align: justify; margin-left: 0cm;\">Direkt an der agri \u2013 cultura \u2013 Erlebnisroute liegend l\u00e4dt Dr\u00f6nings Landcaf\u00e9 zu einer Rast ein. Hier genie\u00dfen wir dieses freundliche Bauernhofcaf\u00e9 in idyllischer Lage am Ortsrand von Ramsdorf.<\/div>\n<div style=\"text-align: justify; margin-left: 0cm;\">Dr\u00f6nings Landcaf\u00e9<\/div>\n<div style=\"text-align: justify; margin-left: 0cm;\">Kr\u00fcckling 20<\/div>\n<div style=\"text-align: justify; margin-left: 0cm;\">46342 Ramsdorf<\/div>\n<div style=\"text-align: justify; margin-left: 0cm;\"><a href=\"http:\/\/www.droenings-landcafe.de\/\">www.droenings-landcafe.de<\/a><\/div>\n<div>\n<hr \/>\n<\/div>\n<h3><b>Mit dem Auto geht es auch &#8230;<\/b><\/h3>\n<div style=\"text-align: justify; margin-left: 0cm;\"><b>&#8211;<\/b> n\u00e4mlich zu einem der sch\u00f6nsten und originellsten Caf\u00e9s in der angrenzenden niederrheinischen Region nach Hamminkeln \u2013 Wertherbruch. Das gem\u00fctliche Caf\u00e9 hat eine besondere Atmosph\u00e4re, mit selbstgebackenem Kuchen nach Gro\u00dfmutters Rezept. Der herrliche Biergarten komplett unter alten B\u00e4umen l\u00e4dt ein, nach Wanderung oder Radtour neue Kr\u00e4fte zu sammeln.<\/div>\n<div style=\"text-align: justify; margin-left: 0cm;\">Caf\u00e9 Waldsee<\/div>\n<div style=\"text-align: justify; margin-left: 0cm;\">Wertherbrucher Stra\u00dfe 16<\/div>\n<div style=\"text-align: justify; margin-left: 0cm;\">46499 Hamminkeln \u2013 Wertherbruch<\/div>\n<div style=\"text-align: justify; margin-left: 0cm;\"><a href=\"http:\/\/www.cafewaldsee.de\">www.cafewaldsee.de<\/a><\/div>\n<div><\/div>\n<div>\n<hr \/>\n<\/div>\n<h3><b>H\u00fcttentour \u2013 rund um S\u00fcdlohn<\/b><\/h3>\n<div style=\"text-align: justify; margin-left: 0cm;\">Eine unserer sch\u00f6nsten Touren. Wir genie\u00dfen die Aufenthalte an den 9 H\u00fctten auf unserem Gemeindegebiet. Am liebsten nat\u00fcrlich an der Vennh\u00fctte, den diese ist vom Heimatverein gebaut worden. Wir meinen, den Ort und die Umgebung zu kennen. Wegkreuze, Grenzsteine, Bildst\u00f6cke, Naturschutzgebiet Vitiverter Venn und .. und .. und &#8230; Immer erleben wir etwas Neues und lassen uns inspirieren von den Sch\u00f6nheiten. Gerne machen wir Rast auf dem Spargelhof Schulze \u2013 Besseling. Der herrschaftliche, unter Denkmalschutz stehende Schulzenhof wurde 1903 im Historismus (Jugendstil) mit Elementen der Neugotik einer Industriellenvilla nachempfunden. Im angegliederten stilvollen Hofcafe mit der gro\u00dfz\u00fcgig gestalteten Terrasse lassen wir die Rundreise ausklingen und freuen uns schon auf die n\u00e4chste Tour mit unserem Scout Hermann Gehling.<\/div>\n<div style=\"text-align: justify; margin-left: 0cm;\">Spargelhof Schulze Besseling<\/div>\n<div style=\"text-align: justify; margin-left: 0cm;\">Eschlohn 3<\/div>\n<div style=\"text-align: justify; margin-left: 0cm;\">46354 S\u00fcdlohn<\/div>\n<div style=\"text-align: justify; margin-left: 0cm;\"><a href=\"http:\/\/www.agri-cultura.eu\/\">www.agri-cultura.eu<\/a><\/div>\n<div style=\"text-align: justify; margin-left: 0cm;\">\n<div><\/div>\n<div>\n<hr \/>\n<\/div>\n<\/div>\n<h3><b>Und noch ein Tipp:<\/b><\/h3>\n<div style=\"text-align: justify; margin-left: 0cm;\">Zum Abschluss einer Tour um S\u00fcdlohn empfiehlt sich auch das Caf\u00e9 Porthook im Henricus \u2013 Stift. Die Cafeteria ist hell und freundlich eingerichtet. Der Besuch lohnt sich vor allen Dingen wegen des herrlichen selbstgebackenen Kuchens von Frau Elisabeth Sicking, die das Caf\u00e9 bewirtschaftet.<\/div>\n<div style=\"text-align: justify; margin-left: 0cm;\">Henricus \u2013 Stift\u00a0Caf\u00e9 Porthook<\/div>\n<div style=\"text-align: justify; margin-left: 0cm;\">Bahnhofstra\u00dfe 3<\/div>\n<div style=\"text-align: justify; margin-left: 0cm;\">46354 S\u00fcdlohn<\/div>\n<div style=\"text-align: justify; margin-left: 0cm;\"><a href=\"http:\/\/www.henricus-stift.de\/\">www.henricus-stift.de<\/a><\/div>\n<div style=\"text-align: justify; margin-left: 0cm;\">\n<div>\n<hr \/>\n<\/div>\n<\/div>\n<div style=\"text-align: justify; margin-left: 0cm;\"><\/div>\n<table style=\"width: 574px; height: 174px;\" border=\"0\" cellspacing=\"0\" cellpadding=\"0\">\n<tbody>\n<tr>\n<td width=\"215\">\n<div style=\"text-align: justify;\">\n<div style=\"text-align: justify;\">\n<div>\n<div><a title=\"Der Weg ist das Ziel: Zwischenstop in Gemen. Besichtigung der barocken Marienkirche. Auch die Kultur findet Ber\u00fccksichtigung.\" href=\"http:\/\/www.heimatverein-suedlohn.de\/media\/ueber_suedlohn\/radtouren\/19gr.jpg\"><img loading=\"lazy\" decoding=\"async\" src=\"http:\/\/www.heimatverein-suedlohn.de\/media\/ueber_suedlohn\/radtouren\/19.jpg\" alt=\"\" width=\"200\" height=\"150\" align=\"left\" hspace=\"10\" vspace=\"10\" \/><\/a><\/div>\n<\/div>\n<\/div>\n<\/div>\n<\/td>\n<td width=\"26\"><\/td>\n<td width=\"324\">\n<div style=\"text-align: justify; margin-left: 0cm;\"><b>Wohin f\u00fchrt die n\u00e4chste Tour?<\/b><\/div>\n<div style=\"text-align: justify; margin-left: 0cm;\">Lassen Sie sich \u00fcberraschen!!!<\/div>\n<\/td>\n<\/tr>\n<\/tbody>\n<\/table>\n<\/div><\/section><\/div>\n","protected":false},"excerpt":{"rendered":"","protected":false},"author":1,"featured_media":0,"parent":372,"menu_order":1,"comment_status":"closed","ping_status":"closed","template":"","meta":{"footnotes":""},"class_list":["post-385","page","type-page","status-publish","hentry"],"_links":{"self":[{"href":"https:\/\/www.heimatverein-suedlohn.de\/index.php\/wp-json\/wp\/v2\/pages\/385","targetHints":{"allow":["GET"]}}],"collection":[{"href":"https:\/\/www.heimatverein-suedlohn.de\/index.php\/wp-json\/wp\/v2\/pages"}],"about":[{"href":"https:\/\/www.heimatverein-suedlohn.de\/index.php\/wp-json\/wp\/v2\/types\/page"}],"author":[{"embeddable":true,"href":"https:\/\/www.heimatverein-suedlohn.de\/index.php\/wp-json\/wp\/v2\/users\/1"}],"replies":[{"embeddable":true,"href":"https:\/\/www.heimatverein-suedlohn.de\/index.php\/wp-json\/wp\/v2\/comments?post=385"}],"version-history":[{"count":5,"href":"https:\/\/www.heimatverein-suedlohn.de\/index.php\/wp-json\/wp\/v2\/pages\/385\/revisions"}],"predecessor-version":[{"id":6055,"href":"https:\/\/www.heimatverein-suedlohn.de\/index.php\/wp-json\/wp\/v2\/pages\/385\/revisions\/6055"}],"up":[{"embeddable":true,"href":"https:\/\/www.heimatverein-suedlohn.de\/index.php\/wp-json\/wp\/v2\/pages\/372"}],"wp:attachment":[{"href":"https:\/\/www.heimatverein-suedlohn.de\/index.php\/wp-json\/wp\/v2\/media?parent=385"}],"curies":[{"name":"wp","href":"https:\/\/api.w.org\/{rel}","templated":true}]}}