{"id":376,"date":"2016-05-24T09:46:02","date_gmt":"2016-05-24T07:46:02","guid":{"rendered":"http:\/\/www.heimatverein-suedlohn.de\/neu2016\/?page_id=376"},"modified":"2025-12-04T10:30:51","modified_gmt":"2025-12-04T09:30:51","slug":"jahresprogramme","status":"publish","type":"page","link":"https:\/\/www.heimatverein-suedlohn.de\/index.php\/aktuelles-termine\/heimatverein-suedlohn-e-v\/jahresprogramme\/","title":{"rendered":"Jahresprogramm"},"content":{"rendered":"<section  class='av_textblock_section av-8arow-dd6403f7f96520ec395b433a22f959ce'  itemscope=\"itemscope\" itemtype=\"https:\/\/schema.org\/CreativeWork\" ><div class='avia_textblock'  itemprop=\"text\" ><h2>Jahresprogramme<\/h2>\n<p>Der Heimatverein stellt seit Jahren ein umfangreiches Veranstaltungsprogramm auf. Im Vordergrund der vielf\u00e4ltigen Aktivit\u00e4ten steht die kulturelle Pflege unserer Heimatgemeinde. Vor diesem Hintergrund sind heimatgeschichtliche Vortr\u00e4ge und Diskussionen ein wichtiger Bestandteil. Radtouren durch Feld und Flur unserer sch\u00f6nen Gemeinde sind ebenso beliebt wir unsere\u00a0Bildungsreisen zu interessanten Zielen in ganz Deutschland. Wir laden Sie ein, unsere Veranstaltungen zu besuchen.<\/p>\n<\/div><\/section>\n\n\n<style type=\"text\/css\" data-created_by=\"avia_inline_auto\" id=\"style-css-av-lsdsmll3-1fc782be07ab59e5ab9c836b4a5d9616\">\n#top .hr.hr-invisible.av-lsdsmll3-1fc782be07ab59e5ab9c836b4a5d9616{\nheight:30px;\n}\n<\/style>\n<div  class='hr av-lsdsmll3-1fc782be07ab59e5ab9c836b4a5d9616 hr-invisible  avia-builder-el-2  el_after_av_codeblock  el_before_av_textblock '><span class='hr-inner '><span class=\"hr-inner-style\"><\/span><\/span><\/div>\n<section  class='av_textblock_section av-l42uhxp3-a8566697a87d48c06c100de7a30ac04a'  itemscope=\"itemscope\" itemtype=\"https:\/\/schema.org\/CreativeWork\" ><div class='avia_textblock'  itemprop=\"text\" ><h2>Jahres-Programme<\/h2>\n<ul>\n<li><strong><a href=\"http:\/\/www.heimatverein-suedlohn.de\/wp-content\/uploads\/2025\/12\/Heimatverein-Programm-2026.pdf\" target=\"_blank\" rel=\"noopener\">2026<\/a><\/strong><\/li>\n<li><a href=\"http:\/\/www.heimatverein-suedlohn.de\/wp-content\/uploads\/2024\/12\/Heimatverein-Programm-2025-klein.pdf\" target=\"_blank\" rel=\"noopener\"><strong>2025<\/strong><\/a><\/li>\n<li><strong><a href=\"http:\/\/www.heimatverein-suedlohn.de\/wp-content\/uploads\/2023\/12\/PDF-Heimatverein-Programm-2024.pdf\" target=\"_blank\" rel=\"noopener\">2024<\/a><\/strong><\/li>\n<li><strong><a href=\"http:\/\/www.heimatverein-suedlohn.de\/wp-content\/uploads\/2022\/12\/Programm_Heimatverein-2023-Endfassung.pdf\" target=\"_blank\" rel=\"noopener\">2023<\/a><\/strong><\/li>\n<li><strong><a href=\"http:\/\/www.heimatverein-suedlohn.de\/wp-content\/uploads\/2021\/12\/Programm2022.pdf\" target=\"_blank\" rel=\"noopener\">2022<\/a><\/strong><\/li>\n<li><a href=\"http:\/\/www.heimatverein-suedlohn.de\/wp-content\/uploads\/2021\/10\/2021.pdf\" target=\"_blank\" rel=\"noopener\"><strong>2021<\/strong><\/a><\/li>\n<li><a href=\"http:\/\/www.heimatverein-suedlohn.de\/wp-content\/uploads\/2019\/12\/2020.pdf\" target=\"_blank\" rel=\"noopener\"><strong>2020<\/strong><\/a><\/li>\n<li><a href=\"http:\/\/www.heimatverein-suedlohn.de\/wp-content\/uploads\/2019\/04\/jahresprogramm2019_neu.pdf\" target=\"_blank\" rel=\"noopener\"><strong>2019<\/strong><\/a><\/li>\n<li><strong><a href=\"http:\/\/www.heimatverein-suedlohn.de\/wp-content\/uploads\/2016\/05\/jahresprogramm2018.pdf\" target=\"_blank\" rel=\"noopener\">2018<\/a><\/strong><\/li>\n<li><strong><a href=\"http:\/\/www.heimatverein-suedlohn.de\/wp-content\/uploads\/2016\/05\/2017.pdf\">2017<\/a><\/strong><\/li>\n<li><a href=\"http:\/\/www.heimatverein-suedlohn.de\/media\/pdfs\/jahresprogramm2016.pdf\" target=\"_blank\" rel=\"noopener\"><u><strong>2016<\/strong><\/u><\/a><\/li>\n<li><a href=\"http:\/\/www.heimatverein-suedlohn.de\/media\/pdfs\/jahresprogramm2015.pdf\" target=\"_blank\" rel=\"noopener\"><u><strong>2015<\/strong><\/u><\/a><\/li>\n<li><a href=\"http:\/\/www.heimatverein-suedlohn.de\/media\/pdfs\/veranstaltungen2014.pdf\" target=\"_blank\" rel=\"noopener\">\u00a0<u><strong>2014<\/strong><\/u><\/a><\/li>\n<li>\u00a0<a href=\"http:\/\/www.heimatverein-suedlohn.de\/media\/pdfs\/veranstaltungen2013.pdf\" target=\"_blank\" rel=\"noopener\"><u><strong>2013<\/strong><\/u><\/a><\/li>\n<li><a href=\"http:\/\/www.heimatverein-suedlohn.de\/media\/pdfs\/veranstaltungen2012.pdf\" target=\"_blank\" rel=\"noopener\"><u><strong>\u00a02012<\/strong><\/u><\/a><\/li>\n<li>\u00a0<a href=\"http:\/\/www.heimatverein-suedlohn.de\/media\/aktuelles\/jahresprogramme\/2011.pdf\" target=\"_blank\" rel=\"noopener\"><b><u>2011<\/u><\/b><\/a><\/li>\n<li>\u00a0<a href=\"http:\/\/www.heimatverein-suedlohn.de\/media\/aktuelles\/jahresprogramme\/2010.pdf\" target=\"_blank\" rel=\"noopener\"><b><u>2010<\/u><\/b><\/a><\/li>\n<li>\u00a0<b><a href=\"http:\/\/www.heimatverein-suedlohn.de\/media\/aktuelles\/jahresprogramme\/2009.pdf\" target=\"_blank\" rel=\"noopener\"><u>2009<\/u><\/a>\u00a0\u00a0\u00a0\u00a0\u00a0\u00a0<\/b><\/li>\n<li>\u00a0<a href=\"http:\/\/www.heimatverein-suedlohn.de\/media\/aktuelles\/jahresprogramme\/2008.pdf\" target=\"_blank\" rel=\"noopener\"><b><u>2008<\/u><\/b><\/a><\/li>\n<li>\u00a0<a href=\"http:\/\/www.heimatverein-suedlohn.de\/media\/aktuelles\/jahresprogramme\/2007.pdf\" target=\"_blank\" rel=\"noopener\"><b><u>2007<\/u><\/b><\/a><\/li>\n<li>\u00a0<a href=\"http:\/\/www.heimatverein-suedlohn.de\/media\/aktuelles\/jahresprogramme\/2006.pdf\" target=\"_blank\" rel=\"noopener\"><b><u>2006<\/u><\/b><\/a><\/li>\n<li>\u00a0<a href=\"http:\/\/www.heimatverein-suedlohn.de\/media\/aktuelles\/jahresprogramme\/2005.pdf\" target=\"_blank\" rel=\"noopener\"><b><u>2005<\/u><\/b><\/a><\/li>\n<li>\u00a0<a href=\"http:\/\/www.heimatverein-suedlohn.de\/media\/aktuelles\/jahresprogramme\/2004.pdf\" target=\"_blank\" rel=\"noopener\"><b><u>2004<\/u><\/b><\/a><\/li>\n<li>\u00a0<a href=\"http:\/\/www.heimatverein-suedlohn.de\/media\/aktuelles\/jahresprogramme\/2003.pdf\" target=\"_blank\" rel=\"noopener\"><b><u>2003<\/u><\/b><\/a><\/li>\n<\/ul>\n<\/div><\/section>\n","protected":false},"excerpt":{"rendered":"","protected":false},"author":1,"featured_media":0,"parent":372,"menu_order":0,"comment_status":"closed","ping_status":"closed","template":"","meta":{"footnotes":""},"class_list":["post-376","page","type-page","status-publish","hentry"],"_links":{"self":[{"href":"https:\/\/www.heimatverein-suedlohn.de\/index.php\/wp-json\/wp\/v2\/pages\/376","targetHints":{"allow":["GET"]}}],"collection":[{"href":"https:\/\/www.heimatverein-suedlohn.de\/index.php\/wp-json\/wp\/v2\/pages"}],"about":[{"href":"https:\/\/www.heimatverein-suedlohn.de\/index.php\/wp-json\/wp\/v2\/types\/page"}],"author":[{"embeddable":true,"href":"https:\/\/www.heimatverein-suedlohn.de\/index.php\/wp-json\/wp\/v2\/users\/1"}],"replies":[{"embeddable":true,"href":"https:\/\/www.heimatverein-suedlohn.de\/index.php\/wp-json\/wp\/v2\/comments?post=376"}],"version-history":[{"count":36,"href":"https:\/\/www.heimatverein-suedlohn.de\/index.php\/wp-json\/wp\/v2\/pages\/376\/revisions"}],"predecessor-version":[{"id":7930,"href":"https:\/\/www.heimatverein-suedlohn.de\/index.php\/wp-json\/wp\/v2\/pages\/376\/revisions\/7930"}],"up":[{"embeddable":true,"href":"https:\/\/www.heimatverein-suedlohn.de\/index.php\/wp-json\/wp\/v2\/pages\/372"}],"wp:attachment":[{"href":"https:\/\/www.heimatverein-suedlohn.de\/index.php\/wp-json\/wp\/v2\/media?parent=376"}],"curies":[{"name":"wp","href":"https:\/\/api.w.org\/{rel}","templated":true}]}}