{"id":320,"date":"2016-05-20T14:20:21","date_gmt":"2016-05-20T12:20:21","guid":{"rendered":"http:\/\/www.heimatverein-suedlohn.de\/neu2016\/?page_id=320"},"modified":"2024-01-23T18:26:46","modified_gmt":"2024-01-23T17:26:46","slug":"vereinslebenlinks-suedlohn","status":"publish","type":"page","link":"https:\/\/www.heimatverein-suedlohn.de\/index.php\/ueber-suedlohn\/vereinslebenlinks\/vereinslebenlinks-suedlohn\/","title":{"rendered":"Vereinsleben\/Links S\u00fcdlohn"},"content":{"rendered":"<section  class='av_textblock_section av-13cww-811261350084a47606721ddf786656ed'  itemscope=\"itemscope\" itemtype=\"https:\/\/schema.org\/CreativeWork\" ><div class='avia_textblock'  itemprop=\"text\" ><h2>Vereinsleben \/ Links<\/h2>\n<h6>\u00a0<a title=\"Der Spielmannszug S\u00fcdlohn 1950 e.V.\" href=\"http:\/\/www.heimatverein-suedlohn.de\/media\/ueber_suedlohn\/diverse\/Spielmannszuggr\"><img loading=\"lazy\" decoding=\"async\" src=\"http:\/\/www.heimatverein-suedlohn.de\/media\/ueber_suedlohn\/diverse\/Spielmannszug\" alt=\"\" width=\"700\" height=\"183\" \/><\/a><\/h6>\n<h6>Spielmannszug S\u00fcdlohn<\/h6>\n<p style=\"margin-bottom: 0cm;\">S\u00fcdlohn ist eine lebendige, aktive Gemeinde mit einem vielf\u00e4ltigen Vereinsleben. Ob Sport oder Musik, Feuerwehr oder Heimatverein, kirchliche Verb\u00e4nde oder Freizeitangebote, Sch\u00fctzenwesen oder Nachbarschaften &#8211; f\u00fcr jung und alt gibt es eine gro\u00dfe Anzahl sinnvoller Angebote und Bet\u00e4tigungen. Traditionen sind lebendig und wollen gelebt werden. Machen Sie mit, ob aktiv, ehrenamtlich oder f\u00f6rdernd.<\/p>\n<p style=\"margin-bottom: 0cm;\"><strong>HINWEIS: M\u00f6glicherweise sind nicht alle Angaben aktuell, da laufende \u00c4nderungen nicht immer eingepflegt werden k\u00f6nnen.<\/strong><\/p>\n<p>Herzlich Willkommen !<\/p>\n<h2><b>Hier werden Sie verlinkt!<\/b><\/h2>\n<p style=\"margin-bottom: 0cm;\">Wir haben Ihre Verlinkung \u00fcbersehen? Dann nehmen Sie hier <a href=\"[wblink13]\"><u><b>Kontakt<\/b><\/u><\/a> mit uns auf. Danke f\u00fcr Ihre Hilfe.<\/p>\n<table style=\"width: 834px; height: 3756px;\" border=\"0\" cellspacing=\"0\" cellpadding=\"0\" align=\"left\">\n<tbody>\n<tr style=\"height: 12.75pt;\">\n<td class=\"xl26\" style=\"height: 12.75pt;\" width=\"383\" height=\"15\">\n<h3>Gemeinde S\u00fcdlohn \u2013 Oeding<span style=\"mso-spacerun: yes;\">\u00a0\u00a0<\/span><\/h3>\n<\/td>\n<td class=\"xl24\" width=\"383\" height=\"15\"><\/td>\n<\/tr>\n<tr style=\"height: 12.75pt;\">\n<td class=\"xl24\" style=\"height: 12.75pt;\" width=\"383\" height=\"15\">\n<ul>\n<li>Gemeinde S\u00fcdlohn &#8211; Oeding<\/li>\n<\/ul>\n<\/td>\n<td class=\"xl25\" width=\"383\" height=\"15\"><a href=\"http:\/\/www.suedlohn.de\/\"><span style=\"font-family: Arial, sans-serif; mso-font-charset: 0;\">www.suedlohn.de<\/span><\/a><\/td>\n<\/tr>\n<tr style=\"height: 12.75pt;\">\n<td class=\"xl24\" style=\"height: 12.75pt;\" width=\"383\" height=\"15\">\n<ul>\n<li>B\u00fcrgerstiftung S\u00fcdlohn \u2013 Oeding<\/li>\n<\/ul>\n<\/td>\n<td class=\"xl25\" width=\"383\" height=\"15\"><a href=\"http:\/\/buergerstiftung.suedlohn.de\/\" target=\"_blank\" rel=\"noopener\"><span style=\"font-family: Arial, sans-serif; mso-font-charset: 0;\">http:\/\/buergerstiftung.suedlohn.de\/<\/span><\/a><\/td>\n<\/tr>\n<tr style=\"height: 12.75pt;\">\n<td class=\"xl24\" style=\"height: 12.75pt;\" width=\"383\" height=\"15\">\n<ul>\n<li>B\u00fcrgerbusverein S\u00fcdlohn \u2013 Oeding e.V.<\/li>\n<\/ul>\n<\/td>\n<td class=\"xl25\" width=\"383\" height=\"15\"><a href=\"http:\/\/www.buergerbus.suedlohn.de\" target=\"_blank\" rel=\"noopener\">www.buergerbus.suedlohn.de<\/a><\/td>\n<\/tr>\n<tr style=\"height: 12.75pt;\">\n<td class=\"xl24\" style=\"height: 12.75pt;\" width=\"383\" height=\"15\">\n<ul>\n<li>SOMIT S\u00fcdlohn \u2013 Oeding Marketing, Information \u2013und Touristik e.V.<\/li>\n<\/ul>\n<\/td>\n<td class=\"xl25\" width=\"383\" height=\"15\"><span style=\"font-family: Arial, sans-serif; mso-font-charset: 0;\"><a href=\"http:\/\/www.touristinfo.suedlohn.de\">www.touristinfo.suedlohn.de<\/a><\/span><\/td>\n<\/tr>\n<tr style=\"height: 12.75pt;\">\n<td class=\"xl24\" style=\"height: 12.75pt;\" width=\"383\" height=\"15\">\n<ul>\n<li>Freiwillige Feuerwehr S\u00fcdlohn-Oeding<\/li>\n<\/ul>\n<\/td>\n<td class=\"xl25\" width=\"383\" height=\"15\"><a href=\"http:\/\/www.feuerwehr-oeding.de\/\"><span style=\"font-family: Arial, sans-serif; mso-font-charset: 0;\">www.feuerwehr-suedlohn.de<\/span><\/a><\/td>\n<\/tr>\n<tr style=\"height: 12.75pt;\">\n<td class=\"xl24\" style=\"height: 12.75pt;\" width=\"383\" height=\"15\">\n<ul>\n<li>Heimatverein S\u00fcdlohn von 1963 e.V.<\/li>\n<\/ul>\n<\/td>\n<td class=\"xl25\" width=\"383\" height=\"15\"><a href=\"..\/..\/..\/..\/..\/..\/\"><span style=\"font-family: Arial, sans-serif; mso-font-charset: 0;\">www.heimatverein-suedlohn.de<\/span><\/a><\/td>\n<\/tr>\n<tr style=\"height: 12.75pt;\">\n<td class=\"xl24\" style=\"height: 12.75pt;\" width=\"383\" height=\"15\">\n<ul>\n<li>Senioren f\u00fcr Senioren<\/li>\n<\/ul>\n<\/td>\n<td class=\"xl25\" width=\"383\" height=\"15\"><a href=\"http:\/\/www.senioren-suedlohn.de\/\"><span style=\"font-family: Arial, sans-serif;\">www.senioren-suedlohn.de<\/span><\/a><\/td>\n<\/tr>\n<tr style=\"height: 12.75pt;\">\n<td class=\"xl24\" style=\"height: 12.75pt;\" width=\"383\" height=\"15\">\n<ul>\n<li>S\u00fcdlohner Werbegemeinschaft f\u00fcr Handel und Gewerbe<\/li>\n<\/ul>\n<\/td>\n<td class=\"xl25\" width=\"383\" height=\"15\">N.N.<\/td>\n<\/tr>\n<tr style=\"height: 12.75pt;\">\n<td class=\"xl24\" style=\"height: 12.75pt;\" width=\"383\" height=\"15\">\n<ul>\n<li>Arbeitskreis gegen Rechtsextremismus und Gewalt<\/li>\n<\/ul>\n<\/td>\n<td class=\"xl25\" width=\"383\" height=\"15\">N.N.<\/td>\n<\/tr>\n<tr style=\"height: 45.75pt; mso-height-source: userset;\">\n<td class=\"xl27\" style=\"height: 45.75pt;\" width=\"383\" height=\"15\">\n<h3>Kirchengemeinde \/ Verb\u00e4nde \/ Vereine \/ Einrichtungen<\/h3>\n<\/td>\n<td class=\"xl24\" width=\"383\" height=\"15\"><\/td>\n<\/tr>\n<tr style=\"height: 12.75pt;\">\n<td class=\"xl24\" style=\"height: 12.75pt;\" width=\"383\" height=\"15\">\n<ul>\n<li>Katholische Kirchengemeinde <span lang=\"EN-GB\" style=\"mso-ansi-language: EN-GB;\">St. Vitus und St. Jakobus<\/span><\/li>\n<\/ul>\n<\/td>\n<td class=\"xl25\" width=\"383\" height=\"15\"><a href=\"http:\/\/www.kirchengemeinde-suedlohn.de\/\"><span style=\"font-family: Arial, sans-serif; mso-font-charset: 0;\">www.kirchengemeinde-suedlohn.de<\/span><\/a><\/td>\n<\/tr>\n<tr style=\"height: 12.75pt;\">\n<td class=\"xl24\" style=\"height: 12.75pt;\" width=\"383\" height=\"15\">\n<ul>\n<li>Evangelische Kirchengemeinde Oeding<\/li>\n<\/ul>\n<\/td>\n<td class=\"xl25\" width=\"383\" height=\"15\"><span style=\"font-family: Arial, sans-serif; mso-font-charset: 0;\"><a href=\"http:\/\/www.oeding-stadtlohn-vreden.de\" target=\"_blank\" rel=\"noopener\">www.oeding-stadtlohn-vreden.de<\/a> <\/span><\/td>\n<\/tr>\n<tr style=\"height: 12.75pt;\">\n<td class=\"xl24\" style=\"height: 12.75pt;\" width=\"383\" height=\"15\">\n<ul>\n<li>Kolpingfamilie S\u00fcdlohn<\/li>\n<\/ul>\n<\/td>\n<td class=\"xl25\" width=\"383\" height=\"15\"><span lang=\"IT\" style=\"mso-ansi-language: IT;\"><a href=\"http:\/\/www.kolping-suedlohn.de\"><span style=\"font-family: Arial, sans-serif; mso-font-charset: 0;\">www.kolping-suedlohn.de<\/span><\/a><\/span><\/td>\n<\/tr>\n<tr style=\"height: 12.75pt;\">\n<td class=\"xl24\" style=\"height: 12.75pt;\" width=\"383\" height=\"15\">\n<ul>\n<li>K F D &#8211; Katholische Frauen Deutschlands<\/li>\n<\/ul>\n<\/td>\n<td class=\"xl25\" width=\"383\" height=\"15\"><a href=\"http:\/\/www.kfd-muenster.de\" target=\"_blank\" rel=\"noopener\">www.kfd-muenster.de<\/a><\/td>\n<\/tr>\n<tr style=\"height: 12.75pt;\">\n<td class=\"xl24\" style=\"height: 12.75pt;\" width=\"383\" height=\"15\">\n<ul>\n<li>K A B<span style=\"mso-spacerun: yes;\">\u00a0\u00a0\u00a0\u00a0 <\/span>Katholische &#8211; Arbeiter &#8211; Bewegung<\/li>\n<\/ul>\n<\/td>\n<td class=\"xl25\" width=\"383\" height=\"15\"><a href=\"http:\/\/www.kab-suedlohn.de\/\"><span style=\"font-family: Arial, sans-serif; mso-font-charset: 0;\">www.kab-suedlohn.de<\/span><\/a><\/td>\n<\/tr>\n<tr style=\"height: 12.75pt;\">\n<td class=\"xl24\" style=\"height: 12.75pt;\" width=\"383\" height=\"15\">\n<ul>\n<li>KLJB<span style=\"mso-spacerun: yes;\">\u00a0\u00a0\u00a0\u00a0 <\/span>Katholische <span lang=\"IT\" style=\"mso-ansi-language: IT;\">Landjungendbewegung<\/span><\/li>\n<\/ul>\n<\/td>\n<td class=\"xl25\" width=\"383\" height=\"15\"><span lang=\"IT\" style=\"mso-ansi-language: IT;\"><a href=\"http:\/\/www.kljb.de\/\"><span style=\"font-family: Arial, sans-serif; mso-font-charset: 0;\">www.kljb.de<\/span><\/a><\/span><\/td>\n<\/tr>\n<tr style=\"height: 12.75pt;\">\n<td class=\"xl24\" style=\"height: 12.75pt;\" width=\"383\" height=\"15\">\n<ul>\n<li>\u00d6ffentliche B\u00fccherei St. Vitus S\u00fcdlohn<\/li>\n<\/ul>\n<\/td>\n<td class=\"xl25\" width=\"383\" height=\"15\"><a href=\"http:\/\/www.buecherei-stadtlohn.de\/\"><span style=\"font-family: Arial, sans-serif; mso-font-charset: 0;\">www.buecherei-stadtlohn.de<\/span><\/a><\/td>\n<\/tr>\n<tr style=\"height: 12.75pt;\">\n<td class=\"xl24\" style=\"height: 12.75pt;\" width=\"383\" height=\"15\">\n<ul>\n<li>Henricus \u2013 Stift S\u00fcdlohn<\/li>\n<\/ul>\n<\/td>\n<td class=\"xl25\" width=\"383\" height=\"15\"><a href=\"http:\/\/www.henricus-stift.de\/\"><span style=\"font-family: Arial, sans-serif; mso-font-charset: 0;\">www.henricus-stift.de<\/span><\/a><\/td>\n<\/tr>\n<tr style=\"height: 12.75pt;\">\n<td class=\"xl24\" style=\"height: 12.75pt;\" width=\"383\" height=\"15\">\n<ul>\n<li>Haus Georg<\/li>\n<\/ul>\n<\/td>\n<td class=\"xl25\" width=\"383\" height=\"15\"><a href=\"http:\/\/www.haus-georg.de\/\"><span style=\"font-family: Arial, sans-serif; mso-font-charset: 0;\">www.haus-georg.de<\/span><\/a><\/td>\n<\/tr>\n<tr style=\"height: 12.75pt;\">\n<td class=\"xl24\" style=\"height: 12.75pt;\" width=\"383\" height=\"15\">\n<ul>\n<li>Caritasverband f\u00fcr die Dekanate Ahaus und Vreden e.V.<\/li>\n<\/ul>\n<\/td>\n<td class=\"xl25\" width=\"383\" height=\"15\"><a href=\"http:\/\/www.caritas-ahaus-vreden.de\/\"><span style=\"font-family: Arial, sans-serif; mso-font-charset: 0;\">www.caritas-ahaus-vreden.de<\/span><\/a><\/td>\n<\/tr>\n<tr style=\"height: 12.75pt;\">\n<td class=\"xl24\" style=\"height: 12.75pt;\" width=\"383\" height=\"15\">\n<ul>\n<li>Familienbildungsst\u00e4tte Borken<span style=\"mso-spacerun: yes;\">\u00a0\u00a0 <\/span>&#8211;<span style=\"mso-spacerun: yes;\">\u00a0 <\/span>katholisches Bildungsforum<\/li>\n<\/ul>\n<\/td>\n<td class=\"xl25\" width=\"383\" height=\"15\"><a href=\"http:\/\/www.fabi-borken.de\/\"><span style=\"font-family: Arial, sans-serif; mso-font-charset: 0;\">www.fabi-borken.de<\/span><\/a><\/td>\n<\/tr>\n<tr style=\"height: 12.75pt;\">\n<td class=\"xl24\" style=\"height: 12.75pt;\" width=\"383\" height=\"15\">\n<ul>\n<li>DRK<span style=\"mso-spacerun: yes;\">\u00a0 <\/span>Deutsches Rotes Kreuz i<span lang=\"IT\" style=\"mso-ansi-language: IT;\">m Kreis Borken<\/span><\/li>\n<\/ul>\n<\/td>\n<td class=\"xl25\" width=\"383\" height=\"15\"><a href=\"http:\/\/www.kr-borken.drk.de\/\"><span style=\"font-family: Arial, sans-serif; mso-font-charset: 0;\">www.kr-borken.drk.de<\/span><\/a><\/td>\n<\/tr>\n<tr style=\"height: 12.75pt;\">\n<td class=\"xl24\" style=\"height: 12.75pt;\" width=\"383\" height=\"15\">\n<ul>\n<li>Westf\u00e4lisch \u2013 Lippischer Landfrauenverband e.V. Ortsverband S\u00fcdlohn<\/li>\n<\/ul>\n<\/td>\n<td class=\"xl25\" width=\"383\" height=\"15\"><a href=\"http:\/\/www.wllv.de\/\"><span style=\"font-family: Arial, sans-serif;\">www.wllv.de<\/span><\/a><\/td>\n<\/tr>\n<tr style=\"height: 12.75pt;\">\n<td class=\"xl24\" style=\"height: 12.75pt;\" width=\"383\" height=\"15\">\n<ul>\n<li>Seniorengemeinschaft St. Vitus S\u00fcdlohn<\/li>\n<\/ul>\n<\/td>\n<td class=\"xl25\" width=\"383\" height=\"15\">N.N.<\/td>\n<\/tr>\n<tr style=\"height: 12.75pt;\">\n<td class=\"xl24\" style=\"height: 12.75pt;\" width=\"383\" height=\"15\">\n<ul>\n<li>Frauengemeinschaft St. Vitus<\/li>\n<\/ul>\n<\/td>\n<td class=\"xl25\" width=\"383\" height=\"15\">N.N.<\/td>\n<\/tr>\n<tr style=\"height: 12.75pt;\">\n<td class=\"xl24\" style=\"height: 12.75pt;\" width=\"383\" height=\"15\">\n<ul>\n<li>Treff alleinstehender Frauen S\u00fcdlohn<\/li>\n<\/ul>\n<\/td>\n<td class=\"xl25\" width=\"383\" height=\"15\">N.N.<\/td>\n<\/tr>\n<tr style=\"height: 12.75pt;\">\n<td class=\"xl24\" style=\"height: 12.75pt;\" width=\"383\" height=\"15\">\n<ul>\n<li>Kreuzbund e.V Gruppe S\u00fcdlohn<\/li>\n<\/ul>\n<\/td>\n<td class=\"xl25\" width=\"383\" height=\"15\"><a href=\"http:\/\/www.kreuzbund-dv-muenster.de \" target=\"_blank\" rel=\"noopener\">www.kreuzbund-dv-muenster.de <\/a><\/td>\n<\/tr>\n<tr style=\"height: 12.75pt;\">\n<td class=\"xl24\" style=\"height: 12.75pt;\" width=\"383\" height=\"15\">\n<ul>\n<li>Sozialverband VDK, S\u00fcdlohn<\/li>\n<\/ul>\n<\/td>\n<td class=\"xl25\" width=\"383\" height=\"15\">\u00a0N.N.<\/td>\n<\/tr>\n<tr style=\"height: 45pt; mso-height-source: userset;\">\n<td class=\"xl27\" style=\"height: 45pt;\" width=\"383\" height=\"15\">\n<h3>Schulen \/ Bildungseinrichtungen \/ \u00f6ffentliche Einrichtungen<\/h3>\n<\/td>\n<td class=\"xl24\" width=\"383\" height=\"15\"><\/td>\n<\/tr>\n<tr style=\"height: 12.75pt;\">\n<td class=\"xl24\" style=\"height: 12.75pt;\" width=\"383\" height=\"15\">\n<ul>\n<li>Roncalli \u2013 Schule Gemeinschaftshauptschule<\/li>\n<\/ul>\n<\/td>\n<td class=\"xl25\" width=\"383\" height=\"15\"><a href=\"http:\/\/www.roncalli-schule.suedlohn.de\/\"><span style=\"font-family: Arial, sans-serif; mso-font-charset: 0;\">www.roncalli-schule.suedlohn.de<\/span><\/a><\/td>\n<\/tr>\n<tr style=\"height: 12.75pt;\">\n<td class=\"xl24\" style=\"height: 12.75pt;\" width=\"383\" height=\"15\">\n<ul>\n<li>St. Vitus Grundschule S\u00fcdlohn<\/li>\n<\/ul>\n<\/td>\n<td class=\"xl25\" width=\"383\" height=\"15\"><a href=\"http:\/\/www.st.vitus-schule.suedlohn.de\/\"><span style=\"font-family: Arial, sans-serif; mso-font-charset: 0;\">www.st.vitus-schule.suedlohn.de<\/span><\/a><\/td>\n<\/tr>\n<tr style=\"height: 12.75pt;\">\n<td class=\"xl24\" style=\"height: 12.75pt;\" width=\"383\" height=\"15\">\n<ul>\n<li>von Galen Grundschule Oeding<\/li>\n<\/ul>\n<\/td>\n<td class=\"xl25\" width=\"383\" height=\"15\"><a href=\"http:\/\/www.von-galen-schule.suedlohn.de\/\"><span style=\"font-family: Arial, sans-serif; mso-font-charset: 0;\">www.von-Galen-schule.suedlohn.de<\/span><\/a><\/td>\n<\/tr>\n<tr style=\"height: 12.75pt;\">\n<td class=\"xl24\" style=\"height: 12.75pt;\" width=\"383\" height=\"15\">\n<ul>\n<li>Musikschule f\u00fcr S\u00fcdlohn \u2013 Oeding e.V.<\/li>\n<\/ul>\n<\/td>\n<td class=\"xl25\" width=\"383\" height=\"15\"><span lang=\"IT\" style=\"mso-ansi-language: IT;\"><a href=\"http:\/\/www.suedlohn.de\/\"><span style=\"font-family: Arial, sans-serif; mso-font-charset: 0;\">www.suedlohn.de<\/span><\/a><\/span><\/td>\n<\/tr>\n<tr style=\"height: 12.75pt;\">\n<td class=\"xl24\" style=\"height: 12.75pt;\" width=\"383\" height=\"15\">\n<ul>\n<li>Volkshochschule Borken<\/li>\n<\/ul>\n<\/td>\n<td class=\"xl25\" width=\"383\" height=\"15\"><a href=\"http:\/\/www.vhs.borken.de\/\"><span style=\"font-family: Arial, sans-serif; mso-font-charset: 0;\">www.vhs.borken.de<\/span><\/a><\/td>\n<\/tr>\n<tr style=\"height: 12.75pt;\">\n<td class=\"xl24\" style=\"height: 12.75pt;\" width=\"383\" height=\"15\">\n<ul>\n<li>aktuelles forum Volkshochschule Ahaus<\/li>\n<\/ul>\n<\/td>\n<td class=\"xl25\" width=\"383\" height=\"15\"><a href=\"http:\/\/www.aktuellesforum.de\/\"><span style=\"font-family: Arial, sans-serif; mso-font-charset: 0;\">www.aktuellesforum.de<\/span><\/a><\/td>\n<\/tr>\n<tr style=\"height: 12.75pt;\">\n<td class=\"xl24\" style=\"height: 12.75pt;\" width=\"383\" height=\"15\">\n<ul>\n<li>DRK Bildungswerk im Kreis Borken<\/li>\n<\/ul>\n<\/td>\n<td class=\"xl25\" width=\"383\" height=\"15\"><span lang=\"IT\"><a href=\"http:\/\/www.drk-bildungswerk.de\/\"><span style=\"font-family: Arial, sans-serif;\">www.drk-bildungswerk.de<\/span><\/a><\/span><\/td>\n<\/tr>\n<tr style=\"height: 12.75pt;\">\n<td class=\"xl24\" style=\"height: 12.75pt;\" width=\"383\" height=\"15\">\n<ul>\n<li>Familienbildungsst\u00e4tte Borken &#8211; katholisches Bildungsforum<\/li>\n<\/ul>\n<\/td>\n<td class=\"xl25\" width=\"383\" height=\"15\"><a href=\"http:\/\/www.fabi-borken.de\" target=\"_blank\" rel=\"noopener\">www.fabi-borken.de<\/a><\/td>\n<\/tr>\n<tr style=\"height: 12.75pt;\">\n<td class=\"xl24\" style=\"height: 12.75pt;\" width=\"383\" height=\"15\">\n<ul>\n<li>Verein zur F\u00f6rderung des Therapeutischen Reitens im Kreis Borken e.V.<\/li>\n<\/ul>\n<\/td>\n<td class=\"xl25\" width=\"383\" height=\"15\"><a href=\"http:\/\/www.thr-suedlohn.de\" target=\"_blank\" rel=\"noopener\">www.thr-suedlohn.de<\/a><\/td>\n<\/tr>\n<tr style=\"height: 25.5pt;\">\n<td class=\"xl27\" style=\"height: 25.5pt;\" width=\"383\" height=\"15\">\n<h3>Musik \/ Gesang \/ Tanz \/ Unterhaltung<\/h3>\n<\/td>\n<td class=\"xl24\" width=\"383\" height=\"15\"><\/td>\n<\/tr>\n<tr style=\"height: 12.75pt;\">\n<td class=\"xl24\" style=\"height: 12.75pt;\" width=\"383\" height=\"15\">\n<ul>\n<li>Musikkapelle S\u00fcdlohn e.V.<\/li>\n<\/ul>\n<\/td>\n<td class=\"xl25\" width=\"383\" height=\"15\"><a href=\"http:\/\/www.musikkapelle-suedlohn.de\/\"><span style=\"font-family: Arial, sans-serif; mso-font-charset: 0;\">www.musikkapelle-suedlohn.de<\/span><\/a><\/td>\n<\/tr>\n<tr style=\"height: 12.75pt;\">\n<td class=\"xl24\" style=\"height: 12.75pt;\" width=\"383\" height=\"15\">\n<ul>\n<li>Spielmannszug S\u00fcdlohn 1950 e.V.<\/li>\n<\/ul>\n<\/td>\n<td class=\"xl25\" width=\"383\" height=\"15\"><a href=\"http:\/\/www.spielmannszug-suedlohn.de\/\"><span style=\"font-family: Arial, sans-serif; mso-font-charset: 0;\">www.spielmannszug-suedlohn.de<\/span><\/a><\/td>\n<\/tr>\n<tr style=\"height: 12.75pt;\">\n<td class=\"xl24\" style=\"height: 12.75pt;\" width=\"383\" height=\"15\">\n<ul>\n<li>Spielmannszug Oeding 1951 e.V.<\/li>\n<\/ul>\n<\/td>\n<td class=\"xl25\" width=\"383\" height=\"15\"><a href=\"http:\/\/www.spielmannszug-oeding.de\/\"><span style=\"font-family: Arial, sans-serif;\">www.spielmannszug-oeding.de<\/span><\/a><\/td>\n<\/tr>\n<tr style=\"height: 12.75pt;\">\n<td class=\"xl24\" style=\"height: 12.75pt;\" width=\"383\" height=\"15\">\n<ul>\n<li>M\u00e4nnerchor S\u00fcdlohn 1988 e.V<\/li>\n<\/ul>\n<\/td>\n<td class=\"xl25\" width=\"383\" height=\"15\">N.N.<\/td>\n<\/tr>\n<tr style=\"height: 12.75pt;\">\n<td class=\"xl24\" style=\"height: 12.75pt;\" width=\"383\" height=\"15\">\n<ul>\n<li>Chorgemeinschaft St. Vitus S\u00fcdlohn<\/li>\n<\/ul>\n<\/td>\n<td class=\"xl25\" width=\"383\" height=\"15\">N.N.<\/td>\n<\/tr>\n<tr style=\"height: 12.75pt;\">\n<td class=\"xl24\" style=\"height: 12.75pt;\" width=\"383\" height=\"15\"><\/td>\n<td class=\"xl25\" width=\"383\" height=\"15\"><\/td>\n<\/tr>\n<tr style=\"height: 12.75pt;\">\n<td class=\"xl24\" style=\"height: 12.75pt;\" width=\"383\" height=\"15\">\n<ul>\n<li>Sound &amp; Soul &#8211; <span lang=\"EN-GB\" style=\"mso-ansi-language: EN-GB;\">der Gospelchor<\/span><\/li>\n<\/ul>\n<\/td>\n<td class=\"xl25\" width=\"383\" height=\"15\"><a href=\"http:\/\/www.soundandsoul.de\/\"><span style=\"font-family: Arial, sans-serif; mso-font-charset: 0;\">www.soundandsoul.de<\/span><\/a><\/td>\n<\/tr>\n<tr style=\"height: 12.75pt;\">\n<td class=\"xl26\" style=\"height: 12.75pt;\" width=\"383\" height=\"15\">\n<h3>Spiel \/ Sport \/ Bewegung<\/h3>\n<\/td>\n<td class=\"xl24\" width=\"383\" height=\"15\"><\/td>\n<\/tr>\n<tr style=\"height: 12.75pt;\">\n<td class=\"xl24\" style=\"height: 12.75pt;\" width=\"383\" height=\"15\">\n<ul>\n<li>Sport Club SC S\u00fcdlohn 28 e.V.<\/li>\n<\/ul>\n<\/td>\n<td class=\"xl25\" width=\"383\" height=\"15\"><span lang=\"EN-GB\" style=\"mso-ansi-language: EN-GB;\"><span lang=\"IT\" style=\"mso-ansi-language: IT;\"><a href=\"http:\/\/www.sc-28.de\/\"><span style=\"font-family: Arial, sans-serif; mso-font-charset: 0;\">www.sc-28.de<\/span><\/a><\/span><\/span><\/td>\n<\/tr>\n<tr style=\"height: 12.75pt;\">\n<td class=\"xl24\" style=\"height: 12.75pt;\" width=\"383\" height=\"15\">\n<ul>\n<li>Tennisclub Gr\u00fcn \u2013 Weiss S\u00fcdlohn e.V.<\/li>\n<\/ul>\n<\/td>\n<td class=\"xl25\" width=\"383\" height=\"15\"><a href=\"https:\/\/www.tennis-suedlohn.de\/\"><span style=\"font-family: Arial, sans-serif; mso-font-charset: 0;\">https:\/\/www.tennis-suedlohn.de\/<\/span><\/a><\/td>\n<\/tr>\n<tr style=\"height: 12.75pt;\">\n<td class=\"xl24\" style=\"height: 12.75pt;\" width=\"383\" height=\"15\">\n<ul>\n<li>S\u00fcdlohner Schachverein 1956 e.V.<\/li>\n<\/ul>\n<\/td>\n<td class=\"xl25\" width=\"383\" height=\"15\"><a href=\"http:\/\/www.ssv56.de\/\"><span style=\"font-family: Arial, sans-serif; mso-font-charset: 0;\">www.ssv56.de<\/span><\/a><\/td>\n<\/tr>\n<tr style=\"height: 12.75pt;\">\n<td class=\"xl24\" style=\"height: 12.75pt;\" width=\"383\" height=\"15\">\n<ul>\n<li>Reit \u2013 und Fahrverein S\u00fcdlohn \u2013 Oeding<\/li>\n<\/ul>\n<\/td>\n<td class=\"xl25\" width=\"383\" height=\"15\"><a href=\"http:\/\/www.rv-suedlohn-oeding.de\/\"><span style=\"font-family: Arial, sans-serif;\">www.rv-suedlohn-oeding.de<\/span><\/a><\/td>\n<\/tr>\n<tr style=\"height: 12.75pt;\">\n<td class=\"xl24\" style=\"height: 12.75pt;\" width=\"383\" height=\"15\">\n<ul>\n<li>Rot \u2013 Wei\u00df Trimbach 1973 e.V.<\/li>\n<\/ul>\n<\/td>\n<td class=\"xl25\" width=\"383\" height=\"15\"><a href=\"http:\/\/www.rot-weiss-trimbach.net\" target=\"_blank\" rel=\"noopener\">www.rot-weiss-trimbach.net<\/a><\/td>\n<\/tr>\n<tr style=\"height: 12.75pt;\">\n<td class=\"xl24\" style=\"height: 12.75pt;\" width=\"383\" height=\"15\">\n<h3>Vereine<\/h3>\n<\/td>\n<td class=\"xl25\" width=\"383\" height=\"15\"><\/td>\n<\/tr>\n<tr style=\"height: 12.75pt;\">\n<td class=\"xl24\" style=\"height: 12.75pt;\" width=\"383\" height=\"15\">\n<ul>\n<li>B\u00fcrger-Junggesellen-Companie zu S\u00fcdlohn e.V.<\/li>\n<\/ul>\n<\/td>\n<td class=\"xl25\" width=\"383\" height=\"15\">N.N.<\/td>\n<\/tr>\n<tr style=\"height: 12.75pt;\">\n<td class=\"xl24\" style=\"height: 12.75pt;\" width=\"383\" height=\"15\">\n<ul>\n<li>St. Vitus Sch\u00fctzenverein S\u00fcdlohn 1606 e.V.<\/li>\n<\/ul>\n<\/td>\n<td class=\"xl25\" width=\"383\" height=\"15\"><a href=\"http:\/\/www.schuetzenverein-suedlohn.de\" target=\"_blank\" rel=\"noopener\">www.schuetzenverein-suedlohn.de<\/a><\/td>\n<\/tr>\n<tr style=\"height: 12.75pt;\">\n<td class=\"xl24\" style=\"height: 12.75pt;\" width=\"383\" height=\"15\">\n<ul>\n<li>Allgemeiner Bauersch\u00fctzenverein S\u00fcdlohn e.V.<\/li>\n<\/ul>\n<\/td>\n<td class=\"xl25\" width=\"383\" height=\"15\"><a href=\"http:\/\/www.bauernschuetzenverein-suedlohn.de\" target=\"_blank\" rel=\"noopener\">www.bauernschuetzenverein-suedlohn.de<\/a><\/td>\n<\/tr>\n<tr style=\"height: 12.75pt;\">\n<td class=\"xl24\" style=\"height: 12.75pt;\" width=\"383\" height=\"15\">\n<ul>\n<li>Kaninchenzuchtverein S\u00fcdlohn und Umgebung e.V.<\/li>\n<\/ul>\n<\/td>\n<td class=\"xl25\" width=\"383\" height=\"15\"><a href=\"http:\/\/www.kzv-w175.de\" target=\"_blank\" rel=\"noopener\">www.kzv-w175.de<\/a><\/td>\n<\/tr>\n<tr style=\"height: 12.75pt;\">\n<td class=\"xl24\" style=\"height: 12.75pt;\" width=\"383\" height=\"15\">\n<ul>\n<li>Imkerverein S\u00fcdlohn<\/li>\n<\/ul>\n<\/td>\n<td class=\"xl25\" width=\"383\" height=\"15\"><a href=\"http:\/\/www.deutscherimkerbund.de\" target=\"_blank\" rel=\"noopener\">www.deutscherimkerbund.de<\/a><\/td>\n<\/tr>\n<tr style=\"height: 12.75pt;\">\n<td class=\"xl24\" style=\"height: 12.75pt;\" width=\"383\" height=\"15\">\n<ul>\n<li>Vogelschutz- und Liebhaberverein S\u00fcdlohn<\/li>\n<\/ul>\n<\/td>\n<td class=\"xl25\" width=\"383\" height=\"15\">N.N.<\/td>\n<\/tr>\n<tr style=\"height: 12.75pt;\">\n<td class=\"xl24\" style=\"height: 12.75pt;\" width=\"383\" height=\"15\">\n<ul>\n<li>Taubenverein &#8222;Grenzvogel&#8220; S\u00fcdlohn<\/li>\n<\/ul>\n<\/td>\n<td class=\"xl25\" width=\"383\" height=\"15\">N.N.<\/td>\n<\/tr>\n<tr style=\"height: 12.75pt;\">\n<td class=\"xl24\" style=\"height: 12.75pt;\" width=\"383\" height=\"15\">\n<ul>\n<li>Taubenverein S\u00fcdlohn 80<\/li>\n<\/ul>\n<\/td>\n<td class=\"xl25\" width=\"383\" height=\"15\">N.N.<\/td>\n<\/tr>\n<tr style=\"height: 12.75pt;\">\n<td class=\"xl24\" style=\"height: 12.75pt;\" width=\"383\" height=\"15\">\n<ul>\n<li>Kinder &#8211; Familien Karnevalsverein Rot &#8211; Wei\u00df S\u00fcdlohn e.V.<\/li>\n<\/ul>\n<\/td>\n<td class=\"xl25\" width=\"383\" height=\"15\"><a href=\"http:\/\/www.kfk-suedlohn.de\" target=\"_blank\" rel=\"noopener\">www.kfk-suedlohn.de<\/a><\/td>\n<\/tr>\n<\/tbody>\n<\/table>\n<p><span style=\"border-radius: 2px; text-indent: 20px; width: auto; padding: 0px 4px 0px 0px; text-align: center; font: bold 11px\/20px 'Helvetica Neue',Helvetica,sans-serif; color: #ffffff; background: #bd081c no-repeat scroll 3px 50% \/ 14px 14px; position: absolute; opacity: 1; z-index: 8675309; display: none; cursor: pointer;\">Merken<\/span><\/p>\n<\/div><\/section>\n","protected":false},"excerpt":{"rendered":"","protected":false},"author":1,"featured_media":0,"parent":318,"menu_order":0,"comment_status":"closed","ping_status":"closed","template":"","meta":{"footnotes":""},"class_list":["post-320","page","type-page","status-publish","hentry"],"_links":{"self":[{"href":"https:\/\/www.heimatverein-suedlohn.de\/index.php\/wp-json\/wp\/v2\/pages\/320","targetHints":{"allow":["GET"]}}],"collection":[{"href":"https:\/\/www.heimatverein-suedlohn.de\/index.php\/wp-json\/wp\/v2\/pages"}],"about":[{"href":"https:\/\/www.heimatverein-suedlohn.de\/index.php\/wp-json\/wp\/v2\/types\/page"}],"author":[{"embeddable":true,"href":"https:\/\/www.heimatverein-suedlohn.de\/index.php\/wp-json\/wp\/v2\/users\/1"}],"replies":[{"embeddable":true,"href":"https:\/\/www.heimatverein-suedlohn.de\/index.php\/wp-json\/wp\/v2\/comments?post=320"}],"version-history":[{"count":8,"href":"https:\/\/www.heimatverein-suedlohn.de\/index.php\/wp-json\/wp\/v2\/pages\/320\/revisions"}],"predecessor-version":[{"id":7381,"href":"https:\/\/www.heimatverein-suedlohn.de\/index.php\/wp-json\/wp\/v2\/pages\/320\/revisions\/7381"}],"up":[{"embeddable":true,"href":"https:\/\/www.heimatverein-suedlohn.de\/index.php\/wp-json\/wp\/v2\/pages\/318"}],"wp:attachment":[{"href":"https:\/\/www.heimatverein-suedlohn.de\/index.php\/wp-json\/wp\/v2\/media?parent=320"}],"curies":[{"name":"wp","href":"https:\/\/api.w.org\/{rel}","templated":true}]}}