{"id":12,"date":"2016-05-11T11:15:29","date_gmt":"2016-05-11T09:15:29","guid":{"rendered":"http:\/\/www.heimatverein-suedlohn.de\/neu2016\/?page_id=12"},"modified":"2026-02-28T16:49:40","modified_gmt":"2026-02-28T15:49:40","slug":"start-3-2","status":"publish","type":"page","link":"https:\/\/www.heimatverein-suedlohn.de\/","title":{"rendered":"Start"},"content":{"rendered":"<div id='full_slider_1'  class='avia-fullwidth-slider main_color avia-shadow   avia-builder-el-0  el_before_av_one_full  avia-builder-el-first   container_wrap sidebar_right'  ><div  class='avia-slideshow av-lsetuq5b-ec5f8de547df179ec8a261e894438c3c avia-slideshow-featured av_slideshow_full avia-slide-slider av-slideshow-ui av-control-default av-slideshow-autoplay av-loop-endless av-loop-manual-endless av-default-height-applied   avia-slideshow-1' data-slideshow-options=\"{&quot;animation&quot;:&quot;slide&quot;,&quot;autoplay&quot;:true,&quot;loop_autoplay&quot;:&quot;endless&quot;,&quot;interval&quot;:4,&quot;loop_manual&quot;:&quot;manual-endless&quot;,&quot;autoplay_stopper&quot;:false,&quot;noNavigation&quot;:false,&quot;bg_slider&quot;:false,&quot;keep_padding&quot;:false,&quot;hoverpause&quot;:false,&quot;show_slide_delay&quot;:0}\"  itemprop=\"image\" itemscope=\"itemscope\" itemtype=\"https:\/\/schema.org\/ImageObject\" ><ul class='avia-slideshow-inner ' style='padding-bottom: 28.666666666667%;'><li  class='avia-slideshow-slide av-lsetuq5b-ec5f8de547df179ec8a261e894438c3c__0  slide-1 slide-odd'><div data-rel='slideshow-1' class='avia-slide-wrap '   ><img decoding=\"async\" class=\"wp-image-7495 avia-img-lazy-loading-not-7495\"  src=\"https:\/\/www.heimatverein-suedlohn.de\/wp-content\/uploads\/2024\/02\/Frontbild-Kirchturm.jpg\" width=\"1500\" height=\"430\" title='Frontbild Kirchturm' alt=''  itemprop=\"thumbnailUrl\" srcset=\"https:\/\/www.heimatverein-suedlohn.de\/wp-content\/uploads\/2024\/02\/Frontbild-Kirchturm.jpg 1500w, https:\/\/www.heimatverein-suedlohn.de\/wp-content\/uploads\/2024\/02\/Frontbild-Kirchturm-300x86.jpg 300w, https:\/\/www.heimatverein-suedlohn.de\/wp-content\/uploads\/2024\/02\/Frontbild-Kirchturm-1030x295.jpg 1030w, https:\/\/www.heimatverein-suedlohn.de\/wp-content\/uploads\/2024\/02\/Frontbild-Kirchturm-768x220.jpg 768w, https:\/\/www.heimatverein-suedlohn.de\/wp-content\/uploads\/2024\/02\/Frontbild-Kirchturm-705x202.jpg 705w\" sizes=\"(max-width: 1500px) 100vw, 1500px\" \/><\/div><\/li><li  class='avia-slideshow-slide av-lsetuq5b-ec5f8de547df179ec8a261e894438c3c__1  slide-2 slide-even'><div data-rel='slideshow-1' class='avia-slide-wrap '   ><img decoding=\"async\" class=\"wp-image-7439 avia-img-lazy-loading-not-7439\"  src=\"https:\/\/www.heimatverein-suedlohn.de\/wp-content\/uploads\/2024\/02\/HsLohn08_0091-1500x430.jpg\" width=\"1500\" height=\"430\" title='HsLohn08_0091' alt=''  itemprop=\"thumbnailUrl\"   \/><\/div><\/li><li  class='avia-slideshow-slide av-lsetuq5b-ec5f8de547df179ec8a261e894438c3c__2  slide-3 slide-odd'><div data-rel='slideshow-1' class='avia-slide-wrap '   ><img decoding=\"async\" class=\"wp-image-7436 avia-img-lazy-loading-not-7436\"  src=\"https:\/\/www.heimatverein-suedlohn.de\/wp-content\/uploads\/2024\/02\/Die-Heimathuette-in-der-Abenddaemmerung1-1500x430.jpg\" width=\"1500\" height=\"430\" title='Die Heimath\u00fctte in der Abendd\u00e4mmerung1' alt=''  itemprop=\"thumbnailUrl\"   \/><\/div><\/li><li  class='avia-slideshow-slide av-lsetuq5b-ec5f8de547df179ec8a261e894438c3c__3  slide-4 slide-even'><div data-rel='slideshow-1' class='avia-slide-wrap '   ><img decoding=\"async\" class=\"wp-image-7493 avia-img-lazy-loading-not-7493\"  src=\"https:\/\/www.heimatverein-suedlohn.de\/wp-content\/uploads\/2024\/02\/Frontansicht-Muehle.jpg\" width=\"1500\" height=\"430\" title='Frontansicht-M\u00fchle' alt=''  itemprop=\"thumbnailUrl\" srcset=\"https:\/\/www.heimatverein-suedlohn.de\/wp-content\/uploads\/2024\/02\/Frontansicht-Muehle.jpg 1500w, https:\/\/www.heimatverein-suedlohn.de\/wp-content\/uploads\/2024\/02\/Frontansicht-Muehle-300x86.jpg 300w, https:\/\/www.heimatverein-suedlohn.de\/wp-content\/uploads\/2024\/02\/Frontansicht-Muehle-1030x295.jpg 1030w, https:\/\/www.heimatverein-suedlohn.de\/wp-content\/uploads\/2024\/02\/Frontansicht-Muehle-768x220.jpg 768w, https:\/\/www.heimatverein-suedlohn.de\/wp-content\/uploads\/2024\/02\/Frontansicht-Muehle-705x202.jpg 705w\" sizes=\"(max-width: 1500px) 100vw, 1500px\" \/><\/div><\/li><li  class='avia-slideshow-slide av-lsetuq5b-ec5f8de547df179ec8a261e894438c3c__4  slide-5 slide-odd'><div data-rel='slideshow-1' class='avia-slide-wrap '   ><img decoding=\"async\" class=\"wp-image-7441 avia-img-lazy-loading-not-7441\"  src=\"https:\/\/www.heimatverein-suedlohn.de\/wp-content\/uploads\/2024\/02\/StJakobus009BBX1-1500x430.jpg\" width=\"1500\" height=\"430\" title='StJakobus009BBX1' alt=''  itemprop=\"thumbnailUrl\"   \/><\/div><\/li><li  class='avia-slideshow-slide av-lsetuq5b-ec5f8de547df179ec8a261e894438c3c__5  slide-6 slide-even'><div data-rel='slideshow-1' class='avia-slide-wrap '   ><img decoding=\"async\" class=\"wp-image-7440 avia-img-lazy-loading-not-7440\"  src=\"https:\/\/www.heimatverein-suedlohn.de\/wp-content\/uploads\/2024\/02\/HvS_20171130_0031-1500x430.jpg\" width=\"1500\" height=\"430\" title='HvS_20171130_0031' alt=''  itemprop=\"thumbnailUrl\"   \/><\/div><\/li><\/ul><div class='avia-slideshow-arrows avia-slideshow-controls' ><a href='#prev' class='prev-slide ' aria-hidden='true' data-av_icon='\ue87c' data-av_iconfont='entypo-fontello'  tabindex='-1'>Zur\u00fcck<\/a><a href='#next' class='next-slide ' aria-hidden='true' data-av_icon='\ue87d' data-av_iconfont='entypo-fontello'  tabindex='-1'>Weiter<\/a><\/div><div class='avia-slideshow-dots avia-slideshow-controls'><a href='#1' class='goto-slide active' >1<\/a><a href='#2' class='goto-slide ' >2<\/a><a href='#3' class='goto-slide ' >3<\/a><a href='#4' class='goto-slide ' >4<\/a><a href='#5' class='goto-slide ' >5<\/a><a href='#6' class='goto-slide ' >6<\/a><\/div><\/div><\/div><div id='after_full_slider_1'  class='main_color av_default_container_wrap container_wrap sidebar_right'  ><div class='container av-section-cont-open' ><div class='template-page content  av-content-small alpha units'><div class='post-entry post-entry-type-page post-entry-12'><div class='entry-content-wrapper clearfix'>\n\n<style type=\"text\/css\" data-created_by=\"avia_inline_auto\" id=\"style-css-av-dampw-e7827cb1759b4d6d84012bfb31d91cbb\">\n.flex_column.av-dampw-e7827cb1759b4d6d84012bfb31d91cbb{\n-webkit-border-radius:0px 0px 0px 0px;\n-moz-border-radius:0px 0px 0px 0px;\nborder-radius:0px 0px 0px 0px;\npadding:0px 0px 0px 0px;\n}\n<\/style>\n<div class='flex_column av-dampw-e7827cb1759b4d6d84012bfb31d91cbb av_one_full  avia-builder-el-1  el_after_av_slideshow_full  el_before_av_hr  avia-builder-el-first  first flex_column_div av-zero-column-padding '     ><style type=\"text\/css\" data-created_by=\"avia_inline_auto\" id=\"style-css-av-cmq84-9f89e936af4ff553e8074c66f1e6b2f4\">\n#top .av_textblock_section.av-cmq84-9f89e936af4ff553e8074c66f1e6b2f4 .avia_textblock{\nfont-size:12px;\n}\n<\/style>\n<section  class='av_textblock_section av-cmq84-9f89e936af4ff553e8074c66f1e6b2f4'  itemscope=\"itemscope\" itemtype=\"https:\/\/schema.org\/CreativeWork\" ><div class='avia_textblock'  itemprop=\"text\" ><h1 style=\"text-align: center;\">Willkommen beim Heimatverein S\u00fcdlohn e.V.<\/h1>\n<p><span style=\"font-size: 14pt;\">Der Heimatverein S\u00fcdlohn hat sich zum Ziel gesetzt, die Besonderheiten und Traditionen unserer sch\u00f6nen lebenswerten Gemeinde zu pflegen, zu bewahren und zu f\u00f6rdern. Tradition, Gegenwart und Zukunft sollen sich sinnvoll erg\u00e4nzen. Erleben Sie die Gemeinde mit all ihren Facetten und Strukturen unter der Rubrik &#8222;\u00fcber S\u00fcdlohn&#8220; und lassen Sie sich \u00fcberraschen von der Vielf\u00e4ltigkeit.<br \/>\n<\/span><\/p>\n<p><span style=\"font-size: 14pt;\">&#8222;Nicht verwalten &#8211; sondern gestalten&#8220;, das ist unser Anspruch seit dem Gr\u00fcndungsjahr 1964. Diesem Anspruch wollen wir auch in den n\u00e4chsten Jahren gerecht werden. <\/span><\/p>\n<p><span style=\"font-size: 14pt;\">Wir laden Sie ein, Mitglied des Heimatvereins zu werden, mit Ihrem Jahresbetrag unterst\u00fctzen Sie unsere Arbeit. HERZLICH WILLKOMMEN !<br \/>\n<\/span><\/p>\n<\/div><\/section><\/div>\n\n<style type=\"text\/css\" data-created_by=\"avia_inline_auto\" id=\"style-css-av-1k704-42fa3ae8527be0d1ef948b4e76688386\">\n#top .hr.av-1k704-42fa3ae8527be0d1ef948b4e76688386{\nmargin-top:5px;\nmargin-bottom:5px;\n}\n.hr.av-1k704-42fa3ae8527be0d1ef948b4e76688386 .hr-inner{\nwidth:50px;\n}\n<\/style>\n<div  class='hr av-1k704-42fa3ae8527be0d1ef948b4e76688386 hr-custom  avia-builder-el-3  el_after_av_one_full  el_before_av_button  hr-center hr-icon-no'><span class='hr-inner inner-border-av-border-none'><span class=\"hr-inner-style\"><\/span><\/span><\/div>\n<div  class='avia-button-wrap av-lrpgajo3-0a46c4533582866caef526378509974c-wrap avia-button-center  avia-builder-el-4  el_after_av_hr  el_before_av_hr ' ><a href='https:\/\/www.heimatverein-suedlohn.de\/index.php\/ueber-uns\/heimatverein-suedlohn-e-v\/mitglied-werden\/'  class='avia-button av-lrpgajo3-0a46c4533582866caef526378509974c avia-icon_select-yes-left-icon avia-size-large avia-position-center avia-color-theme-color' ><span class='avia_button_icon avia_button_icon_left' aria-hidden='true' data-av_icon='\ue80b' data-av_iconfont='entypo-fontello'><\/span><span class='avia_iconbox_title' >Wir laden Sie ein, Mitglied des Heimatvereins zu werden....<\/span><\/a><\/div>\n\n<style type=\"text\/css\" data-created_by=\"avia_inline_auto\" id=\"style-css-av-2g9sc-ff60dae8542a599cced6718c29085589\">\n#top .hr.av-2g9sc-ff60dae8542a599cced6718c29085589{\nmargin-top:5px;\nmargin-bottom:5px;\n}\n.hr.av-2g9sc-ff60dae8542a599cced6718c29085589 .hr-inner{\nwidth:50px;\n}\n<\/style>\n<div  class='hr av-2g9sc-ff60dae8542a599cced6718c29085589 hr-custom  avia-builder-el-5  el_after_av_button  el_before_av_one_third  hr-center hr-icon-no'><span class='hr-inner inner-border-av-border-none'><span class=\"hr-inner-style\"><\/span><\/span><\/div>\n\n<style type=\"text\/css\" data-created_by=\"avia_inline_auto\" id=\"style-css-av-325io-3c4a75f40b2a1267af31aef7b81e0271\">\n.flex_column.av-325io-3c4a75f40b2a1267af31aef7b81e0271{\nborder-width:15px;\nborder-color:#ffffff;\nborder-style:solid;\n-webkit-border-radius:10px 10px 10px 10px;\n-moz-border-radius:10px 10px 10px 10px;\nborder-radius:10px 10px 10px 10px;\npadding:20px 20px 20px 20px;\nbackground-color:#ffffff;\n}\n<\/style>\n<div class='flex_column av-325io-3c4a75f40b2a1267af31aef7b81e0271 av_one_third  avia-builder-el-6  el_after_av_hr  el_before_av_one_third  first flex_column_div av-animated-generic fade-in '     ><p>\n<style type=\"text\/css\" data-created_by=\"avia_inline_auto\" id=\"style-css-av-20nwk-da1ffda1d604f5a5c18f9f4dfd035125\">\n.avia-image-container.av-20nwk-da1ffda1d604f5a5c18f9f4dfd035125 img.avia_image{\nbox-shadow:none;\n}\n.avia-image-container.av-20nwk-da1ffda1d604f5a5c18f9f4dfd035125 .av-caption-image-overlay-bg{\nopacity:0.1;\nbackground-color:#000000;\n}\n.avia-image-container.av-20nwk-da1ffda1d604f5a5c18f9f4dfd035125 .av-image-caption-overlay-center{\ncolor:#ffffff;\n}\n<\/style>\n<div  class='avia-image-container av-20nwk-da1ffda1d604f5a5c18f9f4dfd035125 av-styling- avia-align-center  avia-builder-el-7  el_before_av_textblock  avia-builder-el-first  noHover av-overlay-hover-deactivate'   itemprop=\"image\" itemscope=\"itemscope\" itemtype=\"https:\/\/schema.org\/ImageObject\" ><div class=\"avia-image-container-inner\"><div class=\"avia-image-overlay-wrap\"><a href=\"http:\/\/www.heimatverein-suedlohn.de\/wp-content\/uploads\/2025\/12\/Heimatverein-Programm-2026.pdf\" class='avia_image'  target=\"_blank\"  rel=\"noopener noreferrer\"><div class=\"av-image-caption-overlay\"><div class=\"av-caption-image-overlay-bg\"><\/div><div class=\"av-image-caption-overlay-position\"><div class=\"av-image-caption-overlay-center\"><p>Jahresprogramm 2026<\/p>\n<\/div><\/div><\/div><img decoding=\"async\" class='wp-image-6931 avia-img-lazy-loading-not-6931 avia_image ' src=\"https:\/\/www.heimatverein-suedlohn.de\/wp-content\/uploads\/2023\/03\/Heimathuette.jpg\" alt='' title='Heimath\u00fctte'  height=\"200\" width=\"200\"  itemprop=\"thumbnailUrl\" srcset=\"https:\/\/www.heimatverein-suedlohn.de\/wp-content\/uploads\/2023\/03\/Heimathuette.jpg 200w, https:\/\/www.heimatverein-suedlohn.de\/wp-content\/uploads\/2023\/03\/Heimathuette-80x80.jpg 80w, https:\/\/www.heimatverein-suedlohn.de\/wp-content\/uploads\/2023\/03\/Heimathuette-36x36.jpg 36w, https:\/\/www.heimatverein-suedlohn.de\/wp-content\/uploads\/2023\/03\/Heimathuette-180x180.jpg 180w\" sizes=\"(max-width: 200px) 100vw, 200px\" \/><\/a><\/div><\/div><\/div><br \/>\n<section  class='av_textblock_section av-1esk4-c4084e5427d82b56a97fcc8767198fcc'  itemscope=\"itemscope\" itemtype=\"https:\/\/schema.org\/CreativeWork\" ><div class='avia_textblock'  itemprop=\"text\" ><p style=\"text-align: justify;\"><span style=\"font-size: 14pt;\"><strong>Jahresprogramm<\/strong><\/span><\/p>\n<p style=\"text-align: justify;\"><span style=\"font-size: 14pt;\">Wir freuen uns auf die gemeinsamen Veranstaltungen mit Ihnen!<\/span><br \/>\n<span style=\"font-size: 14pt;\"> HERZLICH WILLKOMMEN!<\/span><\/p>\n<\/div><\/section><\/p><\/div>\n\n<style type=\"text\/css\" data-created_by=\"avia_inline_auto\" id=\"style-css-av-3ppo0-400cf0fd1be47cad7a577ec892c73277\">\n.flex_column.av-3ppo0-400cf0fd1be47cad7a577ec892c73277{\nborder-width:15px;\nborder-color:#ffffff;\nborder-style:solid;\n-webkit-border-radius:10px 10px 10px 10px;\n-moz-border-radius:10px 10px 10px 10px;\nborder-radius:10px 10px 10px 10px;\npadding:20px 20px 20px 20px;\nbackground-color:#ffffff;\n}\n<\/style>\n<div class='flex_column av-3ppo0-400cf0fd1be47cad7a577ec892c73277 av_one_third  avia-builder-el-9  el_after_av_one_third  el_before_av_one_third  flex_column_div av-animated-generic fade-in '     ><p>\n<style type=\"text\/css\" data-created_by=\"avia_inline_auto\" id=\"style-css-av-2q3n8-a6d2d79342ba171568fdbc881f44a6d5\">\n.avia-image-container.av-2q3n8-a6d2d79342ba171568fdbc881f44a6d5 img.avia_image{\nbox-shadow:none;\n}\n.avia-image-container.av-2q3n8-a6d2d79342ba171568fdbc881f44a6d5 .av-caption-image-overlay-bg{\nopacity:0.1;\nbackground-color:#000000;\n}\n.avia-image-container.av-2q3n8-a6d2d79342ba171568fdbc881f44a6d5 .av-image-caption-overlay-center{\ncolor:#ffffff;\n}\n<\/style>\n<div  class='avia-image-container av-2q3n8-a6d2d79342ba171568fdbc881f44a6d5 av-styling- avia-align-center  avia-builder-el-10  el_before_av_textblock  avia-builder-el-first  noHover av-overlay-hover-deactivate'   itemprop=\"image\" itemscope=\"itemscope\" itemtype=\"https:\/\/schema.org\/ImageObject\" ><div class=\"avia-image-container-inner\"><div class=\"avia-image-overlay-wrap\"><a href=\"http:\/\/www.heimatverein-suedlohn.de\/media\/kataloge\/heimat.html\" class='avia_image'  target=\"_blank\"  rel=\"noopener noreferrer\"><div class=\"av-image-caption-overlay\"><div class=\"av-caption-image-overlay-bg\"><\/div><div class=\"av-image-caption-overlay-position\"><div class=\"av-image-caption-overlay-center\"><p>Bl\u00e4tterbuch HEIMAT S\u00dcDLOHN<\/p>\n<\/div><\/div><\/div><img decoding=\"async\" class='wp-image-7789 avia-img-lazy-loading-not-7789 avia_image ' src=\"https:\/\/www.heimatverein-suedlohn.de\/wp-content\/uploads\/2024\/07\/Blaetterbuch-Heimat-Suedlohn.jpg\" alt='' title='Bl\u00e4tterbuch Heimat S\u00fcdlohn'  height=\"200\" width=\"200\"  itemprop=\"thumbnailUrl\" srcset=\"https:\/\/www.heimatverein-suedlohn.de\/wp-content\/uploads\/2024\/07\/Blaetterbuch-Heimat-Suedlohn.jpg 200w, https:\/\/www.heimatverein-suedlohn.de\/wp-content\/uploads\/2024\/07\/Blaetterbuch-Heimat-Suedlohn-80x80.jpg 80w, https:\/\/www.heimatverein-suedlohn.de\/wp-content\/uploads\/2024\/07\/Blaetterbuch-Heimat-Suedlohn-36x36.jpg 36w, https:\/\/www.heimatverein-suedlohn.de\/wp-content\/uploads\/2024\/07\/Blaetterbuch-Heimat-Suedlohn-180x180.jpg 180w\" sizes=\"(max-width: 200px) 100vw, 200px\" \/><\/a><\/div><\/div><\/div><br \/>\n<section  class='av_textblock_section av-lyoj10ij-d118fb31e4983df73f4f88913432d6ac'  itemscope=\"itemscope\" itemtype=\"https:\/\/schema.org\/CreativeWork\" ><div class='avia_textblock'  itemprop=\"text\" ><p style=\"text-align: justify;\"><strong><span style=\"font-size: 14pt;\">Buch HEIMAT S\u00dcDLOHN<\/span><\/strong><\/p>\n<p style=\"text-align: justify;\"><span style=\"font-size: 14pt;\">Am 13. September 2015 hat der Heimatverein dieses Buch herausgegeben, welches vergriffen ist. Die Auflage von 1.000 Exemplaren war schnell verkauft. Das Buch k\u00f6nnen Sie trotzdem lesen, hier ist es als Online-Bl\u00e4tterausgabe hinterlegt.<\/span><\/p>\n<\/div><\/section><\/p><\/div>\n\n<style type=\"text\/css\" data-created_by=\"avia_inline_auto\" id=\"style-css-av-10wy0-f758c37c2bd572268b9d7cb9ee494f0e\">\n.flex_column.av-10wy0-f758c37c2bd572268b9d7cb9ee494f0e{\nborder-width:15px;\nborder-color:#ffffff;\nborder-style:solid;\n-webkit-border-radius:10px 10px 10px 10px;\n-moz-border-radius:10px 10px 10px 10px;\nborder-radius:10px 10px 10px 10px;\npadding:20px 20px 20px 20px;\nbackground-color:#ffffff;\n}\n<\/style>\n<div class='flex_column av-10wy0-f758c37c2bd572268b9d7cb9ee494f0e av_one_third  avia-builder-el-12  el_after_av_one_third  el_before_av_hr  flex_column_div av-animated-generic fade-in '     ><p>\n<style type=\"text\/css\" data-created_by=\"avia_inline_auto\" id=\"style-css-av-lyoirenv-3ce570f635a9a32aa1621f976bee37fb\">\n.avia-image-container.av-lyoirenv-3ce570f635a9a32aa1621f976bee37fb img.avia_image{\nbox-shadow:none;\n}\n.avia-image-container.av-lyoirenv-3ce570f635a9a32aa1621f976bee37fb .av-caption-image-overlay-bg{\nopacity:0.1;\nbackground-color:#000000;\n}\n.avia-image-container.av-lyoirenv-3ce570f635a9a32aa1621f976bee37fb .av-image-caption-overlay-center{\ncolor:#ffffff;\n}\n<\/style>\n<div  class='avia-image-container av-lyoirenv-3ce570f635a9a32aa1621f976bee37fb av-styling- avia-align-center  avia-builder-el-13  el_before_av_textblock  avia-builder-el-first  noHover av-overlay-hover-deactivate'   itemprop=\"image\" itemscope=\"itemscope\" itemtype=\"https:\/\/schema.org\/ImageObject\" ><div class=\"avia-image-container-inner\"><div class=\"avia-image-overlay-wrap\"><a href=\"http:\/\/www.heimatverein-suedlohn.de\/wp-content\/uploads\/2024\/07\/Infoheft-Heimatverein-Internet-klein.pdf\" class='avia_image'  target=\"_blank\"  rel=\"noopener noreferrer\"><div class=\"av-image-caption-overlay\"><div class=\"av-caption-image-overlay-bg\"><\/div><div class=\"av-image-caption-overlay-position\"><div class=\"av-image-caption-overlay-center\"><p>Das Internet als Informationsplattform f\u00fcr S\u00fcdlohn<\/p>\n<\/div><\/div><\/div><img decoding=\"async\" class='wp-image-7788 avia-img-lazy-loading-not-7788 avia_image ' src=\"https:\/\/www.heimatverein-suedlohn.de\/wp-content\/uploads\/2024\/07\/Informationsplattform-200-200.jpg\" alt='' title='Informationsplattform 200-200'  height=\"200\" width=\"200\"  itemprop=\"thumbnailUrl\" srcset=\"https:\/\/www.heimatverein-suedlohn.de\/wp-content\/uploads\/2024\/07\/Informationsplattform-200-200.jpg 200w, https:\/\/www.heimatverein-suedlohn.de\/wp-content\/uploads\/2024\/07\/Informationsplattform-200-200-80x80.jpg 80w, https:\/\/www.heimatverein-suedlohn.de\/wp-content\/uploads\/2024\/07\/Informationsplattform-200-200-36x36.jpg 36w, https:\/\/www.heimatverein-suedlohn.de\/wp-content\/uploads\/2024\/07\/Informationsplattform-200-200-180x180.jpg 180w\" sizes=\"(max-width: 200px) 100vw, 200px\" \/><\/a><\/div><\/div><\/div><br \/>\n<section  class='av_textblock_section av-lyoj7pw6-1dcf265f1fd1fa9172994404e03e6623'  itemscope=\"itemscope\" itemtype=\"https:\/\/schema.org\/CreativeWork\" ><div class='avia_textblock'  itemprop=\"text\" ><p><strong><span style=\"font-size: 14pt;\">Brosch\u00fcre &#8222;Das Internet als Informationsplattform f\u00fcr S\u00fcdlohn<\/span><\/strong><\/p>\n<p style=\"text-align: justify;\"><span style=\"font-size: 14pt;\">Schnellzugriff: Diese Brosch\u00fcre enth\u00e4lt ein interaktives PDF-Dokument f\u00fcr viele Rubriken unserer Internetseiten. \u00dcberall da, wo die \u201eKlick-Hand\u201c eingesetzt ist, verwandelt sich der Mausanzeiger in eine Hand. Beim Anklicken \u00f6ffnet sich die entsprechende Seite.<\/span><\/p>\n<\/div><\/section><\/p><\/div>\n\n<style type=\"text\/css\" data-created_by=\"avia_inline_auto\" id=\"style-css-av-wg54-48e3f8d60a5bd5de33576a308250124c\">\n#top .hr.av-wg54-48e3f8d60a5bd5de33576a308250124c{\nmargin-top:5px;\nmargin-bottom:5px;\n}\n.hr.av-wg54-48e3f8d60a5bd5de33576a308250124c .hr-inner{\nwidth:50px;\n}\n<\/style>\n<div  class='hr av-wg54-48e3f8d60a5bd5de33576a308250124c hr-custom  avia-builder-el-15  el_after_av_one_third  avia-builder-el-last  hr-center hr-icon-no'><span class='hr-inner inner-border-av-border-none'><span class=\"hr-inner-style\"><\/span><\/span><\/div>\n","protected":false},"excerpt":{"rendered":"","protected":false},"author":1,"featured_media":0,"parent":0,"menu_order":0,"comment_status":"closed","ping_status":"closed","template":"","meta":{"footnotes":""},"class_list":["post-12","page","type-page","status-publish","hentry"],"_links":{"self":[{"href":"https:\/\/www.heimatverein-suedlohn.de\/index.php\/wp-json\/wp\/v2\/pages\/12","targetHints":{"allow":["GET"]}}],"collection":[{"href":"https:\/\/www.heimatverein-suedlohn.de\/index.php\/wp-json\/wp\/v2\/pages"}],"about":[{"href":"https:\/\/www.heimatverein-suedlohn.de\/index.php\/wp-json\/wp\/v2\/types\/page"}],"author":[{"embeddable":true,"href":"https:\/\/www.heimatverein-suedlohn.de\/index.php\/wp-json\/wp\/v2\/users\/1"}],"replies":[{"embeddable":true,"href":"https:\/\/www.heimatverein-suedlohn.de\/index.php\/wp-json\/wp\/v2\/comments?post=12"}],"version-history":[{"count":429,"href":"https:\/\/www.heimatverein-suedlohn.de\/index.php\/wp-json\/wp\/v2\/pages\/12\/revisions"}],"predecessor-version":[{"id":8032,"href":"https:\/\/www.heimatverein-suedlohn.de\/index.php\/wp-json\/wp\/v2\/pages\/12\/revisions\/8032"}],"wp:attachment":[{"href":"https:\/\/www.heimatverein-suedlohn.de\/index.php\/wp-json\/wp\/v2\/media?parent=12"}],"curies":[{"name":"wp","href":"https:\/\/api.w.org\/{rel}","templated":true}]}}