{"id":114,"date":"2016-05-12T14:01:29","date_gmt":"2016-05-12T12:01:29","guid":{"rendered":"http:\/\/www.heimatverein-suedlohn.de\/neu2016\/?page_id=114"},"modified":"2023-04-08T21:04:14","modified_gmt":"2023-04-08T19:04:14","slug":"ev-johanneskirche","status":"publish","type":"page","link":"https:\/\/www.heimatverein-suedlohn.de\/index.php\/ueber-suedlohn\/ev-johanneskirche\/","title":{"rendered":"ev. Johanneskirche"},"content":{"rendered":"<section  class='av_textblock_section av-7crq2-d47956f05c1f35d449c1f34598e356fe'  itemscope=\"itemscope\" itemtype=\"https:\/\/schema.org\/CreativeWork\" ><div class='avia_textblock'  itemprop=\"text\" ><p><!-- [if gte mso 9]><xml>\n<w:WordDocument>\n<w:View>Normal<\/w:View>\n<w:Zoom>0<\/w:Zoom>\n<w:HyphenationZone>21<\/w:HyphenationZone>\n<w:PunctuationKerning ><\/w:PunctuationKerning>\n<w:ValidateAgainstSchemas ><\/w:ValidateAgainstSchemas>\n<w:SaveIfXMLInvalid>false<\/w:SaveIfXMLInvalid>\n<w:IgnoreMixedContent>false<\/w:IgnoreMixedContent>\n<w:AlwaysShowPlaceholderText>false<\/w:AlwaysShowPlaceholderText>\n<w:Compatibility>\n<w:BreakWrappedTables ><\/w:BreakWrappedTables>\n<w:SnapToGridInCell ><\/w:SnapToGridInCell>\n<w:WrapTextWithPunct ><\/w:WrapTextWithPunct>\n<w:UseAsianBreakRules ><\/w:UseAsianBreakRules>\n<w:DontGrowAutofit ><\/w:DontGrowAutofit>\n<\/w:Compatibility>\n<w:BrowserLevel>MicrosoftInternetExplorer4<\/w:BrowserLevel>\n<\/w:WordDocument>\n<\/xml><![endif]--><!-- [if gte mso 9]><xml>\n<w:LatentStyles DefLockedState=\"false\" LatentStyleCount=\"156\">\n<\/w:LatentStyles>\n<\/xml><![endif]--><!-- [if gte mso 10]>\n\n\n\n\n\n<style>\n\/* Style Definitions *\/<br \/>table.MsoNormalTable<br \/>{mso-style-name:\"Normale Tabelle\";<br \/>mso-tstyle-rowband-size:0;<br \/>mso-tstyle-colband-size:0;<br \/>mso-style-noshow:yes;<br \/>mso-style-parent:\"\";<br \/>mso-padding-alt:0cm 5.4pt 0cm 5.4pt;<br \/>mso-para-margin:0cm;<br \/>mso-para-margin-bottom:.0001pt;<br \/>mso-pagination:widow-orphan;<br \/>font-size:10.0pt;<br \/>font-family:\"Times New Roman\";<br \/>mso-ansi-language:#0400;<br \/>mso-fareast-language:#0400;<br \/>mso-bidi-language:#0400;}<br \/><\/style>\n\n\n\n<![endif]--><\/p>\n<h2>Evangelische Johannes &#8211; Kirche<\/h2>\n<p class=\"MsoBodyText\">Sp\u00e4testens seit Mitte des 17. Jahrhunderts lebten in S\u00fcdlohn und Oeding mehrere evangelische Christen. Mit dem Beginn der preu\u00dfischen Herrschaft 1815 wurde die Zahl der Protestanten durch Verwaltungspersonal und Grenzbeamte vergr\u00f6\u00dfert. In dieser Gegend des M\u00fcnsterlandes gab es aber neben Gemen nur in Werth und Rhede evangelische Kirchengemeinden. Da die Entfernungen gro\u00df und die Wege schlecht waren, wuchs das Bed\u00fcrfnis nach einer eigenen Gemeinde. Diese wurde 1832 durch K\u00f6nig Friedrich Wilhelm III von Preu\u00dfen genehmigt und die Evangelische Kirchengemeinde Oeding gegr\u00fcndet, zu der heute noch Burlo, S\u00fcdlohn und Weseke geh\u00f6ren.<\/p>\n<p class=\"MsoBodyText\">Schon am zweiten Weihnachtstag 1822 konnte zum ersten Mal in Oeding ein evangelischer Gottesdienst gefeiert werden. Dieser wurde<span style=\"mso-spacerun: yes;\">\u00a0 <\/span>in dem alten Wirtschaftsgeb\u00e4ude des Guts Haus Oeding abgehalten, dessen Besitzer\u00a0Baron Johann Carl\u00a0von Mulert, Herr zu Oeding und zugleich Direktor der Post\u00a0in Nijmwegen. Von Mulert schenkte 1823 der Kirchengemeinde den Teil des Geb\u00e4udes, der den Andachtsraum enthielt.<\/p>\n<p class=\"MsoBodyText\">Nach dem Abbruch des alten Geb\u00e4udes 1824, errichtete die Kirchengemeinde mit tatkr\u00e4ftiger Unterst\u00fctzung des Freiherrn von Mulert die jetzt noch bestehende evangelische Kapelle. Der Grundstein wurde am 8. Mai 1824 gelegt. Am 11. August 1825 wurde das Gotteshaus eingeweiht. Es handelt sich um einen kleinen klassizistischen Saalbau und ist von den Niederlanden gepr\u00e4gt. Die schlichte zeitgen\u00f6ssische Ausstattung blieb erhalten. Im Jahre 1984 wurde die Kirche in die <a href=\"http:\/\/www.heimatverein-suedlohn.de\/index.php\/ueber-suedlohn-und-oeding\/historische-bauwerke\/denkmalliste\/\"><b>Denkmalliste der Gemeinde S\u00fcdlohn<\/b><\/a> aufgenommen.<\/p>\n<table style=\"width: 556px; height: 326px;\" border=\"0\" cellspacing=\"0\" cellpadding=\"0\">\n<tbody>\n<tr>\n<td width=\"236\"><a title=\"Die evangelische Johannes \u2013 Kirche; im Hintergrund der Burgturm und der Turm der katholischen Pfarrkirche St. Jakobus. Ansichtskarte von 1969.\" href=\"http:\/\/www.heimatverein-suedlohn.de\/media\/ueber_suedlohn\/ev\/ev1gr.jpg\"><img loading=\"lazy\" decoding=\"async\" src=\"http:\/\/www.heimatverein-suedlohn.de\/media\/ueber_suedlohn\/ev\/ev1.jpg\" alt=\"\" width=\"234\" height=\"150\" \/><\/a><\/td>\n<td width=\"4\"><\/td>\n<td width=\"308\">Die evangelische Johannes \u2013 Kirche; im Hintergrund der Burgturm und der Turm der katholischen Pfarrkirche St. Jakobus. Ansichtskarte von 1969.<\/p>\n<h6>Foto: Gemeindearchiv S\u00fcdlohn<\/h6>\n<\/td>\n<\/tr>\n<tr>\n<td width=\"236\"><\/td>\n<td width=\"4\"><\/td>\n<td width=\"308\"><\/td>\n<\/tr>\n<tr>\n<td width=\"236\"><a title=\"An der Oedinger Johannes \u2013 Kirche zeigt sich erstmals in Westfalen die von den nahen Niederlande beeinflusste Neugotik. Das evangelische Gotteshaus wurde 1825 unmittelbar an der Schlinge errichtet. Seine urspr\u00fcngliche Innenausstattung wie die historische Orgel ist zum gro\u00dfen Teil noch erhalten.\" href=\"http:\/\/www.heimatverein-suedlohn.de\/media\/ueber_suedlohn\/ev\/ev2gr.jpg\"><img loading=\"lazy\" decoding=\"async\" src=\"http:\/\/www.heimatverein-suedlohn.de\/media\/ueber_suedlohn\/ev\/ev2.jpg\" alt=\"\" width=\"99\" height=\"150\" \/><\/a><a title=\"An der Oedinger Johannes \u2013 Kirche zeigt sich erstmals in Westfalen die von den nahen Niederlande beeinflusste Neugotik. Das evangelische Gotteshaus wurde 1825 unmittelbar an der Schlinge errichtet. Seine urspr\u00fcngliche Innenausstattung wie die historische Orgel ist zum gro\u00dfen Teil noch erhalten.\" href=\"http:\/\/www.heimatverein-suedlohn.de\/media\/ueber_suedlohn\/ev\/ev3gr.jpg\"> <img loading=\"lazy\" decoding=\"async\" src=\"http:\/\/www.heimatverein-suedlohn.de\/media\/ueber_suedlohn\/ev\/ev3.jpg\" alt=\"\" width=\"99\" height=\"150\" \/><\/a><\/td>\n<td width=\"4\"><\/td>\n<td width=\"308\">An der Oedinger Johannes \u2013 Kirche zeigt sich erstmals in Westfalen die von den nahen Niederlande beeinflusste Neugotik. Das evangelische Gotteshaus wurde 1825 unmittelbar an der Schlinge errichtet. Seine urspr\u00fcngliche Innenausstattung wie die historische Orgel ist zum gro\u00dfen Teil noch erhalten.<\/p>\n<h6>Foto: Herbert Schlottbom<\/h6>\n<\/td>\n<\/tr>\n<\/tbody>\n<\/table>\n<table border=\"0\" cellspacing=\"0\" cellpadding=\"0\">\n<tbody>\n<tr>\n<td width=\"236\"><a title=\"Innenansicht der schlichten zeitgen\u00f6ssischen Ausstattung.\" href=\"http:\/\/www.heimatverein-suedlohn.de\/media\/ueber_suedlohn\/ev\/ev4gr.jpg\"><img loading=\"lazy\" decoding=\"async\" src=\"http:\/\/www.heimatverein-suedlohn.de\/media\/ueber_suedlohn\/ev\/ev4.jpg\" alt=\"\" width=\"101\" height=\"150\" \/><\/a><a title=\"Innenansicht der schlichten zeitgen\u00f6ssischen Ausstattung.\" href=\"http:\/\/www.heimatverein-suedlohn.de\/media\/ueber_suedlohn\/ev\/ev4gr.jpg\">\u00a0<\/a><\/td>\n<td width=\"4\"><\/td>\n<td width=\"308\">Innenansicht der schlichten zeitgen\u00f6ssischen Ausstattung.<\/p>\n<h6>Foto: Wolfgang Hops<\/h6>\n<\/td>\n<\/tr>\n<tr>\n<td width=\"236\"><\/td>\n<td width=\"4\"><\/td>\n<td width=\"308\"><\/td>\n<\/tr>\n<tr>\n<td width=\"236\"><a title=\"Innenansicht der schlichten zeitgen\u00f6ssischen Ausstattung.\" href=\"http:\/\/www.heimatverein-suedlohn.de\/media\/ueber_suedlohn\/ev\/ev5gr.jpg\"><img loading=\"lazy\" decoding=\"async\" src=\"http:\/\/www.heimatverein-suedlohn.de\/media\/ueber_suedlohn\/ev\/ev5.jpg\" alt=\"\" width=\"224\" height=\"150\" \/><\/a><\/td>\n<td width=\"4\"><\/td>\n<td width=\"308\">Innenansicht der schlichten zeitgen\u00f6ssischen Ausstattung.<\/p>\n<h6>Foto: Wolfgang Hops<\/h6>\n<\/td>\n<\/tr>\n<tr>\n<td width=\"236\"><\/td>\n<td width=\"4\"><\/td>\n<td width=\"308\"><\/td>\n<\/tr>\n<tr>\n<td width=\"236\"><a title=\"Schrift der ev. Kirchengemeinde\" href=\"http:\/\/www.heimatverein-suedlohn.de\/media\/ueber_suedlohn\/ev\/evgr.jpg\"><img loading=\"lazy\" decoding=\"async\" src=\"http:\/\/www.heimatverein-suedlohn.de\/media\/ueber_suedlohn\/ev\/ev.jpg\" alt=\"\" width=\"99\" height=\"150\" \/><\/a><a title=\"An der Oedinger Johannes \u2013 Kirche zeigt sich erstmals in Westfalen die von den nahen Niederlande beeinflusste Neugotik. Das evangelische Gotteshaus wurde 1825 unmittelbar an der Schlinge errichtet. Seine urspr\u00fcngliche Innenausstattung wie die historische Orgel ist zum gro\u00dfen Teil noch erhalten.\" href=\"http:\/\/www.heimatverein-suedlohn.de\/media\/ueber_suedlohn\/ev\/ev3gr.jpg\">\u00a0<\/a><\/td>\n<td width=\"4\"><\/td>\n<td width=\"308\">Im Jahre 2000 wurde das 175 \u2013 j\u00e4hrige Jubil\u00e4um der Johannes \u2013 Kirche gefeiert. Die herausgegebene Festschrift informiert ausf\u00fchrlich \u00fcber die evangelische Kirchengemeinde und die Johannes \u2013 Kirche. Die Texte zur Johannes \u2013 Kirche stammen auszugsweise aus dieser Festschrift.<\/td>\n<\/tr>\n<\/tbody>\n<\/table>\n<\/div><\/section>\n","protected":false},"excerpt":{"rendered":"","protected":false},"author":1,"featured_media":0,"parent":23,"menu_order":9,"comment_status":"closed","ping_status":"closed","template":"","meta":{"footnotes":""},"class_list":["post-114","page","type-page","status-publish","hentry"],"_links":{"self":[{"href":"https:\/\/www.heimatverein-suedlohn.de\/index.php\/wp-json\/wp\/v2\/pages\/114","targetHints":{"allow":["GET"]}}],"collection":[{"href":"https:\/\/www.heimatverein-suedlohn.de\/index.php\/wp-json\/wp\/v2\/pages"}],"about":[{"href":"https:\/\/www.heimatverein-suedlohn.de\/index.php\/wp-json\/wp\/v2\/types\/page"}],"author":[{"embeddable":true,"href":"https:\/\/www.heimatverein-suedlohn.de\/index.php\/wp-json\/wp\/v2\/users\/1"}],"replies":[{"embeddable":true,"href":"https:\/\/www.heimatverein-suedlohn.de\/index.php\/wp-json\/wp\/v2\/comments?post=114"}],"version-history":[{"count":3,"href":"https:\/\/www.heimatverein-suedlohn.de\/index.php\/wp-json\/wp\/v2\/pages\/114\/revisions"}],"predecessor-version":[{"id":7077,"href":"https:\/\/www.heimatverein-suedlohn.de\/index.php\/wp-json\/wp\/v2\/pages\/114\/revisions\/7077"}],"up":[{"embeddable":true,"href":"https:\/\/www.heimatverein-suedlohn.de\/index.php\/wp-json\/wp\/v2\/pages\/23"}],"wp:attachment":[{"href":"https:\/\/www.heimatverein-suedlohn.de\/index.php\/wp-json\/wp\/v2\/media?parent=114"}],"curies":[{"name":"wp","href":"https:\/\/api.w.org\/{rel}","templated":true}]}}