{"id":97,"date":"2016-05-12T13:49:02","date_gmt":"2016-05-12T11:49:02","guid":{"rendered":"http:\/\/www.heimatverein-suedlohn.de\/neu2016\/?page_id=97"},"modified":"2024-03-03T23:41:57","modified_gmt":"2024-03-03T22:41:57","slug":"kirchenschaetze","status":"publish","type":"page","link":"http:\/\/www.heimatverein-suedlohn.de\/index.php\/ueber-suedlohn\/st-vitus-u-st-jakobus\/st-jakobus-pfarrkirche-oeding\/kirchenschaetze\/","title":{"rendered":"Kirchensch\u00e4tze"},"content":{"rendered":"<section  class='av_textblock_section av-av_textblock-0366cc7376be6c9e82a3e9cc8987b64f'  itemscope=\"itemscope\" itemtype=\"https:\/\/schema.org\/CreativeWork\" ><div class='avia_textblock'  itemprop=\"text\" ><h2>Kirchensch\u00e4tze der St. Jakobus-Kirche<\/h2>\n<h3>Hochaltar<\/h3>\n<p style=\"text-align: justify;\"><a title=\"Der Hochaltar in der St. Jakobus-Kirche, Oeding\" href=\"http:\/\/www.heimatverein-suedlohn.de\/media\/ueber_oeding\/kirche\/hochaltar_gr.jpg\"><img loading=\"lazy\" decoding=\"async\" class=\"alignleft\" src=\"http:\/\/www.heimatverein-suedlohn.de\/media\/ueber_oeding\/kirche\/hochaltar.jpg\" alt=\"\" width=\"179\" height=\"200\" align=\"left\" hspace=\"10\" vspace=\"10\" \/><\/a>Den Mittelpunkt der Kirchenausstat\u00adtung bildet der Hochalter, der 1915 vom Bildhauer Gerhard Br\u00fcx aus Kleve f\u00fcr die neue Kirche mit ihren neuromanischen Stilelementen ge\u00adschaffen wurde und sich auf diesen be\u00adzieht. Drei runde Medaillons mit den Dar\u00adstellungen der Heiligen Dreifaltigkeit (Mitte), der Verk\u00fcndigung an Maria (links) und der Darbringung Jesu im Tempel (rechts) umrahmen im Halb\u00adrund des Altarretabels den Tabernakel und bilden besondere Blickpunkte. Das linke Bild ist vom Bibelzitat \u201eECCE VENIO UT FACIAM VO-LUNTATEM TUAM&#8220; (Heb. 10,9, Siehe, ich komme zu tun Deinen Wil\u00adlen), das rechte von einem Auszug aus dem Glaubensbekenntnis unterlegt: \u201eET INCARNATUS EST DE SPIRITO SANCTO&#8220; (Und hat Fleisch an\u00adgenommen durch den Heiligen Geist). Der Altarunterbau tr\u00e4gt zwei Schrift\u00adtafeln mit den Konsekration s werten: \u201eNEHMET UND ESSET DAVON ALLE DENN DIES IST MEIN LEIB&#8220; sowie \u201eNEHMET U TRIN\u00adKET ALLE DIES IST DER KELCH MEIN BLUTES&#8220;.<\/p>\n<h3>Kanzel<a title=\"Die Kanzel in der St. Jakobus-Kirche, Oeding\" href=\"http:\/\/www.heimatverein-suedlohn.de\/media\/ueber_oeding\/kirche\/kanzel_gr.jpg\"><img loading=\"lazy\" decoding=\"async\" class=\"alignright\" src=\"http:\/\/www.heimatverein-suedlohn.de\/media\/ueber_oeding\/kirche\/kanzel.jpg\" alt=\"\" width=\"247\" height=\"200\" align=\"right\" hspace=\"10\" vspace=\"10\" \/><\/a><\/h3>\n<p style=\"text-align: justify;\">Zu den bedeutendsten Teilen der k\u00fcnstlerischen Ausstattung der St.-Jakobus-Kirche geh\u00f6ren die Objekte, die noch aus den Vorg\u00e4ngerkirchen stammen. Zu nennen ist hier an erster Stelle die farbenpr\u00e4chtige barocke Kanzel, die sich am vorderen s\u00fcdli\u00adchen Pfeiler befindet und um 1700 entstanden ist. Sie war nach Notizen des damaligen K\u00fcsters Garrit Hoeper am 21. M\u00e4rz 1768 von ihm selbst aus der Schlosskapelle in die neu gebaute Missionskapelle \u00fcberf\u00fchrt worden.<br \/>\nDer Kanzelkorb zeigt in Muschel\u00adnischen die vier ganzfigurigen Evange\u00adlisten mit ihren Attributen Mensch, L\u00f6we, Stier und Adler, die ebenso wie einige Ornamente von Blattgold \u00fcber\u00adzogen sind. Der zur Kanzel geh\u00f6rige Schalldeckel wurde 1957 entfernt. Er\u00adhalten blieb lediglich eine Taube.<\/p>\n<p style=\"text-align: justify;\"><a title=\"Evangelisten\" href=\"http:\/\/www.heimatverein-suedlohn.de\/media\/ueber_oeding\/kirche\/evangelisten_gr.jpg\"><img decoding=\"async\" style=\"width: 746px; height: 266px;\" src=\"http:\/\/www.heimatverein-suedlohn.de\/media\/ueber_oeding\/kirche\/evangelisten_gr.jpg\" alt=\"\" \/><\/a><\/p>\n<h2>Turmkapelle mit Taufbecken<\/h2>\n<table style=\"width: 665px; height: 246px;\" border=\"0\" cellspacing=\"0\" cellpadding=\"0\">\n<tbody>\n<tr>\n<td width=\"277\"><a title=\"Turmkapelle mit Taufbecken\" href=\"http:\/\/www.heimatverein-suedlohn.de\/media\/ueber_oeding\/kirche\/turmkapelle_gr.jpg\"><img decoding=\"async\" style=\"width: 135px; height: 102px;\" src=\"http:\/\/www.heimatverein-suedlohn.de\/media\/ueber_oeding\/kirche\/turmkapelle.jpg\" alt=\"\" \/><\/a><\/td>\n<td style=\"text-align: justify;\" width=\"382\">Das von Bernd Meyer 1911 geschaffen, mit floralen Motiven verzierte, pokalf\u00f6rmige Tauf\u00adbecken (\u201eQuelle des Lebens&#8220;)kehrte 1982 ebenso wie das barocke Altarbild in die neu gestaltete Turmkapelle zur\u00fcck.<\/td>\n<\/tr>\n<tr>\n<td width=\"277\"><\/td>\n<td width=\"382\"><\/td>\n<\/tr>\n<tr>\n<td width=\"277\"><a title=\"Altarbild\" href=\"http:\/\/www.heimatverein-suedlohn.de\/media\/ueber_oeding\/kirche\/altarbild_gr.jpg\"><img loading=\"lazy\" decoding=\"async\" src=\"http:\/\/www.heimatverein-suedlohn.de\/media\/ueber_oeding\/kirche\/altarbild.jpg\" alt=\"\" width=\"136\" height=\"200\" \/><\/a><\/td>\n<td width=\"382\">Das Altarbild stand schon in der Missinonskapelle<br \/>\nund ist aus dem 18. Jahrhundert<\/td>\n<\/tr>\n<\/tbody>\n<\/table>\n<h3>Fensterbilder in der Turmkapelle<\/h3>\n<table style=\"width: 665px; height: 246px;\" border=\"0\" cellspacing=\"0\" cellpadding=\"0\">\n<tbody>\n<tr>\n<td width=\"277\"><a title=\"Verk\u00fcndigung Mariens \" href=\"http:\/\/www.heimatverein-suedlohn.de\/media\/ueber_oeding\/kirche\/fensterbild1_gr.jpg\"><img loading=\"lazy\" decoding=\"async\" src=\"http:\/\/www.heimatverein-suedlohn.de\/media\/ueber_oeding\/kirche\/fensterbild1.jpg\" alt=\"\" width=\"187\" height=\"200\" \/><\/a><\/td>\n<td style=\"text-align: justify;\" width=\"382\">Verk\u00fcndigung Mariens<\/td>\n<\/tr>\n<tr>\n<td width=\"277\"><\/td>\n<td width=\"382\"><\/td>\n<\/tr>\n<tr>\n<td width=\"277\"><a title=\"Die Geburt Christi \" href=\"http:\/\/www.heimatverein-suedlohn.de\/media\/ueber_oeding\/kirche\/fensterbild2_gr.jpg\"><img loading=\"lazy\" decoding=\"async\" src=\"http:\/\/www.heimatverein-suedlohn.de\/media\/ueber_oeding\/kirche\/fensterbild2.jpg\" alt=\"\" width=\"187\" height=\"200\" \/><\/a><\/td>\n<td width=\"382\">Die Geburt Christi<br \/>\nKrippe in Bethlehem<\/td>\n<\/tr>\n<\/tbody>\n<\/table>\n<h3>Fensterbilder an der Westseite der Pfarrkirche von innen<\/h3>\n<p style=\"text-align: justify;\"><a title=\"Fensterbilder an der Westseite\" href=\"http:\/\/www.heimatverein-suedlohn.de\/media\/ueber_oeding\/kirche\/fensterbild3_gr.jpg\"><img loading=\"lazy\" decoding=\"async\" class=\"alignleft\" src=\"http:\/\/www.heimatverein-suedlohn.de\/media\/ueber_oeding\/kirche\/fensterbild3.jpg\" alt=\"\" width=\"152\" height=\"200\" align=\"left\" hspace=\"10\" vspace=\"10\" \/><\/a><a title=\"Fensterbilder an der Westseite\" href=\"http:\/\/www.heimatverein-suedlohn.de\/media\/ueber_oeding\/kirche\/fensterbild4_gr.jpg\"><img loading=\"lazy\" decoding=\"async\" class=\"alignleft\" src=\"http:\/\/www.heimatverein-suedlohn.de\/media\/ueber_oeding\/kirche\/fensterbild4.jpg\" alt=\"\" width=\"276\" height=\"200\" align=\"left\" hspace=\"10\" vspace=\"10\" \/><\/a><a title=\"Fensterbilder an der Westseite\" href=\"http:\/\/www.heimatverein-suedlohn.de\/media\/ueber_oeding\/kirche\/fensterbild5_gr.jpg\"><img loading=\"lazy\" decoding=\"async\" class=\"alignleft\" src=\"http:\/\/www.heimatverein-suedlohn.de\/media\/ueber_oeding\/kirche\/fensterbild5.jpg\" alt=\"\" width=\"143\" height=\"200\" align=\"left\" hspace=\"10\" vspace=\"10\" \/><\/a>Entsprechend der \u00fcberlieferten Vor\u00adstellung, nach der der Westen als Sitz des Todes und des B\u00f6sen galt, wurde oben in der Westfassade in einem gro\u00dfen Rundfenster die Kreuzigung Jesu in romanischer Tradition darge\u00adstellt. Diese wird in H\u00f6he des Kapitell\u00adfrieses von zwei Rundbogenfenstern mit einer \u00d6lberg- sowie eine Kreuz\u00adabnahmeszene links und rechts flan\u00adkiert.<\/p>\n<h3>Fensterbilder an der Nordseite<\/h3>\n<table style=\"width: 803px; height: 282px;\" border=\"0\" cellspacing=\"0\" cellpadding=\"0\">\n<tbody>\n<tr>\n<td width=\"151\"><a title=\"Fensterbilder heilige Familie\" href=\"http:\/\/www.heimatverein-suedlohn.de\/media\/ueber_oeding\/kirche\/fensterbild6_gr.jpg\"><img loading=\"lazy\" decoding=\"async\" src=\"http:\/\/www.heimatverein-suedlohn.de\/media\/ueber_oeding\/kirche\/fensterbild6.jpg\" alt=\"\" width=\"140\" height=\"200\" \/><\/a><\/td>\n<td width=\"170\"><a title=\"hl. Aloysius\" href=\"http:\/\/www.heimatverein-suedlohn.de\/media\/ueber_oeding\/kirche\/fensterbild7_gr.jpg\"><img loading=\"lazy\" decoding=\"async\" src=\"http:\/\/www.heimatverein-suedlohn.de\/media\/ueber_oeding\/kirche\/fensterbild7.jpg\" alt=\"\" width=\"157\" height=\"200\" \/><\/a><\/td>\n<td width=\"130\"><a title=\"hl. Jakobus\" href=\"http:\/\/www.heimatverein-suedlohn.de\/media\/ueber_oeding\/kirche\/fensterbild8_gr.jpg\"><img loading=\"lazy\" decoding=\"async\" src=\"http:\/\/www.heimatverein-suedlohn.de\/media\/ueber_oeding\/kirche\/fensterbild8.jpg\" alt=\"\" width=\"110\" height=\"200\" \/><\/a><\/td>\n<td width=\"342\">\n<p style=\"margin-bottom: 0cm;\"><a href=\"http:\/\/www.heimatverein-suedlohn.de\/media\/ueber_oeding\/kirche\/Kurzbeschreibung%20vild.pdf\" target=\"_blank\" rel=\"noopener\"><span style=\"color: #0000ff;\"><u><img loading=\"lazy\" decoding=\"async\" class=\"alignleft\" src=\"http:\/\/www.heimatverein-suedlohn.de\/media\/pdficon.gif\" alt=\"\" width=\"30\" height=\"28\" \/><\/u><\/span><\/a><a href=\"http:\/\/www.heimatverein-suedlohn.de\/media\/ueber_oeding\/kirche\/Kurzbeschreibung%20vild.pdf\" target=\"_blank\" rel=\"noopener\"><span style=\"color: #0000ff;\"><u>Kurzgeschichte des Jakobus-Fensterbildes<\/u><\/span><\/a><\/p>\n<\/td>\n<\/tr>\n<tr>\n<td style=\"text-align: center;\" width=\"151\">Fensterbilder<br \/>\nhl. Familie<\/td>\n<td width=\"170\">hl. Aloysius<\/td>\n<td width=\"130\">hl. Jakobus<\/p>\n<p style=\"margin-bottom: 0cm;\">\n<\/td>\n<td width=\"342\"><\/td>\n<\/tr>\n<\/tbody>\n<\/table>\n<h3>Fensterbilder an der S\u00fcdseite<\/h3>\n<div>\n<table style=\"width: 347px; height: 282px;\" border=\"0\" cellspacing=\"0\" cellpadding=\"0\">\n<tbody>\n<tr>\n<td width=\"165\"><a title=\"Fensterbilder an der S\u00fcdseite\" href=\"http:\/\/www.heimatverein-suedlohn.de\/media\/ueber_oeding\/kirche\/fensterbild9_gr.jpg\"><img loading=\"lazy\" decoding=\"async\" src=\"http:\/\/www.heimatverein-suedlohn.de\/media\/ueber_oeding\/kirche\/fensterbild9.jpg\" alt=\"\" width=\"161\" height=\"200\" \/><\/a><\/td>\n<td width=\"176\"><a title=\"Fensterbilder an der S\u00fcdseite\" href=\"http:\/\/www.heimatverein-suedlohn.de\/media\/ueber_oeding\/kirche\/fensterbild10_gr.jpg\"><img loading=\"lazy\" decoding=\"async\" src=\"http:\/\/www.heimatverein-suedlohn.de\/media\/ueber_oeding\/kirche\/fensterbild10.jpg\" alt=\"\" width=\"161\" height=\"200\" \/><\/a><\/td>\n<\/tr>\n<tr>\n<td style=\"text-align: center;\" width=\"165\">\n<p style=\"margin-bottom: 0cm; text-align: left;\">hl. Elisabeth von T\u00fchringen<\/p>\n<\/td>\n<td width=\"176\">hl. Agnes<\/td>\n<\/tr>\n<\/tbody>\n<\/table>\n<p>Die \u00dcberwindung des Todes symboli\u00adsiert Jesus in der Haltung des Pantokrator oder Weltenherrschers auf der gegen\u00fcberliegenden Seite in der Apsis der Kirche, umgeben von sechs Fens\u00adtern mit Darstellungen der Apostel und den teilweise vor ihnen sitzenden Evangelisten. Von Nord nach S\u00fcd er\u00adkennt man Jakobus d. J., Thomas und Philippus, gefolgt von Jakobus d. \u00c4. mit dem Evangelisten Matth\u00e4us und dem Apostel Paulus mit dem Evange\u00adlisten Markus. Auf Christus folgen im S\u00fcden der Apostel Simon Petrus mit dem Evangelisten Lukas, Andreas mit dem Evangelisten Johannes sowie die drei Apostel Thadd\u00e4us, Bartholom\u00e4us und Simon.<\/p>\n<table style=\"height: 91px;\" border=\"0\" width=\"629\" cellspacing=\"0\" cellpadding=\"0\">\n<tbody>\n<tr>\n<td width=\"277\">\n<h2><a title=\"Fensterbilder an der S\u00fcdseite\" href=\"http:\/\/www.heimatverein-suedlohn.de\/media\/ueber_oeding\/kirche\/fensterbild11_gr.jpg\"><img loading=\"lazy\" decoding=\"async\" src=\"http:\/\/www.heimatverein-suedlohn.de\/media\/ueber_oeding\/kirche\/fensterbild11.jpg\" alt=\"\" width=\"115\" height=\"160\" align=\"left\" hspace=\"10\" vspace=\"10\" \/><\/a><\/h2>\n<h2><\/h2>\n<\/td>\n<td width=\"382\">\n<h2><a title=\"Fensterbilder an der S\u00fcdseite\" href=\"http:\/\/www.heimatverein-suedlohn.de\/media\/ueber_oeding\/kirche\/fensterbild12_gr.jpg\"><img loading=\"lazy\" decoding=\"async\" src=\"http:\/\/www.heimatverein-suedlohn.de\/media\/ueber_oeding\/kirche\/fensterbild12.jpg\" alt=\"\" width=\"412\" height=\"160\" align=\"left\" hspace=\"10\" vspace=\"10\" \/><\/a><\/h2>\n<\/td>\n<td width=\"382\">\n<h2><a title=\"Fensterbilder an der S\u00fcdseite\" href=\"http:\/\/www.heimatverein-suedlohn.de\/media\/ueber_oeding\/kirche\/fensterbild13_gr.jpg\"><img loading=\"lazy\" decoding=\"async\" src=\"http:\/\/www.heimatverein-suedlohn.de\/media\/ueber_oeding\/kirche\/fensterbild13.jpg\" alt=\"\" width=\"124\" height=\"160\" hspace=\"10\" vspace=\"10\" \/><\/a><\/h2>\n<\/td>\n<\/tr>\n<\/tbody>\n<\/table>\n<h2><\/h2>\n<h2><\/h2>\n<\/div>\n<div><\/div>\n<div>\n<h3>Weitere Kirchensch\u00e4tze in der St. Jakobus Kirche in Oeding<\/h3>\n<\/div>\n<div>\n<table style=\"width: 689px; height: 362px;\" border=\"0\" cellspacing=\"0\" cellpadding=\"0\">\n<tbody>\n<tr>\n<td width=\"150\"><a title=\"Relief des hl. Aloysius von Bernhard Meyer\" href=\"http:\/\/www.heimatverein-suedlohn.de\/media\/ueber_oeding\/kirche\/relief_gr.jpg\"><img loading=\"lazy\" decoding=\"async\" src=\"http:\/\/www.heimatverein-suedlohn.de\/media\/ueber_oeding\/kirche\/relief.jpg\" alt=\"\" width=\"147\" height=\"200\" \/><\/a><\/td>\n<td style=\"text-align: center;\" width=\"118\"><a title=\"hl. Josef stand bis 1968 in der ehemaligen Wegestation an der Jakobistrasse\" href=\"http:\/\/www.heimatverein-suedlohn.de\/media\/ueber_oeding\/kirche\/heiligerjosef.jpg\"><img loading=\"lazy\" decoding=\"async\" src=\"http:\/\/www.heimatverein-suedlohn.de\/media\/ueber_oeding\/kirche\/heiligerjosef.jpg\" alt=\"\" width=\"81\" height=\"200\" \/><\/a><\/td>\n<td width=\"257\"><a title=\"ehemalige Wegestation \" href=\"http:\/\/www.heimatverein-suedlohn.de\/media\/ueber_oeding\/kirche\/wegebild.jpg\"><img loading=\"lazy\" decoding=\"async\" src=\"http:\/\/www.heimatverein-suedlohn.de\/media\/ueber_oeding\/kirche\/wegebild.jpg\" alt=\"\" width=\"254\" height=\"200\" \/><\/a><\/td>\n<td style=\"text-align: center;\" width=\"153\"><a title=\"Jesus Korpus vom ehemaligen Wegekreuz am Ottenstapler Weg, Ende des 18. Jahrhundert. Der Holzkorpus wurde 1985 restauriert und in der Kirche aufgestellt.\" href=\"http:\/\/www.heimatverein-suedlohn.de\/media\/ueber_oeding\/kirche\/korpus_gr.jpg\"><img loading=\"lazy\" decoding=\"async\" src=\"http:\/\/www.heimatverein-suedlohn.de\/media\/ueber_oeding\/kirche\/korpus.jpg\" alt=\"\" width=\"150\" height=\"200\" \/><\/a><\/td>\n<\/tr>\n<tr>\n<td style=\"text-align: center;\" width=\"150\">\n<p style=\"margin-bottom: 0cm;\">Relief des hl. Aloysius von Bernhard Meyer<\/p>\n<\/td>\n<td style=\"text-align: center;\" width=\"118\">\n<p style=\"margin-bottom: 0cm;\">hl. Josef stand bis 1968 in der ehemaligen Wegestation an der Jakobistrasse<\/p>\n<\/td>\n<td width=\"257\">\n<p style=\"margin-bottom: 0cm; text-align: center;\">ehemalige Wegestation<\/p>\n<p style=\"text-align: center;\">\n<\/td>\n<td style=\"text-align: center;\" width=\"153\">Jesus Korpus vom ehemaligen Wegekreuz am Ottenstapler Weg, Ende des 18. Jahrhundert.<br \/>\nDer Holzkorpus wurde 1985 restauriert und in der Kirche aufgestellt.<\/td>\n<\/tr>\n<\/tbody>\n<\/table>\n<h3><\/h3>\n<table style=\"width: 849px; height: 346px;\" border=\"0\" cellspacing=\"0\" cellpadding=\"0\">\n<tbody>\n<tr>\n<td style=\"text-align: left;\" width=\"148\"><a title=\"h\u00f6lzerne Pieta, der Leichnam Jesu ruht auf dem rechten Knie seiner Mutter \" href=\"http:\/\/www.heimatverein-suedlohn.de\/media\/ueber_oeding\/kirche\/pieta_gr.jpg\"><img loading=\"lazy\" decoding=\"async\" src=\"http:\/\/www.heimatverein-suedlohn.de\/media\/ueber_oeding\/kirche\/pieta.jpg\" alt=\"\" width=\"137\" height=\"200\" \/><\/a><\/td>\n<td style=\"text-align: center;\" width=\"257\"><a title=\"Mutter Anna mit Maria wurde Mitte der 1980er Jahre vom damaligen Pfarrer Karl Bayer erworben\" href=\"http:\/\/www.heimatverein-suedlohn.de\/media\/ueber_oeding\/kirche\/mutteranna_gr.jpg\"><img loading=\"lazy\" decoding=\"async\" src=\"http:\/\/www.heimatverein-suedlohn.de\/media\/ueber_oeding\/kirche\/mutteranna.jpg\" alt=\"\" width=\"140\" height=\"200\" \/><\/a><\/td>\n<td style=\"text-align: center;\" width=\"280\"><a title=\"Hl. Jakobus (Schutzpatron der Kirche) und die hl. Ida wurden von Heinrich Ludwig Hessing aus Oeding um 1900 geschaffen\" href=\"http:\/\/www.heimatverein-suedlohn.de\/media\/ueber_oeding\/kirche\/heiligerjakobus_gr.jpg\"><img loading=\"lazy\" decoding=\"async\" src=\"http:\/\/www.heimatverein-suedlohn.de\/media\/ueber_oeding\/kirche\/heiligerjakobus.jpg\" alt=\"\" width=\"110\" height=\"200\" \/><\/a><a title=\"Hl. Jakobus (Schutzpatron der Kirche) und die hl. Ida wurden von Heinrich Ludwig Hessing aus Oeding um 1900 geschaffen\" href=\"http:\/\/www.heimatverein-suedlohn.de\/media\/ueber_oeding\/kirche\/heiligeida_gr.jpg\"> <img loading=\"lazy\" decoding=\"async\" src=\"http:\/\/www.heimatverein-suedlohn.de\/media\/ueber_oeding\/kirche\/heiligeida.jpg\" alt=\"\" width=\"130\" height=\"200\" \/><\/a><\/td>\n<td style=\"text-align: center;\" width=\"154\"><\/td>\n<\/tr>\n<tr>\n<td style=\"text-align: center;\" width=\"148\">\n<p style=\"margin-bottom: 0cm;\">h\u00f6lzerne Pieta, der Leichnam Jesu ruht auf dem rechten Knie seiner Mutter<\/p>\n<p style=\"margin-bottom: 0cm;\">2. H\u00e4lfte des 18. Jahrhundert<\/p>\n<\/td>\n<td style=\"text-align: center;\" width=\"257\">\n<p style=\"margin-bottom: 0cm;\">Mutter Anna mit Maria wurde Mitte der 1980er Jahre vom damaligen Pfarrer Karl Bayer erworben<\/p>\n<\/td>\n<td width=\"280\">\n<p style=\"margin-bottom: 0cm; text-align: center;\">Hl. Jakobus (Schutzpatron der Kirche) und die hl. Ida wurden von Heinrich Ludwig Hessing aus Oeding um 1900 geschaffen<\/p>\n<\/td>\n<td style=\"text-align: center;\" width=\"154\"><\/td>\n<\/tr>\n<\/tbody>\n<\/table>\n<h3><\/h3>\n<table style=\"width: 849px; height: 346px;\" border=\"0\" cellspacing=\"0\" cellpadding=\"0\">\n<tbody>\n<tr>\n<td style=\"text-align: left;\" width=\"302\"><a title=\"Gedenkst\u00e4tte f\u00fcr die gefallenen Soldaten Oedings beider Weltkriege\" href=\"http:\/\/www.heimatverein-suedlohn.de\/media\/ueber_oeding\/kirche\/gedenkstaette_gr.jpg\"><img loading=\"lazy\" decoding=\"async\" src=\"http:\/\/www.heimatverein-suedlohn.de\/media\/ueber_oeding\/kirche\/gedenkstaette.jpg\" alt=\"\" width=\"267\" height=\"200\" \/><\/a><\/td>\n<td style=\"text-align: center;\" width=\"413\"><a title=\"Die Mondsichelmadonna eine farbige Darstellung der Himmelsk\u00f6nigin des 19. Jahrhunderts, sie stand schon in der Missionskapelle am Burgring\" href=\"http:\/\/www.heimatverein-suedlohn.de\/media\/ueber_oeding\/kirche\/madonna_gr.jpg\"><img loading=\"lazy\" decoding=\"async\" src=\"http:\/\/www.heimatverein-suedlohn.de\/media\/ueber_oeding\/kirche\/madonna.jpg\" alt=\"\" width=\"109\" height=\"200\" \/> <\/a><a title=\"Die Mondsichelmadonna eine farbige Darstellung der Himmelsk\u00f6nigin des 19. Jahrhunderts, sie stand schon in der Missionskapelle am Burgring\" href=\"http:\/\/www.heimatverein-suedlohn.de\/media\/ueber_oeding\/kirche\/missionskapelle2_gr.jpg\"><img loading=\"lazy\" decoding=\"async\" src=\"http:\/\/www.heimatverein-suedlohn.de\/media\/ueber_oeding\/kirche\/missionskapelle2.jpg\" alt=\"\" width=\"249\" height=\"200\" \/><\/a><\/td>\n<td style=\"text-align: center;\" width=\"126\"><\/td>\n<\/tr>\n<tr>\n<td style=\"text-align: center;\" width=\"302\">\n<p style=\"margin-bottom: 0cm;\">Gedenkst\u00e4tte f\u00fcr die gefallenen Soldaten Oedings beider Weltkriege<\/p>\n<\/td>\n<td style=\"text-align: center;\" width=\"413\">\n<p style=\"margin-bottom: 0cm;\">Die Mondsichelmadonna eine farbige Darstellung der Himmelsk\u00f6nigin des 19. Jahrhunderts, sie stand schon in der Missionskapelle am Burgring<\/p>\n<\/td>\n<td style=\"text-align: center;\" width=\"126\"><\/td>\n<\/tr>\n<\/tbody>\n<\/table>\n<h3><\/h3>\n<table style=\"width: 734px; height: 381px;\" border=\"0\" cellspacing=\"0\" cellpadding=\"0\">\n<tbody>\n<tr>\n<td width=\"172\"><a title=\"Maria als Himmelsk\u00f6nigin mit Kind auf dem linken Arm und dem Zepter in der rechten Hand, das Standbild wurde von Pfarrer Karl Bayer erworben\" href=\"http:\/\/www.heimatverein-suedlohn.de\/media\/ueber_oeding\/kirche\/heiligemaria.jpg\"><img loading=\"lazy\" decoding=\"async\" src=\"http:\/\/www.heimatverein-suedlohn.de\/media\/ueber_oeding\/kirche\/heiligemaria.jpg\" alt=\"\" width=\"112\" height=\"200\" \/><\/a><\/td>\n<td style=\"text-align: center;\" width=\"186\"><a title=\"Madonna im ehemaligen linken Seitenaltar ist 1964 angeschafft worden, geschaffen von Gertrud B\u00fcscher-Eilert aus Horstmar\" href=\"http:\/\/www.heimatverein-suedlohn.de\/media\/ueber_oeding\/kirche\/madonnaseitenaltar_gr.jpg\"><img loading=\"lazy\" decoding=\"async\" src=\"http:\/\/www.heimatverein-suedlohn.de\/media\/ueber_oeding\/kirche\/madonnaseitenaltar.jpg\" alt=\"\" width=\"142\" height=\"200\" \/><\/a><\/td>\n<td width=\"179\"><a title=\"Kronleuchter Ende 18. Jahrhundert\" href=\"http:\/\/www.heimatverein-suedlohn.de\/media\/ueber_oeding\/kirche\/kronleuchter_gr.jpg\"><img loading=\"lazy\" decoding=\"async\" src=\"http:\/\/www.heimatverein-suedlohn.de\/media\/ueber_oeding\/kirche\/kronleuchter.jpg\" alt=\"\" width=\"179\" height=\"200\" \/><\/a><\/td>\n<td style=\"text-align: center;\" width=\"186\"><a title=\"Kreuzweg 1. Station \" href=\"http:\/\/www.heimatverein-suedlohn.de\/media\/ueber_oeding\/kirche\/kreuzweg_gr.jpg\"><img loading=\"lazy\" decoding=\"async\" src=\"http:\/\/www.heimatverein-suedlohn.de\/media\/ueber_oeding\/kirche\/kreuzweg.jpg\" alt=\"\" width=\"143\" height=\"200\" \/><\/a><\/td>\n<\/tr>\n<tr>\n<td style=\"text-align: center;\" width=\"172\">\n<p style=\"margin-bottom: 0cm;\">Maria als Himmelsk\u00f6nigin mit Kind auf dem linken Arm und dem Zepter in der rechten Hand, das Standbild wurde von Pfarrer Karl Bayer erworben<\/p>\n<\/td>\n<td style=\"text-align: center;\" width=\"186\">\n<p style=\"margin-bottom: 0cm;\">Madonna im ehemaligen linken Seitenaltar ist 1964 angeschafft worden, geschaffen von Gertrud B\u00fcscher-Eilert aus Horstmar<\/p>\n<\/td>\n<td width=\"179\">\n<p style=\"text-align: center;\">Kronleuchter Ende des 18. Jahrhundert<\/p>\n<\/td>\n<td style=\"text-align: center;\" width=\"186\">\n<p style=\"margin-bottom: 0cm;\">Kreuzweg 1. Station<\/p>\n<p style=\"margin-bottom: 0cm;\"><a href=\"[wblink159]\"><span style=\"color: #0000ff;\"><u>Kreuzweg alle Stationen<\/u><\/span><\/a><\/p>\n<\/td>\n<\/tr>\n<\/tbody>\n<\/table>\n<h3><img decoding=\"async\" style=\"width: 93px; height: 131px;\" src=\"http:\/\/www.heimatverein-suedlohn.de\/media\/ueber_oeding\/kirche\/broschuere.jpg\" alt=\"\" align=\"left\" hspace=\"10\" vspace=\"10\" \/><\/h3>\n<\/div>\n<div>Quelle:<\/div>\n<p><span style=\"font-size: 8px;\">Texte zum Teil aus der Brosch\u00fcre St. Jakobus Oeding<br \/>\n\u00a9 Westf\u00e4lische Kunstst\u00e4tten, Heft 111: St. Jakobus in Oeding. Herausgeber: Westf\u00e4lischer Heimatbund, Kaiser-Wilhclm-Ring 3,48145 M\u00fcnster, in Verbindung mit LWL &#8211; Denkmalpflege, Landschafts- und Bau\u00adkultur in Westfalen, M\u00fcnster 2012.<br \/>\nISSN 0930-3952<\/span><\/p>\n<\/div><\/section>\n","protected":false},"excerpt":{"rendered":"","protected":false},"author":1,"featured_media":0,"parent":86,"menu_order":20,"comment_status":"closed","ping_status":"closed","template":"","meta":{"footnotes":""},"class_list":["post-97","page","type-page","status-publish","hentry"],"_links":{"self":[{"href":"http:\/\/www.heimatverein-suedlohn.de\/index.php\/wp-json\/wp\/v2\/pages\/97","targetHints":{"allow":["GET"]}}],"collection":[{"href":"http:\/\/www.heimatverein-suedlohn.de\/index.php\/wp-json\/wp\/v2\/pages"}],"about":[{"href":"http:\/\/www.heimatverein-suedlohn.de\/index.php\/wp-json\/wp\/v2\/types\/page"}],"author":[{"embeddable":true,"href":"http:\/\/www.heimatverein-suedlohn.de\/index.php\/wp-json\/wp\/v2\/users\/1"}],"replies":[{"embeddable":true,"href":"http:\/\/www.heimatverein-suedlohn.de\/index.php\/wp-json\/wp\/v2\/comments?post=97"}],"version-history":[{"count":10,"href":"http:\/\/www.heimatverein-suedlohn.de\/index.php\/wp-json\/wp\/v2\/pages\/97\/revisions"}],"predecessor-version":[{"id":7672,"href":"http:\/\/www.heimatverein-suedlohn.de\/index.php\/wp-json\/wp\/v2\/pages\/97\/revisions\/7672"}],"up":[{"embeddable":true,"href":"http:\/\/www.heimatverein-suedlohn.de\/index.php\/wp-json\/wp\/v2\/pages\/86"}],"wp:attachment":[{"href":"http:\/\/www.heimatverein-suedlohn.de\/index.php\/wp-json\/wp\/v2\/media?parent=97"}],"curies":[{"name":"wp","href":"https:\/\/api.w.org\/{rel}","templated":true}]}}