{"id":95,"date":"2016-05-12T13:46:24","date_gmt":"2016-05-12T11:46:24","guid":{"rendered":"http:\/\/www.heimatverein-suedlohn.de\/neu2016\/?page_id=95"},"modified":"2016-05-12T13:46:24","modified_gmt":"2016-05-12T11:46:24","slug":"orgel","status":"publish","type":"page","link":"http:\/\/www.heimatverein-suedlohn.de\/index.php\/ueber-suedlohn\/st-vitus-u-st-jakobus\/st-jakobus-pfarrkirche-oeding\/orgel\/","title":{"rendered":"Orgel"},"content":{"rendered":"<section  class='av_textblock_section av-av_textblock-0366cc7376be6c9e82a3e9cc8987b64f'  itemscope=\"itemscope\" itemtype=\"https:\/\/schema.org\/CreativeWork\" ><div class='avia_textblock'  itemprop=\"text\" ><h2>Orgel der St. Jakobus-Kirche<\/h2>\n<div style=\"text-align: justify;\"><\/div>\n<div style=\"text-align: justify;\">Auf der B\u00fchne \u00fcber der Taufkapelle wurde 1981 eine Orgel der Firma Fleiter aus M\u00fcnster mit 1442 Pfeifen in\u00adstalliert, die ein fr\u00fcheres Instrument von Franz Breil aus Dorsten aus dem Jahre 1914 ersetzte, das nicht mehr re\u00adparabel erschien.<\/div>\n<div style=\"text-align: justify;\"><\/div>\n<table style=\"width: 840px; height: 246px;\" border=\"0\" cellspacing=\"0\" cellpadding=\"0\">\n<tbody>\n<tr>\n<td width=\"275\"><a title=\"Orger der St. Jakobus Kirche\" href=\"http:\/\/www.heimatverein-suedlohn.de\/media\/ueber_oeding\/kirche\/orgel_1_gr.jpg\" rel=\"lightbox\"><img loading=\"lazy\" decoding=\"async\" src=\"http:\/\/www.heimatverein-suedlohn.de\/media\/ueber_oeding\/kirche\/orgel_1.jpg\" alt=\"\" width=\"267\" height=\"200\" \/><\/a><\/td>\n<td width=\"276\"><a title=\"Orger der St. Jakobus Kirche\" href=\"http:\/\/www.heimatverein-suedlohn.de\/media\/ueber_oeding\/kirche\/orgel_2_gr.jpg\" rel=\"lightbox\"><img loading=\"lazy\" decoding=\"async\" src=\"http:\/\/www.heimatverein-suedlohn.de\/media\/ueber_oeding\/kirche\/orgel_2.jpg\" alt=\"\" width=\"267\" height=\"200\" \/><\/a><\/td>\n<td width=\"282\"><a title=\"Orger der St. Jakobus Kirche\" href=\"http:\/\/www.heimatverein-suedlohn.de\/media\/ueber_oeding\/kirche\/orgel_3_gr.jpg\" rel=\"lightbox\"><img loading=\"lazy\" decoding=\"async\" src=\"http:\/\/www.heimatverein-suedlohn.de\/media\/ueber_oeding\/kirche\/orgel_3.jpg\" alt=\"\" width=\"150\" height=\"200\" \/><\/a><\/td>\n<\/tr>\n<\/tbody>\n<\/table>\n<div style=\"text-align: justify;\"><\/div>\n<div>\u00a0<img decoding=\"async\" style=\"width: 93px; height: 131px;\" src=\"http:\/\/www.heimatverein-suedlohn.de\/media\/ueber_oeding\/kirche\/broschuere.jpg\" alt=\"\" align=\"left\" hspace=\"10\" vspace=\"10\" \/><\/div>\n<div><\/div>\n<div>Quelle:<\/div>\n<p><span style=\"font-size: 8px;\">Texte zum Teil aus der Brosch\u00fcre St. Jakobus Oeding<br \/>\n\u00a9 Westf\u00e4lische Kunstst\u00e4tten, Heft 111: St. Jakobus in Oeding. Herausgeber: Westf\u00e4lischer Heimatbund, Kaiser-Wilhclm-Ring 3,48145 M\u00fcnster, in Verbindung mit LWL &#8211; Denkmalpflege, Landschafts- und Bau\u00adkultur in Westfalen, M\u00fcnster 2012.<br \/>\nISSN 0930-3952<\/span><\/p>\n<\/div><\/section>\n","protected":false},"excerpt":{"rendered":"","protected":false},"author":1,"featured_media":0,"parent":86,"menu_order":19,"comment_status":"closed","ping_status":"closed","template":"","meta":{"footnotes":""},"class_list":["post-95","page","type-page","status-publish","hentry"],"_links":{"self":[{"href":"http:\/\/www.heimatverein-suedlohn.de\/index.php\/wp-json\/wp\/v2\/pages\/95","targetHints":{"allow":["GET"]}}],"collection":[{"href":"http:\/\/www.heimatverein-suedlohn.de\/index.php\/wp-json\/wp\/v2\/pages"}],"about":[{"href":"http:\/\/www.heimatverein-suedlohn.de\/index.php\/wp-json\/wp\/v2\/types\/page"}],"author":[{"embeddable":true,"href":"http:\/\/www.heimatverein-suedlohn.de\/index.php\/wp-json\/wp\/v2\/users\/1"}],"replies":[{"embeddable":true,"href":"http:\/\/www.heimatverein-suedlohn.de\/index.php\/wp-json\/wp\/v2\/comments?post=95"}],"version-history":[{"count":1,"href":"http:\/\/www.heimatverein-suedlohn.de\/index.php\/wp-json\/wp\/v2\/pages\/95\/revisions"}],"predecessor-version":[{"id":96,"href":"http:\/\/www.heimatverein-suedlohn.de\/index.php\/wp-json\/wp\/v2\/pages\/95\/revisions\/96"}],"up":[{"embeddable":true,"href":"http:\/\/www.heimatverein-suedlohn.de\/index.php\/wp-json\/wp\/v2\/pages\/86"}],"wp:attachment":[{"href":"http:\/\/www.heimatverein-suedlohn.de\/index.php\/wp-json\/wp\/v2\/media?parent=95"}],"curies":[{"name":"wp","href":"https:\/\/api.w.org\/{rel}","templated":true}]}}