{"id":88,"date":"2016-05-12T13:27:36","date_gmt":"2016-05-12T11:27:36","guid":{"rendered":"http:\/\/www.heimatverein-suedlohn.de\/neu2016\/?page_id=88"},"modified":"2024-03-24T15:04:45","modified_gmt":"2024-03-24T14:04:45","slug":"pfarrkirche","status":"publish","type":"page","link":"http:\/\/www.heimatverein-suedlohn.de\/index.php\/ueber-suedlohn\/st-vitus-u-st-jakobus\/st-jakobus-pfarrkirche-oeding\/pfarrkirche\/","title":{"rendered":"Pfarrkirche"},"content":{"rendered":"<section  class='av_textblock_section av-av_textblock-0366cc7376be6c9e82a3e9cc8987b64f'  itemscope=\"itemscope\" itemtype=\"https:\/\/schema.org\/CreativeWork\" ><div class='avia_textblock'  itemprop=\"text\" ><h2>St. Jakobus Pfarrkirche<\/h2>\n<table style=\"height: 309px;\" border=\"0\" width=\"906\" cellspacing=\"0\" cellpadding=\"0\">\n<tbody>\n<tr>\n<td width=\"226\"><a title=\"St. Jakobus Pfarrkirche\" href=\"http:\/\/www.heimatverein-suedlohn.de\/media\/ueber_oeding\/kirche\/pfarrkirche_oeding_gr.jpg\"><img loading=\"lazy\" decoding=\"async\" src=\"http:\/\/www.heimatverein-suedlohn.de\/media\/ueber_oeding\/kirche\/pfarrkirche_oeding.jpg\" alt=\"\" width=\"176\" height=\"200\" \/><\/a><\/td>\n<td width=\"7\"><\/td>\n<td width=\"235\"><a title=\"Innenansicht der Pfarrkirche heute\" href=\"http:\/\/www.heimatverein-suedlohn.de\/media\/ueber_oeding\/kirche\/innenansicht_lokomotiv_gr.jpg\"><img loading=\"lazy\" decoding=\"async\" src=\"http:\/\/www.heimatverein-suedlohn.de\/media\/ueber_oeding\/kirche\/innenansicht_lokomotiv.jpg\" alt=\"\" width=\"141\" height=\"200\" \/><\/a><\/td>\n<td width=\"283\"><a title=\"Innenansicht mit Ausmalung bis 1957\" href=\"http:\/\/www.heimatverein-suedlohn.de\/media\/ueber_oeding\/kirche\/innenansicht_1957_gr.jpg\"><img loading=\"lazy\" decoding=\"async\" src=\"http:\/\/www.heimatverein-suedlohn.de\/media\/ueber_oeding\/kirche\/innenansicht_1957.jpg\" alt=\"\" width=\"152\" height=\"200\" \/><\/a><\/td>\n<td width=\"5\"><\/td>\n<\/tr>\n<tr>\n<td valign=\"top\" width=\"226\">\n<p style=\"margin-bottom: 0cm;\">St. Jakobus Pfarrkirche<\/p>\n<p style=\"margin-bottom: 0cm;\"><span style=\"font-size: small;\">Foto: Manfred Harmeling<\/span><\/p>\n<\/td>\n<td width=\"7\"><\/td>\n<td valign=\"top\" width=\"235\">\n<p style=\"margin-bottom: 0cm;\">Innenansicht der Pfarrkirche heute<\/p>\n<p style=\"margin-bottom: 0cm;\"><span style=\"font-size: small;\">Foto: Lokomotiv.de<\/span><\/p>\n<\/td>\n<td valign=\"top\" width=\"283\">Innenansicht mit Ausmalung bis 1957<\/td>\n<\/tr>\n<\/tbody>\n<\/table>\n<p style=\"text-align: justify;\">Die Kirche St. Jakobus mit ihrem m\u00e4chtigen Backsteinturm bestimmt das Bild des Dorfes Oeding, einem Ortsteil der zweipoligen Gemeinde S\u00fcdlohn. Im Jahre 2011 konnte das Gotteshaus, das nur etwa einen Kilo\u00admeter von der deutsch-niederl\u00e4ndi\u00adschen Grenze entfernt liegt, sein 1OOj\u00e4hriges Kirchweihjubil\u00e4um fei\u00adern. Mehrere bedeutsame Kunstwerke haben sich aus den Vorg\u00e4ngerbauten erhalten und zeugen von einer unge\u00adw\u00f6hnlichen Geschichte der Gemeinde.<\/p>\n<h2 style=\"text-align: justify;\">Gr\u00fcndung der Missionsstation<\/h2>\n<p style=\"text-align: justify;\"><a title=\"Gr\u00fcndung der Missionsstation \" href=\"http:\/\/www.heimatverein-suedlohn.de\/media\/ueber_oeding\/kirche\/missionsstation_gr.jpg\"><img loading=\"lazy\" decoding=\"async\" class=\"alignleft\" src=\"http:\/\/www.heimatverein-suedlohn.de\/media\/ueber_oeding\/kirche\/missionsstation.jpg\" alt=\"\" width=\"119\" height=\"200\" align=\"left\" hspace=\"10\" vspace=\"10\" \/><\/a>F\u00fcrstbischof Christoph Bernhard von Galen unternahm in den Jahren 1672 bis 1674 in einem Feldzug einen letz\u00adten Versuch, die dem Hochstift M\u00fcns\u00adter entfremdete Herrschaft Borculo in den \u00f6stlichen Niederlanden zur\u00fcckzu\u00adgewinnen. Im Zuge seines Vormar\u00adsches entzog er den Protestanten die Pfarrkirchen in den vom ihm erober\u00adten Ortschaften und setzte dort katho\u00adlische Pfarrer ein. Bei seinem R\u00fcck\u00adzug mussten diese mit ihm das Land verlassen. Den kurzzeitigen Pfarrern von Winterswijk und Lichtenvoorde, Gerhard Plaieman und Gerhard Wierman, wies er daraufhin die Schloss\u00adkapelle in Oeding f\u00fcr die Betreuung der niederl\u00e4ndischen Katholiken des Grenzraumes zu. Am 5. Februar 1675 wurde in der Kapelle die erste heilige Messe gefeiert. 1680 \u00fcbernahmen Franziskaner des Vredener Observantenklosters die Mis\u00adsionsstation, die nunmehr die Funktion einer katholischen Pfarrkirche von Winterswijk und seiner Bauer\u00adschaften Kotten, Woold und Brinkheurne erf\u00fcllte.<\/p>\n<h2 style=\"text-align: justify;\">Die zweite Missionskapelle<\/h2>\n<div style=\"margin-bottom: 0cm; text-align: justify;\">Mitte des 18. Jahrhunderts entsprach die Kapelle, die auch gern von den Bewohnern Oedings und Nichterns besucht wurde, aufgrund von Baum\u00e4ngeln und der nicht ausreichenden Gr\u00f6\u00dfe in keiner Weise mehr den Anforderungen. Am 22. August 1757 schenkte der geb\u00fcrtige Oedinger Conrad Bernhard Sch\u00fctte, der als Pastor auf dem niederl\u00e4ndischen Adelssitz Harreveit bei Lichtenvoorde t\u00e4tig war, den Franziskanern sein elterliches Haus mit Nebengeb\u00e4uden in der Burg\u00adfreiheit unter der Bedingung, an des\u00adsen Stelle eine \u00f6ffentliche Kapelle zu Ehren des Apostels Jakobus d. \u00c4. sowie ein Wohnhaus f\u00fcr den<a title=\"Die zweite Missionskapelle. Foto: Archiv HV\" href=\"http:\/\/www.heimatverein-suedlohn.de\/media\/ueber_oeding\/kirche\/missionskapelle_gr.jpg\"><img loading=\"lazy\" decoding=\"async\" class=\"alignright\" src=\"http:\/\/www.heimatverein-suedlohn.de\/media\/ueber_oeding\/kirche\/missionskapelle.jpg\" alt=\"\" width=\"254\" height=\"200\" align=\"right\" hspace=\"10\" vspace=\"10\" \/><\/a> Missionar zu errichten. Am 13. M\u00e4rz 1768 feierte der Oedinger Missionar Pater Rogerius Keuthan in dem Neubau die erste heilige Messe.<\/div>\n<div style=\"margin-bottom: 0cm; text-align: justify;\"><\/div>\n<div style=\"margin-left: 0.01cm; margin-top: 0.46cm; margin-bottom: 0cm; background: none repeat scroll 0% 0% #ffffff; line-height: 0.46cm; text-align: justify;\">Der Abzug der Gl\u00e4ubigen aus Winters\u00adwijk brachte die Kapelle in Oeding durch den Verlust ihrer eigentlichen Bestimmung in Gefahr. Da die Not\u00adwendigkeit einer weiteren seelsorg\u00adlichen Betreuung der Bev\u00f6lkerung in Oeding und Nichtern von der bisch\u00f6f\u00adlichen Beh\u00f6rde in M\u00fcnster jedoch an\u00aderkannt wurde, lie\u00df man die Stelle eines Franziskaners zun\u00e4chst beste\u00adhen. 1839 wurde das rechtliche Ver\u00adh\u00e4ltnis Oedings zur Mutterpfarre neu geregelt. Mit dem Missionar und Rek\u00adtor Bernhard Book \u00fcbernahm ein Weltgeistlicher die Seelsorge, wobei Oeding nunmehr als Filialkirche von S\u00fcdlohn angesehen wurde.<\/div>\n<div style=\"margin-bottom: 0cm; text-align: justify;\">Nach l\u00e4ngeren Diskussionen \u00fcber die Grenzziehung zur Mutterpfarre St. Vitus wurde die Rektoratsgemeinde mit Wirkung vom 25. M\u00e4rz 1907 zur Pfar\u00adrei St. Jakobus erhoben.<\/div>\n<h2 style=\"text-align: justify;\">Bau der Pfarrkirche St. Jakobus<\/h2>\n<p style=\"text-align: justify;\">Schon vor der Pfarrerhebung wurde der Bau einer neuen Kirche in Angriff genommen. Gleichzeitig begannen die Planungen f\u00fcr den Neubau eines Pas\u00adtorats, da man davon ausging, dass der Abriss des fr\u00fcheren Missionarwohn\u00adhauses unumg\u00e4nglich sei. Als Archi\u00adtekten f\u00fcr Kirche und Pastorat gewann man den aus Kleve stammenden und in Berlin lebenden, international t\u00e4ti\u00adgen Heinrich Jennen (1872-1920). Jennens Entwurf f\u00fcr das <a title=\"Das Pfarrhaus in Oeding\" href=\"http:\/\/www.heimatverein-suedlohn.de\/media\/ueber_oeding\/kirche\/pfarrhaus_gr.jpg\"><img loading=\"lazy\" decoding=\"async\" class=\"alignleft\" src=\"http:\/\/www.heimatverein-suedlohn.de\/media\/ueber_oeding\/kirche\/pfarrhaus.jpg\" alt=\"\" width=\"267\" height=\"200\" align=\"left\" hspace=\"10\" vspace=\"10\" \/><\/a>Pfarrhaus lag im Dezember 1906 vor und wurde auf Veranlassung des Generalvikariats von Bernhard Wehling aus Vreden \u00fcberar\u00adbeitet. Das Pfarrhaus, das Elemente verschiedener historischer Baustile aufweist, entstand in einem Garten der Kirchengemeinde, der noch aus der Schenkung des Pastors Bernhard Sch\u00fctte aus dem Jahre 1757 stammte. Die Bauarbeiten begannen im M\u00e4rz 1907 und waren im April des folgen\u00adden Jahres abgeschlossen.<\/p>\n<p style=\"text-align: justify;\">Der Baubeginn der Kirche verz\u00f6gerte sich wegen intensiver Diskussionen um den besten Bauplatz. Schlie\u00dflich entschied man 1910, die neue Kirche auf einem Grundst\u00fcck n\u00f6rdlich der \u201eKleistegge&#8220; (heute Jakobistra\u00dfe) zu errichten, obwohl der Platz an die Mechanische Weberei Gebr. Schulten grenzte. Der 1907 gegr\u00fcndete Betrieb steckte zur Bauzeit der Kirche noch in seinen Anf\u00e4ngen, doch gab es durch\u00adaus Bedenken in Hinblick auf eine m\u00f6gliche L\u00e4rmbel\u00e4stigung, \u00fcber die man sich jedoch hinwegsetzte.<\/p>\n<p style=\"text-align: justify;\"><a title=\"Grundsteinlegung\" href=\"http:\/\/www.heimatverein-suedlohn.de\/media\/ueber_oeding\/kirche\/grundsteinlegung_gr.jpg\"><img loading=\"lazy\" decoding=\"async\" class=\"alignright\" src=\"http:\/\/www.heimatverein-suedlohn.de\/media\/ueber_oeding\/kirche\/grundsteinlegung.jpg\" alt=\"\" width=\"272\" height=\"200\" align=\"right\" hspace=\"10\" vspace=\"10\" \/><\/a>Den Zuschlag f\u00fcr den Kirchbau erhielt der Bauunternehmer Heinrich Terfr\u00fcchte aus Stadtlohn, wobei viele Ar\u00adbeiten, wie die Erstellung von Kirchenb\u00e4nken, Glockenstuhl, Holz\u00adfu\u00dfb\u00f6den, Eisenteilen, Turmkreuz und Gr\u00fcnanlagen, das Zuschneiden der Balken und Bretter sowie die Lackie\u00adrung von Fenstern und T\u00fcren, von Oedinger Handwerkern \u00fcbernommen wurden.<br \/>\nAm 18. September 1910 erfolgte die Grundsteinlegung und schon am 27. September 1911 nahm Weihbischof Everhard Illigens unter gro\u00dfer Anteilnahme der Bev\u00f6lkerung die Weihe vor.<\/p>\n<p style=\"text-align: justify;\">Schmiedearbeiten des Kunstschmie\u00addes Clemens Fischer aus M\u00fcnster verzieren die drei T\u00fcren. Der doppelfl\u00fcgelige Haupteingang wird von einem Rundbogen \u00fcberspannt, dessen Tympanon \u00fcber dem T\u00fcrsturz als \u201ePorta caeli&#8220; {Himmelpforte) gestaltet ist. Unter der Anrufung \u201eDu Pforte des Himmels bitte f\u00fcr uns&#8220; (Lauretanische Litanei) erkennt man ein von zwei Engeln flankiertes Bildnis Mariens mit dem Kinde in einem ovalen Kranz.<\/p>\n<table style=\"width: 609px; height: 204px;\" border=\"0\" cellspacing=\"0\" cellpadding=\"0\">\n<tbody>\n<tr>\n<td width=\"174\"><a title=\"Haupteingang\" href=\"http:\/\/www.heimatverein-suedlohn.de\/media\/ueber_oeding\/kirche\/haupteingang_gr.jpg\"><img loading=\"lazy\" decoding=\"async\" src=\"http:\/\/www.heimatverein-suedlohn.de\/media\/ueber_oeding\/kirche\/haupteingang.jpg\" alt=\"\" width=\"150\" height=\"200\" \/><\/a><\/td>\n<td width=\"5\"><\/td>\n<td width=\"402\"><a title=\"Haupteingang\" href=\"http:\/\/www.heimatverein-suedlohn.de\/media\/ueber_oeding\/kirche\/haupteingang_2_gr.jpg\"><img loading=\"lazy\" decoding=\"async\" src=\"http:\/\/www.heimatverein-suedlohn.de\/media\/ueber_oeding\/kirche\/haupteingang_2.jpg\" alt=\"\" width=\"402\" height=\"200\" \/><\/a><\/td>\n<td width=\"5\"><\/td>\n<td width=\"88\"><\/td>\n<\/tr>\n<\/tbody>\n<\/table>\n<p style=\"text-align: justify;\">Das Tympanon des Turmportals zeigt unter dem Bibelzitat: \u201eL\u00f6se die Schuhe von Deinen F\u00fc\u00dfen, denn der Ort ist heilig&#8220; (Ex 3,5) ein Relief mit einer Darstellung des knienden Moses, der sich vor dem brennenden Dorn\u00adbusch seiner Schuhe entledigt. Beide Sandsteinreliefs sind ebenso wie das gro\u00dfe, steinerne Kreuz auf dem Kirch\u00adplatz Arbeiten des Bildhauers Bernd Meyer aus Billerbeck.<\/p>\n<table border=\"0\" cellspacing=\"0\" cellpadding=\"0\">\n<tbody>\n<tr>\n<td width=\"148\"><a title=\"Turmportal\" href=\"http:\/\/www.heimatverein-suedlohn.de\/media\/ueber_oeding\/kirche\/eingang_2_gr.jpg\"><img loading=\"lazy\" decoding=\"async\" src=\"http:\/\/www.heimatverein-suedlohn.de\/media\/ueber_oeding\/kirche\/eingang_2.jpg\" alt=\"\" width=\"123\" height=\"200\" \/><\/a><\/td>\n<td width=\"9\"><\/td>\n<td width=\"442\"><a title=\"Turmportal\" href=\"http:\/\/www.heimatverein-suedlohn.de\/media\/ueber_oeding\/kirche\/eingang_inschrift_gr.jpg\"><img loading=\"lazy\" decoding=\"async\" src=\"http:\/\/www.heimatverein-suedlohn.de\/media\/ueber_oeding\/kirche\/eingang_inschrift.jpg\" alt=\"\" width=\"420\" height=\"200\" \/><\/a><\/td>\n<td width=\"5\"><\/td>\n<td width=\"88\"><\/td>\n<\/tr>\n<\/tbody>\n<\/table>\n<p><a title=\"Foto aus Pfarrkirche St. Jakobus Oeding 75 Jahre Altar in der Turmkapelle\" href=\"http:\/\/www.heimatverein-suedlohn.de\/media\/ueber_oeding\/kirche\/chorraum_gr.jpg\"><img loading=\"lazy\" decoding=\"async\" class=\"alignleft\" src=\"http:\/\/www.heimatverein-suedlohn.de\/media\/ueber_oeding\/kirche\/chorraum.jpg\" alt=\"\" width=\"174\" height=\"200\" align=\"left\" hspace=\"10\" vspace=\"10\" \/><\/a><\/p>\n<p style=\"text-align: justify;\">Der Innenraum der Kirche und der Chorraum wurden von 1957 bis heute einige Male umgestaltet. Der Altar stand von 1970 bis 1982 in der Turmkapelle, danach bekam er seinen urspr\u00fcnglichen Platz im Chorraum wieder.<\/p>\n<\/div><\/section>\n<section  class='av_textblock_section av-av_textblock-0366cc7376be6c9e82a3e9cc8987b64f'  itemscope=\"itemscope\" itemtype=\"https:\/\/schema.org\/CreativeWork\" ><div class='avia_textblock'  itemprop=\"text\" ><div><\/div>\n<div><img decoding=\"async\" src=\"http:\/\/www.heimatverein-suedlohn.de\/media\/ueber_oeding\/kirche\/broschuere.jpg\" alt=\"\" align=\"left\" hspace=\"10\" vspace=\"10\" \/><\/div>\n<div><\/div>\n<div>Quelle:<\/div>\n<p>Texte zum Teil aus der Brosch\u00fcre St. Jakobus Oeding<br \/>\n\u00a9 Westf\u00e4lische Kunstst\u00e4tten, Heft 111: St. Jakobus in Oeding. Herausgeber: Westf\u00e4lischer Heimatbund, Kaiser-Wilhclm-Ring 3,48145 M\u00fcnster, in Verbindung mit LWL &#8211; Denkmalpflege, Landschafts- und Bau\u00adkultur in Westfalen, M\u00fcnster 2012.<br \/>\nISSN 0930-3952<\/p>\n<\/div><\/section>\n","protected":false},"excerpt":{"rendered":"","protected":false},"author":1,"featured_media":0,"parent":86,"menu_order":16,"comment_status":"closed","ping_status":"closed","template":"","meta":{"footnotes":""},"class_list":["post-88","page","type-page","status-publish","hentry"],"_links":{"self":[{"href":"http:\/\/www.heimatverein-suedlohn.de\/index.php\/wp-json\/wp\/v2\/pages\/88","targetHints":{"allow":["GET"]}}],"collection":[{"href":"http:\/\/www.heimatverein-suedlohn.de\/index.php\/wp-json\/wp\/v2\/pages"}],"about":[{"href":"http:\/\/www.heimatverein-suedlohn.de\/index.php\/wp-json\/wp\/v2\/types\/page"}],"author":[{"embeddable":true,"href":"http:\/\/www.heimatverein-suedlohn.de\/index.php\/wp-json\/wp\/v2\/users\/1"}],"replies":[{"embeddable":true,"href":"http:\/\/www.heimatverein-suedlohn.de\/index.php\/wp-json\/wp\/v2\/comments?post=88"}],"version-history":[{"count":5,"href":"http:\/\/www.heimatverein-suedlohn.de\/index.php\/wp-json\/wp\/v2\/pages\/88\/revisions"}],"predecessor-version":[{"id":7517,"href":"http:\/\/www.heimatverein-suedlohn.de\/index.php\/wp-json\/wp\/v2\/pages\/88\/revisions\/7517"}],"up":[{"embeddable":true,"href":"http:\/\/www.heimatverein-suedlohn.de\/index.php\/wp-json\/wp\/v2\/pages\/86"}],"wp:attachment":[{"href":"http:\/\/www.heimatverein-suedlohn.de\/index.php\/wp-json\/wp\/v2\/media?parent=88"}],"curies":[{"name":"wp","href":"https:\/\/api.w.org\/{rel}","templated":true}]}}