{"id":79,"date":"2016-05-12T13:21:22","date_gmt":"2016-05-12T11:21:22","guid":{"rendered":"http:\/\/www.heimatverein-suedlohn.de\/neu2016\/?page_id=79"},"modified":"2023-01-12T22:49:40","modified_gmt":"2023-01-12T21:49:40","slug":"kersting-orgel-von-1838","status":"publish","type":"page","link":"http:\/\/www.heimatverein-suedlohn.de\/index.php\/ueber-suedlohn\/st-vitus-u-st-jakobus\/st-vitus-pfarrkirche-suedlohn\/kersting-orgel-von-1838\/","title":{"rendered":"Kersting Orgel von 1838"},"content":{"rendered":"<section  class='av_textblock_section av-10ebn-a8980153cd1b9cf0aee619a76429b758'  itemscope=\"itemscope\" itemtype=\"https:\/\/schema.org\/CreativeWork\" ><div class='avia_textblock'  itemprop=\"text\" ><h2>Historische Kersting Orgel von 1838<\/h2>\n<p>1838 erhielt die Pfarrkirche eine Orgel des m\u00fcnsterischen Orgelbaumeisters Johann Kersting. Bei dem historischen Instrument handelt es sich um eines der wenigen Exemplare in Westfalen, bei dem au\u00dfer Pfeifen, Windladen und Geh\u00e4use auch Spieltisch und originale Trakturanlage erhalten blieben. Im Jahre 2010 wurde die Orgel zur Restaurierung nach Bonn zum Orgelbau Klais gebracht. Eine ausf\u00fchrliche Beschreibung<span style=\"mso-spacerun: yes;\">\u00a0 <\/span>der Entstehungsgeschichte der Orgel und zu den Restaurierungsarbeiten und finden Sie <b><u><a href=\"http:\/\/www.heimatverein-suedlohn.de\/media\/ueber_suedlohn\/kirchenschaetze\/orgelanhang.pdf\" target=\"_blank\" rel=\"noopener\">hier<\/a>.<\/u><\/b><\/p>\n<p><img decoding=\"async\" style=\"width: 755px; height: 536px;\" src=\"http:\/\/www.heimatverein-suedlohn.de\/media\/ueber_suedlohn\/kirchenschaetze\/05_gr.jpg\" alt=\"\" \/><\/p>\n<h6 style=\"text-align: left;\">Foto: Hubert Nienhaus<\/h6>\n<table style=\"width: 752px; height: 406px;\" border=\"0\" cellspacing=\"0\" cellpadding=\"0\">\n<tbody>\n<tr>\n<td colspan=\"3\" align=\"center\" valign=\"top\" width=\"211\">\n<p class=\"MsoNormal\" style=\"text-align: left;\"><a title=\"Plattencover 1987\" href=\"http:\/\/www.heimatverein-suedlohn.de\/media\/ueber_suedlohn\/orgel\/vornegr.jpg\" rel=\"lightbox\"><b><u><img loading=\"lazy\" decoding=\"async\" src=\"http:\/\/www.heimatverein-suedlohn.de\/media\/ueber_suedlohn\/orgel\/vorne.jpg\" alt=\"\" width=\"241\" height=\"250\" \/><\/u><\/b><\/a> <a title=\"Plattencover 1987\" href=\"http:\/\/www.heimatverein-suedlohn.de\/media\/ueber_suedlohn\/orgel\/hintengr.jpg\" rel=\"lightbox\"><b><u><img loading=\"lazy\" decoding=\"async\" src=\"http:\/\/www.heimatverein-suedlohn.de\/media\/ueber_suedlohn\/orgel\/hinten.jpg\" alt=\"\" width=\"253\" height=\"250\" \/><\/u><\/b><\/a><\/p>\n<h4 style=\"text-align: left;\">Eine Original Aufnahme aus dem Jahre 1987 k\u00f6nnen Sie sich hier anh\u00f6ren.<\/h4>\n<h4 style=\"text-align: left;\">Das St\u00fcck &#8222;Grand Choeur&#8220; von Franck C\u00e9sar wurde 1987 an der S\u00fcdlohner Orgel von Eduard Popp gespielt<\/h4>\n<\/td>\n<\/tr>\n<\/tbody>\n<\/table>\n<\/div><\/section>\n<div id=\"av_player-1\" class=\"av-player av-player-container av-lctmhux9-5f2c9a593c19e74f133a552f6b820526 avia-playerstyle-classic av_player-1  avia-builder-el-1  el_after_av_textblock  avia-builder-el-last  first avia-playlist-hide-cover\"><div class=\"av-player-player-container\"><div class=\"wp-playlist wp-audio-playlist wp-playlist-light\">\n\t\t\t<div class=\"wp-playlist-current-item\"><\/div>\n\t\t<audio controls=\"controls\" preload=\"none\" width=\"1478\"\n\t\t\t><\/audio>\n\t<div class=\"wp-playlist-next\"><\/div>\n\t<div class=\"wp-playlist-prev\"><\/div>\n\t<noscript>\n\t<ol>\n\t\t<li><a href='http:\/\/www.heimatverein-suedlohn.de\/wp-content\/uploads\/2023\/01\/cesar.mp3'><img loading=\"lazy\" decoding=\"async\" width=\"80\" height=\"80\" src=\"http:\/\/www.heimatverein-suedlohn.de\/wp-content\/uploads\/2023\/01\/Orgel-80x80.jpg\" class=\"attachment-thumbnail size-thumbnail\" alt=\"\" \/><\/a><\/li>\t<\/ol>\n\t<\/noscript>\n\t<script type=\"application\/json\" class=\"wp-playlist-script\">{\"type\":\"audio\",\"tracklist\":true,\"tracknumbers\":true,\"images\":true,\"artists\":true,\"tracks\":[{\"src\":\"http:\/\/www.heimatverein-suedlohn.de\/wp-content\/uploads\/2023\/01\/cesar.mp3\",\"type\":\"audio\/mpeg\",\"title\":\"cesar\",\"caption\":\"\",\"description\":\"\\u201ecesar\\u201c. Genre: Blues.\",\"meta\":{\"genre\":\"Blues\",\"length_formatted\":\"5:40\"},\"image\":{\"src\":\"http:\/\/www.heimatverein-suedlohn.de\/wp-content\/uploads\/2023\/01\/Orgel-80x80.jpg\",\"width\":48,\"height\":64},\"thumb\":{\"src\":\"http:\/\/www.heimatverein-suedlohn.de\/wp-content\/uploads\/2023\/01\/Orgel-80x80.jpg\",\"width\":48,\"height\":64}}]}<\/script>\n<\/div>\n\t<\/div><\/div>\n","protected":false},"excerpt":{"rendered":"","protected":false},"author":1,"featured_media":0,"parent":72,"menu_order":11,"comment_status":"closed","ping_status":"closed","template":"","meta":{"footnotes":""},"class_list":["post-79","page","type-page","status-publish","hentry"],"_links":{"self":[{"href":"http:\/\/www.heimatverein-suedlohn.de\/index.php\/wp-json\/wp\/v2\/pages\/79","targetHints":{"allow":["GET"]}}],"collection":[{"href":"http:\/\/www.heimatverein-suedlohn.de\/index.php\/wp-json\/wp\/v2\/pages"}],"about":[{"href":"http:\/\/www.heimatverein-suedlohn.de\/index.php\/wp-json\/wp\/v2\/types\/page"}],"author":[{"embeddable":true,"href":"http:\/\/www.heimatverein-suedlohn.de\/index.php\/wp-json\/wp\/v2\/users\/1"}],"replies":[{"embeddable":true,"href":"http:\/\/www.heimatverein-suedlohn.de\/index.php\/wp-json\/wp\/v2\/comments?post=79"}],"version-history":[{"count":4,"href":"http:\/\/www.heimatverein-suedlohn.de\/index.php\/wp-json\/wp\/v2\/pages\/79\/revisions"}],"predecessor-version":[{"id":7168,"href":"http:\/\/www.heimatverein-suedlohn.de\/index.php\/wp-json\/wp\/v2\/pages\/79\/revisions\/7168"}],"up":[{"embeddable":true,"href":"http:\/\/www.heimatverein-suedlohn.de\/index.php\/wp-json\/wp\/v2\/pages\/72"}],"wp:attachment":[{"href":"http:\/\/www.heimatverein-suedlohn.de\/index.php\/wp-json\/wp\/v2\/media?parent=79"}],"curies":[{"name":"wp","href":"https:\/\/api.w.org\/{rel}","templated":true}]}}