{"id":76,"date":"2016-05-12T13:20:14","date_gmt":"2016-05-12T11:20:14","guid":{"rendered":"http:\/\/www.heimatverein-suedlohn.de\/neu2016\/?page_id=76"},"modified":"2016-05-12T13:20:20","modified_gmt":"2016-05-12T11:20:20","slug":"glocken-gelaeut","status":"publish","type":"page","link":"http:\/\/www.heimatverein-suedlohn.de\/index.php\/ueber-suedlohn\/st-vitus-u-st-jakobus\/st-vitus-pfarrkirche-suedlohn\/glocken-gelaeut\/","title":{"rendered":"Glocken \/ Gel\u00e4ute"},"content":{"rendered":"<section  class='av_textblock_section av-av_textblock-0366cc7376be6c9e82a3e9cc8987b64f'  itemscope=\"itemscope\" itemtype=\"https:\/\/schema.org\/CreativeWork\" ><div class='avia_textblock'  itemprop=\"text\" ><h3>Glockengel\u00e4ut St. Vitus Pfarrkirche in S\u00fcdlohn<\/h3>\n<table style=\"width: 441px; height: 159px;\" border=\"0\" cellspacing=\"0\" cellpadding=\"0\">\n<tbody>\n<tr>\n<td width=\"117\"><a title=\"Friedrich Schiller\" href=\"http:\/\/www.heimatverein-suedlohn.de\/media\/ueber_suedlohn\/glocke\/schillergr.jpg\" rel=\"lightbox\"><img loading=\"lazy\" decoding=\"async\" src=\"http:\/\/www.heimatverein-suedlohn.de\/media\/ueber_suedlohn\/glocke\/schiller.jpg\" alt=\"\" width=\"109\" height=\"150\" \/><\/a><\/td>\n<td width=\"318\">Friedrich von Schiller 1759 \u2013 1805<br \/>\nBild: Wikipedia<\/td>\n<\/tr>\n<\/tbody>\n<\/table>\n<h4 style=\"line-height: 0.42cm;\"><a href=\"http:\/\/www.heimatverein-suedlohn.de\/media\/ueber_suedlohn\/glocke\/dieglocke.pdf\" target=\"_blank\"><span style=\"font-family: MS Sans Serif,sans-serif;\"><u>Das Lied von der Glocke <\/u><\/span><\/a><\/h4>\n<p align=\"left\"><span style=\"font-family: MS Sans Serif,sans-serif;\"><span style=\"font-size: small;\">Fest gemauert in der Erden<br \/>\nSteht die Form, aus Lehm gebrannt.<br \/>\nHeute muss die Glocke werden!<br \/>\nFrisch, Gesellen, seid zur Hand!<br \/>\nVon der Stirne hei\u00df<br \/>\nRinnen muss der Schwei\u00df,<br \/>\nSoll das Werk den Meister loben;<br \/>\nDoch der Segen kommt von oben. &#8230;&#8230;<\/span><\/span><\/p>\n<p>Wer kennt es nicht \u2013 das Lied von der Glocke von Friedrich von Schiller? Fr\u00fcher war es \u00fcblich, Gedichte auswendig zu lernen. Ganz vorne stand \u201edas Lied von der Glocke\u201c \u2013 gef\u00fcrchtet wegen der L\u00e4nge des Textes. Schillers Ferse zur Glocke spiegeln die Bedeutung der Glocken in der abendl\u00e4ndischen Kultur wider. Glocken sind faszinierende Musikinstrumente. Jahrtausende hat die Glocke (fast) unbeschadet \u00fcberstanden.<\/p>\n<p>Dem Rhythmus der Glocken folgten Generationen von Menschen zum Gebet, zur Arbeit und zur Mu\u00dfe. Zum L\u00e4uten f\u00fcr Gottesdienst und Gebet, aber auch zum Ordnen des weltlichen Lebens erklingen die Glocken. Die Zeiten, in denen Glocken verstummten, waren immer auch schlechte Zeiten f\u00fcr die Menschen. Diktaturen brachten nicht nur die Glocken zum Verstummen. In S\u00fcdlohn fiel eine historische Glocke dem ersten Weltkrieg zum Opfer. Auch w\u00e4hrend des zweiten Weltkrieg wurde ein Teil der Glocken beschlagnahmt, eingeschmolzen und als Rohstoff f\u00fcr die Waffenproduktion verwendet.<\/p>\n<p>Der damalige Oberbrandmeister und stellv. B\u00fcrgermeister Eugen Cohausz verhinderte, dass eine wertvolle alte, gotische Glocke verschrottet wurde. Durch sein mutiges Eintreten, konnte die heruntergeholte Glocke noch am gleichen Tag wieder den Platz einnehmen und dadurch der Gemeine erhalten bleiben.<\/p>\n<p>Traditionell l\u00e4uten die Glocken von St. Vitus vor einem Gottesdienst, w\u00e4hrend der Wandlung, bei Taufen, Hochzeiten und Beerdigungen. Der Stundenschlag zur vollen Stunde und der Halbstundenschlag stammt aus der Zeit des Mittelalters. Ein Gro\u00dfteil der Bev\u00f6lkerung hatte keine Uhr und war somit vom Schlag der Turmglocke abh\u00e4ngig.<\/p>\n<table style=\"width: 900px; height: 193px;\" border=\"0\" cellspacing=\"0\" cellpadding=\"0\">\n<tbody>\n<tr>\n<td width=\"125\"><a title=\"Aus &quot;St. Vitus in S\u00fcdohn&quot; von Ulrich S\u00f6bbing \" href=\"http:\/\/www.heimatverein-suedlohn.de\/media\/ueber_suedlohn\/glocke\/glockegr\" rel=\"lightbox\"><img loading=\"lazy\" decoding=\"async\" src=\"http:\/\/www.heimatverein-suedlohn.de\/media\/ueber_suedlohn\/glocke\/glocke\" alt=\"\" width=\"104\" height=\"150\" align=\"left\" hspace=\"10\" vspace=\"10\" \/><\/a><\/td>\n<td width=\"384\">\n<h2>WESTF\u00c4LISCHE\u00a0KUNSTST\u00c4TTEN<\/h2>\n<h2>ST. VITUS\u00a0IN\u00a0S\u00dcDLOHN<\/h2>\n<p>Ulrich S\u00f6bbing beschreibt die Kostbarkeit der Glocken von St. Vitus.<\/td>\n<\/tr>\n<\/tbody>\n<\/table>\n<h2>Gew\u00f6lbe und Glockenstuhl<\/h2>\n<table style=\"width: 904px; height: 347px;\" border=\"0\" cellspacing=\"0\" cellpadding=\"0\">\n<tbody>\n<tr>\n<td valign=\"top\" width=\"261\"><a href=\"http:\/\/www.heimatverein-suedlohn.de\/media\/ueber_suedlohn\/glocke\/glocke1gr.jpg\" rel=\"lightbox\"><img decoding=\"async\" style=\"width: 81px; height: 122px;\" src=\"http:\/\/www.heimatverein-suedlohn.de\/media\/ueber_suedlohn\/glocke\/glocke1.jpg\" alt=\"\" \/><\/a><\/td>\n<td valign=\"top\" width=\"13\"><\/td>\n<td valign=\"top\" width=\"252\"><a href=\"http:\/\/www.heimatverein-suedlohn.de\/media\/ueber_suedlohn\/glocke\/glocke2gr.jpg\" rel=\"lightbox\"><img loading=\"lazy\" decoding=\"async\" src=\"http:\/\/www.heimatverein-suedlohn.de\/media\/ueber_suedlohn\/glocke\/glocke2.jpg\" alt=\"\" width=\"150\" height=\"123\" \/><\/a><\/td>\n<\/tr>\n<tr>\n<td valign=\"top\" width=\"261\">Die Katharinenglocke von 1390<\/td>\n<td valign=\"top\" width=\"13\"><\/td>\n<td valign=\"top\" width=\"252\">Gew\u00f6lbe von oben<\/td>\n<\/tr>\n<tr>\n<td valign=\"top\" width=\"261\"><\/td>\n<td valign=\"top\" width=\"13\"><\/td>\n<td valign=\"top\" width=\"252\"><\/td>\n<\/tr>\n<tr>\n<td valign=\"top\" width=\"261\"><a href=\"http:\/\/www.heimatverein-suedlohn.de\/media\/ueber_suedlohn\/glocke\/glocke3gr.jpg\" rel=\"lightbox\"><img loading=\"lazy\" decoding=\"async\" src=\"http:\/\/www.heimatverein-suedlohn.de\/media\/ueber_suedlohn\/glocke\/glocke3.jpg\" alt=\"\" width=\"150\" height=\"103\" \/><\/a><\/td>\n<td valign=\"top\" width=\"13\"><\/td>\n<td valign=\"top\" width=\"252\"><a href=\"http:\/\/www.heimatverein-suedlohn.de\/media\/ueber_suedlohn\/glocke\/glocke4gr.jpg\" rel=\"lightbox\"><img loading=\"lazy\" decoding=\"async\" src=\"http:\/\/www.heimatverein-suedlohn.de\/media\/ueber_suedlohn\/glocke\/glocke4.jpg\" alt=\"\" width=\"116\" height=\"100\" \/><\/a><\/td>\n<\/tr>\n<tr>\n<td valign=\"top\" width=\"261\">Dachstuhl der St. Vitus Pfarrkirche<\/td>\n<td valign=\"top\" width=\"13\"><\/td>\n<td valign=\"top\" width=\"252\">Die Katharinenglocke von 1390 auf dem Pr\u00fcfstand<\/td>\n<\/tr>\n<\/tbody>\n<\/table>\n<p>Hier ein Video, dass die T\u00f6ne derSt.Vitus Glocken eindrucksvoll widerspiegelt:<\/p>\n<p><iframe loading=\"lazy\" src=\"http:\/\/www.youtube.com\/embed\/b63qr4YBklE\" width=\"420\" height=\"315\" frameborder=\"0\" allowfullscreen=\"allowfullscreen\"><\/iframe><\/p>\n<p><a href=\"http:\/\/www.heimatverein-suedlohn.de\/media\/ueber_suedlohn\/glocke\/dieglocke.pdf\" target=\"_blank\"><img loading=\"lazy\" decoding=\"async\" src=\"http:\/\/www.heimatverein-suedlohn.de\/media\/pdficon.gif\" alt=\"\" width=\"30\" height=\"28\" \/> Nachfolgend bieten wir Ihnen das Gedicht von Friedrich Schillers &#8222;Die Glocke&#8220; zum Download an.<\/a><\/p>\n<\/div><\/section>\n","protected":false},"excerpt":{"rendered":"","protected":false},"author":1,"featured_media":0,"parent":72,"menu_order":10,"comment_status":"closed","ping_status":"closed","template":"","meta":{"footnotes":""},"class_list":["post-76","page","type-page","status-publish","hentry"],"_links":{"self":[{"href":"http:\/\/www.heimatverein-suedlohn.de\/index.php\/wp-json\/wp\/v2\/pages\/76","targetHints":{"allow":["GET"]}}],"collection":[{"href":"http:\/\/www.heimatverein-suedlohn.de\/index.php\/wp-json\/wp\/v2\/pages"}],"about":[{"href":"http:\/\/www.heimatverein-suedlohn.de\/index.php\/wp-json\/wp\/v2\/types\/page"}],"author":[{"embeddable":true,"href":"http:\/\/www.heimatverein-suedlohn.de\/index.php\/wp-json\/wp\/v2\/users\/1"}],"replies":[{"embeddable":true,"href":"http:\/\/www.heimatverein-suedlohn.de\/index.php\/wp-json\/wp\/v2\/comments?post=76"}],"version-history":[{"count":2,"href":"http:\/\/www.heimatverein-suedlohn.de\/index.php\/wp-json\/wp\/v2\/pages\/76\/revisions"}],"predecessor-version":[{"id":78,"href":"http:\/\/www.heimatverein-suedlohn.de\/index.php\/wp-json\/wp\/v2\/pages\/76\/revisions\/78"}],"up":[{"embeddable":true,"href":"http:\/\/www.heimatverein-suedlohn.de\/index.php\/wp-json\/wp\/v2\/pages\/72"}],"wp:attachment":[{"href":"http:\/\/www.heimatverein-suedlohn.de\/index.php\/wp-json\/wp\/v2\/media?parent=76"}],"curies":[{"name":"wp","href":"https:\/\/api.w.org\/{rel}","templated":true}]}}