{"id":65,"date":"2016-05-12T13:10:50","date_gmt":"2016-05-12T11:10:50","guid":{"rendered":"http:\/\/www.heimatverein-suedlohn.de\/neu2016\/?page_id=65"},"modified":"2023-04-08T21:02:07","modified_gmt":"2023-04-08T19:02:07","slug":"ehrenbuergerbuergermeister","status":"publish","type":"page","link":"http:\/\/www.heimatverein-suedlohn.de\/index.php\/ueber-suedlohn\/ehrenbuergerbuergermeister\/","title":{"rendered":"Ehrenb\u00fcrger\/B\u00fcrgermeister"},"content":{"rendered":"<section  class='av_textblock_section av-ycp9-400392b8f8836b224f054f83730ae966'  itemscope=\"itemscope\" itemtype=\"https:\/\/schema.org\/CreativeWork\" ><div class='avia_textblock'  itemprop=\"text\" ><h2>Ehrenb\u00fcrger \u2013 B\u00fcrgermeister der Gemeinde S\u00fcdlohn<\/h2>\n<\/div><\/section>\n\n<style type=\"text\/css\" data-created_by=\"avia_inline_auto\" id=\"style-css-av-l1ih96t2-99cdde3ca5f06c68aff1b8167ff0848e\">\n#top .hr.av-l1ih96t2-99cdde3ca5f06c68aff1b8167ff0848e{\nmargin-top:5px;\nmargin-bottom:5px;\n}\n.hr.av-l1ih96t2-99cdde3ca5f06c68aff1b8167ff0848e .hr-inner{\nwidth:0;\n}\n<\/style>\n<div  class='hr av-l1ih96t2-99cdde3ca5f06c68aff1b8167ff0848e hr-custom  avia-builder-el-1  el_after_av_textblock  el_before_av_textblock  hr-center hr-icon-no'><span class='hr-inner inner-border-av-border-thin'><span class=\"hr-inner-style\"><\/span><\/span><\/div>\n<section  class='av_textblock_section av-l1jrdgli-20d8213f82af8b95efb12620155691ac'  itemscope=\"itemscope\" itemtype=\"https:\/\/schema.org\/CreativeWork\" ><div class='avia_textblock'  itemprop=\"text\" ><h2>Hauptamtliche B\u00fcrgermeister<\/h2>\n<\/div><\/section>\n<section  class='av_textblock_section av-uk1t-a5061f120d004969c26083c750089d8b'  itemscope=\"itemscope\" itemtype=\"https:\/\/schema.org\/CreativeWork\" ><div class='avia_textblock'  itemprop=\"text\" ><table style=\"width: 908px;\" border=\"0\" cellspacing=\"0\" cellpadding=\"0\">\n<tbody>\n<tr>\n<td width=\"217\"><a title=\"Werner St\u00f6dtke\" href=\"http:\/\/www.heimatverein-suedlohn.de\/wp-content\/uploads\/2022\/04\/Werner-Stoedtke.jpg\"><img loading=\"lazy\" decoding=\"async\" src=\"http:\/\/www.heimatverein-suedlohn.de\/wp-content\/uploads\/2022\/04\/Werner-Stoedtke.jpg\" alt=\"\" width=\"112\" height=\"150\" \/><\/a><\/p>\n<div><strong>Werner St\u00f6dtke<br \/>\n<\/strong><\/div>\n<div>seit 01.11.2020<\/div>\n<\/td>\n<td width=\"30\"><strong>\u00a0<\/strong><\/td>\n<\/tr>\n<tr>\n<td width=\"217\"><\/td>\n<td width=\"30\"><\/td>\n<td width=\"240\"><\/td>\n<\/tr>\n<\/tbody>\n<\/table>\n<\/div><\/section>\n<section  class='av_textblock_section av-l1jrkwoo-450899f3603c509719914befefe03b23'  itemscope=\"itemscope\" itemtype=\"https:\/\/schema.org\/CreativeWork\" ><div class='avia_textblock'  itemprop=\"text\" ><table style=\"width: 908px;\" border=\"0\" cellspacing=\"0\" cellpadding=\"0\">\n<tbody>\n<tr>\n<td width=\"240\"><a title=\"Christian Vedder\" href=\"http:\/\/www.heimatverein-suedlohn.de\/media\/ueber_suedlohn\/ehrenbuerger\/ChristianVeddergr.jpg\"><img loading=\"lazy\" decoding=\"async\" src=\"http:\/\/www.heimatverein-suedlohn.de\/media\/ueber_suedlohn\/ehrenbuerger\/ChristianVedder.jpg\" alt=\"\" width=\"108\" height=\"150\" \/><\/a><\/p>\n<div><strong>Christian Vedder<\/strong><\/div>\n<div>21.10.2009 &#8211; 31.10.2020<\/div>\n<\/td>\n<td width=\"217\"><a title=\"Georg Beckmann\" href=\"http:\/\/www.heimatverein-suedlohn.de\/media\/ueber_suedlohn\/ehrenbuerger\/Beckmanngr.jpg\"><img loading=\"lazy\" decoding=\"async\" src=\"http:\/\/www.heimatverein-suedlohn.de\/media\/ueber_suedlohn\/ehrenbuerger\/Beckmann.jpg\" alt=\"\" width=\"112\" height=\"150\" \/><\/a><\/p>\n<div><strong>Georg Beckmann<br \/>\n<\/strong><\/div>\n<div>01.10.1999 \u2013 20.10.2009<\/div>\n<\/td>\n<\/tr>\n<\/tbody>\n<\/table>\n<\/div><\/section>\n\n<style type=\"text\/css\" data-created_by=\"avia_inline_auto\" id=\"style-css-av-2scux-696f03d82d882df0cb9619575beded7b\">\n#top .hr.av-2scux-696f03d82d882df0cb9619575beded7b{\nmargin-top:5px;\nmargin-bottom:5px;\n}\n.hr.av-2scux-696f03d82d882df0cb9619575beded7b .hr-inner{\nwidth:0;\n}\n<\/style>\n<div  class='hr av-2scux-696f03d82d882df0cb9619575beded7b hr-custom  avia-builder-el-5  el_after_av_textblock  el_before_av_textblock  hr-center hr-icon-no'><span class='hr-inner inner-border-av-border-thin'><span class=\"hr-inner-style\"><\/span><\/span><\/div>\n<section  class='av_textblock_section av-l1jrbtfl-b487e9cf21d40c7ed1c12784969bc517'  itemscope=\"itemscope\" itemtype=\"https:\/\/schema.org\/CreativeWork\" ><div class='avia_textblock'  itemprop=\"text\" ><h2>Gemeindedirektoren<\/h2>\n<\/div><\/section>\n<section  class='av_textblock_section av-l1jrs7us-e2a3d303dd93e2c27f052772c88a025b'  itemscope=\"itemscope\" itemtype=\"https:\/\/schema.org\/CreativeWork\" ><div class='avia_textblock'  itemprop=\"text\" ><table style=\"width: 908px;\" border=\"0\" cellspacing=\"0\" cellpadding=\"0\">\n<tbody>\n<tr>\n<td width=\"217\"><a title=\"Rudolf Bongert\" href=\"http:\/\/www.heimatverein-suedlohn.de\/media\/ueber_suedlohn\/ehrenbuerger\/Bongertgr.jpg\"><img loading=\"lazy\" decoding=\"async\" src=\"http:\/\/www.heimatverein-suedlohn.de\/media\/ueber_suedlohn\/ehrenbuerger\/Bongert.jpg\" alt=\"\" width=\"106\" height=\"150\" \/><\/a><\/p>\n<div><strong>Rudolf Bongert<\/strong><\/div>\n<div>13.12.1995 \u2013 30.09.1999<\/div>\n<\/td>\n<td width=\"240\"><a title=\"Karl \u2013 Heinz Schaffer\" href=\"http:\/\/www.heimatverein-suedlohn.de\/media\/ueber_suedlohn\/ehrenbuerger\/Schaffergr.jpg\"><img loading=\"lazy\" decoding=\"async\" src=\"http:\/\/www.heimatverein-suedlohn.de\/media\/ueber_suedlohn\/ehrenbuerger\/Schaffer.jpg\" alt=\"\" width=\"114\" height=\"150\" \/><\/a><\/p>\n<div><strong>Karl \u2013 Heinz Schaffer<\/strong><\/div>\n<div>01.07.1987 \u2013 30.06.1995<\/div>\n<\/td>\n<td width=\"217\"><a title=\"Karl Frechen\" href=\"http:\/\/www.heimatverein-suedlohn.de\/media\/ueber_suedlohn\/ehrenbuerger\/Frechengr.jpg\"><img loading=\"lazy\" decoding=\"async\" src=\"http:\/\/www.heimatverein-suedlohn.de\/media\/ueber_suedlohn\/ehrenbuerger\/Frechen.jpg\" alt=\"\" width=\"109\" height=\"150\" \/><\/a><\/p>\n<div><strong>Karl Frechen<\/strong><\/div>\n<div>01.07.1969 \u2013 30.06.1987<\/div>\n<\/td>\n<\/tr>\n<\/tbody>\n<\/table>\n<\/div><\/section>\n\n<style type=\"text\/css\" data-created_by=\"avia_inline_auto\" id=\"style-css-av-1ut7x-4632acaebc0ce190341ca4cee3a72554\">\n#top .hr.av-1ut7x-4632acaebc0ce190341ca4cee3a72554{\nmargin-top:5px;\nmargin-bottom:5px;\n}\n.hr.av-1ut7x-4632acaebc0ce190341ca4cee3a72554 .hr-inner{\nwidth:0;\n}\n<\/style>\n<div  class='hr av-1ut7x-4632acaebc0ce190341ca4cee3a72554 hr-custom  avia-builder-el-8  el_after_av_textblock  el_before_av_textblock  hr-center hr-icon-no'><span class='hr-inner inner-border-av-border-thin'><span class=\"hr-inner-style\"><\/span><\/span><\/div>\n<section  class='av_textblock_section av-l1jriqrc-57da147e740a573853a50f1ad5488428'  itemscope=\"itemscope\" itemtype=\"https:\/\/schema.org\/CreativeWork\" ><div class='avia_textblock'  itemprop=\"text\" ><h2>Ehrenamtliche B\u00fcrgermeister*innen<\/h2>\n<\/div><\/section>\n<section  class='av_textblock_section av-l1js5x76-90ba6c9300be17c6cff7d75a9bebacf6'  itemscope=\"itemscope\" itemtype=\"https:\/\/schema.org\/CreativeWork\" ><div class='avia_textblock'  itemprop=\"text\" ><table style=\"width: 908px;\" border=\"0\" cellspacing=\"0\" cellpadding=\"0\">\n<tbody>\n<tr>\n<td width=\"240\"><a title=\"Josef Osterholt \u2013 Schwering\" href=\"http:\/\/www.heimatverein-suedlohn.de\/media\/ueber_suedlohn\/ehrenbuerger\/Osterholtgr.jpg\"><img loading=\"lazy\" decoding=\"async\" src=\"http:\/\/www.heimatverein-suedlohn.de\/media\/ueber_suedlohn\/ehrenbuerger\/Osterholt.jpg\" alt=\"\" width=\"96\" height=\"150\" \/><\/a><\/p>\n<div><strong>Josef Osterholt \u2013 Schwering<\/strong><\/div>\n<div>02.11.1994 \u2013 30.09.1999<\/div>\n<\/td>\n<td width=\"217\"><a title=\"Thea Robert\" href=\"http:\/\/www.heimatverein-suedlohn.de\/media\/ueber_suedlohn\/ehrenbuerger\/TheaRobersgr.jpg\"><img loading=\"lazy\" decoding=\"async\" src=\"http:\/\/www.heimatverein-suedlohn.de\/media\/ueber_suedlohn\/ehrenbuerger\/TheaRobers.jpg\" alt=\"\" width=\"105\" height=\"150\" \/><\/a><\/p>\n<div><strong>Thea Robert<\/strong><\/div>\n<div>19.10.1989 \u2013 01.11.1994<\/div>\n<\/td>\n<\/tr>\n<\/tbody>\n<\/table>\n<\/div><\/section>\n<section  class='av_textblock_section av-l1js4aba-a2603102f00e804466dafd0c377a8f2e'  itemscope=\"itemscope\" itemtype=\"https:\/\/schema.org\/CreativeWork\" ><div class='avia_textblock'  itemprop=\"text\" ><table style=\"width: 908px;\" border=\"0\" cellspacing=\"0\" cellpadding=\"0\">\n<tbody>\n<tr>\n<td valign=\"top\" width=\"240\"><a title=\"Josef Schulze Wehninck \u2013 Oenning\" href=\"http:\/\/www.heimatverein-suedlohn.de\/media\/ueber_suedlohn\/ehrenbuerger\/WehningOenninggr.jpg\"><img loading=\"lazy\" decoding=\"async\" src=\"http:\/\/www.heimatverein-suedlohn.de\/media\/ueber_suedlohn\/ehrenbuerger\/WehningOenning.jpg\" alt=\"\" width=\"102\" height=\"150\" \/><\/a><\/p>\n<div><strong>Josef Schulze Wehninck \u2013 Oenning<\/strong><\/div>\n<div>15.05.1975 \u2013 18.10.1989<\/div>\n<\/td>\n<td valign=\"top\" width=\"217\"><a title=\"Josef Hoeper\" href=\"http:\/\/www.heimatverein-suedlohn.de\/media\/ueber_suedlohn\/ehrenbuerger\/Hoepergr.jpg\"><img loading=\"lazy\" decoding=\"async\" src=\"http:\/\/www.heimatverein-suedlohn.de\/media\/ueber_suedlohn\/ehrenbuerger\/Hoeper.jpg\" alt=\"\" width=\"121\" height=\"150\" \/><\/a><\/p>\n<div><strong>Josef Hoeper<\/strong><\/div>\n<div>01.07.1969 \u2013 14.05.1975<\/div>\n<\/td>\n<\/tr>\n<\/tbody>\n<\/table>\n<\/div><\/section>\n\n<style type=\"text\/css\" data-created_by=\"avia_inline_auto\" id=\"style-css-av-1b0vh-3a246347e1bf8207501871b2cdd0ee8e\">\n#top .hr.av-1b0vh-3a246347e1bf8207501871b2cdd0ee8e{\nmargin-top:5px;\nmargin-bottom:5px;\n}\n.hr.av-1b0vh-3a246347e1bf8207501871b2cdd0ee8e .hr-inner{\nwidth:0;\n}\n<\/style>\n<div  class='hr av-1b0vh-3a246347e1bf8207501871b2cdd0ee8e hr-custom  avia-builder-el-12  el_after_av_textblock  el_before_av_textblock  hr-center hr-icon-no'><span class='hr-inner inner-border-av-border-thin'><span class=\"hr-inner-style\"><\/span><\/span><\/div>\n<section  class='av_textblock_section av-l1jqfqrl-8afc510717e552dc63c6e5d7f27dcf2f'  itemscope=\"itemscope\" itemtype=\"https:\/\/schema.org\/CreativeWork\" ><div class='avia_textblock'  itemprop=\"text\" ><h2>Ehrenamtliche B\u00fcrgermeister der Gemeinde S\u00fcdlohn bis 1935 Gemeindevorsteher<\/h2>\n<\/div><\/section>\n<section  class='av_textblock_section av-15o1t-f3d35e453420ecb8c0fad7c37c68484c'  itemscope=\"itemscope\" itemtype=\"https:\/\/schema.org\/CreativeWork\" ><div class='avia_textblock'  itemprop=\"text\" ><table style=\"width: 903px;\" border=\"0\" cellspacing=\"0\" cellpadding=\"0\">\n<tbody>\n<tr>\n<td width=\"240\"><a title=\"Josef Resing\" href=\"http:\/\/www.heimatverein-suedlohn.de\/media\/ueber_suedlohn\/ehrenbuerger\/JosefResinggr.jpg\"><img loading=\"lazy\" decoding=\"async\" src=\"http:\/\/www.heimatverein-suedlohn.de\/media\/ueber_suedlohn\/ehrenbuerger\/JosefResing.jpg\" alt=\"\" width=\"120\" height=\"150\" \/><\/a><\/p>\n<div><strong>Josef Resing<\/strong><\/div>\n<div>08.10.1964 \u2013 30.06.1969<\/div>\n<\/td>\n<td width=\"217\"><a title=\"Wilhelm Dickmann\" href=\"http:\/\/www.heimatverein-suedlohn.de\/media\/ueber_suedlohn\/ehrenbuerger\/Diekmanngr.jpg\"><img loading=\"lazy\" decoding=\"async\" src=\"http:\/\/www.heimatverein-suedlohn.de\/media\/ueber_suedlohn\/ehrenbuerger\/Diekmann.jpg\" alt=\"\" width=\"107\" height=\"150\" \/><\/a><\/p>\n<div><strong>Wilhelm Dickmann<\/strong><\/div>\n<div>01.04.1945 \u2013 07.10.1964<\/div>\n<\/td>\n<\/tr>\n<\/tbody>\n<\/table>\n<\/div><\/section>\n<section  class='av_textblock_section av-l1jqk1pg-d5aaa7fbe9ac551969c4bb45b7de2cd5'  itemscope=\"itemscope\" itemtype=\"https:\/\/schema.org\/CreativeWork\" ><div class='avia_textblock'  itemprop=\"text\" ><table style=\"width: 903px;\" border=\"0\" cellspacing=\"0\" cellpadding=\"0\">\n<tbody>\n<tr>\n<td width=\"240\"><a title=\"Bernhard Schulze Wehninck \u2013 Siebing\" href=\"http:\/\/www.heimatverein-suedlohn.de\/media\/ueber_suedlohn\/ehrenbuerger\/Siebinggr.jpg\"><img loading=\"lazy\" decoding=\"async\" src=\"http:\/\/www.heimatverein-suedlohn.de\/media\/ueber_suedlohn\/ehrenbuerger\/Siebing.jpg\" alt=\"\" width=\"101\" height=\"150\" \/><\/a><\/p>\n<div><strong>Bernhard Schulze Wehninck \u2013 Siebing<\/strong><\/div>\n<div>30.10.1938 \u2013 02.11.1942<\/div>\n<\/td>\n<td width=\"217\"><a title=\"Gerhard K\u00f6sters gnt. Borgmann\" href=\"http:\/\/www.heimatverein-suedlohn.de\/media\/ueber_suedlohn\/ehrenbuerger\/KoestersBorgmanngr.jpg\"><img loading=\"lazy\" decoding=\"async\" src=\"http:\/\/www.heimatverein-suedlohn.de\/media\/ueber_suedlohn\/ehrenbuerger\/KoestersBorgmann.jpg\" alt=\"\" width=\"109\" height=\"150\" \/><\/a><\/p>\n<div><strong>Gerhard K\u00f6sters gnt. Borgmann<\/strong><\/div>\n<div>06.04.1933 \u2013 29.10.1938<\/div>\n<\/td>\n<\/tr>\n<\/tbody>\n<\/table>\n<\/div><\/section>\n<section  class='av_textblock_section av-l1jqgc25-3d0d05bf2bb92e0b5788b2d92a9571f7'  itemscope=\"itemscope\" itemtype=\"https:\/\/schema.org\/CreativeWork\" ><div class='avia_textblock'  itemprop=\"text\" ><table style=\"width: 903px;\" border=\"0\" cellspacing=\"0\" cellpadding=\"0\">\n<tbody>\n<tr>\n<td valign=\"top\" width=\"240\"><a title=\"Carl F\u00f6cking\" href=\"http:\/\/www.heimatverein-suedlohn.de\/media\/ueber_suedlohn\/ehrenbuerger\/CarlFoeckinggr.jpg\"><img loading=\"lazy\" decoding=\"async\" src=\"http:\/\/www.heimatverein-suedlohn.de\/media\/ueber_suedlohn\/ehrenbuerger\/CarlFoecking.jpg\" alt=\"\" width=\"103\" height=\"150\" \/><\/a><\/p>\n<div><strong>Carl F\u00f6cking<\/strong><\/div>\n<div>19.07.1924 \u2013 28.03.1933<\/div>\n<\/td>\n<td valign=\"top\" width=\"217\"><a title=\"Hermann Schulze Herking\" href=\"http:\/\/www.heimatverein-suedlohn.de\/media\/ueber_suedlohn\/ehrenbuerger\/Sch_Herkinggr.jpg\"><img loading=\"lazy\" decoding=\"async\" src=\"http:\/\/www.heimatverein-suedlohn.de\/media\/ueber_suedlohn\/ehrenbuerger\/Sch_Herking.jpg\" alt=\"\" width=\"98\" height=\"150\" \/><\/a><strong><br \/>\n<\/strong><\/p>\n<div><strong>Hermann Schulze Herking<\/strong><\/div>\n<div>15.05.1914 \u2013 18.07.1924<\/div>\n<\/td>\n<\/tr>\n<\/tbody>\n<\/table>\n<\/div><\/section>\n\n<style type=\"text\/css\" data-created_by=\"avia_inline_auto\" id=\"style-css-av-3dyp-f93c6764ba0c6a60bc64f990d40c58e4\">\n#top .hr.av-3dyp-f93c6764ba0c6a60bc64f990d40c58e4{\nmargin-top:5px;\nmargin-bottom:5px;\n}\n.hr.av-3dyp-f93c6764ba0c6a60bc64f990d40c58e4 .hr-inner{\nwidth:0;\n}\n<\/style>\n<div  class='hr av-3dyp-f93c6764ba0c6a60bc64f990d40c58e4 hr-custom  avia-builder-el-17  el_after_av_textblock  el_before_av_textblock  hr-center hr-icon-no'><span class='hr-inner inner-border-av-border-thin'><span class=\"hr-inner-style\"><\/span><\/span><\/div>\n<section  class='av_textblock_section av-l1jqtzhk-e2ae497b40a06ed591813da32e2125cf'  itemscope=\"itemscope\" itemtype=\"https:\/\/schema.org\/CreativeWork\" ><div class='avia_textblock'  itemprop=\"text\" ><h2>Ehrenb\u00fcrger<\/h2>\n<\/div><\/section>\n<section  class='av_textblock_section av-l1jqey5i-1429ecd794717ef363e7a629a96f39c7'  itemscope=\"itemscope\" itemtype=\"https:\/\/schema.org\/CreativeWork\" ><div class='avia_textblock'  itemprop=\"text\" ><table style=\"width: 904px;\" border=\"0\" cellspacing=\"0\" cellpadding=\"0\">\n<tbody>\n<tr>\n<td width=\"121\"><a title=\"In Anerkennung seines Einsatzes f\u00fcr S\u00fcdlohn und seine B\u00fcrger erhielt Pfarrer Walter Winkelhues zu seinem 40 \u2013 j\u00e4hrigen Weihejubil\u00e4um am 29. November 1989 das Ehrenb\u00fcrgerrecht. Er widmete sich insbesondere der Verbesserung des Angebotes f\u00fcr die Jugend. Die Umgestaltung des \u201eHauses der Vereine\u201c, der Bau des Jugendheimes, die Schaffung von Kindergartenpl\u00e4tzen sind mit ihm verbunden. Die Organisation von Jugendfreizeiten und das von ihm gegr\u00fcndete Ferienwerk gehen ma\u00dfgeblich auf ihn zur\u00fcck. Der Umbau des Henricus \u2013 Hospitals zu einem Altenkrankenheim \/ Pflegeheim \/ Altenwohnungen gelang unter seiner Leitung. Die Erhaltung der St. \u2013 Vitus Kirche und ihrer Kunstsch\u00e4tze lagen ihm am Herzen.\" href=\"http:\/\/www.heimatverein-suedlohn.de\/media\/ueber_suedlohn\/ehrenbuerger\/Winkelhuesgr.jpg\"><img loading=\"lazy\" decoding=\"async\" src=\"http:\/\/www.heimatverein-suedlohn.de\/media\/ueber_suedlohn\/ehrenbuerger\/Winkelhues.jpg\" alt=\"\" width=\"104\" height=\"150\" \/><\/a><\/p>\n<div><strong>Pfarrer Walter Winkelhues<\/strong><\/div>\n<div>geboren 11.11.1929<\/div>\n<div>gestorben 05.02.2003<\/div>\n<\/td>\n<td width=\"30\"><\/td>\n<td width=\"585\">In Anerkennung seines Einsatzes f\u00fcr S\u00fcdlohn und seine B\u00fcrger erhielt Pfarrer Walter Winkelhues zu seinem 40 \u2013 j\u00e4hrigen Weihejubil\u00e4um am 29. November 1989 das Ehrenb\u00fcrgerrecht. Er widmete sich insbesondere der Verbesserung des Angebotes f\u00fcr die Jugend. Die Umgestaltung des \u201eHauses der Vereine\u201c, der Bau des Jugendheimes, die Schaffung von Kindergartenpl\u00e4tzen sind mit ihm verbunden. Die Organisation von Jugendfreizeiten und das von ihm gegr\u00fcndete Ferienwerk gehen ma\u00dfgeblich auf ihn zur\u00fcck. Der Umbau des Henricus \u2013 Hospitals zu einem Altenkrankenheim \/ Pflegeheim \/ Altenwohnungen gelang unter seiner Leitung. Die Erhaltung der St. \u2013 Vitus Kirche und ihrer Kunstsch\u00e4tze lagen ihm am Herzen.<\/td>\n<\/tr>\n<\/tbody>\n<\/table>\n<\/div><\/section>\n<section  class='av_textblock_section av-l1jq9ok3-4d484ab51f15ccaa91572998eb8be75c'  itemscope=\"itemscope\" itemtype=\"https:\/\/schema.org\/CreativeWork\" ><div class='avia_textblock'  itemprop=\"text\" ><table style=\"width: 904px;\" border=\"0\" cellspacing=\"0\" cellpadding=\"0\">\n<tbody>\n<tr>\n<td width=\"121\"><a title=\"Das Wirken des geborenen S\u00fcdlohners Paul Schmitz erlangte \u00fcber die Gemeinde S\u00fcdlohn hinaus f\u00fcr die ganze Region besondere Bedeutung. Seit 1952 war er als hauptamtlicher Sekkret\u00e4r der KAB t\u00e4tig. Als Mitglied der Amtsvertretung des Amtes Stadtlohn, als langj\u00e4hriges Mitglied des Gemeinderates, des Kreistages und des Landtages versuchte er, auf politischer Ebene die Ziele der katholischen Soziallehre umzusetzen. \" href=\"http:\/\/www.heimatverein-suedlohn.de\/media\/ueber_suedlohn\/ehrenbuerger\/PaulSchmitzgr.jpg\"><img loading=\"lazy\" decoding=\"async\" src=\"http:\/\/www.heimatverein-suedlohn.de\/media\/ueber_suedlohn\/ehrenbuerger\/PaulSchmitz.jpg\" alt=\"\" width=\"101\" height=\"150\" \/><\/a><\/p>\n<div><strong>Paul Schmitz<\/strong><\/div>\n<div>geboren<\/div>\n<div>24. 03.1920<\/div>\n<div>gestorben 16.09.1993<\/div>\n<\/td>\n<td width=\"30\"><\/td>\n<td width=\"585\">\n<div>Das Wirken des geborenen S\u00fcdlohners Paul Schmitz erlangte \u00fcber die Gemeinde S\u00fcdlohn hinaus f\u00fcr die ganze Region besondere Bedeutung. Seit 1952 war er als hauptamtlicher Sekkret\u00e4r der KAB t\u00e4tig. Als Mitglied der Amtsvertretung des Amtes Stadtlohn, als langj\u00e4hriges Mitglied des Gemeinderates, des Kreistages und des Landtages versuchte er, auf politischer Ebene die Ziele der katholischen Soziallehre umzusetzen.<\/div>\n<div><\/div>\n<div><u><strong>Seine Auszeichnungen:<\/strong><\/u><\/div>\n<div><\/div>\n<div>1973 \u2013 Bundesverdienstkreuz<\/div>\n<div>1985 \u2013 das Gro\u00dfe Verdienstkreuz<\/div>\n<div>1985 \u2013 der p\u00e4pstliche Orden \u201eRitter des Heiligen Greorgius\u201c<\/div>\n<div>1985 \u2013 Ehrenb\u00fcrgerrecht der Heimatgemeinde S\u00fcdlohn<\/div>\n<div>1990 \u2013 Verdienstorden des Landes Nordrhein \u2013 Westfalen<\/div>\n<div><b>\u00a0<\/b><\/div>\n<\/td>\n<\/tr>\n<\/tbody>\n<\/table>\n<\/div><\/section>\n<section  class='av_textblock_section av-l1jq779o-e151ba15860c2aa48ae9ef7e638b6eee'  itemscope=\"itemscope\" itemtype=\"https:\/\/schema.org\/CreativeWork\" ><div class='avia_textblock'  itemprop=\"text\" ><table style=\"width: 904px;\" border=\"0\" cellspacing=\"0\" cellpadding=\"0\">\n<tbody>\n<tr>\n<td width=\"121\"><a title=\"Am 25. Juni 1987 wurde dem langj\u00e4hrigen Gemeindedirektor in W\u00fcrdigung seiner 47 \u2013 j\u00e4hrigen T\u00e4tigkeit f\u00fcr die Kommunalverwaltung das Ehrenb\u00fcrgerrecht verliehen. Der Aufbau der neuen Gemeinde, die Schaffung von Infrastruktur sind eng mit seinem Engagement verbunden. Seine Bem\u00fchungen um das Zusammenwachsen der beiden Gemeinden bei gleichzeitiger Wahrung der ortsbezogenen Belange brachtem ihm breite Zustimmung der B\u00fcrgerschaft ein.\" href=\"http:\/\/www.heimatverein-suedlohn.de\/media\/ueber_suedlohn\/ehrenbuerger\/Frechengr.jpg\"><img loading=\"lazy\" decoding=\"async\" src=\"http:\/\/www.heimatverein-suedlohn.de\/media\/ueber_suedlohn\/ehrenbuerger\/Frechen.jpg\" alt=\"\" width=\"109\" height=\"150\" \/><\/a><\/p>\n<div><strong>Karl Frechen<\/strong><\/div>\n<div>geboren 23,10.1924<\/div>\n<div>gestorben 09.05.2001<\/div>\n<\/td>\n<td width=\"30\"><\/td>\n<td width=\"585\">Am 25. Juni 1987 wurde dem langj\u00e4hrigen Gemeindedirektor in W\u00fcrdigung seiner 47 \u2013 j\u00e4hrigen T\u00e4tigkeit f\u00fcr die Kommunalverwaltung das Ehrenb\u00fcrgerrecht verliehen. Der Aufbau der neuen Gemeinde, die Schaffung von Infrastruktur sind eng mit seinem Engagement verbunden. Seine Bem\u00fchungen um das Zusammenwachsen der beiden Gemeinden bei gleichzeitiger Wahrung der ortsbezogenen Belange brachtem ihm breite Zustimmung der B\u00fcrgerschaft ein.<\/td>\n<\/tr>\n<\/tbody>\n<\/table>\n<\/div><\/section>\n<section  class='av_textblock_section av-waml-0d89d96958dc0166196235a29ab65896'  itemscope=\"itemscope\" itemtype=\"https:\/\/schema.org\/CreativeWork\" ><div class='avia_textblock'  itemprop=\"text\" ><table style=\"width: 904px;\" border=\"0\" cellspacing=\"0\" cellpadding=\"0\">\n<tbody>\n<tr>\n<td width=\"121\"><a title=\"Am 16. April 1975 wurde Josef Hoeper, dem ersten B\u00fcrgermeister nach der kommunalen Neugliederung f\u00fcr seine Verdienste um den Zusammenschluss der beiden Gemeinden das Ehrenb\u00fcrgerrecht verliehen.\" href=\"http:\/\/www.heimatverein-suedlohn.de\/media\/ueber_suedlohn\/ehrenbuerger\/Hoepergr.jpg\"><img loading=\"lazy\" decoding=\"async\" src=\"http:\/\/www.heimatverein-suedlohn.de\/media\/ueber_suedlohn\/ehrenbuerger\/Hoeper.jpg\" alt=\"\" width=\"121\" height=\"150\" \/><\/a><\/p>\n<div style=\"text-align: justify;\"><strong>Josef Hoeper<\/strong><\/div>\n<div style=\"text-align: left;\">geboren: 20.02.1899<\/div>\n<div style=\"text-align: left;\">gestorben: 02.01.1987<\/div>\n<\/td>\n<td width=\"30\"><\/td>\n<td width=\"585\">Am 16. April 1975 wurde Josef Hoeper, dem ersten B\u00fcrgermeister nach der kommunalen Neugliederung f\u00fcr seine Verdienste um den Zusammenschluss der beiden Gemeinden das Ehrenb\u00fcrgerrecht verliehen.<\/td>\n<\/tr>\n<\/tbody>\n<\/table>\n<\/div><\/section>\n<section  class='av_textblock_section av-l1ih9ho4-869b88e77f2fa7d37cec781a790a5119'  itemscope=\"itemscope\" itemtype=\"https:\/\/schema.org\/CreativeWork\" ><div class='avia_textblock'  itemprop=\"text\" ><table style=\"width: 904px;\" border=\"0\" cellspacing=\"0\" cellpadding=\"0\">\n<tbody>\n<tr>\n<td width=\"121\"><a title=\"Engelbert Schulten wurde zur Feier des 50 \u2013 j\u00e4hrigen Bestehens der Firma Gebr. Schulten am 15. Februar 1958 der Ehrenb\u00fcrgerbrief der Gemeinde Oeding \u00fcberreicht. Aus kleinen Anf\u00e4ngen hatte er die Firma zu einem Unternehmen mit 1.400 Mitarbeitern ausgebaut. \u00dcber Jahrzehnte geh\u00f6rte er dem Gemeinderat an und bekleidete in den ersten Monaten nach Kriegsende das schwere Amt des B\u00fcrgermeisters.\" href=\"http:\/\/www.heimatverein-suedlohn.de\/media\/ueber_suedlohn\/ehrenbuerger\/EB_Schultengr.jpg\"><img loading=\"lazy\" decoding=\"async\" src=\"http:\/\/www.heimatverein-suedlohn.de\/media\/ueber_suedlohn\/ehrenbuerger\/EB_Schulten.jpg\" alt=\"\" width=\"113\" height=\"150\" \/><\/a><\/p>\n<div style=\"text-align: left;\"><strong>Engelbert Schulten<\/strong><\/div>\n<div style=\"text-align: left;\">geboren: 13.05.1884<\/div>\n<div style=\"text-align: left;\">gestorben: 16.11.1967<\/div>\n<\/td>\n<td width=\"30\"><\/td>\n<td width=\"585\">Engelbert Schulten\u00a0wurde zur Feier des 50 \u2013 j\u00e4hrigen Bestehens der Firma Gebr. Schulten am 15. Februar 1958 der Ehrenb\u00fcrgerbrief der Gemeinde Oeding \u00fcberreicht. Aus kleinen Anf\u00e4ngen hatte er die Firma zu einem Unternehmen mit 1.400 Mitarbeitern ausgebaut. \u00dcber Jahrzehnte geh\u00f6rte er dem Gemeinderat an und bekleidete in den ersten Monaten nach Kriegsende das schwere Amt des B\u00fcrgermeisters.<\/td>\n<\/tr>\n<\/tbody>\n<\/table>\n<\/div><\/section>\n","protected":false},"excerpt":{"rendered":"","protected":false},"author":1,"featured_media":0,"parent":23,"menu_order":4,"comment_status":"closed","ping_status":"closed","template":"","meta":{"footnotes":""},"class_list":["post-65","page","type-page","status-publish","hentry"],"_links":{"self":[{"href":"http:\/\/www.heimatverein-suedlohn.de\/index.php\/wp-json\/wp\/v2\/pages\/65","targetHints":{"allow":["GET"]}}],"collection":[{"href":"http:\/\/www.heimatverein-suedlohn.de\/index.php\/wp-json\/wp\/v2\/pages"}],"about":[{"href":"http:\/\/www.heimatverein-suedlohn.de\/index.php\/wp-json\/wp\/v2\/types\/page"}],"author":[{"embeddable":true,"href":"http:\/\/www.heimatverein-suedlohn.de\/index.php\/wp-json\/wp\/v2\/users\/1"}],"replies":[{"embeddable":true,"href":"http:\/\/www.heimatverein-suedlohn.de\/index.php\/wp-json\/wp\/v2\/comments?post=65"}],"version-history":[{"count":36,"href":"http:\/\/www.heimatverein-suedlohn.de\/index.php\/wp-json\/wp\/v2\/pages\/65\/revisions"}],"predecessor-version":[{"id":7067,"href":"http:\/\/www.heimatverein-suedlohn.de\/index.php\/wp-json\/wp\/v2\/pages\/65\/revisions\/7067"}],"up":[{"embeddable":true,"href":"http:\/\/www.heimatverein-suedlohn.de\/index.php\/wp-json\/wp\/v2\/pages\/23"}],"wp:attachment":[{"href":"http:\/\/www.heimatverein-suedlohn.de\/index.php\/wp-json\/wp\/v2\/media?parent=65"}],"curies":[{"name":"wp","href":"https:\/\/api.w.org\/{rel}","templated":true}]}}