{"id":5682,"date":"2020-03-31T10:13:51","date_gmt":"2020-03-31T08:13:51","guid":{"rendered":"http:\/\/www.heimatverein-suedlohn.de\/?page_id=5682"},"modified":"2023-04-08T21:00:54","modified_gmt":"2023-04-08T19:00:54","slug":"flucht-und-vertreibung","status":"publish","type":"page","link":"http:\/\/www.heimatverein-suedlohn.de\/index.php\/ueber-suedlohn\/flucht-und-vertreibung\/","title":{"rendered":"Flucht und Vertreibung"},"content":{"rendered":"\n<style type=\"text\/css\" data-created_by=\"avia_inline_auto\" id=\"style-css-av-eh7es2-73836e4af7bf8d43f51b5091c803de74\">\n.flex_column.av-eh7es2-73836e4af7bf8d43f51b5091c803de74{\n-webkit-border-radius:0px 0px 0px 0px;\n-moz-border-radius:0px 0px 0px 0px;\nborder-radius:0px 0px 0px 0px;\npadding:0px 0px 0px 0px;\n}\n<\/style>\n<div class='flex_column av-eh7es2-73836e4af7bf8d43f51b5091c803de74 av_two_third  avia-builder-el-0  el_before_av_one_third  avia-builder-el-first  first flex_column_div av-zero-column-padding '     ><section  class='av_textblock_section av-k8fm9xso-41b3b36d803bb9036ef32f89168bbe55'  itemscope=\"itemscope\" itemtype=\"https:\/\/schema.org\/CreativeWork\" ><div class='avia_textblock'  itemprop=\"text\" ><h2><strong>Flucht und Vertreibung nach dem 2. Weltkrieg<\/strong><\/h2>\n<p><strong>Rund 14 Millionen Deutsche verlassen 1944 \/ 1945 ihre Heimat durch Flucht oder Vertreibung. <\/strong><\/p>\n<p><strong>Flucht aus der geliebten Heimat<br \/>\n<\/strong><\/p>\n<p><strong>Fl\u00fcchtlinge<\/strong> sind Personen, die als Folge kriegerische oder unabwendbaren Ereignissen gezwungen sind, ihren Wohnsitz zu verlassen. F\u00fcr Deutschland war das nach dem Zweiten Weltkrieg ein Ereignis mit Nachwirkungen \u00fcber viele Jahrzehnte. Die Rote Armee betrat im Oktober 1944 erstmals ostpreu\u00dfischen Boden. Die Berichte \u00fcber Gr\u00e4ueltaten der russischen Armee provozieren ab Oktober 1944 gewaltige Fl\u00fcchtlingstrecks westw\u00e4rts unter unsagbaren Bedingungen. Alle Zugverbindungen sind unterbrochen. Die Menschen fliehen zu Fu\u00df, mit Handwagen oder Pferdefuhrwerken in das westliche Gebiet des Reiches. Es gibt keine medizinische Versorgung, keine Lebensmittel, keine Kleidung, kein Trinkwasser. S\u00e4uglinge und Kleinkinder sind die ersten Opfer durch K\u00e4lte oder Hunger. Die Flucht ist unkontrolliert, durch die Strapazen sind die Fl\u00fcchtenden geschw\u00e4cht und werden von der Roten Armee \u00fcberrollt. Hundertausende sterben oder werden deportiert. Etwa zwei bis drei Millionen Fl\u00fcchtlingen gelingt die Flucht nach Kiel, L\u00fcbeck oder D\u00e4nemark.<\/p>\n<p><strong>Vertrieben aus der geliebten Heimat, Haus und Hof blieben zur\u00fcck<br \/>\n<\/strong><\/p>\n<p>Parallel zu den gro\u00dfen Fluchtwellen beginnt zwischen Winter 1944 und Sommer 1945 die systematische <strong>Vertreibung <\/strong>der Deutschen. Auf der &#8222;Potzdamer Konferenz&#8220; im Sommer 1945 wurde von den Alliierten beschlossen, die Gebiete \u00f6stlich von Oder und Lausitzer Nei\u00dfe unter der Verwaltung von Polen zu stellen. Das n\u00f6rdliche Ostpreu\u00dfen fiel unter der Verwaltung der UDSSR. Die Aussiedlung sollte unter humanen Gesichtspunkten erfolgen, es sah eine &#8222;geordnete Vertreibung&#8220; vor. In Wahrheit herrschen jedoch chaotische Zust\u00e4nde vor. Deutsche werden oft unverz\u00fcglich ausgewiesen. Sie werden enteignet, ihr Eigentum, Grund und Boden werden entsch\u00e4digungslos eingezogen. \u00dcber 450.000 Tote durch Flucht und Vertreibung sind belegt.<\/p>\n<\/div><\/section><\/div>\n\n<style type=\"text\/css\" data-created_by=\"avia_inline_auto\" id=\"style-css-av-cmlfma-fd72afeefd28fb953d340d472e158f75\">\n.flex_column.av-cmlfma-fd72afeefd28fb953d340d472e158f75{\n-webkit-border-radius:0px 0px 0px 0px;\n-moz-border-radius:0px 0px 0px 0px;\nborder-radius:0px 0px 0px 0px;\npadding:0px 0px 0px 0px;\n}\n<\/style>\n<div class='flex_column av-cmlfma-fd72afeefd28fb953d340d472e158f75 av_one_third  avia-builder-el-2  el_after_av_two_third  el_before_av_two_third  flex_column_div av-zero-column-padding '     ><p>\n<style type=\"text\/css\" data-created_by=\"avia_inline_auto\" id=\"style-css-av-k8fmduw5-27a9950ec6f13591175faddae55e04ad\">\n.avia-image-container.av-k8fmduw5-27a9950ec6f13591175faddae55e04ad img.avia_image{\nbox-shadow:none;\n}\n.avia-image-container.av-k8fmduw5-27a9950ec6f13591175faddae55e04ad .av-image-caption-overlay-center{\ncolor:#ffffff;\n}\n<\/style>\n<div  class='avia-image-container av-k8fmduw5-27a9950ec6f13591175faddae55e04ad av-styling- avia-align-center  avia-builder-el-3  el_before_av_textblock  avia-builder-el-first '   itemprop=\"image\" itemscope=\"itemscope\" itemtype=\"https:\/\/schema.org\/ImageObject\" ><div class=\"avia-image-container-inner\"><div class=\"avia-image-overlay-wrap\"><a href=\"http:\/\/www.heimatverein-suedlohn.de\/wp-content\/uploads\/2020\/03\/1.jpg\" data-srcset=\"http:\/\/www.heimatverein-suedlohn.de\/wp-content\/uploads\/2020\/03\/1.jpg 1000w, http:\/\/www.heimatverein-suedlohn.de\/wp-content\/uploads\/2020\/03\/1-300x168.jpg 300w, http:\/\/www.heimatverein-suedlohn.de\/wp-content\/uploads\/2020\/03\/1-768x431.jpg 768w, http:\/\/www.heimatverein-suedlohn.de\/wp-content\/uploads\/2020\/03\/1-705x396.jpg 705w\" data-sizes=\"(max-width: 1000px) 100vw, 1000px\" class='avia_image' ><img decoding=\"async\" class='wp-image-5686 avia-img-lazy-loading-not-5686 avia_image ' src=\"http:\/\/www.heimatverein-suedlohn.de\/wp-content\/uploads\/2020\/03\/1.jpg\" alt='Die Flucht aus Ostpreu\u00dfen ist unkontrolliert, Hundertausende sterben durch Entbehrungen, K\u00e4lte und Hunger.' title='v'  height=\"561\" width=\"1000\"  itemprop=\"thumbnailUrl\" srcset=\"http:\/\/www.heimatverein-suedlohn.de\/wp-content\/uploads\/2020\/03\/1.jpg 1000w, http:\/\/www.heimatverein-suedlohn.de\/wp-content\/uploads\/2020\/03\/1-300x168.jpg 300w, http:\/\/www.heimatverein-suedlohn.de\/wp-content\/uploads\/2020\/03\/1-768x431.jpg 768w, http:\/\/www.heimatverein-suedlohn.de\/wp-content\/uploads\/2020\/03\/1-705x396.jpg 705w\" sizes=\"(max-width: 1000px) 100vw, 1000px\" \/><\/a><\/div><\/div><\/div><br \/>\n<section  class='av_textblock_section av-k8fme0bn-1655e465ca1e0ca7a8b46af710684e47'  itemscope=\"itemscope\" itemtype=\"https:\/\/schema.org\/CreativeWork\" ><div class='avia_textblock'  itemprop=\"text\" ><p>Die Flucht aus Ostpreu\u00dfen ist unkontrolliert, Hundertausende sterben durch Entbehrungen, K\u00e4lte und Hunger.<\/p>\n<\/div><\/section><\/p><\/div>\n\n<style type=\"text\/css\" data-created_by=\"avia_inline_auto\" id=\"style-css-av-amp4lu-aaaae0851375dafb5b7c868d8680f6ee\">\n.flex_column.av-amp4lu-aaaae0851375dafb5b7c868d8680f6ee{\n-webkit-border-radius:0px 0px 0px 0px;\n-moz-border-radius:0px 0px 0px 0px;\nborder-radius:0px 0px 0px 0px;\npadding:0px 0px 0px 0px;\n}\n<\/style>\n<div class='flex_column av-amp4lu-aaaae0851375dafb5b7c868d8680f6ee av_two_third  avia-builder-el-5  el_after_av_one_third  el_before_av_one_third  first flex_column_div av-zero-column-padding column-top-margin'     ><section  class='av_textblock_section av-k8fm9xso-41b3b36d803bb9036ef32f89168bbe55'  itemscope=\"itemscope\" itemtype=\"https:\/\/schema.org\/CreativeWork\" ><div class='avia_textblock'  itemprop=\"text\" ><p>\u00dcber zw\u00f6lf Millionen Fl\u00fcchtlinge und Vertriebene suchen nach 1945 eine neue Heimat. Im Chaos der unmittelbaren Nachkriegszeit wird von den Fl\u00fcchtenden und Vertriebenen in ersten Linie Schutz und Sicherheit gesucht. Ein eigentliches Ziel gibt es f\u00fcr die meisten nicht. Die gewaltigen Str\u00f6me verlaufen quer durch ein zerst\u00f6rtes Deutschland und treffen auf Menschen, die durch Bombenangriffe und Kriegshandlungen selbst kaum \u00fcber das N\u00f6tigste verf\u00fcgen. In den kriegszerst\u00f6rten Ruinenlandschaften mangelt es an Wasser, Lebensmittel, Medikamenten, Wohnraum, Kleidung, Heizmaterial und Arbeit. Vielerorts werden die Neuank\u00f6mmlinge daher misstrauisch be\u00e4ugt und nicht selten feindselig behandelt. Es ist das Deutschland der &#8222;Stunde Null&#8220;.<\/p>\n<p>In der Praxis sind die Grenzen zwischen Flucht und Vertreibung verwischt. Viele Bewohner der deutschen Ostgebiete erleben beides: Flucht und Vertreibung.<\/p>\n<p>Die Vertriebenen trifft neben den Strapazen der Flucht oder Vertreibung und dem Verlust der Heimat der soziale Abstieg. Mit leeren H\u00e4nden m\u00fcssen sie den Neuanfang versuchen. Haus, Hof, Hab und Gut haben sie zur\u00fccklassen m\u00fcssen. Mitgenommene Wertgegenst\u00e4nde wurden oft genug ohne Entsch\u00e4digung konfisziert.<\/p>\n<p><strong>Ostpreu\u00dfen und Masuren &#8211; der Untergang deutscher Provinzen<\/strong><\/p>\n<p>Ostpreu\u00dfen war \u00fcber Jahrhunderte ein Teil Deutschlands. Die Vertreibung und Enteignung von Millionen haben das Land entv\u00f6lkert und die deutsche Lebensart ausgel\u00f6scht. Die Region wurde geteilt, bekam neue Grenzen, neue Bewohner und neue St\u00e4dtenamen. Der n\u00f6rdliche Teil wurde sowjetisch, der s\u00fcdliche polnisch.<\/p>\n<p><strong>Schlesien wird polnisch<\/strong><\/p>\n<p>Aus Furcht vor der Roten Armee verlie\u00dfen die Schlesier zu Hundertausenden ihre Heimat. Schlesien fiel unter russische Besatzung, wurde vom Deutschen Reich abgetrennt und Polen zugesprochen. Zwischen 1945 und 1947 wurde der gr\u00f6\u00dfte Teil der verbliebenen deutschsprachigen Bev\u00f6lkerung systematisch vertrieben.<\/p>\n<\/div><\/section><\/div>\n<style type=\"text\/css\" data-created_by=\"avia_inline_auto\" id=\"style-css-av-98ysg2-60c378107d4bb85ba2b8f2766f86cae7\">\n.flex_column.av-98ysg2-60c378107d4bb85ba2b8f2766f86cae7{\n-webkit-border-radius:0px 0px 0px 0px;\n-moz-border-radius:0px 0px 0px 0px;\nborder-radius:0px 0px 0px 0px;\npadding:0px 0px 0px 0px;\n}\n<\/style>\n<div class='flex_column av-98ysg2-60c378107d4bb85ba2b8f2766f86cae7 av_one_third  avia-builder-el-7  el_after_av_two_third  el_before_av_two_third  flex_column_div av-zero-column-padding column-top-margin'     ><p>\n<style type=\"text\/css\" data-created_by=\"avia_inline_auto\" id=\"style-css-av-k8fmduw5-082158f5b63948ffa06772a323351564\">\n.avia-image-container.av-k8fmduw5-082158f5b63948ffa06772a323351564 img.avia_image{\nbox-shadow:none;\n}\n.avia-image-container.av-k8fmduw5-082158f5b63948ffa06772a323351564 .av-image-caption-overlay-center{\ncolor:#ffffff;\n}\n<\/style>\n<div  class='avia-image-container av-k8fmduw5-082158f5b63948ffa06772a323351564 av-styling- avia-align-center  avia-builder-el-8  el_before_av_textblock  avia-builder-el-first '   itemprop=\"image\" itemscope=\"itemscope\" itemtype=\"https:\/\/schema.org\/ImageObject\" ><div class=\"avia-image-container-inner\"><div class=\"avia-image-overlay-wrap\"><a href=\"http:\/\/www.heimatverein-suedlohn.de\/wp-content\/uploads\/2020\/03\/2.jpg\" data-srcset=\"http:\/\/www.heimatverein-suedlohn.de\/wp-content\/uploads\/2020\/03\/2.jpg 1000w, http:\/\/www.heimatverein-suedlohn.de\/wp-content\/uploads\/2020\/03\/2-300x168.jpg 300w, http:\/\/www.heimatverein-suedlohn.de\/wp-content\/uploads\/2020\/03\/2-768x431.jpg 768w, http:\/\/www.heimatverein-suedlohn.de\/wp-content\/uploads\/2020\/03\/2-705x396.jpg 705w\" data-sizes=\"(max-width: 1000px) 100vw, 1000px\" class='avia_image' ><img decoding=\"async\" class='wp-image-5685 avia-img-lazy-loading-not-5685 avia_image ' src=\"http:\/\/www.heimatverein-suedlohn.de\/wp-content\/uploads\/2020\/03\/2.jpg\" alt='' title='2'  height=\"561\" width=\"1000\"  itemprop=\"thumbnailUrl\" srcset=\"http:\/\/www.heimatverein-suedlohn.de\/wp-content\/uploads\/2020\/03\/2.jpg 1000w, http:\/\/www.heimatverein-suedlohn.de\/wp-content\/uploads\/2020\/03\/2-300x168.jpg 300w, http:\/\/www.heimatverein-suedlohn.de\/wp-content\/uploads\/2020\/03\/2-768x431.jpg 768w, http:\/\/www.heimatverein-suedlohn.de\/wp-content\/uploads\/2020\/03\/2-705x396.jpg 705w\" sizes=\"(max-width: 1000px) 100vw, 1000px\" \/><\/a><\/div><\/div><\/div><br \/>\n<section  class='av_textblock_section av-k8fme0bn-1655e465ca1e0ca7a8b46af710684e47'  itemscope=\"itemscope\" itemtype=\"https:\/\/schema.org\/CreativeWork\" ><div class='avia_textblock'  itemprop=\"text\" ><p>Vertriebene auf dem Weg in eine ungewisse Zukunft.<\/p>\n<\/div><\/section><\/p><\/div><\/p>\n\n<style type=\"text\/css\" data-created_by=\"avia_inline_auto\" id=\"style-css-av-7h19ia-0c5f2ef4f51822a7c2ed129868830c5d\">\n.flex_column.av-7h19ia-0c5f2ef4f51822a7c2ed129868830c5d{\n-webkit-border-radius:0px 0px 0px 0px;\n-moz-border-radius:0px 0px 0px 0px;\nborder-radius:0px 0px 0px 0px;\npadding:0px 0px 0px 0px;\n}\n<\/style>\n<div class='flex_column av-7h19ia-0c5f2ef4f51822a7c2ed129868830c5d av_two_third  avia-builder-el-10  el_after_av_one_third  el_before_av_one_third  first flex_column_div av-zero-column-padding column-top-margin'     ><p><section  class='av_textblock_section av-k8fm9xso-41b3b36d803bb9036ef32f89168bbe55'  itemscope=\"itemscope\" itemtype=\"https:\/\/schema.org\/CreativeWork\" ><div class='avia_textblock'  itemprop=\"text\" ><p><strong>\u201dSei uns gegr\u00fc\u00dft, du neue deutsche Heimat\u201c <\/strong><\/p>\n<p>Dies stand geschrieben an dem Waggon eines Fl\u00fcchtlingszuges, der das Barackenlager Lette erreichte. Es folgten \u00e4rztliche Untersuchungen, Registrierungen, dann Abtransporte in D\u00f6rfer der Umgebung und Einweisungen in Quartiere. Sagten die alteingesessenen Bewohner &#8222;seid uns gegr\u00fc\u00dft&#8220; zu den Fl\u00fcchtlingen, die auch noch evangelisch waren? \u00a0Ja, es hat bestimmt solche Ausnahmen gegeben, in denen der Hauch einer neuen Heimat die Fl\u00fcchtlinge anweht. Aber es ist auch das geschehen: Fl\u00fcchtlinge sind wieder auf den Marktplatz zur\u00fcckgefahren worden. Es sei kein Platz f\u00fcr sie. Die Besatzungsmacht hat eingegriffen und Aufnahme f\u00fcr die Fl\u00fcchtlinge erzwungen.<\/p>\n<\/div><\/section><br \/>\n<section  class='av_textblock_section av-k8fm9xso-41b3b36d803bb9036ef32f89168bbe55'  itemscope=\"itemscope\" itemtype=\"https:\/\/schema.org\/CreativeWork\" ><div class='avia_textblock'  itemprop=\"text\" ><p>\u00dcber den Weg in Viehwaggons erreichte eine Anzahl Fl\u00fcchtlinge auch die Gemeinde S\u00fcdlohn &#8211; viele davon aus Schlesien. Der Ortskern von S\u00fcdlohn war nach den Bombenangriffen vom 22. M\u00e4rz 1945 zerst\u00f6rt. Daraus ist zu erkl\u00e4ren, dass viele Fl\u00fcchtlinge in den Bauernschaften eine vor\u00fcbergehende Unterkunft fanden.<\/p>\n<p>Einige Fl\u00fcchtlingsfamilien wurden in S\u00fcdlohn sesshaft, beteiligten sich am Aufbau der zerst\u00f6rten Gemeinde und waren in wenigen Jahren voll integriert. Viele Familien verbrachten nur eine \u00dcbergangszeit in der Gemeinde und suchten eine &#8222;neue Heimat&#8220; in r\u00e4umlicher N\u00e4he von Verwandten und Bekannten oder nutzten Baulandangebote der St\u00e4dte und Gemeinden, um ein neues Leben aufzubauen. Heute zeugen vielfach Stra\u00dfenbezeichnungen wie &#8222;Danziger Stra\u00dfe&#8220; oder &#8222;Breslauer Stra\u00dfe&#8220; an die Zeit der Neuansiedlung in den 1950er Jahren.<\/p>\n<p>Es ist dem Heimatverein wichtig, dass dieser Teil der Geschichte nicht vergessen wird.<\/p>\n<p>Dem Heimatverein S\u00fcdlohn e.V. liegt eine komplette Liste der Fl\u00fcchtlinge und Vertriebenen vor, die nach den Wirren des Zweiten Weltkrieges die Gemeinde S\u00fcdlohn erreicht haben. Die Liste umfasst 161 Namen mit Berufsstand, Geburtsdatum, Heimatort und die zugewiesene Wohnadresse in S\u00fcdlohn. F\u00fcr die Ver\u00f6ffentlichung der Daten wird eine &#8222;Rechtm\u00e4\u00dfigkeit&#8220; ben\u00f6tigt. Gem\u00e4\u00df Datenschutzverordnung (DSGVO) ist ein Einwilligungsverfahren notwendig.<\/p>\n<p>Deshalb beschr\u00e4nkt sich\u00a0 wir uns auf einige statistische Erhebungen. (Download PDF-Listen siehe unten) Alle Daten ohne Anspruch auf Vollst\u00e4ndigkeit und ohne Gew\u00e4hr.<\/p>\n<p>31.03.2020 &#8211; Heimatverein S\u00fcdlohn e.V.\u00a0\u00a0\u00a0\u00a0\u00a0\u00a0\u00a0\u00a0\u00a0\u00a0\u00a0\u00a0\u00a0\u00a0\u00a0\u00a0\u00a0\u00a0\u00a0\u00a0\u00a0\u00a0\u00a0\u00a0\u00a0\u00a0\u00a0\u00a0\u00a0\u00a0\u00a0\u00a0 \u00a0 \u00a0 \u00a0 \u00a0 \u00a0 \u00a0 \u00a0 \u00a0 \u00a0 \u00a0 \u00a0 \u00a0 \u00a0 \u00a0 \u00a0 \u00a0 \u00a0 \u00a0\u00a0 Ernst Bennemann\u00a0 &#8211;\u00a0 1. Vorsitzender<\/p>\n<p><strong>\u00a0<\/strong><\/p>\n<\/div><\/section><br \/>\n<section  class='av_textblock_section av-k8fmwhwv-da34ce30d9be0a1ee4b0ac43897a9335'  itemscope=\"itemscope\" itemtype=\"https:\/\/schema.org\/CreativeWork\" ><div class='avia_textblock'  itemprop=\"text\" ><p><strong>2020 &#8211; heimatverein-suedlohn.de<\/strong><\/p>\n<p>&#8211; Ernst Bennemann &#8211;<\/p>\n<p><strong>Quellen und Bilder:<\/strong><\/p>\n<ul>\n<li>Auszugsweise: www.barackenlager-lette.de<\/li>\n<li>Zerst\u00f6rter Ortskern S\u00fcdlohn: Heinrich Tel\u00f6ken<\/li>\n<\/ul>\n<\/div><\/section><\/p><\/div>\n<style type=\"text\/css\" data-created_by=\"avia_inline_auto\" id=\"style-css-av-5iayua-5f03e962ba82fa61b2b42d0e9dd4c1fe\">\n.flex_column.av-5iayua-5f03e962ba82fa61b2b42d0e9dd4c1fe{\n-webkit-border-radius:0px 0px 0px 0px;\n-moz-border-radius:0px 0px 0px 0px;\nborder-radius:0px 0px 0px 0px;\npadding:0px 0px 0px 0px;\n}\n<\/style>\n<div class='flex_column av-5iayua-5f03e962ba82fa61b2b42d0e9dd4c1fe av_one_third  avia-builder-el-14  el_after_av_two_third  el_before_av_icon_box  flex_column_div av-zero-column-padding column-top-margin'     ><p>\n<style type=\"text\/css\" data-created_by=\"avia_inline_auto\" id=\"style-css-av-k8fmduw5-14d0ed9028c57ca2e076029960293c55\">\n.avia-image-container.av-k8fmduw5-14d0ed9028c57ca2e076029960293c55 img.avia_image{\nbox-shadow:none;\n}\n.avia-image-container.av-k8fmduw5-14d0ed9028c57ca2e076029960293c55 .av-image-caption-overlay-center{\ncolor:#ffffff;\n}\n<\/style>\n<div  class='avia-image-container av-k8fmduw5-14d0ed9028c57ca2e076029960293c55 av-styling- avia-align-center  avia-builder-el-15  el_before_av_textblock  avia-builder-el-first '   itemprop=\"image\" itemscope=\"itemscope\" itemtype=\"https:\/\/schema.org\/ImageObject\" ><div class=\"avia-image-container-inner\"><div class=\"avia-image-overlay-wrap\"><a href=\"http:\/\/www.heimatverein-suedlohn.de\/wp-content\/uploads\/2020\/03\/3-1030x803.jpg\" data-srcset=\"http:\/\/www.heimatverein-suedlohn.de\/wp-content\/uploads\/2020\/03\/3-1030x803.jpg 1030w, http:\/\/www.heimatverein-suedlohn.de\/wp-content\/uploads\/2020\/03\/3-300x234.jpg 300w, http:\/\/www.heimatverein-suedlohn.de\/wp-content\/uploads\/2020\/03\/3-768x599.jpg 768w, http:\/\/www.heimatverein-suedlohn.de\/wp-content\/uploads\/2020\/03\/3-705x549.jpg 705w, http:\/\/www.heimatverein-suedlohn.de\/wp-content\/uploads\/2020\/03\/3.jpg 1283w\" data-sizes=\"(max-width: 1030px) 100vw, 1030px\" class='avia_image' ><img decoding=\"async\" class='wp-image-5684 avia-img-lazy-loading-not-5684 avia_image ' src=\"http:\/\/www.heimatverein-suedlohn.de\/wp-content\/uploads\/2020\/03\/3.jpg\" alt='' title='3'  height=\"1000\" width=\"1283\"  itemprop=\"thumbnailUrl\" srcset=\"http:\/\/www.heimatverein-suedlohn.de\/wp-content\/uploads\/2020\/03\/3.jpg 1283w, http:\/\/www.heimatverein-suedlohn.de\/wp-content\/uploads\/2020\/03\/3-300x234.jpg 300w, http:\/\/www.heimatverein-suedlohn.de\/wp-content\/uploads\/2020\/03\/3-1030x803.jpg 1030w, http:\/\/www.heimatverein-suedlohn.de\/wp-content\/uploads\/2020\/03\/3-768x599.jpg 768w, http:\/\/www.heimatverein-suedlohn.de\/wp-content\/uploads\/2020\/03\/3-705x549.jpg 705w\" sizes=\"(max-width: 1283px) 100vw, 1283px\" \/><\/a><\/div><\/div><\/div><br \/>\n<section  class='av_textblock_section av-k8fme0bn-1655e465ca1e0ca7a8b46af710684e47'  itemscope=\"itemscope\" itemtype=\"https:\/\/schema.org\/CreativeWork\" ><div class='avia_textblock'  itemprop=\"text\" ><p>Errichtet\u00a0 wurde das Lager 1933 gleich nach der \u201eMachtergreifung\u201c durch die Nationalsozialisten angeblich als SA \u2013 \u201eSportschule. Ab Mai 1946 bis Ende September 1946 nutzte der Kreis Coesfeld das notd\u00fcrftig wiederhergerichtete Barackenlager als Durchgangslager f\u00fcr die gruppenweise eintreffenden Ostvertriebenen. Ein Initiativkreis von Heimatvertriebenen aus der Grafschaft Glatz (Schlesien) plant im Zusammenwirken mit dem Heimat- und Verkehrsverein Lette e.V., in einem Teil des denkmalgesch\u00fctzten Barackenlagers Lette eine Gedenkst\u00e4tte mit Lernort einzurichten.<\/p>\n<\/div><\/section><br \/>\n\n<style type=\"text\/css\" data-created_by=\"avia_inline_auto\" id=\"style-css-av-k8fmduw5-7c6cd44d6a6e654a390f15cf5eac3440\">\n.avia-image-container.av-k8fmduw5-7c6cd44d6a6e654a390f15cf5eac3440 img.avia_image{\nbox-shadow:none;\n}\n.avia-image-container.av-k8fmduw5-7c6cd44d6a6e654a390f15cf5eac3440 .av-image-caption-overlay-center{\ncolor:#ffffff;\n}\n<\/style>\n<div  class='avia-image-container av-k8fmduw5-7c6cd44d6a6e654a390f15cf5eac3440 av-styling- avia-align-center  avia-builder-el-17  el_after_av_textblock  el_before_av_textblock '   itemprop=\"image\" itemscope=\"itemscope\" itemtype=\"https:\/\/schema.org\/ImageObject\" ><div class=\"avia-image-container-inner\"><div class=\"avia-image-overlay-wrap\"><a href=\"http:\/\/www.heimatverein-suedlohn.de\/wp-content\/uploads\/2020\/03\/4-1030x662.jpg\" data-srcset=\"http:\/\/www.heimatverein-suedlohn.de\/wp-content\/uploads\/2020\/03\/4-1030x662.jpg 1030w, http:\/\/www.heimatverein-suedlohn.de\/wp-content\/uploads\/2020\/03\/4-300x193.jpg 300w, http:\/\/www.heimatverein-suedlohn.de\/wp-content\/uploads\/2020\/03\/4-768x494.jpg 768w, http:\/\/www.heimatverein-suedlohn.de\/wp-content\/uploads\/2020\/03\/4-705x453.jpg 705w, http:\/\/www.heimatverein-suedlohn.de\/wp-content\/uploads\/2020\/03\/4.jpg 1283w\" data-sizes=\"(max-width: 1030px) 100vw, 1030px\" class='avia_image' ><img decoding=\"async\" class='wp-image-5683 avia-img-lazy-loading-not-5683 avia_image ' src=\"http:\/\/www.heimatverein-suedlohn.de\/wp-content\/uploads\/2020\/03\/4.jpg\" alt='' title='4'  height=\"825\" width=\"1283\"  itemprop=\"thumbnailUrl\" srcset=\"http:\/\/www.heimatverein-suedlohn.de\/wp-content\/uploads\/2020\/03\/4.jpg 1283w, http:\/\/www.heimatverein-suedlohn.de\/wp-content\/uploads\/2020\/03\/4-300x193.jpg 300w, http:\/\/www.heimatverein-suedlohn.de\/wp-content\/uploads\/2020\/03\/4-1030x662.jpg 1030w, http:\/\/www.heimatverein-suedlohn.de\/wp-content\/uploads\/2020\/03\/4-768x494.jpg 768w, http:\/\/www.heimatverein-suedlohn.de\/wp-content\/uploads\/2020\/03\/4-705x453.jpg 705w\" sizes=\"(max-width: 1283px) 100vw, 1283px\" \/><\/a><\/div><\/div><\/div><br \/>\n<section  class='av_textblock_section av-k8fme0bn-1655e465ca1e0ca7a8b46af710684e47'  itemscope=\"itemscope\" itemtype=\"https:\/\/schema.org\/CreativeWork\" ><div class='avia_textblock'  itemprop=\"text\" ><p>Der Ortskern von S\u00fcdlohn war nach den Bombenangriffen vom 22. M\u00e4rz 1945 zerst\u00f6rt.<\/p>\n<\/div><\/section><\/p><\/div><\/p>\n<article  class='iconbox iconbox_top av-k8fmk5on-2f145346c700b93721637cbdd7132d28  avia-builder-el-19  el_after_av_one_third  avia-builder-el-last  main_color'  itemscope=\"itemscope\" itemtype=\"https:\/\/schema.org\/CreativeWork\" ><div class=\"iconbox_content\"><header class=\"entry-content-header\"><div class=\"iconbox_icon heading-color\" aria-hidden='true' data-av_icon='\ue82d' data-av_iconfont='entypo-fontello'><\/div><h3 class='iconbox_content_title '  itemprop=\"headline\" ><a href='http:\/\/www.heimatverein-suedlohn.de\/wp-content\/uploads\/2020\/04\/liste.pdf' title='DOWNLOAD PDF-LISTE'  target=\"_blank\"  rel=\"noopener noreferrer\" >DOWNLOAD PDF-LISTE<\/a><\/h3><\/header><div class='iconbox_content_container '  itemprop=\"text\" ><p>Aufnahme von Flu\u0308chtlingen und Vertriebenen in der Gemeinde Su\u0308dlohn 1945 \/ 1946<\/p>\n<\/div><\/div><footer class=\"entry-footer\"><\/footer><\/article>\n","protected":false},"excerpt":{"rendered":"","protected":false},"author":1,"featured_media":0,"parent":23,"menu_order":3,"comment_status":"closed","ping_status":"closed","template":"","meta":{"footnotes":""},"class_list":["post-5682","page","type-page","status-publish","hentry"],"_links":{"self":[{"href":"http:\/\/www.heimatverein-suedlohn.de\/index.php\/wp-json\/wp\/v2\/pages\/5682","targetHints":{"allow":["GET"]}}],"collection":[{"href":"http:\/\/www.heimatverein-suedlohn.de\/index.php\/wp-json\/wp\/v2\/pages"}],"about":[{"href":"http:\/\/www.heimatverein-suedlohn.de\/index.php\/wp-json\/wp\/v2\/types\/page"}],"author":[{"embeddable":true,"href":"http:\/\/www.heimatverein-suedlohn.de\/index.php\/wp-json\/wp\/v2\/users\/1"}],"replies":[{"embeddable":true,"href":"http:\/\/www.heimatverein-suedlohn.de\/index.php\/wp-json\/wp\/v2\/comments?post=5682"}],"version-history":[{"count":14,"href":"http:\/\/www.heimatverein-suedlohn.de\/index.php\/wp-json\/wp\/v2\/pages\/5682\/revisions"}],"predecessor-version":[{"id":7062,"href":"http:\/\/www.heimatverein-suedlohn.de\/index.php\/wp-json\/wp\/v2\/pages\/5682\/revisions\/7062"}],"up":[{"embeddable":true,"href":"http:\/\/www.heimatverein-suedlohn.de\/index.php\/wp-json\/wp\/v2\/pages\/23"}],"wp:attachment":[{"href":"http:\/\/www.heimatverein-suedlohn.de\/index.php\/wp-json\/wp\/v2\/media?parent=5682"}],"curies":[{"name":"wp","href":"https:\/\/api.w.org\/{rel}","templated":true}]}}