{"id":4865,"date":"2019-04-15T11:39:55","date_gmt":"2019-04-15T09:39:55","guid":{"rendered":"http:\/\/www.heimatverein-suedlohn.de\/?page_id=4865"},"modified":"2024-02-19T21:35:20","modified_gmt":"2024-02-19T20:35:20","slug":"mitgliederausweis","status":"publish","type":"page","link":"http:\/\/www.heimatverein-suedlohn.de\/index.php\/ueber-suedlohn\/mitgliederausweis\/","title":{"rendered":"Mitgliederausweis"},"content":{"rendered":"<section  class='av_textblock_section av-bra8a9-0fa38ea049ad18f2b68b0d558efb1518'  itemscope=\"itemscope\" itemtype=\"https:\/\/schema.org\/CreativeWork\" ><div class='avia_textblock'  itemprop=\"text\" ><h2><strong>Mitgliederausweis &amp; Vorteilskarte:<br \/>\n<\/strong><strong>gemeinsam f\u00fcr ein lebendiges Dorf ! <\/strong><\/h2>\n<p>In der Gemeinde S\u00fcdlohn gibt es eine gro\u00dfe Anzahl Initiativen und Aktivit\u00e4ten, die das Gemeindeleben attraktiv machen. Das gilt f\u00fcr viele Gruppen und Institutionen der Gemeinde gleicherma\u00dfen: Sportvereine, musiktreibende Vereine, Nachbarschaften, Feuerwehren, die Kirchengemeinde St. Vitus und St. Jakobus mit den kirchlichen Verb\u00e4nden, die politische Gemeinde und viele andere Gruppen sorgen f\u00fcr ein lebendiges Dorf. Auch die beiden Heimatvereine in S\u00fcdlohn und Oeding tragen mit ihren Aktivit\u00e4ten dazu bei, das Gemeinwesen zu st\u00e4rken und den Zusammenhalt zu f\u00f6rdern.<\/p>\n<p>Der Heimatverein S\u00fcdlohn stellt f\u00fcr alle Mitglieder einen Mitgliederausweis aus. Die Karte ist gleichzeitig eine Vorteilskarte f\u00fcr den Einkauf in ortsans\u00e4ssigen Gesch\u00e4ften. Die Inhaber der Karte f\u00f6rdern die Arbeit des Heimatvereins und profitieren von den Vorteilen, die die teilnehmenden Gesch\u00e4fte bieten. Auch die Firmen haben die Vorteile der Karte erkannt: Werbung und Kundenbindung als Marketingziel.<\/p>\n<p>Aber nicht nur das: Die Kaufkraft bleibt der Gemeinde erhalten, die heimische Wirtschaft wird gest\u00e4rkt. Eine echte Win-win-Situation f\u00fcr alle Beteiligten.<\/p>\n<\/div><\/section>\n\n<style type=\"text\/css\" data-created_by=\"avia_inline_auto\" id=\"style-css-av-b5brht-66cda1b0093dffabf25e4d5d855f40d0\">\n.flex_column.av-b5brht-66cda1b0093dffabf25e4d5d855f40d0{\n-webkit-border-radius:0px 0px 0px 0px;\n-moz-border-radius:0px 0px 0px 0px;\nborder-radius:0px 0px 0px 0px;\npadding:0px 0px 0px 0px;\n}\n<\/style>\n<div class='flex_column av-b5brht-66cda1b0093dffabf25e4d5d855f40d0 av_one_third  avia-builder-el-1  el_after_av_textblock  el_before_av_two_third  first flex_column_div av-zero-column-padding column-top-margin'     ><style type=\"text\/css\" data-created_by=\"avia_inline_auto\" id=\"style-css-av-960gnl-5d684f36576b8f95d4535ee055bd9b6a\">\n.avia-image-container.av-960gnl-5d684f36576b8f95d4535ee055bd9b6a img.avia_image{\nbox-shadow:none;\n}\n.avia-image-container.av-960gnl-5d684f36576b8f95d4535ee055bd9b6a .av-image-caption-overlay-center{\ncolor:#ffffff;\n}\n<\/style>\n<div  class='avia-image-container av-960gnl-5d684f36576b8f95d4535ee055bd9b6a av-styling- avia-align-center  avia-builder-el-2  avia-builder-el-no-sibling '   itemprop=\"image\" itemscope=\"itemscope\" itemtype=\"https:\/\/schema.org\/ImageObject\" ><div class=\"avia-image-container-inner\"><div class=\"avia-image-overlay-wrap\"><a href=\"http:\/\/www.heimatverein-suedlohn.de\/wp-content\/uploads\/2021\/05\/Mitgliederausweis-Heimatverein-S\u00fcdlohn-2021-1030x647.jpg\" data-srcset=\"http:\/\/www.heimatverein-suedlohn.de\/wp-content\/uploads\/2021\/05\/Mitgliederausweis-Heimatverein-S\u00fcdlohn-2021-1030x647.jpg 1030w, http:\/\/www.heimatverein-suedlohn.de\/wp-content\/uploads\/2021\/05\/Mitgliederausweis-Heimatverein-S\u00fcdlohn-2021-300x188.jpg 300w, http:\/\/www.heimatverein-suedlohn.de\/wp-content\/uploads\/2021\/05\/Mitgliederausweis-Heimatverein-S\u00fcdlohn-2021-768x483.jpg 768w, http:\/\/www.heimatverein-suedlohn.de\/wp-content\/uploads\/2021\/05\/Mitgliederausweis-Heimatverein-S\u00fcdlohn-2021-705x443.jpg 705w, http:\/\/www.heimatverein-suedlohn.de\/wp-content\/uploads\/2021\/05\/Mitgliederausweis-Heimatverein-S\u00fcdlohn-2021.jpg 1052w\" data-sizes=\"(max-width: 1030px) 100vw, 1030px\" class='avia_image' ><img decoding=\"async\" class='wp-image-6249 avia-img-lazy-loading-not-6249 avia_image ' src=\"http:\/\/www.heimatverein-suedlohn.de\/wp-content\/uploads\/2021\/05\/Mitgliederausweis-Heimatverein-S\u00fcdlohn-2021-300x188.jpg\" alt='' title='Mitgliederausweis Heimatverein S\u00fcdlohn 2021'  height=\"188\" width=\"300\"  itemprop=\"thumbnailUrl\" srcset=\"http:\/\/www.heimatverein-suedlohn.de\/wp-content\/uploads\/2021\/05\/Mitgliederausweis-Heimatverein-S\u00fcdlohn-2021-300x188.jpg 300w, http:\/\/www.heimatverein-suedlohn.de\/wp-content\/uploads\/2021\/05\/Mitgliederausweis-Heimatverein-S\u00fcdlohn-2021-1030x647.jpg 1030w, http:\/\/www.heimatverein-suedlohn.de\/wp-content\/uploads\/2021\/05\/Mitgliederausweis-Heimatverein-S\u00fcdlohn-2021-768x483.jpg 768w, http:\/\/www.heimatverein-suedlohn.de\/wp-content\/uploads\/2021\/05\/Mitgliederausweis-Heimatverein-S\u00fcdlohn-2021-705x443.jpg 705w, http:\/\/www.heimatverein-suedlohn.de\/wp-content\/uploads\/2021\/05\/Mitgliederausweis-Heimatverein-S\u00fcdlohn-2021.jpg 1052w\" sizes=\"(max-width: 300px) 100vw, 300px\" \/><\/a><\/div><\/div><\/div><\/div>\n<style type=\"text\/css\" data-created_by=\"avia_inline_auto\" id=\"style-css-av-465u8h-23fd0d876b85f56afd49c8f5ed76d5ba\">\n.flex_column.av-465u8h-23fd0d876b85f56afd49c8f5ed76d5ba{\n-webkit-border-radius:0px 0px 0px 0px;\n-moz-border-radius:0px 0px 0px 0px;\nborder-radius:0px 0px 0px 0px;\npadding:0px 0px 0px 0px;\n}\n<\/style>\n<div class='flex_column av-465u8h-23fd0d876b85f56afd49c8f5ed76d5ba av_two_third  avia-builder-el-3  el_after_av_one_third  el_before_av_two_third  flex_column_div av-zero-column-padding column-top-margin'     ><style type=\"text\/css\" data-created_by=\"avia_inline_auto\" id=\"style-css-av-27b1j5-3aeb988af030a5e69311a70fcad0d518\">\n.avia-image-container.av-27b1j5-3aeb988af030a5e69311a70fcad0d518 img.avia_image{\nbox-shadow:none;\n}\n.avia-image-container.av-27b1j5-3aeb988af030a5e69311a70fcad0d518 .av-image-caption-overlay-center{\ncolor:#ffffff;\n}\n<\/style>\n<div  class='avia-image-container av-27b1j5-3aeb988af030a5e69311a70fcad0d518 av-styling- avia-align-center  avia-builder-el-4  avia-builder-el-no-sibling '   itemprop=\"image\" itemscope=\"itemscope\" itemtype=\"https:\/\/schema.org\/ImageObject\" ><div class=\"avia-image-container-inner\"><div class=\"avia-image-overlay-wrap\"><a href=\"http:\/\/www.heimatverein-suedlohn.de\/wp-content\/uploads\/2021\/05\/Mitgliederausweis-Heimatverein-S\u00fcdlohn-2021_2-1030x648.jpg\" data-srcset=\"http:\/\/www.heimatverein-suedlohn.de\/wp-content\/uploads\/2021\/05\/Mitgliederausweis-Heimatverein-S\u00fcdlohn-2021_2-1030x648.jpg 1030w, http:\/\/www.heimatverein-suedlohn.de\/wp-content\/uploads\/2021\/05\/Mitgliederausweis-Heimatverein-S\u00fcdlohn-2021_2-300x189.jpg 300w, http:\/\/www.heimatverein-suedlohn.de\/wp-content\/uploads\/2021\/05\/Mitgliederausweis-Heimatverein-S\u00fcdlohn-2021_2-768x483.jpg 768w, http:\/\/www.heimatverein-suedlohn.de\/wp-content\/uploads\/2021\/05\/Mitgliederausweis-Heimatverein-S\u00fcdlohn-2021_2-705x444.jpg 705w, http:\/\/www.heimatverein-suedlohn.de\/wp-content\/uploads\/2021\/05\/Mitgliederausweis-Heimatverein-S\u00fcdlohn-2021_2.jpg 1047w\" data-sizes=\"(max-width: 1030px) 100vw, 1030px\" class='avia_image' ><img decoding=\"async\" class='wp-image-6252 avia-img-lazy-loading-not-6252 avia_image ' src=\"http:\/\/www.heimatverein-suedlohn.de\/wp-content\/uploads\/2021\/05\/Mitgliederausweis-Heimatverein-S\u00fcdlohn-2021_2-1030x648.jpg\" alt='' title='Mitgliederausweis Heimatverein S\u00fcdlohn 2021_2'  height=\"648\" width=\"1030\"  itemprop=\"thumbnailUrl\" srcset=\"http:\/\/www.heimatverein-suedlohn.de\/wp-content\/uploads\/2021\/05\/Mitgliederausweis-Heimatverein-S\u00fcdlohn-2021_2-1030x648.jpg 1030w, http:\/\/www.heimatverein-suedlohn.de\/wp-content\/uploads\/2021\/05\/Mitgliederausweis-Heimatverein-S\u00fcdlohn-2021_2-300x189.jpg 300w, http:\/\/www.heimatverein-suedlohn.de\/wp-content\/uploads\/2021\/05\/Mitgliederausweis-Heimatverein-S\u00fcdlohn-2021_2-768x483.jpg 768w, http:\/\/www.heimatverein-suedlohn.de\/wp-content\/uploads\/2021\/05\/Mitgliederausweis-Heimatverein-S\u00fcdlohn-2021_2-705x444.jpg 705w, http:\/\/www.heimatverein-suedlohn.de\/wp-content\/uploads\/2021\/05\/Mitgliederausweis-Heimatverein-S\u00fcdlohn-2021_2.jpg 1047w\" sizes=\"(max-width: 1030px) 100vw, 1030px\" \/><\/a><\/div><\/div><\/div><\/div><\/p>\n\n<style type=\"text\/css\" data-created_by=\"avia_inline_auto\" id=\"style-css-av-465u8h-2-f4a041f2a25c15677bb1af408399a900\">\n.flex_column.av-465u8h-2-f4a041f2a25c15677bb1af408399a900{\n-webkit-border-radius:0px 0px 0px 0px;\n-moz-border-radius:0px 0px 0px 0px;\nborder-radius:0px 0px 0px 0px;\npadding:0px 0px 0px 0px;\n}\n<\/style>\n<div class='flex_column av-465u8h-2-f4a041f2a25c15677bb1af408399a900 av_two_third  avia-builder-el-5  el_after_av_two_third  el_before_av_hr  first flex_column_div av-zero-column-padding column-top-margin'     ><style type=\"text\/css\" data-created_by=\"avia_inline_auto\" id=\"style-css-av-27b1j5-1-bf3dab826a036d3444c00b45ba86ad31\">\n.avia-image-container.av-27b1j5-1-bf3dab826a036d3444c00b45ba86ad31 img.avia_image{\nbox-shadow:none;\n}\n.avia-image-container.av-27b1j5-1-bf3dab826a036d3444c00b45ba86ad31 .av-image-caption-overlay-center{\ncolor:#ffffff;\n}\n<\/style>\n<div  class='avia-image-container av-27b1j5-1-bf3dab826a036d3444c00b45ba86ad31 av-styling- avia-align-center  avia-builder-el-6  avia-builder-el-no-sibling '   itemprop=\"image\" itemscope=\"itemscope\" itemtype=\"https:\/\/schema.org\/ImageObject\" ><div class=\"avia-image-container-inner\"><div class=\"avia-image-overlay-wrap\"><a href=\"http:\/\/www.heimatverein-suedlohn.de\/wp-content\/uploads\/2021\/05\/Bedingungen-Karte-einl\u00f6sen-Heimatverein-S\u00fcdlohn-686x1030.jpg\" data-srcset=\"http:\/\/www.heimatverein-suedlohn.de\/wp-content\/uploads\/2021\/05\/Bedingungen-Karte-einl\u00f6sen-Heimatverein-S\u00fcdlohn-686x1030.jpg 686w, http:\/\/www.heimatverein-suedlohn.de\/wp-content\/uploads\/2021\/05\/Bedingungen-Karte-einl\u00f6sen-Heimatverein-S\u00fcdlohn-200x300.jpg 200w, http:\/\/www.heimatverein-suedlohn.de\/wp-content\/uploads\/2021\/05\/Bedingungen-Karte-einl\u00f6sen-Heimatverein-S\u00fcdlohn-768x1153.jpg 768w, http:\/\/www.heimatverein-suedlohn.de\/wp-content\/uploads\/2021\/05\/Bedingungen-Karte-einl\u00f6sen-Heimatverein-S\u00fcdlohn-469x705.jpg 469w, http:\/\/www.heimatverein-suedlohn.de\/wp-content\/uploads\/2021\/05\/Bedingungen-Karte-einl\u00f6sen-Heimatverein-S\u00fcdlohn.jpg 879w\" data-sizes=\"(max-width: 686px) 100vw, 686px\" class='avia_image' ><img decoding=\"async\" class='wp-image-6255 avia-img-lazy-loading-not-6255 avia_image ' src=\"http:\/\/www.heimatverein-suedlohn.de\/wp-content\/uploads\/2021\/05\/Bedingungen-Karte-einl\u00f6sen-Heimatverein-S\u00fcdlohn-686x1030.jpg\" alt='' title='Bedingungen Karte einl\u00f6sen Heimatverein S\u00fcdlohn'  height=\"1030\" width=\"686\"  itemprop=\"thumbnailUrl\" srcset=\"http:\/\/www.heimatverein-suedlohn.de\/wp-content\/uploads\/2021\/05\/Bedingungen-Karte-einl\u00f6sen-Heimatverein-S\u00fcdlohn-686x1030.jpg 686w, http:\/\/www.heimatverein-suedlohn.de\/wp-content\/uploads\/2021\/05\/Bedingungen-Karte-einl\u00f6sen-Heimatverein-S\u00fcdlohn-200x300.jpg 200w, http:\/\/www.heimatverein-suedlohn.de\/wp-content\/uploads\/2021\/05\/Bedingungen-Karte-einl\u00f6sen-Heimatverein-S\u00fcdlohn-768x1153.jpg 768w, http:\/\/www.heimatverein-suedlohn.de\/wp-content\/uploads\/2021\/05\/Bedingungen-Karte-einl\u00f6sen-Heimatverein-S\u00fcdlohn-469x705.jpg 469w, http:\/\/www.heimatverein-suedlohn.de\/wp-content\/uploads\/2021\/05\/Bedingungen-Karte-einl\u00f6sen-Heimatverein-S\u00fcdlohn.jpg 879w\" sizes=\"(max-width: 686px) 100vw, 686px\" \/><\/a><\/div><\/div><\/div><\/div>\n\n<style type=\"text\/css\" data-created_by=\"avia_inline_auto\" id=\"style-css-av-2met5d-bb21c9de9733a6f04a0c7d9473f51d35\">\n#top .hr.hr-invisible.av-2met5d-bb21c9de9733a6f04a0c7d9473f51d35{\nheight:10px;\n}\n<\/style>\n<div  class='hr av-2met5d-bb21c9de9733a6f04a0c7d9473f51d35 hr-invisible  avia-builder-el-7  el_after_av_two_third  el_before_av_icon_box '><span class='hr-inner '><span class=\"hr-inner-style\"><\/span><\/span><\/div>\n<article  class='iconbox iconbox_top av-64uult-c0ce32c25b9c0b08f1faec8a1a0eb5dd  avia-builder-el-8  el_after_av_hr  avia-builder-el-last  main_color'  itemscope=\"itemscope\" itemtype=\"https:\/\/schema.org\/CreativeWork\" ><div class=\"iconbox_content\"><header class=\"entry-content-header\"><div class=\"iconbox_icon heading-color\" aria-hidden='true' data-av_icon='\ue80b' data-av_iconfont='entypo-fontello'><\/div><h3 class='iconbox_content_title '  itemprop=\"headline\" ><a href='http:\/\/www.heimatverein-suedlohn.de\/wp-content\/uploads\/2020\/01\/suedlohn.pdf' title='Beitrittserkl\u00e4rung'  target=\"_blank\"  rel=\"noopener noreferrer\" >Beitrittserkl\u00e4rung<\/a><\/h3><\/header><div class='iconbox_content_container '  itemprop=\"text\" ><p>Mitglied werden und profitieren!<\/p>\n<\/div><\/div><footer class=\"entry-footer\"><\/footer><\/article>\n","protected":false},"excerpt":{"rendered":"","protected":false},"author":1,"featured_media":0,"parent":23,"menu_order":5,"comment_status":"closed","ping_status":"closed","template":"","meta":{"footnotes":""},"class_list":["post-4865","page","type-page","status-publish","hentry"],"_links":{"self":[{"href":"http:\/\/www.heimatverein-suedlohn.de\/index.php\/wp-json\/wp\/v2\/pages\/4865","targetHints":{"allow":["GET"]}}],"collection":[{"href":"http:\/\/www.heimatverein-suedlohn.de\/index.php\/wp-json\/wp\/v2\/pages"}],"about":[{"href":"http:\/\/www.heimatverein-suedlohn.de\/index.php\/wp-json\/wp\/v2\/types\/page"}],"author":[{"embeddable":true,"href":"http:\/\/www.heimatverein-suedlohn.de\/index.php\/wp-json\/wp\/v2\/users\/1"}],"replies":[{"embeddable":true,"href":"http:\/\/www.heimatverein-suedlohn.de\/index.php\/wp-json\/wp\/v2\/comments?post=4865"}],"version-history":[{"count":13,"href":"http:\/\/www.heimatverein-suedlohn.de\/index.php\/wp-json\/wp\/v2\/pages\/4865\/revisions"}],"predecessor-version":[{"id":7514,"href":"http:\/\/www.heimatverein-suedlohn.de\/index.php\/wp-json\/wp\/v2\/pages\/4865\/revisions\/7514"}],"up":[{"embeddable":true,"href":"http:\/\/www.heimatverein-suedlohn.de\/index.php\/wp-json\/wp\/v2\/pages\/23"}],"wp:attachment":[{"href":"http:\/\/www.heimatverein-suedlohn.de\/index.php\/wp-json\/wp\/v2\/media?parent=4865"}],"curies":[{"name":"wp","href":"https:\/\/api.w.org\/{rel}","templated":true}]}}