{"id":370,"date":"2016-05-24T09:39:45","date_gmt":"2016-05-24T07:39:45","guid":{"rendered":"http:\/\/www.heimatverein-suedlohn.de\/neu2016\/?page_id=370"},"modified":"2024-02-29T16:58:49","modified_gmt":"2024-02-29T15:58:49","slug":"aktuelles-termine","status":"publish","type":"page","link":"http:\/\/www.heimatverein-suedlohn.de\/index.php\/aktuelles-termine\/","title":{"rendered":"Aktuelles \/ Termine"},"content":{"rendered":"<section  class='av_textblock_section av-lt4tq3ta-d39bc774e3d8afe95929014f78600f01'  itemscope=\"itemscope\" itemtype=\"https:\/\/schema.org\/CreativeWork\" ><div class='avia_textblock'  itemprop=\"text\" ><h1>Aktuelles \/ Termine<\/h1>\n<\/div><\/section>\n<div class='flex_column av-1elcyi-bd203729dc6b9a16ca900ba48506eca6 av_one_fourth  avia-builder-el-1  el_after_av_textblock  el_before_av_one_fourth  first flex_column_div column-top-margin'     ><p>\n<style type=\"text\/css\" data-created_by=\"avia_inline_auto\" id=\"style-css-av-lt4tv4o7-bb27d01204db5396a05cb464928dfb73\">\n.avia-image-container.av-lt4tv4o7-bb27d01204db5396a05cb464928dfb73 img.avia_image{\nbox-shadow:none;\n}\n.avia-image-container.av-lt4tv4o7-bb27d01204db5396a05cb464928dfb73 .av-image-caption-overlay-center{\ncolor:#ffffff;\n}\n<\/style>\n<div  class='avia-image-container av-lt4tv4o7-bb27d01204db5396a05cb464928dfb73 av-styling- avia-align-center  avia-builder-el-2  el_before_av_textblock  avia-builder-el-first '   itemprop=\"image\" itemscope=\"itemscope\" itemtype=\"https:\/\/schema.org\/ImageObject\" ><div class=\"avia-image-container-inner\"><div class=\"avia-image-overlay-wrap\"><a href=\"http:\/\/www.heimatverein-suedlohn.de\/index.php\/aktuelles-termine\/heimatverein-suedlohn-e-v\/jahresprogramme\/\" class='avia_image' ><img decoding=\"async\" class='wp-image-7567 avia-img-lazy-loading-not-7567 avia_image ' src=\"http:\/\/www.heimatverein-suedlohn.de\/wp-content\/uploads\/2024\/02\/Jahresprogramm.jpg\" alt='' title='Jahresprogramm'  height=\"200\" width=\"200\"  itemprop=\"thumbnailUrl\" srcset=\"http:\/\/www.heimatverein-suedlohn.de\/wp-content\/uploads\/2024\/02\/Jahresprogramm.jpg 200w, http:\/\/www.heimatverein-suedlohn.de\/wp-content\/uploads\/2024\/02\/Jahresprogramm-80x80.jpg 80w, http:\/\/www.heimatverein-suedlohn.de\/wp-content\/uploads\/2024\/02\/Jahresprogramm-36x36.jpg 36w, http:\/\/www.heimatverein-suedlohn.de\/wp-content\/uploads\/2024\/02\/Jahresprogramm-180x180.jpg 180w\" sizes=\"(max-width: 200px) 100vw, 200px\" \/><\/a><\/div><\/div><\/div><br \/>\n<section  class='av_textblock_section av-lt4twkn9-cb7dde7d01946fceffd7c4b0b0f3b02b'  itemscope=\"itemscope\" itemtype=\"https:\/\/schema.org\/CreativeWork\" ><div class='avia_textblock'  itemprop=\"text\" ><p style=\"text-align: center;\"><a href=\"http:\/\/www.heimatverein-suedlohn.de\/index.php\/aktuelles-termine\/heimatverein-suedlohn-e-v\/jahresprogramme\/\"><span style=\"font-size: 16pt;\"><strong>Jahresprogramm<\/strong><\/span><\/a><\/p>\n<\/div><\/section><br \/>\n<section  class='av_textblock_section av-lt4txw9d-049a80f6a75b818dc4acaa5f1e24dd8a'  itemscope=\"itemscope\" itemtype=\"https:\/\/schema.org\/CreativeWork\" ><div class='avia_textblock'  itemprop=\"text\" ><p style=\"text-align: center;\"><span style=\"font-size: 14pt;\">aus dem Jahr 2003 bis heute<\/span><\/p>\n<\/div><\/section><\/p><\/div>\n<div class='flex_column av-16vesa-e0e19d61ddaba20bfee74e8fcbb5e4f8 av_one_fourth  avia-builder-el-5  el_after_av_one_fourth  el_before_av_one_fourth  flex_column_div column-top-margin'     ><p>\n<style type=\"text\/css\" data-created_by=\"avia_inline_auto\" id=\"style-css-av-lt4u3z0u-2a6a76744affe1bf738a2d77fe4aacef\">\n.avia-image-container.av-lt4u3z0u-2a6a76744affe1bf738a2d77fe4aacef img.avia_image{\nbox-shadow:none;\n}\n.avia-image-container.av-lt4u3z0u-2a6a76744affe1bf738a2d77fe4aacef .av-image-caption-overlay-center{\ncolor:#ffffff;\n}\n<\/style>\n<div  class='avia-image-container av-lt4u3z0u-2a6a76744affe1bf738a2d77fe4aacef av-styling- avia-align-center  avia-builder-el-6  el_before_av_textblock  avia-builder-el-first '   itemprop=\"image\" itemscope=\"itemscope\" itemtype=\"https:\/\/schema.org\/ImageObject\" ><div class=\"avia-image-container-inner\"><div class=\"avia-image-overlay-wrap\"><a href=\"http:\/\/www.heimatverein-suedlohn.de\/index.php\/aktuelles-termine\/heimatverein-suedlohn-e-v\/radtouren-ausflugsfahrten\/\" class='avia_image' ><img decoding=\"async\" class='wp-image-7569 avia-img-lazy-loading-not-7569 avia_image ' src=\"http:\/\/www.heimatverein-suedlohn.de\/wp-content\/uploads\/2024\/02\/radtouren.jpg\" alt='' title='radtouren'  height=\"200\" width=\"200\"  itemprop=\"thumbnailUrl\" srcset=\"http:\/\/www.heimatverein-suedlohn.de\/wp-content\/uploads\/2024\/02\/radtouren.jpg 200w, http:\/\/www.heimatverein-suedlohn.de\/wp-content\/uploads\/2024\/02\/radtouren-80x80.jpg 80w, http:\/\/www.heimatverein-suedlohn.de\/wp-content\/uploads\/2024\/02\/radtouren-36x36.jpg 36w, http:\/\/www.heimatverein-suedlohn.de\/wp-content\/uploads\/2024\/02\/radtouren-180x180.jpg 180w\" sizes=\"(max-width: 200px) 100vw, 200px\" \/><\/a><\/div><\/div><\/div><br \/>\n<section  class='av_textblock_section av-lt4u0di1-7bd8acfab4d3d8c447bff3695c5a6bcb'  itemscope=\"itemscope\" itemtype=\"https:\/\/schema.org\/CreativeWork\" ><div class='avia_textblock'  itemprop=\"text\" ><p style=\"text-align: center;\"><a href=\"http:\/\/www.heimatverein-suedlohn.de\/index.php\/aktuelles-termine\/heimatverein-suedlohn-e-v\/radtouren-ausflugsfahrten\/\"><span style=\"font-size: 16pt;\"><strong>Radtouren \/ Ausflugsfahrten<\/strong><\/span><\/a><\/p>\n<\/div><\/section><br \/>\n<section  class='av_textblock_section av-lt4u4vnx-08df796c84dae676aec2d1b8bfd98c8b'  itemscope=\"itemscope\" itemtype=\"https:\/\/schema.org\/CreativeWork\" ><div class='avia_textblock'  itemprop=\"text\" ><p style=\"text-align: center;\"><span style=\"font-size: 14pt;\"> Radeln durch Wald und Flur<\/span><\/p>\n<\/div><\/section><\/p><\/div>\n<div class='flex_column av-10dnnu-4b9d9a273c2de754f6a21d984307d899 av_one_fourth  avia-builder-el-9  el_after_av_one_fourth  el_before_av_one_fourth  flex_column_div column-top-margin'     ><p>\n<style type=\"text\/css\" data-created_by=\"avia_inline_auto\" id=\"style-css-av-lt4u8k5d-1d363bff11d65ba56122fc1d7b242b37\">\n.avia-image-container.av-lt4u8k5d-1d363bff11d65ba56122fc1d7b242b37 img.avia_image{\nbox-shadow:none;\n}\n.avia-image-container.av-lt4u8k5d-1d363bff11d65ba56122fc1d7b242b37 .av-image-caption-overlay-center{\ncolor:#ffffff;\n}\n<\/style>\n<div  class='avia-image-container av-lt4u8k5d-1d363bff11d65ba56122fc1d7b242b37 av-styling- avia-align-center  avia-builder-el-10  el_before_av_textblock  avia-builder-el-first '   itemprop=\"image\" itemscope=\"itemscope\" itemtype=\"https:\/\/schema.org\/ImageObject\" ><div class=\"avia-image-container-inner\"><div class=\"avia-image-overlay-wrap\"><a href=\"http:\/\/www.heimatverein-suedlohn.de\/index.php\/aktuelles-termine\/heimatverein-suedlohn-e-v\/bildungsreisen\/\" class='avia_image' ><img decoding=\"async\" class='wp-image-7570 avia-img-lazy-loading-not-7570 avia_image ' src=\"http:\/\/www.heimatverein-suedlohn.de\/wp-content\/uploads\/2024\/02\/Bildungsreise.jpg\" alt='' title='Bildungsreise'  height=\"200\" width=\"200\"  itemprop=\"thumbnailUrl\" srcset=\"http:\/\/www.heimatverein-suedlohn.de\/wp-content\/uploads\/2024\/02\/Bildungsreise.jpg 200w, http:\/\/www.heimatverein-suedlohn.de\/wp-content\/uploads\/2024\/02\/Bildungsreise-80x80.jpg 80w, http:\/\/www.heimatverein-suedlohn.de\/wp-content\/uploads\/2024\/02\/Bildungsreise-36x36.jpg 36w, http:\/\/www.heimatverein-suedlohn.de\/wp-content\/uploads\/2024\/02\/Bildungsreise-180x180.jpg 180w\" sizes=\"(max-width: 200px) 100vw, 200px\" \/><\/a><\/div><\/div><\/div><br \/>\n<section  class='av_textblock_section av-lt4u9lhe-5084dd036d527533e3b095e87ef86a06'  itemscope=\"itemscope\" itemtype=\"https:\/\/schema.org\/CreativeWork\" ><div class='avia_textblock'  itemprop=\"text\" ><p style=\"text-align: center;\"><a href=\"http:\/\/www.heimatverein-suedlohn.de\/index.php\/aktuelles-termine\/heimatverein-suedlohn-e-v\/bildungsreisen\/\"><span style=\"font-size: 16pt;\"><strong>Bildungsreisen<\/strong><\/span><\/a><\/p>\n<\/div><\/section><br \/>\n<section  class='av_textblock_section av-lt4uaw6z-b210e2bb0fef9d9036bbd5f8ac4ba801'  itemscope=\"itemscope\" itemtype=\"https:\/\/schema.org\/CreativeWork\" ><div class='avia_textblock'  itemprop=\"text\" ><p><span style=\"font-size: 14pt;\">REISEN BILDET! Ist der Leitgedanke der verschiedenen durchgef\u00fchrten Fahrten<\/span><\/p>\n<\/div><\/section><\/p><\/div>\n<div class='flex_column av-ziooy-487d887914dbda621398f58e2c795cb6 av_one_fourth  avia-builder-el-13  el_after_av_one_fourth  el_before_av_one_fourth  flex_column_div column-top-margin'     ><p>\n<style type=\"text\/css\" data-created_by=\"avia_inline_auto\" id=\"style-css-av-lt4uetj0-35536b03c73d8d9a02ea16c51e136dc0\">\n.avia-image-container.av-lt4uetj0-35536b03c73d8d9a02ea16c51e136dc0 img.avia_image{\nbox-shadow:none;\n}\n.avia-image-container.av-lt4uetj0-35536b03c73d8d9a02ea16c51e136dc0 .av-image-caption-overlay-center{\ncolor:#ffffff;\n}\n<\/style>\n<div  class='avia-image-container av-lt4uetj0-35536b03c73d8d9a02ea16c51e136dc0 av-styling- avia-align-center  avia-builder-el-14  el_before_av_textblock  avia-builder-el-first '   itemprop=\"image\" itemscope=\"itemscope\" itemtype=\"https:\/\/schema.org\/ImageObject\" ><div class=\"avia-image-container-inner\"><div class=\"avia-image-overlay-wrap\"><a href=\"http:\/\/www.heimatverein-suedlohn.de\/index.php\/aktuelles-termine\/heimatverein-suedlohn-e-v\/film-775-jahre-suedlohn\/\" class='avia_image' ><img decoding=\"async\" class='wp-image-7571 avia-img-lazy-loading-not-7571 avia_image ' src=\"http:\/\/www.heimatverein-suedlohn.de\/wp-content\/uploads\/2024\/02\/775-Film.jpg\" alt='' title='775 Film'  height=\"200\" width=\"200\"  itemprop=\"thumbnailUrl\" srcset=\"http:\/\/www.heimatverein-suedlohn.de\/wp-content\/uploads\/2024\/02\/775-Film.jpg 200w, http:\/\/www.heimatverein-suedlohn.de\/wp-content\/uploads\/2024\/02\/775-Film-80x80.jpg 80w, http:\/\/www.heimatverein-suedlohn.de\/wp-content\/uploads\/2024\/02\/775-Film-36x36.jpg 36w, http:\/\/www.heimatverein-suedlohn.de\/wp-content\/uploads\/2024\/02\/775-Film-180x180.jpg 180w\" sizes=\"(max-width: 200px) 100vw, 200px\" \/><\/a><\/div><\/div><\/div><br \/>\n<section  class='av_textblock_section av-lt4ufjgi-af0b1b7834fdceb7f38765e31c16e6d4'  itemscope=\"itemscope\" itemtype=\"https:\/\/schema.org\/CreativeWork\" ><div class='avia_textblock'  itemprop=\"text\" ><p style=\"text-align: center;\"><a href=\"http:\/\/www.heimatverein-suedlohn.de\/index.php\/aktuelles-termine\/heimatverein-suedlohn-e-v\/film-775-jahre-suedlohn\/\"><span style=\"font-size: 16pt;\"><strong>FILM 775 JAHRE S\u00dcDLOHN<\/strong><\/span><\/a><\/p>\n<\/div><\/section><br \/>\n<section  class='av_textblock_section av-lt4uhj9n-4b77fff16bc06b79a2e2c1c9a85be35f'  itemscope=\"itemscope\" itemtype=\"https:\/\/schema.org\/CreativeWork\" ><div class='avia_textblock'  itemprop=\"text\" ><p><span style=\"font-size: 14pt;\">Ein Filmprojekt zeichnet die Geschichte der Gemeinde S\u00fcdlohn auf.<\/span><\/p>\n<\/div><\/section><\/p><\/div>\n<div class='flex_column av-pgugi-3b7631a2d6e0d04f14539dbf964157b9 av_one_fourth  avia-builder-el-17  el_after_av_one_fourth  el_before_av_one_fourth  first flex_column_div column-top-margin'     ><p>\n<style type=\"text\/css\" data-created_by=\"avia_inline_auto\" id=\"style-css-av-lt4usixr-55c797e57e2e9bf7abd0608e03851f2e\">\n.avia-image-container.av-lt4usixr-55c797e57e2e9bf7abd0608e03851f2e img.avia_image{\nbox-shadow:none;\n}\n.avia-image-container.av-lt4usixr-55c797e57e2e9bf7abd0608e03851f2e .av-image-caption-overlay-center{\ncolor:#ffffff;\n}\n<\/style>\n<div  class='avia-image-container av-lt4usixr-55c797e57e2e9bf7abd0608e03851f2e av-styling- avia-align-center  avia-builder-el-18  el_before_av_textblock  avia-builder-el-first '   itemprop=\"image\" itemscope=\"itemscope\" itemtype=\"https:\/\/schema.org\/ImageObject\" ><div class=\"avia-image-container-inner\"><div class=\"avia-image-overlay-wrap\"><a href=\"http:\/\/www.heimatverein-suedlohn.de\/index.php\/aktuelles-termine\/heimatverein-suedlohn-e-v\/projekt-internet\/\" class='avia_image' ><img decoding=\"async\" class='wp-image-7573 avia-img-lazy-loading-not-7573 avia_image ' src=\"http:\/\/www.heimatverein-suedlohn.de\/wp-content\/uploads\/2024\/02\/Internet.jpg\" alt='' title='Internet'  height=\"200\" width=\"200\"  itemprop=\"thumbnailUrl\" srcset=\"http:\/\/www.heimatverein-suedlohn.de\/wp-content\/uploads\/2024\/02\/Internet.jpg 200w, http:\/\/www.heimatverein-suedlohn.de\/wp-content\/uploads\/2024\/02\/Internet-80x80.jpg 80w, http:\/\/www.heimatverein-suedlohn.de\/wp-content\/uploads\/2024\/02\/Internet-36x36.jpg 36w, http:\/\/www.heimatverein-suedlohn.de\/wp-content\/uploads\/2024\/02\/Internet-180x180.jpg 180w\" sizes=\"(max-width: 200px) 100vw, 200px\" \/><\/a><\/div><\/div><\/div><br \/>\n<section  class='av_textblock_section av-lt4uthkg-beb5cb370c71a80f323b862b5a524f60'  itemscope=\"itemscope\" itemtype=\"https:\/\/schema.org\/CreativeWork\" ><div class='avia_textblock'  itemprop=\"text\" ><p style=\"text-align: center;\"><a href=\"http:\/\/www.heimatverein-suedlohn.de\/index.php\/aktuelles-termine\/heimatverein-suedlohn-e-v\/projekt-internet\/\"><span style=\"font-size: 16pt;\"><strong>Projekt Internet<\/strong><\/span><\/a><\/p>\n<\/div><\/section><br \/>\n<section  class='av_textblock_section av-lt4uudr3-c2b0e122035f81d16c188ffc882ffe22'  itemscope=\"itemscope\" itemtype=\"https:\/\/schema.org\/CreativeWork\" ><div class='avia_textblock'  itemprop=\"text\" ><p><span style=\"font-size: 14pt;\">\u201eTradition hei\u00dft nicht, die Asche zu bewahren, sondern das Feuer weiterzureichen.\u201c<\/span><\/p>\n<\/div><\/section><\/p><\/div>\n<div class='flex_column av-nowre-d4971823c07f1550d546ca6a1a61afe8 av_one_fourth  avia-builder-el-21  el_after_av_one_fourth  el_before_av_one_fourth  flex_column_div column-top-margin'     ><p>\n<style type=\"text\/css\" data-created_by=\"avia_inline_auto\" id=\"style-css-av-lt4uxuqe-26f4a0aebe07d805eca2638029e7c5d5\">\n.avia-image-container.av-lt4uxuqe-26f4a0aebe07d805eca2638029e7c5d5 img.avia_image{\nbox-shadow:none;\n}\n.avia-image-container.av-lt4uxuqe-26f4a0aebe07d805eca2638029e7c5d5 .av-image-caption-overlay-center{\ncolor:#ffffff;\n}\n<\/style>\n<div  class='avia-image-container av-lt4uxuqe-26f4a0aebe07d805eca2638029e7c5d5 av-styling- avia-align-center  avia-builder-el-22  el_before_av_textblock  avia-builder-el-first '   itemprop=\"image\" itemscope=\"itemscope\" itemtype=\"https:\/\/schema.org\/ImageObject\" ><div class=\"avia-image-container-inner\"><div class=\"avia-image-overlay-wrap\"><a href=\"http:\/\/www.heimatverein-suedlohn.de\/index.php\/aktuelles-termine\/heimatverein-suedlohn-e-v\/veranstaltungen\/\" class='avia_image' ><img decoding=\"async\" class='wp-image-7574 avia-img-lazy-loading-not-7574 avia_image ' src=\"http:\/\/www.heimatverein-suedlohn.de\/wp-content\/uploads\/2024\/02\/Veranstaltungen.jpg\" alt='' title='Veranstaltungen'  height=\"200\" width=\"200\"  itemprop=\"thumbnailUrl\" srcset=\"http:\/\/www.heimatverein-suedlohn.de\/wp-content\/uploads\/2024\/02\/Veranstaltungen.jpg 200w, http:\/\/www.heimatverein-suedlohn.de\/wp-content\/uploads\/2024\/02\/Veranstaltungen-80x80.jpg 80w, http:\/\/www.heimatverein-suedlohn.de\/wp-content\/uploads\/2024\/02\/Veranstaltungen-36x36.jpg 36w, http:\/\/www.heimatverein-suedlohn.de\/wp-content\/uploads\/2024\/02\/Veranstaltungen-180x180.jpg 180w\" sizes=\"(max-width: 200px) 100vw, 200px\" \/><\/a><\/div><\/div><\/div><br \/>\n<section  class='av_textblock_section av-lt4uyxd4-5bcd370e85204c77e54132fb295f5170'  itemscope=\"itemscope\" itemtype=\"https:\/\/schema.org\/CreativeWork\" ><div class='avia_textblock'  itemprop=\"text\" ><p style=\"text-align: center;\"><a href=\"http:\/\/www.heimatverein-suedlohn.de\/index.php\/aktuelles-termine\/heimatverein-suedlohn-e-v\/veranstaltungen\/\"><span style=\"font-size: 16pt;\"><strong>Veranstaltungen<\/strong><\/span><\/a><\/p>\n<\/div><\/section><br \/>\n<section  class='av_textblock_section av-lt4uzqs2-952ef9cf44bf90e7be81acdb7ee2a1b5'  itemscope=\"itemscope\" itemtype=\"https:\/\/schema.org\/CreativeWork\" ><div class='avia_textblock'  itemprop=\"text\" ><p><span style=\"font-size: 14pt;\">Eine F\u00fclle von Aktivit\u00e4ten und Veranstaltungen ist pr\u00e4gend f\u00fcr den Heimatverein S\u00fcdlohn.<\/span><\/p>\n<\/div><\/section><\/p><\/div>\n<div class='flex_column av-d4xqy-225309a60a5c996163d6c571b6b2f62f av_one_fourth  avia-builder-el-25  el_after_av_one_fourth  avia-builder-el-last  flex_column_div column-top-margin'     ><p>\n<style type=\"text\/css\" data-created_by=\"avia_inline_auto\" id=\"style-css-av-lt4v0rcv-9cfab6d74b400d523705200a105bfb77\">\n.avia-image-container.av-lt4v0rcv-9cfab6d74b400d523705200a105bfb77 img.avia_image{\nbox-shadow:none;\n}\n.avia-image-container.av-lt4v0rcv-9cfab6d74b400d523705200a105bfb77 .av-image-caption-overlay-center{\ncolor:#ffffff;\n}\n<\/style>\n<div  class='avia-image-container av-lt4v0rcv-9cfab6d74b400d523705200a105bfb77 av-styling- avia-align-center  avia-builder-el-26  el_before_av_textblock  avia-builder-el-first '   itemprop=\"image\" itemscope=\"itemscope\" itemtype=\"https:\/\/schema.org\/ImageObject\" ><div class=\"avia-image-container-inner\"><div class=\"avia-image-overlay-wrap\"><a href=\"https:\/\/www.kult-westmuensterland.de\/kult\/heimatpflege\/heimatbrief\/\" class='avia_image' target=\"_blank\" rel=\"noopener noreferrer\"><img decoding=\"async\" class='wp-image-7575 avia-img-lazy-loading-not-7575 avia_image ' src=\"http:\/\/www.heimatverein-suedlohn.de\/wp-content\/uploads\/2024\/02\/Link.jpg\" alt='' title='Link'  height=\"200\" width=\"200\"  itemprop=\"thumbnailUrl\" srcset=\"http:\/\/www.heimatverein-suedlohn.de\/wp-content\/uploads\/2024\/02\/Link.jpg 200w, http:\/\/www.heimatverein-suedlohn.de\/wp-content\/uploads\/2024\/02\/Link-80x80.jpg 80w, http:\/\/www.heimatverein-suedlohn.de\/wp-content\/uploads\/2024\/02\/Link-36x36.jpg 36w, http:\/\/www.heimatverein-suedlohn.de\/wp-content\/uploads\/2024\/02\/Link-180x180.jpg 180w\" sizes=\"(max-width: 200px) 100vw, 200px\" \/><\/a><\/div><\/div><\/div><br \/>\n<section  class='av_textblock_section av-b2mle-261a0001b4580547eb18a6546699fed4'  itemscope=\"itemscope\" itemtype=\"https:\/\/schema.org\/CreativeWork\" ><div class='avia_textblock'  itemprop=\"text\" ><p style=\"text-align: center;\"><a href=\"https:\/\/www.kult-westmuensterland.de\/kult\/heimatpflege\/heimatbrief\/\" target=\"_blank\" rel=\"noopener\"><span style=\"font-size: 16pt;\"><strong>Kreisheimatpflege Borken<\/strong><\/span><\/a><\/p>\n<\/div><\/section><br \/>\n<section  class='av_textblock_section av-lt4v2gf3-0264cd0a2f537a7dca75399baaa8d49a'  itemscope=\"itemscope\" itemtype=\"https:\/\/schema.org\/CreativeWork\" ><div class='avia_textblock'  itemprop=\"text\" ><p style=\"text-align: center;\"><span style=\"font-size: 14pt;\">Link<\/span><\/p>\n<\/div><\/section><\/p><\/div>\n","protected":false},"excerpt":{"rendered":"","protected":false},"author":1,"featured_media":0,"parent":0,"menu_order":4,"comment_status":"closed","ping_status":"closed","template":"","meta":{"footnotes":""},"class_list":["post-370","page","type-page","status-publish","hentry"],"_links":{"self":[{"href":"http:\/\/www.heimatverein-suedlohn.de\/index.php\/wp-json\/wp\/v2\/pages\/370","targetHints":{"allow":["GET"]}}],"collection":[{"href":"http:\/\/www.heimatverein-suedlohn.de\/index.php\/wp-json\/wp\/v2\/pages"}],"about":[{"href":"http:\/\/www.heimatverein-suedlohn.de\/index.php\/wp-json\/wp\/v2\/types\/page"}],"author":[{"embeddable":true,"href":"http:\/\/www.heimatverein-suedlohn.de\/index.php\/wp-json\/wp\/v2\/users\/1"}],"replies":[{"embeddable":true,"href":"http:\/\/www.heimatverein-suedlohn.de\/index.php\/wp-json\/wp\/v2\/comments?post=370"}],"version-history":[{"count":8,"href":"http:\/\/www.heimatverein-suedlohn.de\/index.php\/wp-json\/wp\/v2\/pages\/370\/revisions"}],"predecessor-version":[{"id":7645,"href":"http:\/\/www.heimatverein-suedlohn.de\/index.php\/wp-json\/wp\/v2\/pages\/370\/revisions\/7645"}],"wp:attachment":[{"href":"http:\/\/www.heimatverein-suedlohn.de\/index.php\/wp-json\/wp\/v2\/media?parent=370"}],"curies":[{"name":"wp","href":"https:\/\/api.w.org\/{rel}","templated":true}]}}