{"id":268,"date":"2016-05-20T10:52:38","date_gmt":"2016-05-20T08:52:38","guid":{"rendered":"http:\/\/www.heimatverein-suedlohn.de\/neu2016\/?page_id=268"},"modified":"2024-03-03T23:41:14","modified_gmt":"2024-03-03T22:41:14","slug":"gutshof-schulze-hessing","status":"publish","type":"page","link":"http:\/\/www.heimatverein-suedlohn.de\/index.php\/ueber-suedlohn\/historische-bauwerke\/bauwerke-in-oeding\/gutshof-schulze-hessing\/","title":{"rendered":"Gutshof Schulze-Hessing"},"content":{"rendered":"<section  class='av_textblock_section av-av_textblock-0366cc7376be6c9e82a3e9cc8987b64f'  itemscope=\"itemscope\" itemtype=\"https:\/\/schema.org\/CreativeWork\" ><div class='avia_textblock'  itemprop=\"text\" ><h2 style=\"text-align: justify;\">Gutshof Schulze-Hessing<\/h2>\n<h3 style=\"text-align: justify;\"><a href=\"http:\/\/www.heimatverein-suedlohn.de\/media\/pdfs\/denkmalliste\/a14.pdf\" target=\"_blank\" rel=\"noopener\">Denkmalliste A14<\/a><\/h3>\n<h3 style=\"text-align: justify;\">Geschichte der Hofanlage Schulze Hessing.<\/h3>\n<p style=\"text-align: justify;\"><a title=\"Gutshof Schulze Hessing\" href=\"http:\/\/www.heimatverein-suedlohn.de\/media\/ueber_oeding\/historischebauwerke\/hessing1_gr.jpg\"><img loading=\"lazy\" decoding=\"async\" class=\"alignleft\" src=\"http:\/\/www.heimatverein-suedlohn.de\/media\/ueber_oeding\/historischebauwerke\/hessing1.jpg\" alt=\"\" width=\"226\" height=\"242\" align=\"left\" hspace=\"20\" vspace=\"20\" \/><\/a>Der Hof Schulze Hessing wird urkundlich im Jahre 1365 erstmalig in archivarischen Quellen fa\u00dfbar. Es mu\u00df angenommen werden, da\u00df der Hof Schulze Hessing zu den bevorrechtigten Altsiedelh\u00f6fen geh\u00f6rt und vermutlich seit dem Hochmittelalter existiert hat. Hierf\u00fcr sprechen folgende Gr\u00fcnde:<\/p>\n<ul>\n<li style=\"text-align: justify;\">die umfangreichen Besitz- und Nutzungsrechte am \u201eNichterschen Esch\u201c.<\/li>\n<li style=\"text-align: justify;\">das Vorhandensein einer gr\u00e4ftenumwehrten Hofanlage mit einem mehrgeschossigen Speicher { wie sich aus einer \u00dcbersichtskarte um 1600 ersehen l\u00e4\u00dft, die anl\u00e4\u00dflich eines Wegestreits mit dem Nachbarhof B\u00f6ning entstanden ist.)<\/li>\n<li style=\"text-align: justify;\">Die herausragende Besitzgr\u00f6\u00dfe des Hofes, die im ausgehenden 18. Jahrhundert ca. 150 ha. umfa\u00dfte.<\/li>\n<li style=\"text-align: justify;\">Die Anbindung wichtiger Funktionen an den Hof; neben dem Schultenamt f\u00fcr die f\u00fcrstbisch\u00f6fliche Hofkammer in M\u00fcnster, werden im 18. Jahrhundert das Amt des Kirchenmeisters und des Richters erw\u00e4hnt.<\/li>\n<li style=\"text-align: justify;\">Zum Hof geh\u00f6ren im 18. Jahrhundert mehrere K\u00f6tter sowie drei Leibzuchten, was ungew\u00f6hnlich ist, da normalerweise nur eine Leibzucht als Altenteil benutzt wurde.<\/li>\n<li style=\"text-align: justify;\">Die besondere Stellung dieses Hofes wird dar\u00fcber hinaus durch wirtschaftliche Aktivit\u00e4ten belegt, die \u00fcber die rein agrarischen T\u00e4tigkeiten hinausgingen.Dazu geh\u00f6rte &#8211; f\u00fcr das 18. und 19. Jahrhundert gut belegbar &#8211; zum einen der Holzhandel.<\/li>\n<\/ul>\n<h5 style=\"text-align: justify;\"><span style=\"color: #000000;\">Text und Skizze aus Gemeinde-Archiv<\/span><\/h5>\n<h3 style=\"text-align: justify;\">Der Gr\u00e4ftenhof um 1829<a title=\"Schienenverlegung in der Kalkgrube\" href=\"http:\/\/www.heimatverein-suedlohn.de\/media\/ueber_oeding\/historischebauwerke\/hessing2_gr.jpg\"><img loading=\"lazy\" decoding=\"async\" class=\"alignright\" src=\"http:\/\/www.heimatverein-suedlohn.de\/media\/ueber_oeding\/historischebauwerke\/hessing2.jpg\" alt=\"\" width=\"155\" height=\"200\" align=\"right\" hspace=\"20\" vspace=\"20\" \/><\/a><\/h3>\n<p style=\"margin-right: 0.05cm; margin-top: 0.48cm; margin-bottom: 0cm; background: none repeat scroll 0% 0% #ffffff; line-height: 0.48cm; text-align: justify;\"><span style=\"color: #000000;\">Zum anderen spielte die Nutzung des anstehenden Kalkgesteins eine nicht unwichtige Rolle <\/span><span style=\"color: #000000;\">auf dem Hof Schulze Hessing da dieser \u00fcber l\u00e4ngere Zeit eine Kalkgrube und <\/span><span style=\"color: #000000;\">einen Kalkofen <\/span><span style=\"color: #000000;\">unterhielt. Zahlreiche Urkunden des Hofarchivs best\u00e4tigen im 18. und 19. Jahrhundert den <\/span><span style=\"color: #000000;\">Verkauf von Kalk als Baumaterial und D\u00fcngemittel.<\/span><\/p>\n<p style=\"margin-bottom: 0cm; background: none repeat scroll 0% 0% #ffffff; line-height: 0.48cm; text-align: justify;\"><span style=\"color: #000000;\">Auch auf Grund dieser au\u00dferlandwirtschaftlichen Aktivit\u00e4ten konnte der Hof Schulze Hessing <\/span><span style=\"color: #000000;\">im 18. Jahrhundert solchen Wohlstand erwirtschaften, da\u00df immer neue Grundst\u00fccke <\/span><span style=\"color: #000000;\">zugekauft werden konnten. Dies kann durch folgende G\u00fcterk\u00e4ufe w\u00e4hrend der Bl\u00fctezeit des <\/span><span style=\"color: #000000;\">Hofes belegt werden: <\/span><\/p>\n<p style=\"margin-bottom: 0cm; background: none repeat scroll 0% 0% #ffffff; line-height: 0.48cm; text-align: justify;\">\u00a0<img loading=\"lazy\" decoding=\"async\" src=\"http:\/\/www.heimatverein-suedlohn.de\/media\/pdficon.gif\" alt=\"\" width=\"30\" height=\"28\" \/> <a href=\"http:\/\/www.heimatverein-suedlohn.de\/media\/ueber_oeding\/historischebauwerke\/hessing_presseartikel.pdf\">Pressebericht:\u00a049 Kinder wurden von der Pest dahingerafft.<\/a><\/p>\n<h3 style=\"text-align: justify;\">Schienenverlegung in der Kalkgrube<\/h3>\n<ul>\n<li style=\"text-align: justify;\"><span style=\"color: #000000;\">1737 : Erbe Emming 1811 : Erbe Higging 1814 : Erbe F\u00f6cking<\/span><\/li>\n<li style=\"text-align: justify;\"><span style=\"color: #000000;\">1833 : Erbe Wiedau 1838 : Kotten Uhlig<\/span><\/li>\n<\/ul>\n<table border=\"0\" width=\"705\" cellspacing=\"0\" cellpadding=\"0\">\n<tbody>\n<tr>\n<td style=\"text-align: justify;\" width=\"230\">\u00a0<a title=\"Hofansicht um 1947\" href=\"http:\/\/www.heimatverein-suedlohn.de\/media\/ueber_oeding\/historischebauwerke\/hessing3_gr.jpg\"><img loading=\"lazy\" decoding=\"async\" src=\"http:\/\/www.heimatverein-suedlohn.de\/media\/ueber_oeding\/historischebauwerke\/hessing3.jpg\" alt=\"\" width=\"213\" height=\"148\" \/><\/a><\/td>\n<td style=\"text-align: justify;\" valign=\"top\" width=\"230\"><a title=\"Hofansicht um 1947\" href=\"http:\/\/www.heimatverein-suedlohn.de\/media\/ueber_oeding\/historischebauwerke\/hessing4_gr.jpg\"><img loading=\"lazy\" decoding=\"async\" src=\"http:\/\/www.heimatverein-suedlohn.de\/media\/ueber_oeding\/historischebauwerke\/hessing4.jpg\" alt=\"\" width=\"213\" height=\"148\" \/><\/a><\/td>\n<td style=\"text-align: justify;\" valign=\"top\" width=\"237\"><a title=\"Hofansicht um 1947\" href=\"http:\/\/www.heimatverein-suedlohn.de\/media\/ueber_oeding\/historischebauwerke\/hessing5_gr.jpg\"><img loading=\"lazy\" decoding=\"async\" src=\"http:\/\/www.heimatverein-suedlohn.de\/media\/ueber_oeding\/historischebauwerke\/hessing5.jpg\" alt=\"\" width=\"213\" height=\"148\" \/><\/a><\/td>\n<\/tr>\n<tr>\n<td colspan=\"3\" width=\"697\">\n<p style=\"margin-right: 0.05cm; margin-top: 0.48cm; margin-bottom: 0cm; background: none repeat scroll 0% 0% #ffffff; line-height: 0.48cm; text-align: center;\">Hofansicht um 1947<\/p>\n<\/td>\n<\/tr>\n<\/tbody>\n<\/table>\n<table border=\"0\" width=\"705\" cellspacing=\"0\" cellpadding=\"0\">\n<tbody>\n<tr>\n<td style=\"text-align: justify;\" width=\"145\">\u00a0<a title=\"Der Torbogen in den Jahren um 1940 und 1990\" href=\"http:\/\/www.heimatverein-suedlohn.de\/media\/ueber_oeding\/historischebauwerke\/hessing6_gr.jpg\"><img loading=\"lazy\" decoding=\"async\" src=\"http:\/\/www.heimatverein-suedlohn.de\/media\/ueber_oeding\/historischebauwerke\/hessing6.jpg\" alt=\"\" width=\"106\" height=\"146\" \/><\/a><\/td>\n<td style=\"text-align: justify;\" valign=\"top\" width=\"247\"><a title=\"Der Torbogen in den Jahren um 1940 und 1990\" href=\"http:\/\/www.heimatverein-suedlohn.de\/media\/ueber_oeding\/historischebauwerke\/hessing7_gr.jpg\"><img loading=\"lazy\" decoding=\"async\" src=\"http:\/\/www.heimatverein-suedlohn.de\/media\/ueber_oeding\/historischebauwerke\/hessing7.jpg\" alt=\"\" width=\"213\" height=\"148\" \/><\/a><\/td>\n<td style=\"text-align: justify;\" valign=\"top\" width=\"305\"><a title=\"Wappen der Familie Schulze Hessing\" href=\"http:\/\/www.heimatverein-suedlohn.de\/media\/ueber_oeding\/historischebauwerke\/hessing8_gr.jpg\"><img loading=\"lazy\" decoding=\"async\" src=\"http:\/\/www.heimatverein-suedlohn.de\/media\/ueber_oeding\/historischebauwerke\/hessing8.jpg\" alt=\"\" width=\"106\" height=\"146\" \/><\/a><\/td>\n<\/tr>\n<tr>\n<td style=\"text-align: justify;\" colspan=\"2\" width=\"392\">\n<p style=\"margin-bottom: 0cm; text-align: center;\">Der Torbogen in den Jahren um1940 und 1990<\/p>\n<\/td>\n<td style=\"text-align: justify;\" valign=\"top\" width=\"305\">Wappen der Familie Schulze Hessing<\/td>\n<\/tr>\n<\/tbody>\n<\/table>\n<h2 style=\"text-align: justify;\">Gutshof Schulze-Hessing (Speicher)<\/h2>\n<h3 style=\"text-align: justify;\"><a href=\"http:\/\/www.heimatverein-suedlohn.de\/media\/pdfs\/denkmalliste\/a14.pdf\" target=\"_blank\" rel=\"noopener\">Denkmalliste A14<\/a><\/h3>\n<div style=\"margin-bottom: 0cm; text-align: justify;\"><\/div>\n<div style=\"margin-bottom: 0cm; text-align: justify;\"><span style=\"color: #000000;\"><a title=\"Speicher des Hofes Schulze-Hessing\" href=\"http:\/\/www.heimatverein-suedlohn.de\/media\/ueber_oeding\/historischebauwerke\/hessing9_gr.jpg\"><img loading=\"lazy\" decoding=\"async\" class=\"alignleft\" src=\"http:\/\/www.heimatverein-suedlohn.de\/media\/ueber_oeding\/historischebauwerke\/hessing9.jpg\" alt=\"\" width=\"106\" height=\"146\" align=\"left\" hspace=\"10\" vspace=\"10\" \/><\/a>Das \u00e4lteste Geb\u00e4ude auf dem Gr\u00e4ftenhof Schulze Hessing ist der steinerne Speicher an der S\u00fcdseite der Hofinsel. Das Sockelgescho\u00df des Speichers <\/span><span style=\"color: #000000;\">steht direkt in der an dieser Stelle ca. 4 m breiten Gr\u00e4fte. Nach der m\u00fcndli\u00adchen \u00dcberlieferung konnte man fr\u00fcher, wenn in trockenen Sommern der Wasserstand in der Gr\u00e4fte stark gefallen war, noch eine Reihe von oben angespitzten Pf\u00e4hlen in der Gr\u00e4fte sehen, die bei normalem Wasserstand unter der Wasseroberfl\u00e4che verborgen waren und ein Durchschreiten der Gr\u00e4fte verhindern sollten. (Inzwischen wurde ein Teil der Gr\u00e4fte zugesch\u00fct\u00ad<\/span><span style=\"color: #000000;\">tet, der Rest wurde neu ausgebaggert und die B\u00f6schungen neu befestigt, so <\/span><span style=\"color: #000000;\">da\u00df Spuren dieser angeblichen \u201eSpitzpf\u00e4hle&#8220; heute nicht mehr nachweisbar <\/span><span style=\"color: #000000;\">sind.)<\/span><\/div>\n<div style=\"margin-bottom: 0cm; text-align: justify;\"><\/div>\n<div style=\"margin-bottom: 0cm; text-align: justify;\">\u00a0<img loading=\"lazy\" decoding=\"async\" src=\"http:\/\/www.heimatverein-suedlohn.de\/media\/pdficon.gif\" alt=\"\" width=\"30\" height=\"28\" \/> <a href=\"http:\/\/www.heimatverein-suedlohn.de\/media\/ueber_oeding\/historischebauwerke\/hessing_speicher.pdf\" target=\"_blank\" rel=\"noopener\">Weitere Informationen<\/a><\/div>\n<div style=\"margin-bottom: 0cm; text-align: justify;\"><\/div>\n<table border=\"0\" width=\"627\" cellspacing=\"0\" cellpadding=\"0\">\n<tbody>\n<tr>\n<td style=\"text-align: justify;\" width=\"380\"><span style=\"color: #000000;\"><a title=\"Skizze aus L\u00e4ndliches Bauen im Westm\u00fcnsterland\" href=\"http:\/\/www.heimatverein-suedlohn.de\/media\/ueber_oeding\/historischebauwerke\/hessing10_gr.jpg\"><img loading=\"lazy\" decoding=\"async\" src=\"http:\/\/www.heimatverein-suedlohn.de\/media\/ueber_oeding\/historischebauwerke\/hessing10_gr.jpg\" alt=\"\" width=\"210\" height=\"284\" align=\"left\" hspace=\"10\" vspace=\"10\" \/><\/a><\/span><\/td>\n<td valign=\"top\" width=\"241\">\n<p style=\"text-align: justify;\"><a title=\"Hofansicht heute\" href=\"http:\/\/www.heimatverein-suedlohn.de\/media\/ueber_oeding\/historischebauwerke\/hessing12_gr.jpg\"><img loading=\"lazy\" decoding=\"async\" src=\"http:\/\/www.heimatverein-suedlohn.de\/media\/ueber_oeding\/historischebauwerke\/hessing12.jpg\" alt=\"\" width=\"213\" height=\"148\" \/><\/a><\/p>\n<p style=\"text-align: justify;\"><a title=\"Hofansicht heute\" href=\"http:\/\/www.heimatverein-suedlohn.de\/media\/ueber_oeding\/historischebauwerke\/hessing11_gr.jpg\"><img loading=\"lazy\" decoding=\"async\" src=\"http:\/\/www.heimatverein-suedlohn.de\/media\/ueber_oeding\/historischebauwerke\/hessing11.jpg\" alt=\"\" width=\"213\" height=\"148\" \/><\/a><\/p>\n<\/td>\n<\/tr>\n<tr>\n<td width=\"380\">\n<p style=\"margin-bottom: 0cm;\">Skizze aus L\u00e4ndliches Bauen im Westm\u00fcnsterland<\/p>\n<\/td>\n<td width=\"241\">\n<p style=\"margin-bottom: 0cm;\">Hofansicht heute<\/p>\n<\/td>\n<\/tr>\n<tr>\n<td style=\"text-align: justify;\" width=\"380\"><\/td>\n<td style=\"text-align: justify;\" width=\"241\"><\/td>\n<\/tr>\n<\/tbody>\n<\/table>\n<div style=\"margin-bottom: 0cm; text-align: justify;\"><\/div>\n<\/div><\/section>\n","protected":false},"excerpt":{"rendered":"","protected":false},"author":1,"featured_media":0,"parent":236,"menu_order":8,"comment_status":"closed","ping_status":"closed","template":"","meta":{"footnotes":""},"class_list":["post-268","page","type-page","status-publish","hentry"],"_links":{"self":[{"href":"http:\/\/www.heimatverein-suedlohn.de\/index.php\/wp-json\/wp\/v2\/pages\/268","targetHints":{"allow":["GET"]}}],"collection":[{"href":"http:\/\/www.heimatverein-suedlohn.de\/index.php\/wp-json\/wp\/v2\/pages"}],"about":[{"href":"http:\/\/www.heimatverein-suedlohn.de\/index.php\/wp-json\/wp\/v2\/types\/page"}],"author":[{"embeddable":true,"href":"http:\/\/www.heimatverein-suedlohn.de\/index.php\/wp-json\/wp\/v2\/users\/1"}],"replies":[{"embeddable":true,"href":"http:\/\/www.heimatverein-suedlohn.de\/index.php\/wp-json\/wp\/v2\/comments?post=268"}],"version-history":[{"count":3,"href":"http:\/\/www.heimatverein-suedlohn.de\/index.php\/wp-json\/wp\/v2\/pages\/268\/revisions"}],"predecessor-version":[{"id":7669,"href":"http:\/\/www.heimatverein-suedlohn.de\/index.php\/wp-json\/wp\/v2\/pages\/268\/revisions\/7669"}],"up":[{"embeddable":true,"href":"http:\/\/www.heimatverein-suedlohn.de\/index.php\/wp-json\/wp\/v2\/pages\/236"}],"wp:attachment":[{"href":"http:\/\/www.heimatverein-suedlohn.de\/index.php\/wp-json\/wp\/v2\/media?parent=268"}],"curies":[{"name":"wp","href":"https:\/\/api.w.org\/{rel}","templated":true}]}}