{"id":262,"date":"2016-05-20T10:49:49","date_gmt":"2016-05-20T08:49:49","guid":{"rendered":"http:\/\/www.heimatverein-suedlohn.de\/neu2016\/?page_id=262"},"modified":"2024-03-03T23:42:21","modified_gmt":"2024-03-03T22:42:21","slug":"bauernhaus-erbe-wiedau","status":"publish","type":"page","link":"http:\/\/www.heimatverein-suedlohn.de\/index.php\/ueber-suedlohn\/historische-bauwerke\/bauwerke-in-oeding\/bauernhaus-erbe-wiedau\/","title":{"rendered":"Bauernhaus Erbe Wiedau"},"content":{"rendered":"<section  class='av_textblock_section av-av_textblock-0366cc7376be6c9e82a3e9cc8987b64f'  itemscope=\"itemscope\" itemtype=\"https:\/\/schema.org\/CreativeWork\" ><div class='avia_textblock'  itemprop=\"text\" ><h2 style=\"text-align: justify;\">Bauernhaus Erbe Wiedau<\/h2>\n<h3 style=\"text-align: justify;\"><a href=\"http:\/\/www.heimatverein-suedlohn.de\/media\/pdfs\/denkmalliste\/a19.pdf\" target=\"_blank\" rel=\"noopener\">Denkmalliste A19<\/a><\/h3>\n<table border=\"0\" width=\"755\" cellspacing=\"0\" cellpadding=\"0\">\n<tbody>\n<tr>\n<td width=\"248\">\u00a0<a title=\"1630 verkaufte der M\u00fcnsteraner B\u00fcrger Christian Brockmann das Erbe Wiedau an die Niederlassung der Jesuiten in Coesfeld. 1773 ging der Hof Wiedau in den Besitz des m\u00fcnsterschen Studienfonds \u00fcber. 1833 kauften Johann Heinrich Schulze Hessing und Gerhard F\u00f6cking aus S\u00fcdlohn den Erben des Hofes Wiedau den Hof ab. 1849 \u00fcbertrugen die Eheleute F\u00f6cking ihren Anteil an Franz Anton Hessing. Seit dem wurde der Hof Wiedau als Heuerlingshaus verpachtet.\" href=\"http:\/\/www.heimatverein-suedlohn.de\/media\/ueber_oeding\/historischebauwerke\/wiedau_gr.jpg\"><img loading=\"lazy\" decoding=\"async\" src=\"http:\/\/www.heimatverein-suedlohn.de\/media\/ueber_oeding\/historischebauwerke\/wiedau.jpg\" alt=\"\" width=\"231\" height=\"167\" \/>\u00a0<\/a><\/td>\n<td width=\"16\"><\/td>\n<td style=\"text-align: left;\" width=\"237\"><a title=\"Mitte des 18. Jahrhunderts wurde der Wohnteil wesentlich ver\u00e4ndert. Der n\u00e4chste gro\u00dfe Umbau erfolgte 1802, dabei erhielt der Hof weitgehend seine heutige Gestalt. Um 1900 wurde der Stallteil umgebaut.\" href=\"http:\/\/www.heimatverein-suedlohn.de\/media\/ueber_oeding\/historischebauwerke\/wiedau_2_gr.jpg\"><img loading=\"lazy\" decoding=\"async\" src=\"http:\/\/www.heimatverein-suedlohn.de\/media\/ueber_oeding\/historischebauwerke\/wiedau_2.jpg\" alt=\"\" width=\"229\" height=\"169\" \/><\/a><\/td>\n<td style=\"text-align: left;\" width=\"16\"><\/td>\n<td style=\"text-align: left;\" width=\"226\"><a title=\"Nach dem Auszug der letzten in der Landwirtschaft t\u00e4tigen Bewohner in den 70er Jahren des 20. Jahrhunderts diente das Haus als Vereinshaus.\" href=\"http:\/\/www.heimatverein-suedlohn.de\/media\/ueber_oeding\/historischebauwerke\/wiedau_3_gr.jpg\"><img loading=\"lazy\" decoding=\"async\" src=\"http:\/\/www.heimatverein-suedlohn.de\/media\/ueber_oeding\/historischebauwerke\/wiedau_3.jpg\" alt=\"\" width=\"209\" height=\"165\" \/><\/a><\/td>\n<\/tr>\n<tr>\n<td valign=\"top\" width=\"248\">\n<p style=\"margin-bottom: 0cm; text-align: justify;\">1630 verkaufte der M\u00fcnsteraner B\u00fcrger Christian Brockmann das Erbe Wiedau an die Niederlassung der Jesuiten in Coesfeld. 1773 ging der Hof Wiedau in den Besitz des m\u00fcnsterschen Studienfonds \u00fcber. 1833 kauften Johann Heinrich Schulze Hessing und Gerhard F\u00f6cking aus S\u00fcdlohn den Erben des Hofes Wiedau den Hof ab. 1849 \u00fcbertrugen die Eheleute F\u00f6cking ihren Anteil an Franz Anton Hessing. Seit dem wurde der Hof Wiedau als Heuerlingshaus verpachtet.<\/p>\n<\/td>\n<td valign=\"top\" width=\"16\"><\/td>\n<td valign=\"top\" width=\"237\">\n<p style=\"margin-bottom: 0cm; text-align: justify;\">Mitte des 18. Jahrhunderts wurde der Wohnteil wesentlich ver\u00e4ndert.<br \/>\nDer n\u00e4chste gro\u00dfe Umbau erfolgte 1802, dabei erhielt der Hof weitgehend seine heutige Gestalt.<\/p>\n<p style=\"text-align: justify;\">Um 1900 wurde der Stallteil umgebaut.<\/p>\n<\/td>\n<td valign=\"top\" width=\"16\"><\/td>\n<td valign=\"top\" width=\"226\">\n<p style=\"margin-bottom: 0cm; text-align: justify;\">Nach dem Auszug der letzten in der Landwirtschaft t\u00e4tigen Bewohner in den 70er Jahren des 20. Jahrhunderts diente das Haus als Vereinshaus.<\/p>\n<\/td>\n<\/tr>\n<\/tbody>\n<\/table>\n<table border=\"0\" width=\"755\" cellspacing=\"0\" cellpadding=\"0\">\n<tbody>\n<tr>\n<td width=\"238\">\u00a0<a title=\"Im Bild der Zustand 1990 als der jetzige Eigent\u00fcmer es gekauft hat\" href=\"http:\/\/www.heimatverein-suedlohn.de\/media\/ueber_oeding\/historischebauwerke\/wiedau4_gr.jpg\"><img loading=\"lazy\" decoding=\"async\" src=\"http:\/\/www.heimatverein-suedlohn.de\/media\/ueber_oeding\/historischebauwerke\/wiedau4.jpg\" alt=\"\" width=\"226\" height=\"150\" \/>\u00a0<\/a><\/td>\n<td width=\"10\"><\/td>\n<td style=\"text-align: left;\" width=\"270\"><a title=\"Nach der Restauration des Hauses der heutige Anblick\" href=\"http:\/\/www.heimatverein-suedlohn.de\/media\/ueber_oeding\/historischebauwerke\/wiedau5_gr.jpg\"><img loading=\"lazy\" decoding=\"async\" src=\"http:\/\/www.heimatverein-suedlohn.de\/media\/ueber_oeding\/historischebauwerke\/wiedau5.jpg\" alt=\"\" width=\"129\" height=\"97\" \/><\/a><a title=\"Nach der Restauration des Hauses der heutige Anblick\" href=\"http:\/\/www.heimatverein-suedlohn.de\/media\/ueber_oeding\/historischebauwerke\/wiedau6_gr.jpg\"> <img loading=\"lazy\" decoding=\"async\" src=\"http:\/\/www.heimatverein-suedlohn.de\/media\/ueber_oeding\/historischebauwerke\/wiedau6.jpg\" alt=\"\" width=\"129\" height=\"97\" \/><\/a><\/td>\n<td style=\"text-align: left;\" width=\"7\"><\/td>\n<td style=\"text-align: left;\" width=\"218\"><a title=\"Restaurierter Kamin\" href=\"http:\/\/www.heimatverein-suedlohn.de\/media\/ueber_oeding\/historischebauwerke\/wiedau7_gr.jpg\"><img loading=\"lazy\" decoding=\"async\" src=\"http:\/\/www.heimatverein-suedlohn.de\/media\/ueber_oeding\/historischebauwerke\/wiedau7.jpg\" alt=\"\" width=\"203\" height=\"151\" \/><\/a><\/td>\n<\/tr>\n<tr>\n<td valign=\"top\" width=\"238\">\n<p style=\"margin-bottom: 0cm; text-align: justify;\">Im Bild der Zustand 1990 als der jetzige Eigent\u00fcmer es gekauft hat<\/p>\n<\/td>\n<td valign=\"top\" width=\"10\"><\/td>\n<td valign=\"top\" width=\"270\">\n<p style=\"margin-bottom: 0cm;\">Nach der Restauration des Hauses der heutige Anblick<\/p>\n<\/td>\n<td valign=\"top\" width=\"7\"><\/td>\n<td valign=\"top\" width=\"218\">\n<p style=\"margin-bottom: 0cm;\">Restaurierter Kamin<\/p>\n<\/td>\n<\/tr>\n<\/tbody>\n<\/table>\n<p>In den Ziegelsteinen zwischen den Fenstern sind Inschriften, die vor dem Brand eingeritzt wurden, zu sehen. Es sind Inschriften mit religi\u00f6sen Spr\u00fcchen, den Initialen des Bauherrn und das Baudatum zu erkennen:<\/p>\n<p style=\"margin-bottom: 0cm;\"><a title=\"In den Ziegelsteinen zwischen den Fenstern sind Inschriften, die vor dem Brand eingeritzt wurden, zu sehen. Es sind Inschriften mit religi\u00f6sen Spr\u00fcchen, den Initialen des Bauherrn und das Baudatum zu erkennen.\" href=\"http:\/\/www.heimatverein-suedlohn.de\/media\/ueber_oeding\/historischebauwerke\/wiedau8_gr.jpg\"><img loading=\"lazy\" decoding=\"async\" src=\"http:\/\/www.heimatverein-suedlohn.de\/media\/ueber_oeding\/historischebauwerke\/wiedau8_gr.jpg\" alt=\"\" width=\"769\" height=\"543\" \/><\/a><\/p>\n<\/div><\/section>\n","protected":false},"excerpt":{"rendered":"","protected":false},"author":1,"featured_media":0,"parent":236,"menu_order":5,"comment_status":"closed","ping_status":"closed","template":"","meta":{"footnotes":""},"class_list":["post-262","page","type-page","status-publish","hentry"],"_links":{"self":[{"href":"http:\/\/www.heimatverein-suedlohn.de\/index.php\/wp-json\/wp\/v2\/pages\/262","targetHints":{"allow":["GET"]}}],"collection":[{"href":"http:\/\/www.heimatverein-suedlohn.de\/index.php\/wp-json\/wp\/v2\/pages"}],"about":[{"href":"http:\/\/www.heimatverein-suedlohn.de\/index.php\/wp-json\/wp\/v2\/types\/page"}],"author":[{"embeddable":true,"href":"http:\/\/www.heimatverein-suedlohn.de\/index.php\/wp-json\/wp\/v2\/users\/1"}],"replies":[{"embeddable":true,"href":"http:\/\/www.heimatverein-suedlohn.de\/index.php\/wp-json\/wp\/v2\/comments?post=262"}],"version-history":[{"count":3,"href":"http:\/\/www.heimatverein-suedlohn.de\/index.php\/wp-json\/wp\/v2\/pages\/262\/revisions"}],"predecessor-version":[{"id":7671,"href":"http:\/\/www.heimatverein-suedlohn.de\/index.php\/wp-json\/wp\/v2\/pages\/262\/revisions\/7671"}],"up":[{"embeddable":true,"href":"http:\/\/www.heimatverein-suedlohn.de\/index.php\/wp-json\/wp\/v2\/pages\/236"}],"wp:attachment":[{"href":"http:\/\/www.heimatverein-suedlohn.de\/index.php\/wp-json\/wp\/v2\/media?parent=262"}],"curies":[{"name":"wp","href":"https:\/\/api.w.org\/{rel}","templated":true}]}}