{"id":254,"date":"2016-05-20T10:46:21","date_gmt":"2016-05-20T08:46:21","guid":{"rendered":"http:\/\/www.heimatverein-suedlohn.de\/neu2016\/?page_id=254"},"modified":"2023-04-08T21:04:35","modified_gmt":"2023-04-08T19:04:35","slug":"pastoratsgebaeude","status":"publish","type":"page","link":"http:\/\/www.heimatverein-suedlohn.de\/index.php\/ueber-suedlohn\/historische-bauwerke\/bauwerke-in-suedlohn\/pastoratsgebaeude\/","title":{"rendered":"Pastoratsgeb\u00e4ude"},"content":{"rendered":"<section  class='av_textblock_section av-av_textblock-0366cc7376be6c9e82a3e9cc8987b64f'  itemscope=\"itemscope\" itemtype=\"https:\/\/schema.org\/CreativeWork\" ><div class='avia_textblock'  itemprop=\"text\" ><h2>Pastoratsgeb\u00e4ude<\/h2>\n<p>Bei der Gr\u00fcndung der Pfarrei St. Vitus wurde das Pastorat mit Grundbesitz ausgestattet, der vor allem aus Gartenland, \u00c4ckern und Weiden im M\u00fchlenkamp, im Hagerkamp und in der T\u00fcnte bestand. Ein Neubau des Pfarrhauses erfolgte unter Pfarrer Johann Matthias Melchers 1768 vor dem M\u00fchlentor im Westen des Wiegbolds. Um den Weg vom S\u00fcdlohner M\u00fchlentor nach Oeding zu verk\u00fcrzen, wurde 1831 eine Stra\u00dfe durch die Doornte angelegt. Der Pastor \u00fcbertrug dazu die n\u00f6tigen Fl\u00e4chen in Erbpacht auf die Gemeinde. Der schnurgerade Verlauf der Stra\u00dfe l\u00e4sst noch heute erkennen, dass es sich um eine k\u00fcnstliche Stra\u00dfenanlage handelt, die nach etwa 750 Meter auf den alten Weg trifft, der \u00fcber den Hagerkamp verlief.<\/p>\n<table border=\"0\" width=\"776\" cellspacing=\"0\" cellpadding=\"0\">\n<tbody>\n<tr>\n<td style=\"text-align: left;\" valign=\"top\" width=\"245\"><a href=\"http:\/\/www.heimatverein-suedlohn.de\/media\/ueber_suedlohn\/historische%20bauwerke\/056Pastorat1gr.jpg\" rel=\"lightbox\"><img loading=\"lazy\" decoding=\"async\" src=\"http:\/\/www.heimatverein-suedlohn.de\/media\/ueber_suedlohn\/historische%20bauwerke\/056Pastorat1.jpg\" alt=\"\" width=\"229\" height=\"150\" \/><\/a><\/td>\n<td align=\"center\" valign=\"top\" width=\"17\"><\/td>\n<td align=\"center\" valign=\"top\" width=\"506\">\n<p style=\"text-align: left;\">Das 1786 vor dem Westtor erbaute und 1967 abgerissene Pastoratsgeb\u00e4ude (an der ehemaligen B 70 in Verl\u00e4ngerung der Kirchstra\u00dfe) in einem Foto von 1917.<\/p>\n<h6 style=\"text-align: left;\"><span style=\"font-weight: normal;\"><strong>Foto: Gemeindearchiv S\u00fcdlohn<\/strong><\/span><\/h6>\n<p style=\"text-align: left;\">\n<\/td>\n<\/tr>\n<tr>\n<td style=\"text-align: left;\" valign=\"top\" width=\"245\"><\/td>\n<td style=\"text-align: left;\" valign=\"top\" width=\"17\"><\/td>\n<td style=\"text-align: left;\" valign=\"top\" width=\"506\"><\/td>\n<\/tr>\n<tr>\n<td style=\"text-align: left;\" valign=\"top\" width=\"245\"><a href=\"http:\/\/www.heimatverein-suedlohn.de\/media\/ueber_suedlohn\/historische%20bauwerke\/056Pastorat2gr.jpg\" rel=\"lightbox\"><img loading=\"lazy\" decoding=\"async\" src=\"http:\/\/www.heimatverein-suedlohn.de\/media\/ueber_suedlohn\/historische%20bauwerke\/056Pastorat2.jpg\" alt=\"\" width=\"209\" height=\"150\" \/><\/a><\/td>\n<td style=\"text-align: left;\" valign=\"top\" width=\"17\"><\/td>\n<td align=\"center\" valign=\"top\" width=\"506\">\n<p style=\"text-align: left;\">Das Wohngeb\u00e4ude des Hofes Pr\u00f6bsting aus dem Anfang des 18. Jahrhunderts. Seit 1909 in kirchlichem Besitz, diente es zun\u00e4chst als Vikarie und wird seit 1967 als Pastorat benutzt. Die Bildansicht stammt aus den 1960er Jahren<\/p>\n<h6 style=\"text-align: left;\"><span style=\"font-weight: normal;\"><strong><strong>Foto: Gemeindearchiv S\u00fcdlohn<\/strong><\/strong><\/span><\/h6>\n<\/td>\n<\/tr>\n<tr>\n<td style=\"text-align: left;\" valign=\"top\" width=\"245\"><\/td>\n<td style=\"text-align: left;\" valign=\"top\" width=\"17\"><\/td>\n<td style=\"text-align: left;\" valign=\"top\" width=\"506\"><\/td>\n<\/tr>\n<tr>\n<td style=\"text-align: left;\" valign=\"top\" width=\"245\"><a title=\"Im Jahre 1967 bezog der neue Pfarrer Walter Winkelhues den fr\u00fcheren Hof Pr\u00f6bsting als neues Pastorat. Die Bildansicht nach dem Umbau stammt aus dem Jahre 2006.\" href=\"http:\/\/www.heimatverein-suedlohn.de\/media\/ueber_suedlohn\/historische%20bauwerke\/057Pastoratgr.jpg\" rel=\"lightbox\"><img loading=\"lazy\" decoding=\"async\" src=\"http:\/\/www.heimatverein-suedlohn.de\/media\/ueber_suedlohn\/historische%20bauwerke\/057Pastorat.jpg\" alt=\"\" width=\"197\" height=\"150\" \/><\/a><\/td>\n<td style=\"text-align: left;\" valign=\"top\" width=\"17\"><\/td>\n<td style=\"text-align: left;\" valign=\"top\" width=\"506\">\n<p style=\"text-align: left;\">Im Jahre 1967 bezog der neue Pfarrer Walter Winkelhues den fr\u00fcheren Hof Pr\u00f6bsting als neues Pastorat. Die Bildansicht nach dem Umbau stammt aus dem Jahre 2006.<\/p>\n<h6><span style=\"font-weight: normal;\"><strong><strong>Foto: Ulrich S\u00f6bbing<\/strong><\/strong><\/span><\/h6>\n<\/td>\n<\/tr>\n<tr>\n<td style=\"text-align: left;\" valign=\"top\" width=\"245\"><\/td>\n<td style=\"text-align: left;\" valign=\"top\" width=\"17\"><\/td>\n<td align=\"center\" valign=\"top\" width=\"506\"><\/td>\n<\/tr>\n<tr>\n<td style=\"text-align: left;\" valign=\"top\" width=\"245\"><a href=\"http:\/\/www.heimatverein-suedlohn.de\/media\/ueber_suedlohn\/historische%20bauwerke\/PastoratSonnenuhr001BBXgr.jpg\" rel=\"lightbox\"><img loading=\"lazy\" decoding=\"async\" src=\"http:\/\/www.heimatverein-suedlohn.de\/media\/ueber_suedlohn\/historische%20bauwerke\/PastoratSonnenuhr001BBX.jpg\" alt=\"\" width=\"113\" height=\"150\" \/><\/a><\/td>\n<td style=\"text-align: left;\" valign=\"top\" width=\"17\"><\/td>\n<td align=\"center\" valign=\"top\" width=\"506\">\n<p style=\"text-align: left;\">Die Stele im Garten der Pastorat geh\u00f6rte zur gotischen Ausstattung der St. Vitus Kirche.<\/p>\n<div>\n<h6 style=\"text-align: left;\"><span style=\"font-weight: normal;\"><strong><strong>Foto: Manfred Schmeing<br \/>\n<\/strong><\/strong><\/span><\/h6>\n<\/div>\n<\/td>\n<\/tr>\n<tr>\n<td style=\"text-align: left;\" valign=\"top\" width=\"245\"><\/td>\n<td style=\"text-align: left;\" valign=\"top\" width=\"17\"><\/td>\n<td style=\"text-align: left;\" valign=\"top\" width=\"506\"><\/td>\n<\/tr>\n<\/tbody>\n<\/table>\n<div style=\"text-align: left;\"><\/div>\n<\/div><\/section>\n","protected":false},"excerpt":{"rendered":"","protected":false},"author":1,"featured_media":0,"parent":234,"menu_order":4,"comment_status":"closed","ping_status":"closed","template":"","meta":{"footnotes":""},"class_list":["post-254","page","type-page","status-publish","hentry"],"_links":{"self":[{"href":"http:\/\/www.heimatverein-suedlohn.de\/index.php\/wp-json\/wp\/v2\/pages\/254","targetHints":{"allow":["GET"]}}],"collection":[{"href":"http:\/\/www.heimatverein-suedlohn.de\/index.php\/wp-json\/wp\/v2\/pages"}],"about":[{"href":"http:\/\/www.heimatverein-suedlohn.de\/index.php\/wp-json\/wp\/v2\/types\/page"}],"author":[{"embeddable":true,"href":"http:\/\/www.heimatverein-suedlohn.de\/index.php\/wp-json\/wp\/v2\/users\/1"}],"replies":[{"embeddable":true,"href":"http:\/\/www.heimatverein-suedlohn.de\/index.php\/wp-json\/wp\/v2\/comments?post=254"}],"version-history":[{"count":1,"href":"http:\/\/www.heimatverein-suedlohn.de\/index.php\/wp-json\/wp\/v2\/pages\/254\/revisions"}],"predecessor-version":[{"id":255,"href":"http:\/\/www.heimatverein-suedlohn.de\/index.php\/wp-json\/wp\/v2\/pages\/254\/revisions\/255"}],"up":[{"embeddable":true,"href":"http:\/\/www.heimatverein-suedlohn.de\/index.php\/wp-json\/wp\/v2\/pages\/234"}],"wp:attachment":[{"href":"http:\/\/www.heimatverein-suedlohn.de\/index.php\/wp-json\/wp\/v2\/media?parent=254"}],"curies":[{"name":"wp","href":"https:\/\/api.w.org\/{rel}","templated":true}]}}