{"id":250,"date":"2016-05-20T10:44:45","date_gmt":"2016-05-20T08:44:45","guid":{"rendered":"http:\/\/www.heimatverein-suedlohn.de\/neu2016\/?page_id=250"},"modified":"2023-04-08T21:07:12","modified_gmt":"2023-04-08T19:07:12","slug":"haus-wilmers","status":"publish","type":"page","link":"http:\/\/www.heimatverein-suedlohn.de\/index.php\/ueber-suedlohn\/historische-bauwerke\/bauwerke-in-suedlohn\/haus-wilmers\/","title":{"rendered":"Haus Wilmers"},"content":{"rendered":"<section  class='av_textblock_section av-av_textblock-0366cc7376be6c9e82a3e9cc8987b64f'  itemscope=\"itemscope\" itemtype=\"https:\/\/schema.org\/CreativeWork\" ><div class='avia_textblock'  itemprop=\"text\" ><h2>Haus Wilmers<\/h2>\n<div>\n<table border=\"0\" width=\"776\" cellspacing=\"0\" cellpadding=\"0\">\n<tbody>\n<tr>\n<td style=\"text-align: left;\" valign=\"top\" width=\"216\"><a href=\"http:\/\/www.heimatverein-suedlohn.de\/media\/ueber_suedlohn\/altsuedlohn\/neu042013\/rubrik_hauswilmers-und-nach-1945_gr.jpg\"><img loading=\"lazy\" decoding=\"async\" src=\"http:\/\/www.heimatverein-suedlohn.de\/media\/ueber_suedlohn\/altsuedlohn\/neu042013\/rubrik_hauswilmers-und-nach-1945.jpg\" alt=\"\" width=\"203\" height=\"150\" \/><\/a><\/td>\n<td align=\"center\" valign=\"top\" width=\"-223\"><\/td>\n<td align=\"center\" valign=\"top\" width=\"775\">\n<p style=\"text-align: left;\">Haus Wilmers im Westen der Kirche, Aufnahme um 1965<\/p>\n<h6 style=\"text-align: left;\"><span style=\"font-weight: normal;\"><strong>Foto: Gemeindearchiv S\u00fcdlohn<\/strong><\/span><\/h6>\n<\/td>\n<\/tr>\n<tr>\n<td style=\"text-align: left;\" valign=\"top\" width=\"216\"><\/td>\n<td align=\"center\" valign=\"top\" width=\"-223\"><\/td>\n<td align=\"center\" valign=\"top\" width=\"775\"><\/td>\n<\/tr>\n<tr>\n<td style=\"text-align: left;\" valign=\"top\" width=\"216\"><a href=\"http:\/\/www.heimatverein-suedlohn.de\/media\/ueber_suedlohn\/historische%20bauwerke\/084HausWilmersgr.jpg\"><img loading=\"lazy\" decoding=\"async\" src=\"http:\/\/www.heimatverein-suedlohn.de\/media\/ueber_suedlohn\/historische%20bauwerke\/084HausWilmers.jpg\" alt=\"\" width=\"213\" height=\"150\" \/><\/a><\/td>\n<td align=\"center\" valign=\"top\" width=\"-223\"><\/td>\n<td align=\"center\" valign=\"top\" width=\"775\">\n<p style=\"text-align: left;\">Haus Wilmers im Westen der Kirche, Aufnahme um 1965<\/p>\n<h6 style=\"text-align: left;\"><span style=\"font-weight: normal;\"><strong>Foto: Gemeindearchiv S\u00fcdlohn<\/strong><\/span><\/h6>\n<p style=\"text-align: left;\">\n<\/td>\n<\/tr>\n<tr>\n<td style=\"text-align: left;\" valign=\"top\" width=\"216\"><\/td>\n<td style=\"text-align: left;\" valign=\"top\" width=\"-223\"><\/td>\n<td style=\"text-align: left;\" valign=\"top\" width=\"775\"><\/td>\n<\/tr>\n<tr>\n<td style=\"text-align: left;\" valign=\"top\" width=\"216\"><a href=\"http:\/\/www.heimatverein-suedlohn.de\/media\/ueber_suedlohn\/historische%20bauwerke\/HausWilmers003BBXgr.jpg\"><img loading=\"lazy\" decoding=\"async\" src=\"http:\/\/www.heimatverein-suedlohn.de\/media\/ueber_suedlohn\/historische%20bauwerke\/HausWilmers003BBX.jpg\" alt=\"\" width=\"200\" height=\"150\" \/><\/a><\/td>\n<td style=\"text-align: left;\" valign=\"top\" width=\"-223\"><\/td>\n<td align=\"center\" valign=\"top\" width=\"775\">\n<p style=\"text-align: left;\"><!-- [if gte mso 9]><xml>\n<w:WordDocument>\n<w:View>Normal<\/w:View>\n<w:Zoom>0<\/w:Zoom>\n<w:HyphenationZone>21<\/w:HyphenationZone>\n<w:PunctuationKerning \/>\n<w:ValidateAgainstSchemas \/>\n<w:SaveIfXMLInvalid>false<\/w:SaveIfXMLInvalid>\n<w:IgnoreMixedContent>false<\/w:IgnoreMixedContent>\n<w:AlwaysShowPlaceholderText>false<\/w:AlwaysShowPlaceholderText>\n<w:Compatibility>\n<w:BreakWrappedTables \/>\n<w:SnapToGridInCell \/>\n<w:WrapTextWithPunct \/>\n<w:UseAsianBreakRules \/>\n<w:DontGrowAutofit \/>\n<\/w:Compatibility>\n<w:BrowserLevel>MicrosoftInternetExplorer4<\/w:BrowserLevel>\n<\/w:WordDocument>\n<\/xml><![endif]--><!-- [if gte mso 9]><xml>\n<w:LatentStyles DefLockedState=\"false\" LatentStyleCount=\"156\">\n<\/w:LatentStyles>\n<\/xml><![endif]--><!-- [if gte mso 10]>\n\n\n\n\n\n<style>\n            \/* Style Definitions *\/<br \/>\ntable.MsoNormalTable<br \/>\n{mso-style-name:\"Normale Tabelle\";<br \/>\nmso-tstyle-rowband-size:0;<br \/>\nmso-tstyle-colband-size:0;<br \/>\nmso-style-noshow:yes;<br \/>\nmso-style-parent:\"\";<br \/>\nmso-padding-alt:0cm 5.4pt 0cm 5.4pt;<br \/>\nmso-para-margin:0cm;<br \/>\nmso-para-margin-bottom:.0001pt;<br \/>\nmso-pagination:widow-orphan;<br \/>\nfont-size:10.0pt;<br \/>\nfont-family:\"Times New Roman\";<br \/>\nmso-ansi-language:#0400;<br \/>\nmso-fareast-language:#0400;<br \/>\nmso-bidi-language:#0400;}<br \/>\n<\/style>\n\n\n\n            <![endif]--><\/p>\n<p class=\"MsoNormal\" style=\"text-align: left;\">Haus Wilmers: Kultur \u2013 und Begegnungsst\u00e4tte in S\u00fcdlohn, Aufnahme von 2007<\/p>\n<h6 style=\"text-align: left;\"><span style=\"font-weight: normal;\"><strong><strong>Foto: Herbert Schlottbom<br \/>\n<\/strong><\/strong><\/span><\/h6>\n<\/td>\n<\/tr>\n<tr>\n<td style=\"text-align: left;\" valign=\"top\" width=\"216\"><\/td>\n<td style=\"text-align: left;\" valign=\"top\" width=\"-223\"><\/td>\n<td style=\"text-align: left;\" valign=\"top\" width=\"775\"><\/td>\n<\/tr>\n<\/tbody>\n<\/table>\n<\/div>\n<div><\/div>\n<div>Die Urspr\u00fcnge des \u201eHaus Wilmers\u201c sind in der Schulgeschichte S\u00fcdlohns zu suchen. Das Haus war fast 100 Jahre lang die ehemalige Knabenschule des Ortes. Viele historische Geb\u00e4ude in S\u00fcdlohn fielen dem Bombenkrieg des 2. Weltkrieges zum Opfer oder aber den \u201eSanierungsarbeiten\u201c in der Zeit des Wiederaufbaus. Gott sei Dank konnte der Charakter S\u00fcdlohns mit dem historischen Kern rund um die St. Vitus-Kirche nicht nur erhalten bleiben sondern durch die Dorfsanierung 1986 \/ 87 hervorgehoben werden. Ein wichtiger Bestandteil dieser neuen Gestaltung ist die Sanierung des Geb\u00e4udes zu einer neuen \u00f6ffentlichen Kultur \u2013 und Begegnungsst\u00e4tte.<\/div>\n<div><\/div>\n<div>Aus der Geschichte des Hauses, auszugsweise entnommen dem Internet-Auftritt der Gemeinde S\u00fcdlohn:<\/div>\n<div><\/div>\n<table border=\"0\" width=\"539\" cellspacing=\"0\" cellpadding=\"0\">\n<colgroup>\n<col style=\"mso-width-source: userset; mso-width-alt: 2998; width: 62pt;\" width=\"82\" \/>\n<col style=\"mso-width-source: userset; mso-width-alt: 16713; width: 343pt;\" width=\"457\" \/> <\/colgroup>\n<tbody>\n<tr style=\"height: 31.5pt;\">\n<td class=\"xl24\" style=\"height: 31.5pt; width: 62pt;\" width=\"82\" height=\"42\"><strong><span style=\"mso-bookmark: OLE_LINK2;\">1830<br \/>\n<\/span><\/strong><\/td>\n<td class=\"xl25\" style=\"width: 343pt;\" width=\"457\">Errichtung eines eingeschossigen Schulhauses. Es handelt sich um einen Ersatzbau f\u00fcr ein 1616 errichtetes Schulzimmer.<\/td>\n<\/tr>\n<tr style=\"height: 15.75pt;\">\n<td class=\"xl26\" style=\"height: 15.75pt;\" height=\"21\"><\/td>\n<td class=\"xl27\" style=\"width: 343pt;\" width=\"457\"><\/td>\n<\/tr>\n<tr style=\"height: 47.25pt;\">\n<td class=\"xl24\" style=\"height: 47.25pt;\" height=\"63\"><strong><span style=\"mso-bookmark: OLE_LINK2;\">1894<\/span><\/strong><\/td>\n<td class=\"xl25\" style=\"width: 343pt;\" width=\"457\">Die Gemeinde erteilt den Auftrag das vorhandene Schulgeb\u00e4ude aufzustocken. In einem Anbau wird das Spritzenhaus und das Arrestlokal des Ortes eingerichtet.<\/td>\n<\/tr>\n<tr style=\"height: 15.75pt;\">\n<td class=\"xl26\" style=\"height: 15.75pt;\" height=\"21\"><\/td>\n<td class=\"xl27\" style=\"width: 343pt;\" width=\"457\"><\/td>\n<\/tr>\n<tr style=\"height: 47.25pt;\">\n<td class=\"xl24\" style=\"height: 47.25pt;\" height=\"63\"><strong><span style=\"mso-bookmark: OLE_LINK2;\">1929<\/span><\/strong><\/td>\n<td class=\"xl25\" style=\"width: 343pt;\" width=\"457\">Mit dem Bau einer neuen St. Vitus Schule am S\u00fcdwall wird begonnen. Die alte M\u00e4dchenschule (Haus Hinske an der Kirchstra\u00dfe) und die alte Knabenschule (Haus Wilmers) werden \u00fcberfl\u00fcssig.<\/td>\n<\/tr>\n<tr style=\"height: 15.75pt;\">\n<td class=\"xl28\" style=\"height: 15.75pt;\" height=\"21\"><\/td>\n<td class=\"xl25\" style=\"width: 343pt;\" width=\"457\"><\/td>\n<\/tr>\n<tr style=\"height: 31.5pt;\">\n<td class=\"xl24\" style=\"height: 31.5pt;\" height=\"42\"><strong><span style=\"mso-bookmark: OLE_LINK2;\">1930<\/span><\/strong><\/td>\n<td class=\"xl25\" style=\"width: 343pt;\" width=\"457\">Der Schneidermeister Theodor Wilmers erwirbt die ehemalige Knabenschule und<\/td>\n<\/tr>\n<tr style=\"height: 15.75pt;\">\n<td class=\"xl28\" style=\"height: 15.75pt;\" height=\"21\"><\/td>\n<td class=\"xl25\" style=\"width: 343pt;\" width=\"457\"><span style=\"mso-bookmark: OLE_LINK1;\"><span style=\"mso-bookmark: OLE_LINK2;\">baut das Geb\u00e4ude grundlegend um.<\/span><\/span><\/td>\n<\/tr>\n<tr style=\"height: 15.75pt;\">\n<td class=\"xl26\" style=\"height: 15.75pt;\" height=\"21\"><\/td>\n<td class=\"xl27\" style=\"width: 343pt;\" width=\"457\"><\/td>\n<\/tr>\n<tr style=\"height: 31.5pt;\">\n<td class=\"xl24\" style=\"height: 31.5pt;\" height=\"42\"><strong><span style=\"mso-bookmark: OLE_LINK2;\">1951<\/span><\/strong><\/td>\n<td class=\"xl25\" style=\"width: 343pt;\" width=\"457\">Verlegung des Spritzenhauses mit Arrestlokal \/ Obdachlosenasyl in eine Neubau<\/td>\n<\/tr>\n<tr style=\"height: 15.75pt;\">\n<td class=\"xl28\" style=\"height: 15.75pt;\" height=\"21\"><\/td>\n<td class=\"xl25\" style=\"width: 343pt;\" width=\"457\"><span style=\"mso-bookmark: OLE_LINK1;\"><span style=\"mso-bookmark: OLE_LINK2;\">\u201eAm Vereinshaus\u201c.<\/span><\/span><\/td>\n<\/tr>\n<tr style=\"height: 15.75pt;\">\n<td class=\"xl26\" style=\"height: 15.75pt;\" height=\"21\"><\/td>\n<td class=\"xl27\" style=\"width: 343pt;\" width=\"457\"><\/td>\n<\/tr>\n<tr style=\"height: 31.5pt;\">\n<td class=\"xl24\" style=\"height: 31.5pt;\" height=\"42\"><strong><span style=\"mso-bookmark: OLE_LINK2;\">1952<\/span><\/strong><\/td>\n<td class=\"xl25\" style=\"width: 343pt;\" width=\"457\">Theodor Wilmers erwirbt den alten Geb\u00e4udeanbau und baut ihn als Werkstatt um.<\/td>\n<\/tr>\n<tr style=\"height: 15.75pt;\">\n<td class=\"xl26\" style=\"height: 15.75pt;\" height=\"21\"><\/td>\n<td class=\"xl27\" style=\"width: 343pt;\" width=\"457\"><\/td>\n<\/tr>\n<tr style=\"height: 31.5pt;\">\n<td class=\"xl24\" style=\"height: 31.5pt;\" height=\"42\"><strong><span style=\"mso-bookmark: OLE_LINK2;\">1983<\/span><\/strong><\/td>\n<td class=\"xl25\" style=\"width: 343pt;\" width=\"457\">Im Zuge der Ortskernsanierung soll im Bereich \u201eKaterhook\u201c das Haus Wilmers<\/td>\n<\/tr>\n<tr style=\"height: 31.5pt;\">\n<td class=\"xl28\" style=\"height: 31.5pt;\" height=\"42\"><\/td>\n<td class=\"xl25\" style=\"width: 343pt;\" width=\"457\"><span style=\"mso-bookmark: OLE_LINK1;\"><span style=\"mso-bookmark: OLE_LINK2;\">abgebrochen werden, um hier wieder eine Platzsituation zu schaffen, wie sie vor der Erweiterung der Kirche 1936 bestanden hatte.<\/span><\/span><\/td>\n<\/tr>\n<tr style=\"height: 15.75pt;\">\n<td class=\"xl26\" style=\"height: 15.75pt;\" height=\"21\"><\/td>\n<td class=\"xl27\" style=\"width: 343pt;\" width=\"457\"><\/td>\n<\/tr>\n<tr style=\"height: 47.25pt;\">\n<td class=\"xl24\" style=\"height: 47.25pt;\" height=\"63\"><strong><span style=\"mso-bookmark: OLE_LINK2;\">1984<\/span><\/strong><\/td>\n<td class=\"xl25\" style=\"width: 343pt;\" width=\"457\">Das Westf. Baupflegeamt M\u00fcnster wird von der Gemeinde beauftragt, Vorstellungen zur Verkehrsberuhigung und Umgestaltung des Ortskern zu entwickeln.<\/td>\n<\/tr>\n<tr style=\"height: 15.75pt;\">\n<td class=\"xl26\" style=\"height: 15.75pt;\" height=\"21\"><\/td>\n<td class=\"xl27\" style=\"width: 343pt;\" width=\"457\"><\/td>\n<\/tr>\n<tr style=\"height: 47.25pt;\">\n<td class=\"xl24\" style=\"height: 47.25pt;\" height=\"63\"><strong><span style=\"mso-bookmark: OLE_LINK2;\">1986<\/span><\/strong><\/td>\n<td class=\"xl25\" style=\"width: 343pt;\" width=\"457\">Die Gemeinde S\u00fcdlohn erwirbt das Wohnhaus und beschlie\u00dft, das Geb\u00e4ude als neue \u00f6ffentliche \u201eKultur-und Begegnungsst\u00e4tte zu erhalten, zu renovieren und mit einem neuen Anbau zu versehen.<\/td>\n<\/tr>\n<tr style=\"height: 15.75pt;\">\n<td class=\"xl26\" style=\"height: 15.75pt;\" height=\"21\"><\/td>\n<td class=\"xl27\" style=\"width: 343pt;\" width=\"457\"><\/td>\n<\/tr>\n<tr style=\"height: 78.75pt;\">\n<td class=\"xl24\" style=\"height: 78.75pt;\" height=\"105\"><strong><span style=\"mso-bookmark: OLE_LINK2;\">1988<\/span><\/strong><\/td>\n<td class=\"xl25\" style=\"width: 343pt;\" width=\"457\">Mit einem \u201eWiegboldfest\u201c wird am 25.09.1988 der Abschluss der Neugestaltung des Ortskernes S\u00fcdlohn und der Errichtung einer \u00f6ffentlichen \u201eKultur-und Begegnungsst\u00e4tte \u2013 Haus Wilmers\u201c gefeiert. Alle Beteiligten freuen sich \u00fcber die gelungene Ortskernsanierung und dar\u00fcber, dass das historische Geb\u00e4ude erhalten werden konnte.<\/td>\n<\/tr>\n<\/tbody>\n<\/table>\n<p>Die Kultur \u2013 und Begegnungsst\u00e4tte \u201eHaus Wilmers\u201c steht f\u00fcr Veranstaltungen des kommunalen Bereiches, der Kirchengemeinden sowie der \u00f6rtlichen Vereine und Verb\u00e4nde zur Verf\u00fcgung. Tagungen, Seminare, Lehrg\u00e4nge, Besprechungen, Ausstellungen, Konzerte und Kleinkunst finden reichlich statt. Das \u201eHaus Wilmers\u201c ist kein Haus f\u00fcr gesellige Veranstaltungen und private Feiern. Zu diesem Zwecke stehen ausreichende R\u00e4umlichkeiten in der \u00f6rtlichen Gastronomie zur Verf\u00fcgung.<\/p>\n<div>Das Haus ist behindertengerecht eingerichtet und bietet in der B\u00fcrgerstube mit offenem Kamin, im Seminarrraum und im Wiegbold-Saal beste Nutzungsm\u00f6glichkeiten.<\/div>\n<div><\/div>\n<div>Belegungsw\u00fcnsche nimmt die Gemeinde S\u00fcdlohn entgegen.<\/div>\n<\/div><\/section>\n","protected":false},"excerpt":{"rendered":"","protected":false},"author":1,"featured_media":0,"parent":234,"menu_order":2,"comment_status":"closed","ping_status":"closed","template":"","meta":{"footnotes":""},"class_list":["post-250","page","type-page","status-publish","hentry"],"_links":{"self":[{"href":"http:\/\/www.heimatverein-suedlohn.de\/index.php\/wp-json\/wp\/v2\/pages\/250","targetHints":{"allow":["GET"]}}],"collection":[{"href":"http:\/\/www.heimatverein-suedlohn.de\/index.php\/wp-json\/wp\/v2\/pages"}],"about":[{"href":"http:\/\/www.heimatverein-suedlohn.de\/index.php\/wp-json\/wp\/v2\/types\/page"}],"author":[{"embeddable":true,"href":"http:\/\/www.heimatverein-suedlohn.de\/index.php\/wp-json\/wp\/v2\/users\/1"}],"replies":[{"embeddable":true,"href":"http:\/\/www.heimatverein-suedlohn.de\/index.php\/wp-json\/wp\/v2\/comments?post=250"}],"version-history":[{"count":3,"href":"http:\/\/www.heimatverein-suedlohn.de\/index.php\/wp-json\/wp\/v2\/pages\/250\/revisions"}],"predecessor-version":[{"id":7098,"href":"http:\/\/www.heimatverein-suedlohn.de\/index.php\/wp-json\/wp\/v2\/pages\/250\/revisions\/7098"}],"up":[{"embeddable":true,"href":"http:\/\/www.heimatverein-suedlohn.de\/index.php\/wp-json\/wp\/v2\/pages\/234"}],"wp:attachment":[{"href":"http:\/\/www.heimatverein-suedlohn.de\/index.php\/wp-json\/wp\/v2\/media?parent=250"}],"curies":[{"name":"wp","href":"https:\/\/api.w.org\/{rel}","templated":true}]}}