{"id":248,"date":"2016-05-20T10:43:37","date_gmt":"2016-05-20T08:43:37","guid":{"rendered":"http:\/\/www.heimatverein-suedlohn.de\/neu2016\/?page_id=248"},"modified":"2023-04-08T21:07:02","modified_gmt":"2023-04-08T19:07:02","slug":"menke-muehle","status":"publish","type":"page","link":"http:\/\/www.heimatverein-suedlohn.de\/index.php\/ueber-suedlohn\/historische-bauwerke\/bauwerke-in-suedlohn\/menke-muehle\/","title":{"rendered":"Menke M\u00fchle"},"content":{"rendered":"<section  class='av_textblock_section av-av_textblock-0366cc7376be6c9e82a3e9cc8987b64f'  itemscope=\"itemscope\" itemtype=\"https:\/\/schema.org\/CreativeWork\" ><div class='avia_textblock'  itemprop=\"text\" ><h2>Windm\u00fchle Menke<\/h2>\n<div><img loading=\"lazy\" decoding=\"async\" class=\"alignnone\" src=\"http:\/\/www.heimatverein-suedlohn.de\/media\/ueber_suedlohn\/historische%20bauwerke\/Frontansichgr.jpg\" alt=\"\" width=\"760\" height=\"268\" \/><\/div>\n<div>Gesamtansicht der Windm\u00fchle Menke. Die Windm\u00fchle steht seit 1984, die Nebengeb\u00e4ude und das M\u00fcllerhaus seit 1995 unter Denkmalschutz.<\/div>\n<div>\n<h6>Foto: Maria Menke<\/h6>\n<table border=\"0\" width=\"776\" cellspacing=\"0\" cellpadding=\"0\">\n<tbody>\n<tr>\n<td style=\"text-align: left;\" valign=\"top\" width=\"245\"><a href=\"http:\/\/www.heimatverein-suedlohn.de\/media\/ueber_suedlohn\/historische%20bauwerke\/MenkeMuehle018BBgr.jpg\"><img loading=\"lazy\" decoding=\"async\" src=\"http:\/\/www.heimatverein-suedlohn.de\/media\/ueber_suedlohn\/historische%20bauwerke\/MenkeMuehle018BB.jpg\" alt=\"\" width=\"113\" height=\"150\" \/><\/a><\/td>\n<td align=\"center\" valign=\"top\" width=\"17\"><\/td>\n<td align=\"center\" valign=\"top\" width=\"506\">\n<p class=\"MsoNormal\" style=\"text-align: left;\">Ansicht von Westen<\/p>\n<h6 style=\"text-align: left;\"><span style=\"font-weight: normal;\"><strong>Foto: Manfred Schmeing<\/strong><\/span><\/h6>\n<\/td>\n<\/tr>\n<tr>\n<td style=\"text-align: left;\" valign=\"top\" width=\"245\"><\/td>\n<td style=\"text-align: left;\" valign=\"top\" width=\"17\"><\/td>\n<td style=\"text-align: left;\" valign=\"top\" width=\"506\"><\/td>\n<\/tr>\n<tr>\n<td style=\"text-align: left;\" valign=\"top\" width=\"245\"><a href=\"http:\/\/www.heimatverein-suedlohn.de\/media\/ueber_suedlohn\/historische%20bauwerke\/MenkeMuehle007BBgr.jpg\"><img loading=\"lazy\" decoding=\"async\" src=\"http:\/\/www.heimatverein-suedlohn.de\/media\/ueber_suedlohn\/historische%20bauwerke\/MenkeMuehle007BB.jpg\" alt=\"\" width=\"204\" height=\"150\" \/><\/a><\/td>\n<td style=\"text-align: left;\" valign=\"top\" width=\"17\"><\/td>\n<td align=\"center\" valign=\"top\" width=\"506\">\n<p class=\"MsoNormal\" style=\"text-align: left;\">Ansicht von Osten mit den Nebengeb\u00e4uden<\/p>\n<h6 style=\"text-align: left;\"><span style=\"font-weight: normal;\"><strong>Foto: Manfred Schmeing<\/strong><\/span><\/h6>\n<\/td>\n<\/tr>\n<tr>\n<td style=\"text-align: left;\" valign=\"top\" width=\"245\"><\/td>\n<td style=\"text-align: left;\" valign=\"top\" width=\"17\"><\/td>\n<td style=\"text-align: left;\" valign=\"top\" width=\"506\"><\/td>\n<\/tr>\n<tr>\n<td style=\"text-align: left;\" valign=\"top\" width=\"245\"><a href=\"http:\/\/www.heimatverein-suedlohn.de\/media\/ueber_suedlohn\/historische%20bauwerke\/MenkeMuehle005BBgr.jpg\"><img loading=\"lazy\" decoding=\"async\" src=\"http:\/\/www.heimatverein-suedlohn.de\/media\/ueber_suedlohn\/historische%20bauwerke\/MenkeMuehle005BB.jpg\" alt=\"\" width=\"112\" height=\"150\" \/><\/a><\/td>\n<td style=\"text-align: left;\" valign=\"top\" width=\"17\"><\/td>\n<td style=\"text-align: left;\" valign=\"top\" width=\"506\">\n<p class=\"MsoNormal\" style=\"text-align: left;\">Ansicht von Osten mit den Nebengeb\u00e4uden<\/p>\n<h6 style=\"text-align: left;\"><span style=\"font-weight: normal;\"><strong>Foto: Manfred Schmeing<\/strong><\/span><\/h6>\n<\/td>\n<\/tr>\n<tr>\n<td style=\"text-align: left;\" valign=\"top\" width=\"245\"><\/td>\n<td style=\"text-align: left;\" valign=\"top\" width=\"17\"><\/td>\n<td align=\"center\" valign=\"top\" width=\"506\"><\/td>\n<\/tr>\n<tr>\n<td style=\"text-align: left;\" valign=\"top\" width=\"245\"><a href=\"http:\/\/www.heimatverein-suedlohn.de\/media\/ueber_suedlohn\/diverse\/MuehleMenkeNacht_LRobgr.jpg\"><img loading=\"lazy\" decoding=\"async\" src=\"http:\/\/www.heimatverein-suedlohn.de\/media\/ueber_suedlohn\/diverse\/MuehleMenkeNacht_LRob.jpg\" alt=\"\" width=\"112\" height=\"150\" \/><\/a><\/td>\n<td style=\"text-align: left;\" valign=\"top\" width=\"17\"><\/td>\n<td style=\"text-align: left;\" valign=\"top\" width=\"506\">\n<p class=\"MsoNormal\" style=\"text-align: left;\">Die Menke M\u00fchle bei Nacht<\/p>\n<h6 style=\"text-align: left;\"><span style=\"font-weight: normal;\"><strong>Foto: Alexander Robers<br \/>\n<\/strong><\/span><\/h6>\n<\/td>\n<\/tr>\n<tr>\n<td style=\"text-align: left;\" valign=\"top\" width=\"245\"><\/td>\n<td style=\"text-align: left;\" valign=\"top\" width=\"17\"><\/td>\n<td align=\"center\" valign=\"top\" width=\"506\"><\/td>\n<\/tr>\n<tr>\n<td style=\"text-align: left;\" valign=\"top\" width=\"245\"><a href=\"http:\/\/www.heimatverein-suedlohn.de\/media\/ueber_suedlohn\/historische%20bauwerke\/MenkeMuehle021BBgr.jpg\"><img loading=\"lazy\" decoding=\"async\" src=\"http:\/\/www.heimatverein-suedlohn.de\/media\/ueber_suedlohn\/historische%20bauwerke\/MenkeMuehle021BB.jpg\" alt=\"\" width=\"200\" height=\"150\" \/><\/a><\/td>\n<td style=\"text-align: left;\" valign=\"top\" width=\"17\"><\/td>\n<td align=\"center\" valign=\"top\" width=\"506\">\n<p class=\"MsoNormal\" style=\"text-align: left;\">Detailansicht mit den Jahreszahlen:<\/p>\n<p class=\"MsoNormal\" style=\"text-align: left;\">1812 &#8211; die M\u00fchle wurde erbaut<\/p>\n<p class=\"MsoNormal\" style=\"text-align: left;\">1865 &#8211; Bernhard Menke erwirbt die M\u00fchle<\/p>\n<p class=\"MsoNormal\" style=\"text-align: left;\">1982 &#8211; grundlegende Renovierung der M\u00fchle<\/p>\n<h6 style=\"text-align: left;\"><span style=\"font-weight: normal;\"><strong>Foto: Manfred Schmeing<\/strong><\/span><\/h6>\n<\/td>\n<\/tr>\n<tr>\n<td style=\"text-align: left;\" valign=\"top\" width=\"245\"><\/td>\n<td style=\"text-align: left;\" valign=\"top\" width=\"17\"><\/td>\n<td align=\"center\" valign=\"top\" width=\"506\"><\/td>\n<\/tr>\n<\/tbody>\n<\/table>\n<\/div>\n<div style=\"text-align: justify;\"><b>\u00a0<\/b><\/div>\n<div style=\"text-align: justify;\">1812 wird diese Windm\u00fchle erbaut. 1865 erwirbt Johann Bernard Menke die M\u00fchle mit dem M\u00fcllerhaus von den drei Besitzern Siebing, Arntzen und F\u00f6cking. 1869 wurde in die Windm\u00fchle ein S\u00e4gegatter eingebaut, das auch mit Windkraft betrieben wird. Die Unabh\u00e4ngigkeit von der Windkraft f\u00fcr das S\u00e4gegatter wird mit dem Kauf einer Dampfmaschine 1876 erreicht. 1924 erh\u00e4lt die M\u00fchle und auch das Wohnhaus die erste Versorgung mit Elektroenergie durch eine Gleichstrom \u2013 Batterieanlage. Bernhard Menke tritt nun in die Fu\u00dfstapfen seines Vaters. 1951 erfolgt die Umstellung des Antriebes von Dampfkraft auf Dieselantriebe.<\/div>\n<div style=\"text-align: justify;\"><\/div>\n<div style=\"text-align: justify;\">\n<table style=\"width: 776px; height: 73px;\" border=\"0\" cellspacing=\"0\" cellpadding=\"0\">\n<tbody>\n<tr>\n<td style=\"text-align: left;\" valign=\"top\" width=\"245\"><a href=\"http:\/\/www.heimatverein-suedlohn.de\/media\/ueber_suedlohn\/historische%20bauwerke\/141MenkeBernhardgr.jpg\"><img loading=\"lazy\" decoding=\"async\" src=\"http:\/\/www.heimatverein-suedlohn.de\/media\/ueber_suedlohn\/historische%20bauwerke\/141MenkeBernhard.jpg\" alt=\"\" width=\"149\" height=\"150\" \/><\/a><\/td>\n<td style=\"text-align: left;\" valign=\"top\" width=\"17\"><\/td>\n<td align=\"center\" valign=\"top\" width=\"506\">\n<div style=\"text-align: justify;\">M\u00fcller Bernhard Menke am Mahlgang in der Windm\u00fchle.<\/div>\n<h6 style=\"text-align: left;\"><span style=\"font-weight: normal;\"><strong>Foto: Anton Esseling<br \/>\n<\/strong><\/span><\/h6>\n<\/td>\n<\/tr>\n<tr>\n<td style=\"text-align: left;\" valign=\"top\" width=\"245\"><\/td>\n<td style=\"text-align: left;\" valign=\"top\" width=\"17\"><\/td>\n<td align=\"center\" valign=\"top\" width=\"506\"><\/td>\n<\/tr>\n<tr>\n<td style=\"text-align: left;\" valign=\"top\" width=\"245\"><a href=\"http:\/\/www.heimatverein-suedlohn.de\/media\/ueber_suedlohn\/diverse\/MenkeStandesamt2009-08_004gr.jpg\"><img loading=\"lazy\" decoding=\"async\" src=\"http:\/\/www.heimatverein-suedlohn.de\/media\/ueber_suedlohn\/diverse\/MenkeStandesamt2009-08_004.jpg\" alt=\"\" width=\"225\" height=\"150\" \/><\/a><\/td>\n<td style=\"text-align: left;\" valign=\"top\" width=\"17\"><\/td>\n<td style=\"text-align: left;\" valign=\"top\" width=\"506\">\n<div style=\"text-align: justify;\">Seit 2007\u00a0k\u00f6nnen in der M\u00fchle auch standesamtliche Trauungen<\/div>\n<div style=\"text-align: justify;\">stattfinden. Zu diesem Anla\u00df wird eine feierliche Oase in der<\/div>\n<div style=\"text-align: justify;\">rustikalen M\u00fchlenumgebung eingerichtet.<\/div>\n<h6 style=\"text-align: left;\"><span style=\"font-weight: normal;\"><strong>Foto: Herbert Schlottbom<br \/>\n<\/strong><\/span><\/h6>\n<\/td>\n<\/tr>\n<\/tbody>\n<\/table>\n<\/div>\n<div style=\"text-align: justify;\">1981 \/ 82 erfolgte eine grundlegende Renovierung. M\u00fchlenturm und M\u00fchlenhaube wurden mit Kupfer eingedeckt und neue Fl\u00fcgel angebracht. Da Bernhard Menke einsah, dass der Betrieb nach ihm wohl nicht fortgef\u00fchrt werden w\u00fcrde, nahm er auch keine gro\u00dfen Umstellungen auf moderne Technik vor. Diesem Umstand ist es zu verdanken, dass die alte Technik erhalten blieb. Der S\u00e4gebetrieb wird aus Altersgr\u00fcnden 1983 und die Mischfutterherstellung im Jahre 1989 mit dem Tode Bernhard Menkes eingestellt.<\/div>\n<div style=\"text-align: justify;\"><\/div>\n<div style=\"text-align: justify;\">Das gesamte M\u00fchlenensemble umfasst ca. 750 qm bebaute Fl\u00e4che. Es besteht auch heute noch aus der Windm\u00fchle, teils mit urspr\u00fcnglicher Ausstattung. Die Maschinen, die seit 1959 stillstanden, laufen seit dem ersten M\u00fchlentag 1994 wieder. In den Nebengeb\u00e4uden befindet sich der Breitdrescher (Baujahr 1914), der seit 1996 wieder betriebsbereit ist und das Vollgatter von 1919 und eine 110 Volt Batterie \u2013 Anlage. Geschaltet wird die Gleichstromanlage \u00fcber eine sch\u00f6ne Marmorschalttafel im Motorraum. Hier befindet sich auch das \u201eHerz\u201c der M\u00fchlentechnik, zwei Herforder Diesel (Baujahr 1934 und 1955). Zeugen der Dampfmaschinenzeit sind sowohl der Schornstein, als auch der Dampfkessel \u2013 Baujahr 1905.<\/div>\n<div style=\"text-align: justify;\"><\/div>\n<div style=\"text-align: justify;\">Die Windm\u00fchle steht seit 1984, die Nebengeb\u00e4ude und das M\u00fcllerhaus seit 1995 unter Denkmalschutz. Die im Familienbesitz befindliche M\u00fchle wird weiterhin erhalten und unter gro\u00dfem Einsatz von Maria Menke gepflegt. Unterst\u00fctzt wird Maria Menke von den Technik begeisterten Mitstreitern Dieter Gehling, und Fritz Tropper.<\/div>\n<div style=\"text-align: justify;\"><\/div>\n<div>Gro\u00dfen Wert legt man auf die Instandhaltung der vorhandenen und betriebsbereiten M\u00fchlentechnik. Die Besucher der M\u00fchlenanlage erwartet keine auf Tourismus eingestellte M\u00fchle. Er findet sie so vor, als sei erst gestern die Arbeit eingestellt worden.<\/div>\n<div><\/div>\n<div><\/div>\n<div><\/div>\n<table style=\"width: 777px; height: 190px;\" border=\"0\" cellspacing=\"0\" cellpadding=\"0\">\n<tbody>\n<tr>\n<td width=\"261\"><a title=\"Dieter Gehling und Fritz Tropper starten den Diesel\" href=\"http:\/\/www.heimatverein-suedlohn.de\/media\/ueber_suedlohn\/historische%20bauwerke\/menkemuehle\/10.jpg\"><img loading=\"lazy\" decoding=\"async\" src=\"http:\/\/www.heimatverein-suedlohn.de\/media\/ueber_suedlohn\/historische%20bauwerke\/menkemuehle\/10kl.jpg\" alt=\"\" width=\"225\" height=\"150\" \/><\/a><\/td>\n<td width=\"201\">Dieter Gehling und Fritz Tropper starten den Diesel<\/td>\n<td width=\"111\"><a title=\"Vollgatter von 1919 - wiederbetriebsbereit\" href=\"http:\/\/www.heimatverein-suedlohn.de\/media\/ueber_suedlohn\/historische%20bauwerke\/menkemuehle\/2.jpg\"><img loading=\"lazy\" decoding=\"async\" src=\"http:\/\/www.heimatverein-suedlohn.de\/media\/ueber_suedlohn\/historische%20bauwerke\/menkemuehle\/2kl.jpg\" alt=\"\" width=\"113\" height=\"150\" \/><\/a><\/td>\n<td width=\"10\"><\/td>\n<td colspan=\"2\" width=\"180\">Vollgatter von 1919 &#8211; wiederbetriebsbereit<\/td>\n<\/tr>\n<tr>\n<td width=\"261\"><\/td>\n<td width=\"201\"><\/td>\n<td width=\"111\"><\/td>\n<td width=\"10\"><\/td>\n<td colspan=\"2\" width=\"180\"><\/td>\n<\/tr>\n<tr>\n<td width=\"261\"><a title=\"Herforder Dieselmaschine Baujahr 1934 und 1951, voll funktionsf\u00e4hig\" href=\"http:\/\/www.heimatverein-suedlohn.de\/media\/ueber_suedlohn\/historische%20bauwerke\/menkemuehle\/8.jpg\"><img decoding=\"async\" style=\"width: 108px; height: 80px;\" src=\"http:\/\/www.heimatverein-suedlohn.de\/media\/ueber_suedlohn\/historische%20bauwerke\/menkemuehle\/8kl.jpg\" alt=\"\" \/> <\/a><a title=\"Herforder Dieselmaschine Baujahr 1934 und 1951, voll funktionsf\u00e4hig\" href=\"http:\/\/www.heimatverein-suedlohn.de\/media\/ueber_suedlohn\/historische%20bauwerke\/menkemuehle\/9.jpg\"><img decoding=\"async\" style=\"width: 107px; height: 79px;\" src=\"http:\/\/www.heimatverein-suedlohn.de\/media\/ueber_suedlohn\/historische%20bauwerke\/menkemuehle\/9kl.jpg\" alt=\"\" \/><\/a><\/td>\n<td width=\"201\">Herforder Dieselmaschine Baujahr 1934 und 1951, voll funktionsf\u00e4hig<\/td>\n<td width=\"111\"><a title=\"Marmorschalttafel von 1924\" href=\"http:\/\/www.heimatverein-suedlohn.de\/media\/ueber_suedlohn\/historische%20bauwerke\/menkemuehle\/3.jpg\"><img loading=\"lazy\" decoding=\"async\" src=\"http:\/\/www.heimatverein-suedlohn.de\/media\/ueber_suedlohn\/historische%20bauwerke\/menkemuehle\/3kl.jpg\" alt=\"\" width=\"100\" height=\"150\" \/><\/a><\/td>\n<td width=\"10\"><\/td>\n<td colspan=\"2\" width=\"180\">\u00a0Marmorschalttafel von 1924<\/td>\n<\/tr>\n<tr>\n<td width=\"261\"><\/td>\n<td width=\"201\"><\/td>\n<td width=\"111\"><\/td>\n<td width=\"10\"><\/td>\n<td colspan=\"2\" width=\"180\"><\/td>\n<\/tr>\n<tr>\n<td width=\"261\"><a title=\"Maria Menke erkl\u00e4rt die Vorg\u00e4nge. Sie ist aktives Mitglied im S\u00fcdlohner Heimatverein und in er Nachbarschaft Breulonia\" href=\"http:\/\/www.heimatverein-suedlohn.de\/media\/ueber_suedlohn\/historische%20bauwerke\/menkemuehle\/5.jpg\"><img loading=\"lazy\" decoding=\"async\" src=\"http:\/\/www.heimatverein-suedlohn.de\/media\/ueber_suedlohn\/historische%20bauwerke\/menkemuehle\/5kl.jpg\" alt=\"\" width=\"200\" height=\"150\" \/><\/a><\/td>\n<td width=\"201\">Maria Menke erkl\u00e4rt die Vorg\u00e4nge. Sie ist aktives Mitglied im S\u00fcdlohner Heimatverein und in der <a href=\"[wblink55]\">Nachbarschaft Breuloenia<\/a><\/td>\n<td width=\"111\"><a title=\"Menke M\u00fchle\" href=\"http:\/\/www.heimatverein-suedlohn.de\/media\/ueber_suedlohn\/altsuedlohn\/neu092014\/muehle_gr.jpg\"><img loading=\"lazy\" decoding=\"async\" src=\"http:\/\/www.heimatverein-suedlohn.de\/media\/ueber_suedlohn\/altsuedlohn\/neu092014\/muehle.jpg\" alt=\"\" width=\"113\" height=\"150\" \/><\/a><\/td>\n<td width=\"10\"><\/td>\n<td colspan=\"2\" width=\"180\">02.09.2014:<\/p>\n<p>Eine Gruppe St\u00f6rche macht Rast auf den Fl\u00fcgeln der Menke M\u00fchle.<\/p>\n<p>Foto: Hugo Emmerich<\/td>\n<\/tr>\n<\/tbody>\n<\/table>\n<h5>Fotos: Maria Menke<\/h5>\n<div style=\"text-align: justify;\"><\/div>\n<div style=\"text-align: justify;\">\n<table border=\"0\" cellspacing=\"0\" cellpadding=\"0\">\n<tbody>\n<tr>\n<td valign=\"middle\" width=\"153\">\n<p style=\"text-align: center;\"><a href=\"http:\/\/www.heimatverein-suedlohn.de\/media\/pressearchiv_repros\/20120526.pdf\" target=\"_blank\" rel=\"noopener\"><img loading=\"lazy\" decoding=\"async\" src=\"http:\/\/www.heimatverein-suedlohn.de\/media\/pressearchiv_repros\/20120526.jpg\" alt=\"\" width=\"94\" height=\"200\" align=\"left\" hspace=\"20\" \/><\/a><\/p>\n<p style=\"text-align: center;\">\n<\/td>\n<td valign=\"top\" width=\"12\"><\/td>\n<td valign=\"middle\" width=\"596\">\n<h3>Zeitungsausschnitt vom 26.05.2012<\/h3>\n<p>Neuer F\u00f6rderverein gegr\u00fcndet:\u00a0Dampfmaschine f\u00fcr Menke M\u00fchle gefunden.<\/td>\n<\/tr>\n<\/tbody>\n<\/table>\n<\/div>\n<ul>\n<li>Denkmalliste der Gemeinde S\u00fcdlohn\u00a0\u00a0\u00a0\u00a0 <a href=\"http:\/\/www.heimatverein-suedlohn.de\/media\/pdfs\/denkmalliste\/a34.pdf\" target=\"_blank\" rel=\"noopener\">A34 &#8211; Wohnhaus Menke <img loading=\"lazy\" decoding=\"async\" src=\"http:\/\/www.heimatverein-suedlohn.de\/media\/pdficon.gif\" alt=\"\" width=\"30\" height=\"28\" \/><\/a><\/li>\n<li>Denkmalliste der Gemeinde S\u00fcdlohn\u00a0\u00a0\u00a0\u00a0 <a href=\"http:\/\/www.heimatverein-suedlohn.de\/media\/pdfs\/denkmalliste\/a6.pdf\" target=\"_blank\" rel=\"noopener\">A6 &#8211; Windm\u00fchle Menke <img loading=\"lazy\" decoding=\"async\" src=\"http:\/\/www.heimatverein-suedlohn.de\/media\/pdficon.gif\" alt=\"\" width=\"30\" height=\"28\" \/><\/a><\/li>\n<\/ul>\n<div style=\"text-align: justify;\"><\/div>\n<div style=\"text-align: justify;\"><b>Maria Menke, <\/b>Windm\u00fchlenstra\u00dfe 4, 46354 S\u00fcdlohn, Tel. 02862 \u2013 7352<\/div>\n<\/div><\/section>\n","protected":false},"excerpt":{"rendered":"","protected":false},"author":1,"featured_media":0,"parent":234,"menu_order":1,"comment_status":"closed","ping_status":"closed","template":"","meta":{"footnotes":""},"class_list":["post-248","page","type-page","status-publish","hentry"],"_links":{"self":[{"href":"http:\/\/www.heimatverein-suedlohn.de\/index.php\/wp-json\/wp\/v2\/pages\/248","targetHints":{"allow":["GET"]}}],"collection":[{"href":"http:\/\/www.heimatverein-suedlohn.de\/index.php\/wp-json\/wp\/v2\/pages"}],"about":[{"href":"http:\/\/www.heimatverein-suedlohn.de\/index.php\/wp-json\/wp\/v2\/types\/page"}],"author":[{"embeddable":true,"href":"http:\/\/www.heimatverein-suedlohn.de\/index.php\/wp-json\/wp\/v2\/users\/1"}],"replies":[{"embeddable":true,"href":"http:\/\/www.heimatverein-suedlohn.de\/index.php\/wp-json\/wp\/v2\/comments?post=248"}],"version-history":[{"count":3,"href":"http:\/\/www.heimatverein-suedlohn.de\/index.php\/wp-json\/wp\/v2\/pages\/248\/revisions"}],"predecessor-version":[{"id":7097,"href":"http:\/\/www.heimatverein-suedlohn.de\/index.php\/wp-json\/wp\/v2\/pages\/248\/revisions\/7097"}],"up":[{"embeddable":true,"href":"http:\/\/www.heimatverein-suedlohn.de\/index.php\/wp-json\/wp\/v2\/pages\/234"}],"wp:attachment":[{"href":"http:\/\/www.heimatverein-suedlohn.de\/index.php\/wp-json\/wp\/v2\/media?parent=248"}],"curies":[{"name":"wp","href":"https:\/\/api.w.org\/{rel}","templated":true}]}}