{"id":238,"date":"2016-05-19T11:31:35","date_gmt":"2016-05-19T09:31:35","guid":{"rendered":"http:\/\/www.heimatverein-suedlohn.de\/neu2016\/?page_id=238"},"modified":"2023-04-08T21:06:55","modified_gmt":"2023-04-08T19:06:55","slug":"238-2","status":"publish","type":"page","link":"http:\/\/www.heimatverein-suedlohn.de\/index.php\/ueber-suedlohn\/historische-bauwerke\/bauwerke-in-suedlohn\/238-2\/","title":{"rendered":"Haus Lohn"},"content":{"rendered":"<section  class='av_textblock_section av-9xkva-da5ea018b537ce761c0bfee2363bcab3'  itemscope=\"itemscope\" itemtype=\"https:\/\/schema.org\/CreativeWork\" ><div class='avia_textblock'  itemprop=\"text\" ><h2>Haus Lohn<\/h2>\n<p><img loading=\"lazy\" decoding=\"async\" src=\"http:\/\/www.heimatverein-suedlohn.de\/media\/ueber_suedlohn\/historische%20bauwerke\/hauslohn.jpg\" alt=\"\" width=\"760\" height=\"268\" \/><\/p>\n<p class=\"MsoNormal\">Das Haus Lohn z\u00e4hlt zu den bedeutendsten Wahrzeichen von S\u00fcdlohn. Das jetzige Geb\u00e4ude wurde 1785 im fr\u00fchklassizistischen Stil errichtet. Das Herrenhaus und weitere Wirtschaftsgeb\u00e4ude umgibt eine von der Schlinge gespeiste Gr\u00e4fte.<\/p>\n<p class=\"MsoNormal\" style=\"text-align: justify;\">Die Urspr\u00fcnge des Hauses Lohn sind nicht endg\u00fcltig gekl\u00e4rt. 1357 werden mit den Herren von Dornoke oder Dornick gnt. Loneken erstmals Vertreter einer Adelsfamilie genannt, die das landtagsf\u00e4hige Rittergut, 500 Meter \u00f6stlich des Hofes <a href=\"http:\/\/www.heimatverein-suedlohn.de\/index.php\/ueber-suedlohn-und-oeding\/historische-bauwerke\/bauwerke-in-suedlohn\/pastoratsgebaeude\/\"><b><u>Pr\u00f6bsting<\/u><\/b> <\/a>bewohnten. Um das Jahr 1500 vollzog Johann von Dornick einen Namenswechsel und nannte sich nur noch \u201evon Lohn\u201c. Zum Haus Lohn geh\u00f6rte das Mitpatronatsrecht an der S\u00fcdlohner Kirche. Es stand den Mitgliedern der Familie von Lohn das Recht zu, nach ihrem Tod im Chorbereich der Kirche bestattet zu werden.<\/p>\n<p class=\"MsoNormal\" style=\"text-align: justify;\">Um 1700 teilte sich die Familie in verschiedene Linien. Der letzte Besitzer Franz Joachim von Loen war aufgrund seiner hohen Verschuldung gezwungen, das Gut Lohn 1797 zu versteigern. Kurz nach 1785 hatte er an der Stelle der alten verfallenen Hauses ein neues sp\u00e4tklassizistischen Geb\u00e4ude errichten lassen, das im Kern dem heutigen Haus Lohn entsprach. Bei der Versteigerung 1787 wurde das Haus von Mulert zu Oeding erworben. 1815 wohnte dort Dr. Wilhelm Reigers, fr\u00fcherer Friedensrichter und zweiter Assessor des Land \u2013 und Stadtgerichtes zu Stadtlohn.<span style=\"mso-spacerun: yes;\">\u00a0 <\/span>1817 wurde es Eigentum des Richters Ferdinand Aulike. 1837 brannte das Obergeschoss des Hauses aus und wurde in der heutigen zweigeschossigen Form wieder aufgebaut. 1841 erwarb der Graf Clemens von Looz \u2013 Corswarem das Haus Lohn von der Witwe des 1834 verstorbenen Gografen und Landrichters Aulike.\u00a01856 ging der Besitz an den Gutsbesitzer Anton Heinrich B\u00fcscher. Die j\u00fcngste Tochter heiratete am 23. Juli 1907 Bernhard Franz Geuking, dessen Familie das Haus noch heute bewohnt.<\/p>\n<h6><span style=\"font-size: 10pt; mso-bidi-font-size: 12.0pt;\">Text: Auszugsweise aus \u201eS\u00fcdlohn und Oeding\u201c von Ulrich S\u00f6bbing.<\/span><b><\/b><\/h6>\n<table border=\"0\" width=\"776\" cellspacing=\"0\" cellpadding=\"0\">\n<tbody>\n<tr>\n<td style=\"text-align: left;\" valign=\"top\" width=\"195\"><a href=\"http:\/\/www.heimatverein-suedlohn.de\/media\/ueber_suedlohn\/historische%20bauwerke\/011_gr.jpg\"><img loading=\"lazy\" decoding=\"async\" src=\"http:\/\/www.heimatverein-suedlohn.de\/media\/ueber_suedlohn\/historische%20bauwerke\/011.jpg\" alt=\"\" width=\"195\" height=\"165\" \/><\/a><\/td>\n<td align=\"center\" valign=\"top\" width=\"8\"><\/td>\n<td align=\"center\" valign=\"top\" width=\"158\"><a href=\"http:\/\/www.heimatverein-suedlohn.de\/media\/ueber_suedlohn\/historische%20bauwerke\/012_gr.jpg\"><img loading=\"lazy\" decoding=\"async\" src=\"http:\/\/www.heimatverein-suedlohn.de\/media\/ueber_suedlohn\/historische%20bauwerke\/012.jpg\" alt=\"\" width=\"125\" height=\"167\" \/><\/a><\/td>\n<td style=\"text-align: center;\" width=\"183\">\u00a0<a title=\"Eingangsportal mit Sandsteineinrahmung und Wappenstein. \" href=\"http:\/\/www.heimatverein-suedlohn.de\/media\/ueber_suedlohn\/historische%20bauwerke\/005_gr.jpg\"><img loading=\"lazy\" decoding=\"async\" src=\"http:\/\/www.heimatverein-suedlohn.de\/media\/ueber_suedlohn\/historische%20bauwerke\/005.jpg\" alt=\"\" width=\"91\" height=\"167\" \/><\/a><\/td>\n<td width=\"220\"><a title=\"\u00dcber dem Portal: Wappenstein des Grafen Clemens von Looz-Corswarem, der von 1841 bis 1856 Besitzer von Haus Lohn war. Die lateinische Inschrift lautet: POTIUS MORI QUAM PAEDARI LIEBER STERBEN ALS SICH UNTERWERFEN\" href=\"http:\/\/www.heimatverein-suedlohn.de\/media\/ueber_suedlohn\/historische%20bauwerke\/008-1_gr.jpg\"><img loading=\"lazy\" decoding=\"async\" src=\"http:\/\/www.heimatverein-suedlohn.de\/media\/ueber_suedlohn\/historische%20bauwerke\/008-1.jpg\" alt=\"\" width=\"219\" height=\"165\" \/><\/a><\/td>\n<\/tr>\n<tr>\n<td style=\"text-align: left;\" valign=\"top\" width=\"195\"><\/td>\n<td align=\"center\" valign=\"top\" width=\"8\"><\/td>\n<td align=\"center\" valign=\"top\" width=\"158\"><\/td>\n<td style=\"text-align: center;\" valign=\"top\" width=\"183\">Eingangsportal mit Sandsteineinrahmung und Wappenstein<\/td>\n<td width=\"220\">\n<p style=\"text-align: center;\">\u00dcber dem Portal: Wappenstein des Grafen Clemens von Looz-Corswarem, der von 1841 bis 1856 Besitzer von Haus Lohn war. Die lateinische Inschrift lautet:<\/p>\n<p style=\"text-align: center;\">POTIUS MORI QUAM PAEDARI<\/p>\n<p style=\"text-align: center;\">LIEBER STERBEN ALS SICH UNTERWERFEN<\/p>\n<\/td>\n<\/tr>\n<tr>\n<td style=\"text-align: center;\" valign=\"top\" width=\"195\"><a href=\"http:\/\/www.heimatverein-suedlohn.de\/media\/ueber_suedlohn\/historische%20bauwerke\/024HausLohn1gr.jpg\"><img loading=\"lazy\" decoding=\"async\" src=\"http:\/\/www.heimatverein-suedlohn.de\/media\/ueber_suedlohn\/historische%20bauwerke\/024HausLohn1.jpg\" alt=\"\" width=\"95\" height=\"122\" \/><\/a><\/td>\n<td align=\"center\" valign=\"top\" width=\"8\"><\/td>\n<td valign=\"top\" width=\"158\"><a href=\"http:\/\/www.heimatverein-suedlohn.de\/media\/ueber_suedlohn\/historische%20bauwerke\/024HausLohn02gr.jpg\"><img loading=\"lazy\" decoding=\"async\" src=\"http:\/\/www.heimatverein-suedlohn.de\/media\/ueber_suedlohn\/historische%20bauwerke\/024HausLohn02.jpg\" alt=\"\" width=\"166\" height=\"126\" \/><\/a><\/td>\n<td style=\"text-align: right;\" valign=\"top\" width=\"183\"><a href=\"http:\/\/www.heimatverein-suedlohn.de\/media\/ueber_suedlohn\/diverse\/2011-HsLohn-006gr.jpg\"><img loading=\"lazy\" decoding=\"async\" src=\"http:\/\/www.heimatverein-suedlohn.de\/media\/ueber_suedlohn\/diverse\/2011-HsLohn-006.jpg\" alt=\"\" width=\"168\" height=\"126\" \/><\/a><\/td>\n<td style=\"text-align: center;\" width=\"220\"><a href=\"http:\/\/www.heimatverein-suedlohn.de\/media\/ueber_suedlohn\/historische%20bauwerke\/023Kamingr.jpg\"><img loading=\"lazy\" decoding=\"async\" src=\"http:\/\/www.heimatverein-suedlohn.de\/media\/ueber_suedlohn\/historische%20bauwerke\/023Kamin.jpg\" alt=\"\" width=\"190\" height=\"127\" \/><\/a><\/td>\n<\/tr>\n<tr>\n<td style=\"text-align: left;\" valign=\"top\" width=\"195\">\n<p class=\"MsoNormal\" style=\"text-align: center;\">Haus Lohn mit Wirtschaftsgeb\u00e4ude, im Hintergrund die Schlinge.<\/p>\n<h6 style=\"text-align: center;\"><span style=\"font-weight: normal;\"><strong>Foto: Gemeindearchiv S\u00fcdlohn<\/strong><\/span><\/h6>\n<\/td>\n<td align=\"center\" valign=\"top\" width=\"8\"><\/td>\n<td align=\"center\" valign=\"top\" width=\"158\">\n<p class=\"MsoNormal\" style=\"text-align: center;\">Ansicht von der Lohner Stra\u00dfe.<\/p>\n<h6 style=\"text-align: center;\"><span style=\"font-weight: normal;\"><strong><strong>Foto: Herbert Schlottbom<\/strong><\/strong><\/span><\/h6>\n<\/td>\n<td style=\"text-align: center;\" valign=\"top\" width=\"183\">\n<p class=\"MsoNormal\" style=\"text-align: center;\">Ansicht von der Lohner Stra\u00dfe mit Blick \u00fcber die Gr\u00e4fte.<\/p>\n<h6 style=\"text-align: center;\"><span style=\"font-weight: normal;\"><strong><strong>Foto: Herbert Schlottbom<\/strong><\/strong><\/span><\/h6>\n<\/td>\n<td width=\"220\">\n<p class=\"MsoNormal\" style=\"text-align: center;\">Fr\u00fcherer T\u00fcrsturz mit dem Wappen der Herren von Lohn, heute \u00fcber einem Kamin des Hauses Lohn angebracht.<\/p>\n<h6 style=\"text-align: center;\"><span style=\"font-weight: normal;\"><strong><strong>Foto: Ulrich S\u00f6bbing<\/strong><\/strong><\/span><\/h6>\n<\/td>\n<\/tr>\n<\/tbody>\n<\/table>\n<div style=\"text-align: left;\"><\/div>\n<\/div><\/section>\n","protected":false},"excerpt":{"rendered":"","protected":false},"author":1,"featured_media":0,"parent":234,"menu_order":0,"comment_status":"closed","ping_status":"closed","template":"","meta":{"footnotes":""},"class_list":["post-238","page","type-page","status-publish","hentry"],"_links":{"self":[{"href":"http:\/\/www.heimatverein-suedlohn.de\/index.php\/wp-json\/wp\/v2\/pages\/238","targetHints":{"allow":["GET"]}}],"collection":[{"href":"http:\/\/www.heimatverein-suedlohn.de\/index.php\/wp-json\/wp\/v2\/pages"}],"about":[{"href":"http:\/\/www.heimatverein-suedlohn.de\/index.php\/wp-json\/wp\/v2\/types\/page"}],"author":[{"embeddable":true,"href":"http:\/\/www.heimatverein-suedlohn.de\/index.php\/wp-json\/wp\/v2\/users\/1"}],"replies":[{"embeddable":true,"href":"http:\/\/www.heimatverein-suedlohn.de\/index.php\/wp-json\/wp\/v2\/comments?post=238"}],"version-history":[{"count":4,"href":"http:\/\/www.heimatverein-suedlohn.de\/index.php\/wp-json\/wp\/v2\/pages\/238\/revisions"}],"predecessor-version":[{"id":6856,"href":"http:\/\/www.heimatverein-suedlohn.de\/index.php\/wp-json\/wp\/v2\/pages\/238\/revisions\/6856"}],"up":[{"embeddable":true,"href":"http:\/\/www.heimatverein-suedlohn.de\/index.php\/wp-json\/wp\/v2\/pages\/234"}],"wp:attachment":[{"href":"http:\/\/www.heimatverein-suedlohn.de\/index.php\/wp-json\/wp\/v2\/media?parent=238"}],"curies":[{"name":"wp","href":"https:\/\/api.w.org\/{rel}","templated":true}]}}