{"id":228,"date":"2016-05-19T11:26:15","date_gmt":"2016-05-19T09:26:15","guid":{"rendered":"http:\/\/www.heimatverein-suedlohn.de\/neu2016\/?page_id=228"},"modified":"2023-04-08T21:06:14","modified_gmt":"2023-04-08T19:06:14","slug":"profane-skulpturen-in-suedlohn-und-oeding","status":"publish","type":"page","link":"http:\/\/www.heimatverein-suedlohn.de\/index.php\/ueber-suedlohn\/profane-skulpturen-in-suedlohn-und-oeding\/","title":{"rendered":"profane Skulpturen"},"content":{"rendered":"<section  class='av_textblock_section av-8jm90-705fba6a0984c7d5d817c96a82a6d9ca'  itemscope=\"itemscope\" itemtype=\"https:\/\/schema.org\/CreativeWork\" ><div class='avia_textblock'  itemprop=\"text\" ><h2>Profane Skulpturen<\/h2>\n<div><\/div>\n<div>Neben den vielen sakralen Bildst\u00f6cken, Statuen und Wegkreuzen pr\u00e4gen auch profane Skulpturen den \u00f6ffentlichen und privaten Raum.\u00a0Auch in S\u00fcdlohn und Oeding gibt es eine Anzahl dieser Skulpturen, die von der \u00d6ffentlichkeit wahrgenommen werden und so das Umfeld gestalten.<\/div>\n<div><\/div>\n<div><\/div>\n<table border=\"0\" width=\"776\" cellspacing=\"0\" cellpadding=\"0\">\n<tbody>\n<tr>\n<td style=\"text-align: left;\" valign=\"top\" width=\"231\"><a title=\"Eine Stahlskulptur \u201eohne Titel\u201c empf\u00e4ngt die Besucher S\u00fcdlohn auf dem Kreisverkehrsplatz an der Ramsdorfer Stra\u00dfe. Die Skulptur stellt eine \u201eTorfunktion aus allen Raumsituationen\u201c dar. Erstellt wurde die Skulptur vom Ramsdorfer Bildhauer und Kunstschmied Ulrich Kuhlmann.\" href=\"http:\/\/www.heimatverein-suedlohn.de\/media\/ueber_suedlohn\/wiegbold\/kreisel_gr.jpg\"><img loading=\"lazy\" decoding=\"async\" src=\"http:\/\/www.heimatverein-suedlohn.de\/media\/ueber_suedlohn\/wiegbold\/kreisel_kl.jpg\" alt=\"\" width=\"113\" height=\"150\" \/><\/a><\/td>\n<td align=\"center\" valign=\"top\" width=\"12\"><\/td>\n<td align=\"center\" valign=\"top\" width=\"525\">\n<div style=\"text-align: left;\"><strong>Eine Stahlskulptur \u201eohne Titel\u201c<\/strong>\u00a0empf\u00e4ngt die Besucher S\u00fcdlohn auf dem Kreisverkehrsplatz \u00a0an der Ramsdorfer Stra\u00dfe. Die Skulptur stellt eine \u201eTorsituation aus verschiedenen Richtungen\u201c dar. Erstellt wurde die Skulptur im Jahre 2006 auf Initiative des Arbeitsskreises &#8222;Gegen Rechtsextremismus und Gewalt &#8211; f\u00fcr Toleranz in S\u00fcdlohn und Oeding&#8220; \u00a0vom Ramsdorfer Bildhauer und Kunstschmied Ulrich Kuhlmann.<\/div>\n<p style=\"text-align: left;\"><a href=\"http:\/\/www.ulrich-kuhlmann.de\/\">www.ulrich-kuhlmann.de<\/a><\/p>\n<h6 style=\"text-align: left;\"><span style=\"font-weight: normal;\"><strong>Foto: Herbert Schlottbom<\/strong><\/span><\/h6>\n<\/td>\n<\/tr>\n<tr>\n<td style=\"text-align: left;\" valign=\"top\" width=\"231\"><\/td>\n<td align=\"center\" valign=\"top\" width=\"12\"><\/td>\n<td align=\"center\" valign=\"top\" width=\"525\"><\/td>\n<\/tr>\n<tr>\n<td style=\"text-align: left;\" valign=\"top\" width=\"231\"><a title=\"Die im Jahre 1971 errichtete S\u00fcdlohner Roncalli \u2013 Gemeinschaftshauptschule erhielt an der Eingangsfront eine Wandplastik des Raesfelder Metallbildhauers Hermann Kunkler. Das \u201ePausengespr\u00e4ch\u201c wird im Volksmund \u201ePlapperm\u00e4uler\u201c genannt.\" href=\"http:\/\/www.heimatverein-suedlohn.de\/media\/ueber_suedlohn\/profane%20skulpturen\/schule_gr.jpg\"><img loading=\"lazy\" decoding=\"async\" src=\"http:\/\/www.heimatverein-suedlohn.de\/media\/ueber_suedlohn\/profane%20skulpturen\/schule_kl.jpg\" alt=\"\" width=\"200\" height=\"150\" \/><\/a><\/td>\n<td align=\"center\" valign=\"top\" width=\"12\"><\/td>\n<td align=\"center\" valign=\"top\" width=\"525\">\n<div style=\"text-align: left;\">Die im Jahre 1971 errichtete S\u00fcdlohner Roncalli \u2013 Gemeinschaftshauptschule erhielt an der Eingangsfront eine Wandplastik des Raesfelder Metallbildhauers Hermann Kunkler. Das \u201ePausengespr\u00e4ch\u201c wird im Volksmund \u201ePlapperm\u00e4uler\u201c genannt.<\/div>\n<h6 style=\"text-align: left;\"><span style=\"font-weight: normal;\"><strong><strong>Foto: Manfred Schmeing<br \/>\n<\/strong><\/strong><\/span><\/h6>\n<\/td>\n<\/tr>\n<tr>\n<td style=\"text-align: left;\" valign=\"top\" width=\"231\"><\/td>\n<td style=\"text-align: left;\" valign=\"top\" width=\"12\"><\/td>\n<td style=\"text-align: left;\" valign=\"top\" width=\"525\"><\/td>\n<\/tr>\n<tr>\n<td style=\"text-align: left;\" valign=\"top\" width=\"231\"><a title=\"Im Rahmen des Landesprogramms Kultur und Schule wurde in Anlehnung an das Logo der Gemeinde S\u00fcdlohn \u201eS\u00fcdlohn und Oeding gemeinsam aktiv\u201c die Skulptur \u201eZusammen\u201c geschaffen. Der Schriftzug \u201eZusammen\u201c wurde in 23 Sprachen aus Feinblech gestaltet. Erstellt wurde die Skulptur von Sch\u00fcler der Roncalli \u2013 Hauptschule mit dem K\u00fcnstler Norbert Then.\" href=\"http:\/\/www.heimatverein-suedlohn.de\/media\/ueber_suedlohn\/profane%20skulpturen\/kugel_gr.jpg\"><img loading=\"lazy\" decoding=\"async\" src=\"http:\/\/www.heimatverein-suedlohn.de\/media\/ueber_suedlohn\/profane%20skulpturen\/kugel_kl.jpg\" alt=\"\" width=\"200\" height=\"150\" \/><\/a><\/td>\n<td style=\"text-align: left;\" valign=\"top\" width=\"12\"><\/td>\n<td style=\"text-align: left;\" valign=\"top\" width=\"525\">\n<div style=\"text-align: left;\">Im Rahmen des Landesprogramms Kultur und Schule wurde in Anlehnung an das Logo der Gemeinde S\u00fcdlohn \u201eS\u00fcdlohn und Oeding gemeinsam aktiv\u201c die Skulptur \u201eZusammen\u201c geschaffen. Der Schriftzug \u201eZusammen\u201c wurde in 23 Sprachen aus Feinblech gestaltet. Erstellt wurde die Skulptur von Sch\u00fcler der<\/div>\n<div style=\"text-align: left;\">Roncalli \u2013 Hauptschule mit\u00a0dem K\u00fcnstler Norbert Then. <a href=\"http:\/\/www.kunstklaerwerk.de\/\">www.kunstklaerwerk.de<\/a><\/div>\n<div style=\"text-align: left;\"><\/div>\n<div style=\"text-align: left;\">Standort der Skulptur ist der Kreisverkehrsplatz \u00a0&#8222;Vennstra\u00dfe \/ Am Vereinshaus&#8220;.<\/div>\n<h6 style=\"text-align: left;\"><span style=\"font-weight: normal;\"><strong><strong>Foto: Doris Bennemann<\/strong><\/strong><\/span><\/h6>\n<\/td>\n<\/tr>\n<tr>\n<td style=\"text-align: left;\" valign=\"top\" width=\"231\"><\/td>\n<td style=\"text-align: left;\" valign=\"top\" width=\"12\"><\/td>\n<td align=\"center\" valign=\"top\" width=\"525\"><\/td>\n<\/tr>\n<tr>\n<td style=\"text-align: left;\" valign=\"top\" width=\"231\"><a title=\"Im Biergarten des Hotels Nagel steht der \u201egr\u00f6\u00dfte Nagel der Welt\u201c. Er ragt 7,315 Meter in den blau \u2013 wei\u00dfen (Schalke) Himmel und hat einen Durchmesser von 8,9 cm.\" href=\"http:\/\/www.heimatverein-suedlohn.de\/media\/ueber_suedlohn\/profane%20skulpturen\/nagel_gr.jpg\"><img loading=\"lazy\" decoding=\"async\" src=\"http:\/\/www.heimatverein-suedlohn.de\/media\/ueber_suedlohn\/profane%20skulpturen\/nagel_kl.jpg\" alt=\"\" width=\"113\" height=\"150\" \/><\/a><\/td>\n<td style=\"text-align: left;\" valign=\"top\" width=\"12\"><\/td>\n<td align=\"center\" valign=\"top\" width=\"525\">\n<div style=\"text-align: left;\">Im Biergarten des Hotels Nagel steht der \u201egr\u00f6\u00dfte Nagel der Welt\u201c. Er ragt 7,315 Meter in den blau \u2013 wei\u00dfen (Schalke) Himmel und hat einen Durchmesser von 8,9 cm.<\/div>\n<div>\n<h6 style=\"text-align: left;\"><span style=\"font-weight: normal;\"><strong><strong>Foto: Herbert Schlottbom<\/strong><\/strong><\/span><\/h6>\n<\/div>\n<\/td>\n<\/tr>\n<tr>\n<td style=\"text-align: left;\" valign=\"top\" width=\"231\"><\/td>\n<td style=\"text-align: left;\" valign=\"top\" width=\"12\"><\/td>\n<td style=\"text-align: left;\" valign=\"top\" width=\"525\"><\/td>\n<\/tr>\n<tr>\n<td style=\"text-align: left;\" valign=\"top\" width=\"231\">\u00a0<a title=\"Der Kunstliebhaber Marcus Liesner hat diese 2,20 m hohe Skulptur \u201eohne Namen\u201c aus einer kombinierten Holz \u2013 und Metallkonstruktion erstellt, um den Garten zu gestalten und zu beleben.\" href=\"http:\/\/www.heimatverein-suedlohn.de\/media\/ueber_suedlohn\/profane%20skulpturen\/liesner_gr.jpg\"><img loading=\"lazy\" decoding=\"async\" src=\"http:\/\/www.heimatverein-suedlohn.de\/media\/ueber_suedlohn\/profane%20skulpturen\/liesner_kl.jpg\" alt=\"\" width=\"113\" height=\"150\" \/><\/a><\/td>\n<td style=\"text-align: left;\" valign=\"top\" width=\"12\"><\/td>\n<td style=\"text-align: left;\" valign=\"top\" width=\"525\">\n<div style=\"text-align: left;\">Der Kunstliebhaber Marcus Liesner hat diese 2,20 m hohe Skulptur \u201eohne Namen\u201c aus einer kombinierten Holz \u2013 und Metallkonstruktion erstellt, um den Garten zu gestalten und zu beleben.<\/div>\n<h6 style=\"text-align: left;\"><span style=\"font-weight: normal;\"><strong><strong><strong><strong>Foto: Manfred Schmeing<\/strong><\/strong><\/strong><\/strong><\/span><\/h6>\n<\/td>\n<\/tr>\n<tr>\n<td style=\"text-align: left;\" valign=\"top\" width=\"231\"><\/td>\n<td style=\"text-align: left;\" valign=\"top\" width=\"12\"><\/td>\n<td align=\"center\" valign=\"top\" width=\"525\"><\/td>\n<\/tr>\n<tr>\n<td style=\"text-align: left;\" valign=\"top\" width=\"231\"><a title=\"Die Westf\u00e4lische Heimatdichterin Annette von Droste \u2013 H\u00fclshoff steht auf einem 100 cm hohen Sockel aus Baumberger Sandstein in einem Privatgarten in der Droste \u2013 H\u00fclshoff \u2013Stra\u00dfe.\" href=\"http:\/\/www.heimatverein-suedlohn.de\/media\/ueber_suedlohn\/profane%20skulpturen\/1anette_gr.jpg\"><img loading=\"lazy\" decoding=\"async\" src=\"http:\/\/www.heimatverein-suedlohn.de\/media\/ueber_suedlohn\/profane%20skulpturen\/1anette_kl.jpg\" alt=\"\" width=\"82\" height=\"60\" \/><\/a><a title=\"Die Westf\u00e4lische Heimatdichterin Annette von Droste \u2013 H\u00fclshoff steht auf einem 100 cm hohen Sockel aus Baumberger Sandstein in einem Privatgarten in der Droste \u2013 H\u00fclshoff \u2013Stra\u00dfe.\" href=\"http:\/\/www.heimatverein-suedlohn.de\/media\/ueber_suedlohn\/profane%20skulpturen\/2anette_gr.jpg\"> <img loading=\"lazy\" decoding=\"async\" src=\"http:\/\/www.heimatverein-suedlohn.de\/media\/ueber_suedlohn\/profane%20skulpturen\/2anette_kl.jpg\" alt=\"\" width=\"79\" height=\"59\" \/><\/a><\/td>\n<td style=\"text-align: left;\" valign=\"top\" width=\"12\"><\/td>\n<td align=\"center\" valign=\"top\" width=\"525\">\n<div style=\"text-align: left;\">Die Westf\u00e4lische Dichterin Annette von Droste \u2013 H\u00fclshoff steht auf einem 100 cm hohen Sockel aus Baumberger Sandstein in einem Privatgarten in der Droste \u2013 H\u00fclshoff \u2013Stra\u00dfe.<\/div>\n<h6 style=\"text-align: left;\"><span style=\"font-weight: normal;\"><strong><strong><strong><strong>Foto: Doris Bennemann<\/strong><\/strong><\/strong><\/strong><\/span><\/h6>\n<\/td>\n<\/tr>\n<tr>\n<td style=\"text-align: left;\" valign=\"top\" width=\"231\"><\/td>\n<td style=\"text-align: left;\" valign=\"top\" width=\"12\"><\/td>\n<td align=\"center\" valign=\"top\" width=\"525\"><\/td>\n<\/tr>\n<tr>\n<td style=\"text-align: left;\" valign=\"top\" width=\"231\"><a title=\"Der Stier als Hommage an den K\u00fcnstler Pablo Picasso hat im Juli 2002 seinen Platz vor der Volksbank in S\u00fcdlohn erhalten. Die Skulptur entstand im Rahmen eines Kunstprojekts der Firma Leuchten Robers und ist eine Schenkung.\" href=\"http:\/\/www.heimatverein-suedlohn.de\/media\/ueber_suedlohn\/diverse\/stiergr.jpg\"><img loading=\"lazy\" decoding=\"async\" src=\"http:\/\/www.heimatverein-suedlohn.de\/media\/ueber_suedlohn\/diverse\/stier.jpg\" alt=\"\" width=\"150\" height=\"113\" \/><\/a><\/td>\n<td style=\"text-align: left;\" valign=\"top\" width=\"12\"><\/td>\n<td style=\"text-align: left;\" valign=\"top\" width=\"525\">\n<div>Der Stier als Hommage an den K\u00fcnstler Pablo Picasso hat im Juli 2002 seinen Platz vor der Volksbank in S\u00fcdlohn erhalten. Die Skulptur entstand im Rahmen eines Kunstprojekts der Firma Leuchten Robers und ist eine Schenkung.<\/div>\n<div>\n<h6 style=\"text-align: left;\"><span style=\"font-weight: normal;\"><strong><strong><strong><strong><strong><strong><strong><strong>Foto: Ernst Bennemann<\/strong><\/strong><\/strong><\/strong><\/strong><\/strong><\/strong><\/strong><\/span><\/h6>\n<\/div>\n<\/td>\n<\/tr>\n<tr>\n<td style=\"text-align: left;\" valign=\"top\" width=\"231\"><\/td>\n<td style=\"text-align: left;\" valign=\"top\" width=\"12\"><\/td>\n<td style=\"text-align: left;\" valign=\"top\" width=\"525\"><\/td>\n<\/tr>\n<tr>\n<td style=\"text-align: left;\" valign=\"top\" width=\"231\"><a title=\"Im September 1963 wurde an der Doornte ein neuer Sportplatz eingeweiht. Der S\u00fcdlohner Arzt Dr. med. Tophof stiftete ein Relief, welches die vier Jahreszeiten darstellt. Aufgestellt wurde das Relief am Eingang des Sportplatzes.\" href=\"http:\/\/www.heimatverein-suedlohn.de\/media\/ueber_suedlohn\/diverse\/profaneskulpturgr.jpg\"><img loading=\"lazy\" decoding=\"async\" src=\"http:\/\/www.heimatverein-suedlohn.de\/media\/ueber_suedlohn\/diverse\/profaneskulptur.jpg\" alt=\"\" width=\"150\" height=\"200\" \/><\/a><\/td>\n<td style=\"text-align: left;\" valign=\"top\" width=\"12\"><\/td>\n<td style=\"text-align: left;\" valign=\"top\" width=\"525\">\n<p style=\"margin-bottom: 0cm;\" align=\"justify\">Im September 1963 wurde an der Doornte ein neuer Sportplatz eingeweiht. Der S\u00fcdlohner Arzt Dr. med. Tophof stiftete ein Relief, welches die vier Jahreszeiten darstellt. Aufgestellt wurde das Relief am Eingang des Sportplatzes.<\/p>\n<h6 style=\"text-align: left;\"><span style=\"font-weight: normal;\"><strong><strong><strong><strong><strong><strong><strong><strong><strong><strong><strong><strong><strong><strong><strong><strong>Foto: Ernst Bennemann<\/strong><\/strong><\/strong><\/strong><\/strong><\/strong><\/strong><\/strong><\/strong><\/strong><\/strong><\/strong><\/strong><\/strong><\/strong><\/strong><\/span><\/h6>\n<p style=\"margin-bottom: 0cm;\" align=\"justify\">\n<\/td>\n<\/tr>\n<tr>\n<td style=\"text-align: left;\" valign=\"top\" width=\"231\"><\/td>\n<td style=\"text-align: left;\" valign=\"top\" width=\"12\"><\/td>\n<td style=\"text-align: left;\" valign=\"top\" width=\"525\"><\/td>\n<\/tr>\n<tr>\n<td style=\"text-align: left;\" valign=\"top\" width=\"231\"><a title=\"Schiefer Skulptur des K\u00fcnstlers Wilm B\u00f6ing aus Stadtlohn aus dem Jahre 1961.Es ziert den Eingang der damaligen Fa. Gebr\u00fcder Schulten in Oeding.\" href=\"http:\/\/www.heimatverein-suedlohn.de\/media\/ueber_oeding\/skulpturen\/skulptur1_gr.jpg\"><img loading=\"lazy\" decoding=\"async\" src=\"http:\/\/www.heimatverein-suedlohn.de\/media\/ueber_oeding\/skulpturen\/skulptur1.jpg\" alt=\"\" width=\"231\" height=\"150\" \/><\/a><\/td>\n<td style=\"text-align: left;\" valign=\"top\" width=\"12\"><\/td>\n<td style=\"text-align: left;\" valign=\"top\" width=\"525\">\n<p style=\"margin-bottom: 0cm;\">Schiefer Skulptur des K\u00fcnstlers Wilm B\u00f6ing aus Stadtlohn aus dem Jahre 1961.Es ziert den Eingang der damaligen Fa. Gebr\u00fcder Schulten in Oeding.<\/p>\n<\/td>\n<\/tr>\n<tr>\n<td style=\"text-align: left;\" valign=\"top\" width=\"231\"><\/td>\n<td style=\"text-align: left;\" valign=\"top\" width=\"12\"><\/td>\n<td style=\"text-align: left;\" valign=\"top\" width=\"525\"><\/td>\n<\/tr>\n<tr>\n<td style=\"text-align: left;\" valign=\"top\" width=\"231\"><a title=\"Diese Skulptur ziert das Kasselhaus der ehemaligen Fa. Gebr\u00fcder Schulten. Es wurde auch vom K\u00fcnstler Wilm B\u00f6ing aus Stadtlohn gefertigt.\" href=\"http:\/\/www.heimatverein-suedlohn.de\/media\/ueber_oeding\/skulpturen\/skulptur2_gr.jpg\"><img loading=\"lazy\" decoding=\"async\" src=\"http:\/\/www.heimatverein-suedlohn.de\/media\/ueber_oeding\/skulpturen\/skulptur2.jpg\" alt=\"\" width=\"125\" height=\"150\" \/><\/a><\/td>\n<td style=\"text-align: left;\" valign=\"top\" width=\"12\"><\/td>\n<td style=\"text-align: left;\" valign=\"top\" width=\"525\">\n<p style=\"margin-bottom: 0cm;\">Diese Skulptur ziert das Kasselhaus der ehemaligen Fa. Gebr\u00fcder Schulten. Es wurde auch vom K\u00fcnstler Wilm B\u00f6ing aus Stadtlohn gefertigt.<\/p>\n<\/td>\n<\/tr>\n<tr>\n<td style=\"text-align: left;\" valign=\"top\" width=\"231\"><\/td>\n<td style=\"text-align: left;\" valign=\"top\" width=\"12\"><\/td>\n<td style=\"text-align: left;\" valign=\"top\" width=\"525\"><\/td>\n<\/tr>\n<tr>\n<td style=\"text-align: left;\" valign=\"top\" width=\"231\"><a title=\"Die Sonnenuhr wurde 1960 an der heutigen von Galen Grundschule angebracht. Die Uhr wurde vom K\u00fcnstler Blaschke aus Sch\u00f6ppingen entworfen und ist in einer Kunstschmiede hergestellt worden.\" href=\"http:\/\/www.heimatverein-suedlohn.de\/media\/ueber_oeding\/skulpturen\/skulptur3_gr.jpg\"><img loading=\"lazy\" decoding=\"async\" src=\"http:\/\/www.heimatverein-suedlohn.de\/media\/ueber_oeding\/skulpturen\/skulptur3.jpg\" alt=\"\" width=\"226\" height=\"150\" \/><\/a><\/td>\n<td style=\"text-align: left;\" valign=\"top\" width=\"12\"><\/td>\n<td style=\"text-align: left;\" valign=\"top\" width=\"525\">\n<p style=\"margin-bottom: 0cm;\">Die Sonnenuhr wurde 1960 an der heutigen von Galen Grundschule angebracht. Die Uhr wurde vom K\u00fcnstler Blaschke aus Sch\u00f6ppingen entworfen und ist in einer Kunstschmiede hergestellt worden.<\/p>\n<\/td>\n<\/tr>\n<tr>\n<td style=\"text-align: left;\" valign=\"top\" width=\"231\"><\/td>\n<td style=\"text-align: left;\" valign=\"top\" width=\"12\"><\/td>\n<td style=\"text-align: left;\" valign=\"top\" width=\"525\"><\/td>\n<\/tr>\n<tr>\n<td style=\"text-align: left;\" valign=\"top\" width=\"231\"><a title=\"Das Mosaikbild von Clemens August von Galen ist im Eingangsbereich der Schule angebracht. Es wurde vom K\u00fcnstler H. Blaschke aus Sch\u00f6ppingen 1958 aus Metall und Marmor hergestellt.\" href=\"http:\/\/www.heimatverein-suedlohn.de\/media\/ueber_oeding\/skulpturen\/skultpur4_gr.jpg\"><img loading=\"lazy\" decoding=\"async\" src=\"http:\/\/www.heimatverein-suedlohn.de\/media\/ueber_oeding\/skulpturen\/skultpur4.jpg\" alt=\"\" width=\"102\" height=\"150\" \/><\/a><\/td>\n<td style=\"text-align: left;\" valign=\"top\" width=\"12\"><\/td>\n<td style=\"text-align: left;\" valign=\"top\" width=\"525\">\n<p style=\"margin-bottom: 0cm;\">Das Mosaikbild von Clemens August von Galen ist im Eingangsbereich der Schule angebracht.<\/p>\n<p style=\"margin-bottom: 0cm;\">Es wurde vom K\u00fcnstler H. Blaschke aus Sch\u00f6ppingen 1958 aus Metall und Marmor hergestellt.<\/p>\n<\/td>\n<\/tr>\n<tr>\n<td style=\"text-align: left;\" valign=\"top\" width=\"231\"><\/td>\n<td style=\"text-align: left;\" valign=\"top\" width=\"12\"><\/td>\n<td style=\"text-align: left;\" valign=\"top\" width=\"525\"><\/td>\n<\/tr>\n<tr>\n<td style=\"text-align: left;\" valign=\"top\" width=\"231\"><img loading=\"lazy\" decoding=\"async\" src=\"http:\/\/www.heimatverein-suedlohn.de\/media\/ueber_oeding\/skulpturen\/skulptur5.jpg\" alt=\"\" width=\"100\" height=\"111\" \/><\/td>\n<td style=\"text-align: left;\" valign=\"top\" width=\"12\"><\/td>\n<td style=\"text-align: left;\" valign=\"top\" width=\"525\">\n<p style=\"margin-bottom: 0cm;\">Gedenktafel als Erinnerung an den Abschuss eines britischen Bombers im Juni 1944. Sie ist am 08. August 2013 vom Vetter eines Besatzungsmitgliedes enth\u00fcllt worden. Die Station ist vom Jugendwerk S\u00fcdlohn\/Oeding erstellt worden.<\/p>\n<p style=\"margin-bottom: 0cm;\"><a href=\"http:\/\/www.heimatverein-suedlohn.de\/media\/ueber_oeding\/skulpturen\/skulpturen_pdf_hv.pdf\" target=\"_blank\" rel=\"noopener\"><img loading=\"lazy\" decoding=\"async\" src=\"http:\/\/www.heimatverein-suedlohn.de\/media\/pdficon.gif\" alt=\"\" width=\"30\" height=\"28\" \/> Download Presseartikel<\/a><\/p>\n<\/td>\n<\/tr>\n<\/tbody>\n<\/table>\n<div style=\"text-align: left;\"><\/div>\n<\/div><\/section>\n<div class='flex_column av-cobn8-abaa960c4b0dcfe857e2de0b1efc860e av_one_third  avia-builder-el-1  el_after_av_textblock  el_before_av_two_third  first flex_column_div column-top-margin'     ><style type=\"text\/css\" data-created_by=\"avia_inline_auto\" id=\"style-css-av-ld0s05ik-bacfa2ca4f1ea5c248d9b0e882634cdf\">\n.avia-image-container.av-ld0s05ik-bacfa2ca4f1ea5c248d9b0e882634cdf img.avia_image{\nbox-shadow:none;\n}\n.avia-image-container.av-ld0s05ik-bacfa2ca4f1ea5c248d9b0e882634cdf .av-image-caption-overlay-center{\ncolor:#ffffff;\n}\n<\/style>\n<div  class='avia-image-container av-ld0s05ik-bacfa2ca4f1ea5c248d9b0e882634cdf av-styling- av-hover-grow avia-align-center  avia-builder-el-2  avia-builder-el-no-sibling '   itemprop=\"image\" itemscope=\"itemscope\" itemtype=\"https:\/\/schema.org\/ImageObject\" ><div class=\"avia-image-container-inner\"><div class=\"avia-image-overlay-wrap\"><img decoding=\"async\" class='wp-image-6871 avia-img-lazy-loading-not-6871 avia_image ' src=\"http:\/\/www.heimatverein-suedlohn.de\/wp-content\/uploads\/2023\/01\/Skulptur-Freiheit-300x225.jpg\" alt='' title='Skulptur Freiheit'  height=\"225\" width=\"300\"  itemprop=\"thumbnailUrl\" srcset=\"http:\/\/www.heimatverein-suedlohn.de\/wp-content\/uploads\/2023\/01\/Skulptur-Freiheit-300x225.jpg 300w, http:\/\/www.heimatverein-suedlohn.de\/wp-content\/uploads\/2023\/01\/Skulptur-Freiheit.jpg 600w\" sizes=\"(max-width: 300px) 100vw, 300px\" \/><\/div><\/div><\/div><\/div><div class='flex_column av-8w1s4-0c72c826bbd87b6b782ae0fe37d47056 av_two_third  avia-builder-el-3  el_after_av_one_third  avia-builder-el-last  flex_column_div column-top-margin'     ><section  class='av_textblock_section av-ld0s0rzy-4a26d879f24fe5f147307c7df5a53f92'  itemscope=\"itemscope\" itemtype=\"https:\/\/schema.org\/CreativeWork\" ><div class='avia_textblock'  itemprop=\"text\" ><p><strong>Freiheit<\/strong><br \/>\nAuf dem Gel\u00e4nde der Heimath\u00fctte an der Robert Bosch-Stra\u00dfe steht diese ca. 2,5 m hohe Skulptur des Stadtlohner K\u00fcnstler Norbert Then. Die Skulptur aus Schmiedeeisen symbolisiert menschliche Gef\u00fchle und Freiheit. Der Schriftzug &#8222;Freiheit&#8220; wurde in 18 Sprachen auf dem Findling angebracht.<\/p>\n<\/div><\/section><\/div><\/p>\n","protected":false},"excerpt":{"rendered":"","protected":false},"author":1,"featured_media":0,"parent":23,"menu_order":53,"comment_status":"closed","ping_status":"closed","template":"","meta":{"footnotes":""},"class_list":["post-228","page","type-page","status-publish","hentry"],"_links":{"self":[{"href":"http:\/\/www.heimatverein-suedlohn.de\/index.php\/wp-json\/wp\/v2\/pages\/228","targetHints":{"allow":["GET"]}}],"collection":[{"href":"http:\/\/www.heimatverein-suedlohn.de\/index.php\/wp-json\/wp\/v2\/pages"}],"about":[{"href":"http:\/\/www.heimatverein-suedlohn.de\/index.php\/wp-json\/wp\/v2\/types\/page"}],"author":[{"embeddable":true,"href":"http:\/\/www.heimatverein-suedlohn.de\/index.php\/wp-json\/wp\/v2\/users\/1"}],"replies":[{"embeddable":true,"href":"http:\/\/www.heimatverein-suedlohn.de\/index.php\/wp-json\/wp\/v2\/comments?post=228"}],"version-history":[{"count":7,"href":"http:\/\/www.heimatverein-suedlohn.de\/index.php\/wp-json\/wp\/v2\/pages\/228\/revisions"}],"predecessor-version":[{"id":7090,"href":"http:\/\/www.heimatverein-suedlohn.de\/index.php\/wp-json\/wp\/v2\/pages\/228\/revisions\/7090"}],"up":[{"embeddable":true,"href":"http:\/\/www.heimatverein-suedlohn.de\/index.php\/wp-json\/wp\/v2\/pages\/23"}],"wp:attachment":[{"href":"http:\/\/www.heimatverein-suedlohn.de\/index.php\/wp-json\/wp\/v2\/media?parent=228"}],"curies":[{"name":"wp","href":"https:\/\/api.w.org\/{rel}","templated":true}]}}