{"id":109,"date":"2016-05-12T13:57:58","date_gmt":"2016-05-12T11:57:58","guid":{"rendered":"http:\/\/www.heimatverein-suedlohn.de\/neu2016\/?page_id=109"},"modified":"2016-05-12T13:57:58","modified_gmt":"2016-05-12T11:57:58","slug":"kreuzwegstationen","status":"publish","type":"page","link":"http:\/\/www.heimatverein-suedlohn.de\/index.php\/ueber-suedlohn\/st-vitus-u-st-jakobus\/st-jakobus-pfarrkirche-oeding\/kreuzwegstationen\/","title":{"rendered":"Kreuzwegstationen"},"content":{"rendered":"<section  class='av_textblock_section av-av_textblock-0366cc7376be6c9e82a3e9cc8987b64f'  itemscope=\"itemscope\" itemtype=\"https:\/\/schema.org\/CreativeWork\" ><div class='avia_textblock'  itemprop=\"text\" ><h2>Kreuzwegstationen<\/h2>\n<div style=\"text-align: justify;\"><\/div>\n<div style=\"text-align: justify;\">Dem Stil der Nazarener sind auch die 14 Stationsbilder des Kreuzweges zu\u00adzuordnen, deren Herkunft unbekannt ist. Sie entstanden vermutlich in der zweiten H\u00e4lfte des 19. Jahrhunderts, k\u00f6nnten aber auch der Werkstatt von Heinrich N\u00fcttgens entstammen und 1911 f\u00fcr die neue Kirche gemalt wor\u00adden sein. 1956 entfernte man sie aus der Kirche, als die Rahmen deutliche Sch\u00e4den aufwiesen und die Gem\u00e4lde dem Zeitgeschmack nicht mehr ent\u00adsprachen. Als die Kirchengemeinde 1986 schon \u00dcberlegungen \u00fcber den Ankauf eines neuen Kreuzweges an\u00adstellte, wurden sie von Pfarrer Karl Bayer auf dem Dachboden des Pfarr\u00adhauses wieder entdeckt. Nach einer umfassenden Restaurierung und Neu-rahmung kehrten die Passionsbilder in die Kirche zur\u00fcck.<\/div>\n<div><\/div>\n<table style=\"width: 676px; height: 246px;\" border=\"0\" cellspacing=\"0\" cellpadding=\"0\">\n<tbody>\n<tr>\n<td><a title=\"Station 1\" href=\"http:\/\/www.heimatverein-suedlohn.de\/media\/ueber_oeding\/kirche\/station1_gr.jpg\"><img loading=\"lazy\" decoding=\"async\" src=\"http:\/\/www.heimatverein-suedlohn.de\/media\/ueber_oeding\/kirche\/station1.jpg\" alt=\"\" width=\"143\" height=\"200\" \/><\/a><\/td>\n<td><a title=\"Station 2\" href=\"http:\/\/www.heimatverein-suedlohn.de\/media\/ueber_oeding\/kirche\/station2_gr.jpg\"><img loading=\"lazy\" decoding=\"async\" src=\"http:\/\/www.heimatverein-suedlohn.de\/media\/ueber_oeding\/kirche\/station2.jpg\" alt=\"\" width=\"143\" height=\"200\" \/><\/a><\/td>\n<td><a title=\"Station 3\" href=\"http:\/\/www.heimatverein-suedlohn.de\/media\/ueber_oeding\/kirche\/station3_gr.jpg\"><img loading=\"lazy\" decoding=\"async\" src=\"http:\/\/www.heimatverein-suedlohn.de\/media\/ueber_oeding\/kirche\/station3.jpg\" alt=\"\" width=\"143\" height=\"200\" \/><\/a><\/td>\n<td><a title=\"Station 4\" href=\"http:\/\/www.heimatverein-suedlohn.de\/media\/ueber_oeding\/kirche\/station4_gr.jpg\"><img loading=\"lazy\" decoding=\"async\" src=\"http:\/\/www.heimatverein-suedlohn.de\/media\/ueber_oeding\/kirche\/station4.jpg\" alt=\"\" width=\"143\" height=\"200\" \/><\/a><\/td>\n<\/tr>\n<tr>\n<td>Station 1<\/td>\n<td>Station 2<\/td>\n<td>Station 3<\/td>\n<td>Station 4<\/td>\n<\/tr>\n<tr>\n<td><\/td>\n<td><\/td>\n<td><\/td>\n<td><\/td>\n<\/tr>\n<tr>\n<td><a title=\"Station 5\" href=\"http:\/\/www.heimatverein-suedlohn.de\/media\/ueber_oeding\/kirche\/station5_gr.jpg\"><img loading=\"lazy\" decoding=\"async\" src=\"http:\/\/www.heimatverein-suedlohn.de\/media\/ueber_oeding\/kirche\/station5.jpg\" alt=\"\" width=\"143\" height=\"200\" \/><\/a><\/td>\n<td><a title=\"Station 6\" href=\"http:\/\/www.heimatverein-suedlohn.de\/media\/ueber_oeding\/kirche\/station6_gr.jpg\"><img loading=\"lazy\" decoding=\"async\" src=\"http:\/\/www.heimatverein-suedlohn.de\/media\/ueber_oeding\/kirche\/station6.jpg\" alt=\"\" width=\"143\" height=\"200\" \/><\/a><\/td>\n<td><a title=\"Station 7\" href=\"http:\/\/www.heimatverein-suedlohn.de\/media\/ueber_oeding\/kirche\/station7_gr.jpg\"><img loading=\"lazy\" decoding=\"async\" src=\"http:\/\/www.heimatverein-suedlohn.de\/media\/ueber_oeding\/kirche\/station7.jpg\" alt=\"\" width=\"143\" height=\"200\" \/><\/a><\/td>\n<td><a title=\"Station 8\" href=\"http:\/\/www.heimatverein-suedlohn.de\/media\/ueber_oeding\/kirche\/station8_gr.jpg\"><img loading=\"lazy\" decoding=\"async\" src=\"http:\/\/www.heimatverein-suedlohn.de\/media\/ueber_oeding\/kirche\/station8.jpg\" alt=\"\" width=\"143\" height=\"200\" \/><\/a><\/td>\n<\/tr>\n<tr>\n<td>Station 5<\/td>\n<td>Station 6<\/td>\n<td>Station 7<\/td>\n<td>Station 8<\/td>\n<\/tr>\n<tr>\n<td><\/td>\n<td><\/td>\n<td><\/td>\n<td><\/td>\n<\/tr>\n<tr>\n<td><a title=\"Station 9\" href=\"http:\/\/www.heimatverein-suedlohn.de\/media\/ueber_oeding\/kirche\/station9_gr.jpg\"><img loading=\"lazy\" decoding=\"async\" src=\"http:\/\/www.heimatverein-suedlohn.de\/media\/ueber_oeding\/kirche\/station9.jpg\" alt=\"\" width=\"143\" height=\"200\" \/><\/a><\/td>\n<td><a title=\"Station 10\" href=\"http:\/\/www.heimatverein-suedlohn.de\/media\/ueber_oeding\/kirche\/station10_gr.jpg\"><img loading=\"lazy\" decoding=\"async\" src=\"http:\/\/www.heimatverein-suedlohn.de\/media\/ueber_oeding\/kirche\/station10.jpg\" alt=\"\" width=\"143\" height=\"200\" \/><\/a><\/td>\n<td><a title=\"Station 11\" href=\"http:\/\/www.heimatverein-suedlohn.de\/media\/ueber_oeding\/kirche\/station11_gr.jpg\"><img loading=\"lazy\" decoding=\"async\" src=\"http:\/\/www.heimatverein-suedlohn.de\/media\/ueber_oeding\/kirche\/station11.jpg\" alt=\"\" width=\"143\" height=\"200\" \/><\/a><\/td>\n<td><a title=\"Station 12\" href=\"http:\/\/www.heimatverein-suedlohn.de\/media\/ueber_oeding\/kirche\/station12_gr.jpg\"><img loading=\"lazy\" decoding=\"async\" src=\"http:\/\/www.heimatverein-suedlohn.de\/media\/ueber_oeding\/kirche\/station12.jpg\" alt=\"\" width=\"143\" height=\"200\" \/><\/a><\/td>\n<\/tr>\n<tr>\n<td>Station 9<\/td>\n<td>Station 10<\/td>\n<td>Station 11<\/td>\n<td>Station 12<\/td>\n<\/tr>\n<tr>\n<td><\/td>\n<td><\/td>\n<td><\/td>\n<td><\/td>\n<\/tr>\n<tr>\n<td><a title=\"Station 13\" href=\"http:\/\/www.heimatverein-suedlohn.de\/media\/ueber_oeding\/kirche\/station13_gr.jpg\"><img loading=\"lazy\" decoding=\"async\" src=\"http:\/\/www.heimatverein-suedlohn.de\/media\/ueber_oeding\/kirche\/station13.jpg\" alt=\"\" width=\"143\" height=\"200\" \/><\/a><\/td>\n<td><a title=\"Station 14\" href=\"http:\/\/www.heimatverein-suedlohn.de\/media\/ueber_oeding\/kirche\/station14_gr.jpg\"><img loading=\"lazy\" decoding=\"async\" src=\"http:\/\/www.heimatverein-suedlohn.de\/media\/ueber_oeding\/kirche\/station14.jpg\" alt=\"\" width=\"143\" height=\"200\" \/><\/a><\/td>\n<td><\/td>\n<td><\/td>\n<\/tr>\n<tr>\n<td>Station 13<\/td>\n<td>Station 14<\/td>\n<td><\/td>\n<td><\/td>\n<\/tr>\n<\/tbody>\n<\/table>\n<div><\/div>\n<div><\/div>\n<div><\/div>\n<div>\u00a0<img decoding=\"async\" style=\"width: 93px; height: 131px;\" src=\"http:\/\/www.heimatverein-suedlohn.de\/media\/ueber_oeding\/kirche\/broschuere.jpg\" alt=\"\" align=\"left\" hspace=\"10\" vspace=\"10\" \/><\/div>\n<div><\/div>\n<div>Quelle:<\/div>\n<p><span style=\"font-size: 8px;\">Texte zum Teil aus der Brosch\u00fcre St. Jakobus Oeding<br \/>\n\u00a9 Westf\u00e4lische Kunstst\u00e4tten, Heft 111: St. Jakobus in Oeding. Herausgeber: Westf\u00e4lischer Heimatbund, Kaiser-Wilhclm-Ring 3,48145 M\u00fcnster, in Verbindung mit LWL &#8211; Denkmalpflege, Landschafts- und Bau\u00adkultur in Westfalen, M\u00fcnster 2012.<br \/>\nISSN 0930-3952<\/span><\/p>\n<\/div><\/section>\n","protected":false},"excerpt":{"rendered":"","protected":false},"author":1,"featured_media":0,"parent":86,"menu_order":22,"comment_status":"closed","ping_status":"closed","template":"","meta":{"footnotes":""},"class_list":["post-109","page","type-page","status-publish","hentry"],"_links":{"self":[{"href":"http:\/\/www.heimatverein-suedlohn.de\/index.php\/wp-json\/wp\/v2\/pages\/109","targetHints":{"allow":["GET"]}}],"collection":[{"href":"http:\/\/www.heimatverein-suedlohn.de\/index.php\/wp-json\/wp\/v2\/pages"}],"about":[{"href":"http:\/\/www.heimatverein-suedlohn.de\/index.php\/wp-json\/wp\/v2\/types\/page"}],"author":[{"embeddable":true,"href":"http:\/\/www.heimatverein-suedlohn.de\/index.php\/wp-json\/wp\/v2\/users\/1"}],"replies":[{"embeddable":true,"href":"http:\/\/www.heimatverein-suedlohn.de\/index.php\/wp-json\/wp\/v2\/comments?post=109"}],"version-history":[{"count":1,"href":"http:\/\/www.heimatverein-suedlohn.de\/index.php\/wp-json\/wp\/v2\/pages\/109\/revisions"}],"predecessor-version":[{"id":110,"href":"http:\/\/www.heimatverein-suedlohn.de\/index.php\/wp-json\/wp\/v2\/pages\/109\/revisions\/110"}],"up":[{"embeddable":true,"href":"http:\/\/www.heimatverein-suedlohn.de\/index.php\/wp-json\/wp\/v2\/pages\/86"}],"wp:attachment":[{"href":"http:\/\/www.heimatverein-suedlohn.de\/index.php\/wp-json\/wp\/v2\/media?parent=109"}],"curies":[{"name":"wp","href":"https:\/\/api.w.org\/{rel}","templated":true}]}}